{"id":159467,"date":"2025-03-30T16:57:48","date_gmt":"2025-03-30T16:57:48","guid":{"rendered":"https:\/\/ruumistruumi.ee\/pood\/teclast-p85t-8-tahvelarvuti-2ghz-4-64gb-2-45g-wifi-roheline\/"},"modified":"2025-05-18T14:46:04","modified_gmt":"2025-05-18T14:46:04","slug":"teclast-p85t-8-tahvelarvuti-2ghz-4-64gb-2-45g-wifi-roheline","status":"publish","type":"product","link":"https:\/\/blankpage.ee\/_ruumist-ruumi\/pood\/teclast-p85t-8-tahvelarvuti-2ghz-4-64gb-2-45g-wifi-roheline\/","title":{"rendered":"Teclast P85T 8&#8243; Tahvelarvuti (2GHz, 4\/64GB, 2.4+5G WiFi, Roheline)"},"content":{"rendered":"<h3>Teclast P85T tahvelarvuti \u2013 mitmek\u00fclgne ja v\u00f5imas seade<\/h3>\n<p>Teclast P85T tahvelarvuti on ideaalne lahendus neile, kes otsivad kompaktset ja v\u00f5imekat tahvelarvutit. See seade pakub suurep\u00e4rast j\u00f5udlust ning modernset disaini, mida t\u00e4iendab silmatorkav roheline v\u00e4rv, mis v\u00f5ib valguse m\u00f5jul muutuda veelgi huvitavamaks. Teclast P85T tahvelarvuti on hoolikalt konstrueeritud ja varustatud 2 GHz kaheksatuumalise Allwinner A523 protsessoriga, mis tagab sujuva toimimise nii igap\u00e4evasteks \u00fclesanneteks kui ka n\u00f5udlike rakenduste, n\u00e4iteks AR ja VR kasutamiseks.<\/p>\n<h3>J\u00f5udlus, RAM ja graafika<\/h3>\n<p>Seadme sisemine arhitektuur tagab, et Teclast P85T tahvelarvuti t\u00f6\u00f6tab stabiilselt ka intensiivseks kasutamiseks. Kombinatsioonina on kasutusel 4GB LPDDR4X RAM ning 64GB sisem\u00e4lu, mida saab laiendada microSD-kaardi abil kuni 1TB-ni, pakkudes sujuvat mitme\u00fclesandelisust ja piisavat salvestusruumi. Lisaks t\u00e4iustab nina graafikav\u00f5imekust Mali-G57 GPU, mis v\u00f5imaldab kaasaegseid 3D-m\u00e4ngu ja graafikarakendusi.<\/p>\n<h3>\u00dchenduvus ja aku kestvus<\/h3>\n<p>Teclast P85T tahvelarvuti toetab nii 2.4 GHz kui ka 5 GHz kiiret ja stabiilset WiFi-\u00fchendust, millele lisandub Bluetooth 5.0, tagades laitmatu \u00fchenduse juhtmevabade seadmetega. 5000 mAh aku v\u00f5imaldab seadet kasutada pikka aega \u2013 sobides ideaalselt veebisirvimiseks, meelelahutuseks ja t\u00f6\u00f6 tegemiseks ilma sagedase laadimiseta.<\/p>\n<p>Lisaks on Teclast P85T tahvelarvuti kompaktne disain tagamaks mugava kaasaskandmise igap\u00e4evasesse kasutusse. Seadmel on kasutajas\u00f5bralik liides, mis v\u00f5imaldab kiiret juurdep\u00e4\u00e4su rakendustele ja seadet seadistada vastavalt vajadusele, muutes selle ideaalseks nii t\u00f6\u00f6- kui vabaajarakendusteks. Teclast P85T tahvelarvuti r\u00f5hutab ka kvaliteeti ja vastupidavust, pakkudes suurep\u00e4rast hinna ja kvaliteedi suhet neile, kes hindavad t\u00e4nap\u00e4evase tehnoloogia v\u00f5imalusi. Kvaliteetne disain ja tipptasemel tehnoloogia tagavad, et seade vastab ka k\u00f5ige n\u00f5udlikumate kasutajate ootustele.<\/p>\n<p><img decoding=\"async\" src=\"https:\/\/blankpage.ee\/_ruumist-ruumi\/wp-content\/uploads\/2025\/03\/10-18.webp\" alt=\"Teclast P85T tahvelarvuti ekraan\"\/><\/p>\n<h3>Komplekti kuulub<\/h3>\n<ul class=\"list-disc pl-5\">\n<li>Tahvelarvuti<\/li>\n<li>Type C kaabel<\/li>\n<li>5V\/2A laadija<\/li>\n<li>Kasutusjuhend<\/li>\n<\/ul>\n<div class=\"table-wrapper\">\n<table>\n<tbody>\n<tr>\n<th>Tootja<\/th>\n<td>Teclast<\/td>\n<\/tr>\n<tr>\n<th>Mudel<\/th>\n<td>P85T<\/td>\n<\/tr>\n<tr>\n<th>Operatsioonis\u00fcsteem<\/th>\n<td>Android 14<\/td>\n<\/tr>\n<tr>\n<th>Protsessor<\/th>\n<td>Allwinner A523 (4 x A55@2GHz + 4 x A55@1.4GHz)<\/td>\n<\/tr>\n<tr>\n<th>RAM<\/th>\n<td>4 GB<\/td>\n<\/tr>\n<tr>\n<th>ROM<\/th>\n<td>64 GB<\/td>\n<\/tr>\n<tr>\n<th>Micro SD<\/th>\n<td>Kuni 1 TB<\/td>\n<\/tr>\n<tr>\n<th>Heli<\/th>\n<td>Mikrofon<\/td>\n<\/tr>\n<tr>\n<th>K\u00f5larid<\/th>\n<td>2 k\u00f5larit<\/td>\n<\/tr>\n<tr>\n<th>Akumaht<\/th>\n<td>5000 mAh<\/td>\n<\/tr>\n<tr>\n<th>Videotaasesitusaeg<\/th>\n<td>Kuni 4 tundi<\/td>\n<\/tr>\n<tr>\n<th>Veebisirvimisaeg<\/th>\n<td>Kuni 8 tundi<\/td>\n<\/tr>\n<tr>\n<th>Muusikataasesitusaeg<\/th>\n<td>Kuni 12 tundi<\/td>\n<\/tr>\n<tr>\n<th>Ekraani suurus<\/th>\n<td>8&#8243;<\/td>\n<\/tr>\n<tr>\n<th>Ekraani t\u00fc\u00fcp<\/th>\n<td>IPS<\/td>\n<\/tr>\n<tr>\n<th>Resolutsioon<\/th>\n<td>1280 x 800<\/td>\n<\/tr>\n<tr>\n<th>PPI<\/th>\n<td>188.68ppi<\/td>\n<\/tr>\n<tr>\n<th>Heledus<\/th>\n<td>10 cd\/m\u00b2 &#8211; 280 cd\/m\u00b2<\/td>\n<\/tr>\n<tr>\n<th>Puutetundlikkus<\/th>\n<td>10-punktiline multi-touch<\/td>\n<\/tr>\n<tr>\n<th>Tagakaamera<\/th>\n<td>2 MP<\/td>\n<\/tr>\n<tr>\n<th>Eesmine kaamera<\/th>\n<td>0.3 MP<\/td>\n<\/tr>\n<tr>\n<th>Sensorid<\/th>\n<td>Gravitatsioon, Hall<\/td>\n<\/tr>\n<tr>\n<th>Pordid<\/th>\n<td>USB-C<\/td>\n<\/tr>\n<tr>\n<th>Pesad<\/th>\n<td>Micro SD<\/td>\n<\/tr>\n<tr>\n<th>\u00dchenduvus<\/th>\n<td>WiFi 802.11 a\/b\/g\/n\/ac; 2.4 GHz &amp; 5 GHz<\/td>\n<\/tr>\n<tr>\n<th>Bluetooth<\/th>\n<td>Versioon 5.0<\/td>\n<\/tr>\n<tr>\n<th>GPS\/BEIDOU<\/th>\n<td>Ei<\/td>\n<\/tr>\n<tr>\n<th>A-GPS<\/th>\n<td>Ei<\/td>\n<\/tr>\n<tr>\n<th>GLONASS<\/th>\n<td>Ei<\/td>\n<\/tr>\n<tr>\n<th>M\u00f5\u00f5tmed<\/th>\n<td>201.7 mm (D) \u00d7 122.4 mm (S) \u00d7 9.1 mm (K)<\/td>\n<\/tr>\n<tr>\n<th>Kaal<\/th>\n<td>340 g<\/td>\n<\/tr>\n<tr>\n<th>V\u00e4rv<\/th>\n<td>Roheline<\/td>\n<\/tr>\n<\/tbody>\n<\/table>\n<\/div>\n","protected":false},"excerpt":{"rendered":"<p>Teclast P85T tahvelarvuti \u2013 mitmek\u00fclgne ja v\u00f5imas seade Teclast P85T tahvelarvuti on ideaalne lahendus neile, kes otsivad kompaktset ja v\u00f5imekat tahvelarvutit. See seade pakub suurep\u00e4rast j\u00f5udlust ning modernset disaini, mida t\u00e4iendab silmatorkav roheline v\u00e4rv, mis v\u00f5ib valguse m\u00f5jul muutuda veelgi huvitavamaks. Teclast P85T tahvelarvuti on hoolikalt konstrueeritud ja varustatud 2 GHz kaheksatuumalise Allwinner A523 protsessoriga, [&hellip;]<\/p>\n","protected":false},"featured_media":159468,"comment_status":"open","ping_status":"open","template":"","meta":[],"product_brand":[3004],"product_cat":[3005],"product_tag":[],"class_list":{"0":"post-159467","1":"product","2":"type-product","3":"status-publish","4":"has-post-thumbnail","6":"product_brand-teclast","7":"product_cat-tahvelarvutid","8":"product_shipping_class-innpro","10":"first","11":"outofstock","12":"taxable","13":"shipping-taxable","14":"purchasable","15":"product-type-simple"},"_links":{"self":[{"href":"https:\/\/blankpage.ee\/_ruumist-ruumi\/wp-json\/wp\/v2\/product\/159467","targetHints":{"allow":["GET"]}}],"collection":[{"href":"https:\/\/blankpage.ee\/_ruumist-ruumi\/wp-json\/wp\/v2\/product"}],"about":[{"href":"https:\/\/blankpage.ee\/_ruumist-ruumi\/wp-json\/wp\/v2\/types\/product"}],"replies":[{"embeddable":true,"href":"https:\/\/blankpage.ee\/_ruumist-ruumi\/wp-json\/wp\/v2\/comments?post=159467"}],"wp:featuredmedia":[{"embeddable":true,"href":"https:\/\/blankpage.ee\/_ruumist-ruumi\/wp-json\/wp\/v2\/media\/159468"}],"wp:attachment":[{"href":"https:\/\/blankpage.ee\/_ruumist-ruumi\/wp-json\/wp\/v2\/media?parent=159467"}],"wp:term":[{"taxonomy":"product_brand","embeddable":true,"href":"https:\/\/blankpage.ee\/_ruumist-ruumi\/wp-json\/wp\/v2\/product_brand?post=159467"},{"taxonomy":"product_cat","embeddable":true,"href":"https:\/\/blankpage.ee\/_ruumist-ruumi\/wp-json\/wp\/v2\/product_cat?post=159467"},{"taxonomy":"product_tag","embeddable":true,"href":"https:\/\/blankpage.ee\/_ruumist-ruumi\/wp-json\/wp\/v2\/product_tag?post=159467"}],"curies":[{"name":"wp","href":"https:\/\/api.w.org\/{rel}","templated":true}]}}