{"id":159984,"date":"2025-03-30T17:23:48","date_gmt":"2025-03-30T17:23:48","guid":{"rendered":"https:\/\/ruumistruumi.ee\/pood\/viture-pro-usb-c-xr-adapter-iphoneile-45w-3dof-3d-tugi\/"},"modified":"2025-08-21T08:20:11","modified_gmt":"2025-08-21T08:20:11","slug":"viture-pro-usb-c-xr-adapter-iphoneile-45w-3dof-3d-tugi","status":"publish","type":"product","link":"https:\/\/blankpage.ee\/_ruumist-ruumi\/pood\/viture-pro-usb-c-xr-adapter-iphoneile-45w-3dof-3d-tugi\/","title":{"rendered":"Viture Pro USB-C XR adapter iPhoneile (45W, 3DoF, 3D tugi)"},"content":{"rendered":"<h3>Viture Pro USB-C XR adapter iPhoneile<\/h3>\n<p>Viture Pro USB-C XR adapter on v\u00f5imas ja kompaktselt disainitud lisaseade, mis avab Apple&#8217;i seadmetes t\u00e4ielikud XR-v\u00f5imalused. Selle uuenduslik tehnoloogia, sh 3DoF (pea j\u00e4lgimisv\u00f5imekus) ja 3D-video tugi, tagab erakordse visuaalse elamuse ning kiire ja stabiilse \u00fchenduse. Viture Pro USB-C XR adapter lisab teie seadmetele uue m\u00f5\u00f5tme, v\u00f5imaldades nautida nii t\u00f6\u00f6alaseid kui meelelahutuslikke rakendusi k\u00f5rge kvaliteediga.<\/p>\n<p><img decoding=\"async\" src=\"https:\/\/blankpage.ee\/_ruumist-ruumi\/wp-content\/uploads\/2025\/03\/2-462.webp\" alt=\"USB-C XR adapter Viture pildiga\"\/><\/p>\n<h3>M\u00e4ngi, t\u00f6\u00f6ta ja lae \u2013 k\u00f5ik \u00fcheaegselt!<\/h3>\n<p>Viture Pro USB-C XR adapter v\u00f5imaldab teil kasutada XR prille ja laadida iPhone&#8217;i samaaegselt, tagades katkestusteta ning sujuva kogemuse. Selgelt m\u00e4rgistatud pordid lihtsustavad seadmete kiiret ja intuitiivset \u00fchendamist. Adapteri kerge ja kompaktne disain muudab selle ideaalseks kaaslaseks nii kodus kui ka reisil, sest see mahub mugavalt igasse taskusse.<\/p>\n<p>K\u00f5rge j\u00f5udlusega USB-C XR adapter \u00fchendab kaasaegse tehnoloogia ja kasutusmugavuse, v\u00f5imaldades teil kogeda uusimat XR-tehnoloogiat. T\u00e4nu 45W v\u00e4ljundv\u00f5imsusele ja intelligentsele pordij\u00e4rjestusele \u00fcletab see seade tavap\u00e4raseid lahendusi, pakkudes muljetavaldavat andmeedastuskiirust kuni 10 Gbps. Adapteri t\u00e4pne 3DoF tehnoloogia ja 3D-videosisu tugi tagavad realistliku ning s\u00fcgava sisu-elamuse, mis sobib suurep\u00e4raselt nii t\u00f6\u00f6ks, m\u00e4ngimiseks kui ka meelelahutuseks. USB-C XR adapteri lai \u00fchilduvus ja nutikas disain muudavad selle parimaks valikuks neile, kes soovivad oma seadmeid maksimaalselt \u00e4ra kasutada ja nautida t\u00f5elist XR-elamust igas olukorras.<\/p>\n<div class=\"table-wrapper\">\n<table>\n<tbody>\n<tr>\n<th>Tootja<\/th>\n<td>VITURE<\/td>\n<\/tr>\n<tr>\n<th>Tootekood<\/th>\n<td>One-XRiP-Adp-Blk<\/td>\n<\/tr>\n<tr>\n<th>V\u00e4rv<\/th>\n<td>Must<\/td>\n<\/tr>\n<tr>\n<th>Suurus<\/th>\n<td>160.0&#215;35.0x10 mm<\/td>\n<\/tr>\n<tr>\n<th>Kaal<\/th>\n<td>21,8 g<\/td>\n<\/tr>\n<tr>\n<th>V\u00f5imsus<\/th>\n<td>45W<\/td>\n<\/tr>\n<tr>\n<th>Bluetooth<\/th>\n<td>5.2 (kiirus 2Mbps)<\/td>\n<\/tr>\n<tr>\n<th>Liidese t\u00fc\u00fcp<\/th>\n<td>USB-C isas- ja emasliides<\/td>\n<\/tr>\n<tr>\n<th>Edaastuskiirus<\/th>\n<td>10 Gbps; Toetus videole: 1920 x 1080@60fps, 3840 x 1080@60fps<\/td>\n<\/tr>\n<tr>\n<th>Liidese protokoll<\/th>\n<td>USB 3.2 Gen2<\/td>\n<\/tr>\n<tr>\n<th>V\u00e4ljund<\/th>\n<td>45W (5V\/3A, 9V\/2A, 12V\/2A, 15V\/3A)<\/td>\n<\/tr>\n<\/tbody>\n<\/table>\n<\/div>\n","protected":false},"excerpt":{"rendered":"<p>Viture Pro USB-C XR adapter iPhoneile Viture Pro USB-C XR adapter on v\u00f5imas ja kompaktselt disainitud lisaseade, mis avab Apple&#8217;i seadmetes t\u00e4ielikud XR-v\u00f5imalused. Selle uuenduslik tehnoloogia, sh 3DoF (pea j\u00e4lgimisv\u00f5imekus) ja 3D-video tugi, tagab erakordse visuaalse elamuse ning kiire ja stabiilse \u00fchenduse. Viture Pro USB-C XR adapter lisab teie seadmetele uue m\u00f5\u00f5tme, v\u00f5imaldades nautida nii [&hellip;]<\/p>\n","protected":false},"featured_media":159986,"comment_status":"open","ping_status":"open","template":"","meta":[],"product_brand":[3029],"product_cat":[2915],"product_tag":[],"class_list":{"0":"post-159984","1":"product","2":"type-product","3":"status-publish","4":"has-post-thumbnail","6":"product_brand-viture","7":"product_cat-adapterid-uhendused-ja-konverterid-it-tarvikud-elektroonika","8":"product_shipping_class-innpro","10":"first","11":"instock","12":"sale","13":"taxable","14":"shipping-taxable","15":"purchasable","16":"product-type-simple"},"_links":{"self":[{"href":"https:\/\/blankpage.ee\/_ruumist-ruumi\/wp-json\/wp\/v2\/product\/159984","targetHints":{"allow":["GET"]}}],"collection":[{"href":"https:\/\/blankpage.ee\/_ruumist-ruumi\/wp-json\/wp\/v2\/product"}],"about":[{"href":"https:\/\/blankpage.ee\/_ruumist-ruumi\/wp-json\/wp\/v2\/types\/product"}],"replies":[{"embeddable":true,"href":"https:\/\/blankpage.ee\/_ruumist-ruumi\/wp-json\/wp\/v2\/comments?post=159984"}],"wp:featuredmedia":[{"embeddable":true,"href":"https:\/\/blankpage.ee\/_ruumist-ruumi\/wp-json\/wp\/v2\/media\/159986"}],"wp:attachment":[{"href":"https:\/\/blankpage.ee\/_ruumist-ruumi\/wp-json\/wp\/v2\/media?parent=159984"}],"wp:term":[{"taxonomy":"product_brand","embeddable":true,"href":"https:\/\/blankpage.ee\/_ruumist-ruumi\/wp-json\/wp\/v2\/product_brand?post=159984"},{"taxonomy":"product_cat","embeddable":true,"href":"https:\/\/blankpage.ee\/_ruumist-ruumi\/wp-json\/wp\/v2\/product_cat?post=159984"},{"taxonomy":"product_tag","embeddable":true,"href":"https:\/\/blankpage.ee\/_ruumist-ruumi\/wp-json\/wp\/v2\/product_tag?post=159984"}],"curies":[{"name":"wp","href":"https:\/\/api.w.org\/{rel}","templated":true}]}}