{"id":166405,"date":"2025-01-01T18:47:47","date_gmt":"2025-01-01T18:47:47","guid":{"rendered":"https:\/\/ruumistruumi.ee\/pood\/taimekast-3-potiga-must-105-x-30-x-32-cm-polurotang\/"},"modified":"2025-08-21T02:14:41","modified_gmt":"2025-08-21T02:14:41","slug":"taimekast-3-potiga-must-105-x-30-x-32-cm-polurotang","status":"publish","type":"product","link":"https:\/\/blankpage.ee\/_ruumist-ruumi\/pood\/taimekast-3-potiga-must-105-x-30-x-32-cm-polurotang\/","title":{"rendered":"Taimekast 3 potiga, must, 105 x 30 x 32 cm, pol\u00fcrotang"},"content":{"rendered":"<p>Aia taimekast on suurep\u00e4rane valik erinevate lillede ja taimede kasvatamiseks. Vastupidav materjal: PE-rotang, tuntud ka kui pol\u00fcrotang, on tugev, v\u00e4hest hooldust n\u00f5udev s\u00fcnteetiline materjal, mis n\u00e4eb v\u00e4lja nagu looduslik rotang. See on kerge kaaluga, lihtsasti puhastatav ning oma vastupidavuse ja ilmastikukindlate omaduste t\u00f5ttu kasutatakse seda sageli \u00f5uem\u00f6\u00f6bli valmistamisel.Tugev ja stabiilne raam: pulberv\u00e4rvitud terasraam on tugev, stabiilne, vastupidav ning vastupidav korrosioonile ja karmidele ilmastikutingimustele, tagades pikaajalise t\u00f6\u00f6.Kaks kasutusviisi: saate kasutada lausriidest kotti kasutada voodrina ja t\u00e4ita taimekasti mullaga v\u00f5i lihtsalt lillepotid sisse panna.Dekoratiivne funktsioon: taimekast mahutab teie lemmiktaimed ja lilled ning on suurep\u00e4rane aiadekoratsioon.<\/p>\n<ul>\n<li>V\u00e4rvus: must<\/li>\n<li>Materjal: pulberv\u00e4rvitud teras, PE-rotang<\/li>\n<li>Kogum\u00f5\u00f5tmed: 105 x 30 x 32 cm (P x L x K)<\/li>\n<li>Sisem\u00f5\u00f5tmed (iga pott): 34 x 27 x 30 cm (P x L x K)<\/li>\n<li>Maksimaalne kandev\u00f5ime: 38,8 kg<\/li>\n<li> <\/li>\n<li><strong>Komplekti kuulub:<\/strong><\/li>\n<li>1 x taimekast<\/li>\n<li>3 x riidest kott<\/li>\n<\/ul>\n","protected":false},"excerpt":{"rendered":"<p>Aia taimekast on suurep\u00e4rane valik erinevate lillede ja taimede kasvatamiseks. Vastupidav materjal: PE-rotang, tuntud ka kui pol\u00fcrotang, on tugev, v\u00e4hest hooldust n\u00f5udev s\u00fcnteetiline materjal, mis n\u00e4eb v\u00e4lja nagu looduslik rotang. See on kerge kaaluga, lihtsasti puhastatav ning oma vastupidavuse ja ilmastikukindlate omaduste t\u00f5ttu kasutatakse seda sageli \u00f5uem\u00f6\u00f6bli valmistamisel.Tugev ja stabiilne raam: pulberv\u00e4rvitud terasraam on tugev, [&hellip;]<\/p>\n","protected":false},"featured_media":166406,"comment_status":"open","ping_status":"open","template":"","meta":[],"product_brand":[],"product_cat":[1762],"product_tag":[],"class_list":{"0":"post-166405","1":"product","2":"type-product","3":"status-publish","4":"has-post-thumbnail","6":"product_cat-taimekastid-ja-potid","7":"product_shipping_class-vidaxl","8":"pa_varv-must","10":"first","11":"outofstock","12":"taxable","13":"shipping-taxable","14":"purchasable","15":"product-type-simple"},"_links":{"self":[{"href":"https:\/\/blankpage.ee\/_ruumist-ruumi\/wp-json\/wp\/v2\/product\/166405","targetHints":{"allow":["GET"]}}],"collection":[{"href":"https:\/\/blankpage.ee\/_ruumist-ruumi\/wp-json\/wp\/v2\/product"}],"about":[{"href":"https:\/\/blankpage.ee\/_ruumist-ruumi\/wp-json\/wp\/v2\/types\/product"}],"replies":[{"embeddable":true,"href":"https:\/\/blankpage.ee\/_ruumist-ruumi\/wp-json\/wp\/v2\/comments?post=166405"}],"wp:featuredmedia":[{"embeddable":true,"href":"https:\/\/blankpage.ee\/_ruumist-ruumi\/wp-json\/wp\/v2\/media\/166406"}],"wp:attachment":[{"href":"https:\/\/blankpage.ee\/_ruumist-ruumi\/wp-json\/wp\/v2\/media?parent=166405"}],"wp:term":[{"taxonomy":"product_brand","embeddable":true,"href":"https:\/\/blankpage.ee\/_ruumist-ruumi\/wp-json\/wp\/v2\/product_brand?post=166405"},{"taxonomy":"product_cat","embeddable":true,"href":"https:\/\/blankpage.ee\/_ruumist-ruumi\/wp-json\/wp\/v2\/product_cat?post=166405"},{"taxonomy":"product_tag","embeddable":true,"href":"https:\/\/blankpage.ee\/_ruumist-ruumi\/wp-json\/wp\/v2\/product_tag?post=166405"}],"curies":[{"name":"wp","href":"https:\/\/api.w.org\/{rel}","templated":true}]}}