{"id":166598,"date":"2025-04-19T23:45:27","date_gmt":"2025-04-19T23:45:27","guid":{"rendered":"https:\/\/ruumistruumi.ee\/?post_type=product&#038;p=166598"},"modified":"2025-08-21T08:18:03","modified_gmt":"2025-08-21T08:18:03","slug":"juhtmevaba-koera-treeningrihm-rojeco-pd529-1000-m-ipx7-must-2tk","status":"publish","type":"product","link":"https:\/\/blankpage.ee\/_ruumist-ruumi\/pood\/juhtmevaba-koera-treeningrihm-rojeco-pd529-1000-m-ipx7-must-2tk\/","title":{"rendered":"Juhtmevaba koera treeningrihm Rojeco PD529 (1000 m, IPX7, must, 2tk)"},"content":{"rendered":"<h3>Rojeco PD529 juhtmevaba koera treeningrihm kahe musta kaelarihmaga, 1000m ulatuses<\/h3>\n<p>Rojeco PD529 kaugjuhitav koera treeningrihm on usaldusv\u00e4\u00e4rne ja turvaline abiline koera k\u00e4itumise parandamiseks. Komplektis on kaks reguleeritavat kaelarihma, mis sobivad erineva suurusega koertele \u2013 nii v\u00e4ikestele, kui ka suurtele (kaal vahemikus 2\u201354 kg). Treeningrihm pakub kolme t\u00f6\u00f6re\u017eiimi: heli, vibratsioon ja elektrostatiline impulss, mida saab t\u00e4pselt reguleerida 1\u2013100 tasemeni. See annab v\u00f5imaluse valida igale koerale sobiva ning ohutu koolitusviisi, tagades alati loomale heaolu.<\/p>\n<p><img decoding=\"async\" src=\"https:\/\/blankpage.ee\/_ruumist-ruumi\/wp-content\/uploads\/2025\/04\/4-609.webp\" alt=\"Must koera treeningkollar kahe reguleeritava kaelarihma ning puldiga\" \/><\/p>\n<h3>Pikk t\u00f6\u00f6aeg ja kasutusmugavus treeningul<\/h3>\n<p>Treeningrihma t\u00f6\u00f6raadius on kuni 1000 meetrit, nii et saad looma koolitada nii kodus, \u00f5ues kui ka jalutusk\u00e4ikudel. Kaelarihma aku kestab kuni 30 p\u00e4eva ning kaugjuhtimispuldi aku kuni 60 p\u00e4eva. T\u00e4islaadimiseks kulub umbes 2 tundi. Pult on varustatud sisseehitatud taskulambiga, mis muudab treenimise lihtsamaks ka h\u00e4maras v\u00f5i pimedal ajal.<\/p>\n<p><img decoding=\"async\" src=\"https:\/\/blankpage.ee\/_ruumist-ruumi\/wp-content\/uploads\/2025\/04\/2-699.webp\" alt=\"Kaugjuhtimispult koera k\u00e4itumise koolitamiseks\" \/><\/p>\n<h3>Veekindel ja vastupidav kaelarihm<\/h3>\n<p>Rihmad on valmistatud pehmest ja vastupidavast TPU materjalist ning nende pikkust saab reguleerida. Helkurelemendid suurendavad koera n\u00e4htavust h\u00e4maruses. Must koera treeningkollari rihm on IPX7 veekindel \u2013 koer v\u00f5ib muretult m\u00e4ngida vihmas v\u00f5i veekogus.<\/p>\n<p><img decoding=\"async\" src=\"https:\/\/blankpage.ee\/_ruumist-ruumi\/wp-content\/uploads\/2025\/04\/7-415.webp\" alt=\"Mustad veekindlad ja reguleeritavad koerarihmad koos peegeldavate detailidega\" \/><\/p>\n<h3>Komplekt sisaldab:<\/h3>\n<ul>\n<li>2 vastuv\u00f5tjat (kaelarihma seadet)<\/li>\n<li>Kaugjuhtimispult<\/li>\n<li>2 reguleeritavat rihma<\/li>\n<li>Impulssidetester<\/li>\n<li>Kasutusjuhend<\/li>\n<li>USB-laadimiskaabel<\/li>\n<li>Elektroodid<\/li>\n<li>Silikoonkatted<\/li>\n<li>Kinnitusklamber<\/li>\n<\/ul>\n<h3>Tehnilised andmed<\/h3>\n<table>\n<tbody>\n<tr>\n<th>Tootja<\/th>\n<td>Rojeco<\/td>\n<\/tr>\n<tr>\n<th>Mudel<\/th>\n<td>PD529<\/td>\n<\/tr>\n<tr>\n<th>Tootjakood<\/th>\n<td>RJTCXGQYTE-01A0101<\/td>\n<\/tr>\n<\/tbody>\n<\/table>\n<h4>Vastuv\u00f5tja:<\/h4>\n<table>\n<tbody>\n<tr>\n<th>Kaal<\/th>\n<td>50 g<\/td>\n<\/tr>\n<tr>\n<th>M\u00f5\u00f5dud<\/th>\n<td>14,5 x 5 x 2,1 cm<\/td>\n<\/tr>\n<tr>\n<th>Akumaht<\/th>\n<td>300 mAh<\/td>\n<\/tr>\n<tr>\n<th>T\u00f6\u00f6aeg<\/th>\n<td>kuni 30 p\u00e4eva<\/td>\n<\/tr>\n<tr>\n<th>Ooteaeg<\/th>\n<td>kuni 180 p\u00e4eva<\/td>\n<\/tr>\n<tr>\n<th>Veekindlus<\/th>\n<td>IPX3<\/td>\n<\/tr>\n<\/tbody>\n<\/table>\n<h4>Kaugjuhtimispult:<\/h4>\n<table>\n<tbody>\n<tr>\n<th>Kaal<\/th>\n<td>45 g<\/td>\n<\/tr>\n<tr>\n<th>M\u00f5\u00f5dud<\/th>\n<td>6 x 3,5 x 2,5 cm<\/td>\n<\/tr>\n<tr>\n<th>Akumaht<\/th>\n<td>650 mAh<\/td>\n<\/tr>\n<tr>\n<th>T\u00f6\u00f6aeg<\/th>\n<td>kuni 60 p\u00e4eva<\/td>\n<\/tr>\n<tr>\n<th>Ooteaeg<\/th>\n<td>kuni 650 p\u00e4eva<\/td>\n<\/tr>\n<tr>\n<th>Veekindlus<\/th>\n<td>IPX7<\/td>\n<\/tr>\n<\/tbody>\n<\/table>\n","protected":false},"excerpt":{"rendered":"<p>Rojeco PD529 juhtmevaba koera treeningrihm kahe musta kaelarihmaga, 1000m ulatuses Rojeco PD529 kaugjuhitav koera treeningrihm on usaldusv\u00e4\u00e4rne ja turvaline abiline koera k\u00e4itumise parandamiseks. Komplektis on kaks reguleeritavat kaelarihma, mis sobivad erineva suurusega koertele \u2013 nii v\u00e4ikestele, kui ka suurtele (kaal vahemikus 2\u201354 kg). Treeningrihm pakub kolme t\u00f6\u00f6re\u017eiimi: heli, vibratsioon ja elektrostatiline impulss, mida saab t\u00e4pselt [&hellip;]<\/p>\n","protected":false},"featured_media":175996,"comment_status":"open","ping_status":"closed","template":"","meta":[],"product_brand":[3113],"product_cat":[3109],"product_tag":[],"class_list":{"0":"post-166598","1":"product","2":"type-product","3":"status-publish","4":"has-post-thumbnail","6":"product_brand-rojeco","7":"product_cat-muud-tarvikud-lemmikloomadele","8":"product_shipping_class-innpro","10":"first","11":"outofstock","12":"sale","13":"taxable","14":"shipping-taxable","15":"purchasable","16":"product-type-simple"},"_links":{"self":[{"href":"https:\/\/blankpage.ee\/_ruumist-ruumi\/wp-json\/wp\/v2\/product\/166598","targetHints":{"allow":["GET"]}}],"collection":[{"href":"https:\/\/blankpage.ee\/_ruumist-ruumi\/wp-json\/wp\/v2\/product"}],"about":[{"href":"https:\/\/blankpage.ee\/_ruumist-ruumi\/wp-json\/wp\/v2\/types\/product"}],"replies":[{"embeddable":true,"href":"https:\/\/blankpage.ee\/_ruumist-ruumi\/wp-json\/wp\/v2\/comments?post=166598"}],"wp:featuredmedia":[{"embeddable":true,"href":"https:\/\/blankpage.ee\/_ruumist-ruumi\/wp-json\/wp\/v2\/media\/175996"}],"wp:attachment":[{"href":"https:\/\/blankpage.ee\/_ruumist-ruumi\/wp-json\/wp\/v2\/media?parent=166598"}],"wp:term":[{"taxonomy":"product_brand","embeddable":true,"href":"https:\/\/blankpage.ee\/_ruumist-ruumi\/wp-json\/wp\/v2\/product_brand?post=166598"},{"taxonomy":"product_cat","embeddable":true,"href":"https:\/\/blankpage.ee\/_ruumist-ruumi\/wp-json\/wp\/v2\/product_cat?post=166598"},{"taxonomy":"product_tag","embeddable":true,"href":"https:\/\/blankpage.ee\/_ruumist-ruumi\/wp-json\/wp\/v2\/product_tag?post=166598"}],"curies":[{"name":"wp","href":"https:\/\/api.w.org\/{rel}","templated":true}]}}