{"id":166614,"date":"2025-04-17T08:22:21","date_gmt":"2025-04-17T08:22:21","guid":{"rendered":"https:\/\/ruumistruumi.ee\/pood\/yeelight-led-valgusriba-pikendus-1-m-21-w-ylot01yl\/"},"modified":"2025-08-21T08:20:10","modified_gmt":"2025-08-21T08:20:10","slug":"yeelight-led-valgusriba-pikendus-1-m-21-w-ylot01yl","status":"publish","type":"product","link":"https:\/\/blankpage.ee\/_ruumist-ruumi\/pood\/yeelight-led-valgusriba-pikendus-1-m-21-w-ylot01yl\/","title":{"rendered":"Yeelight LED valgusriba pikendus (1 m, 2,1 W, YLOT01YL)"},"content":{"rendered":"<h3>Yeelight LED valgusriba pikendus (1 m) \u2013 lihtne viis valgustuse laiendamiseks<\/h3>\n<p>Yeelight LED valgusriba pikendus (mudel YLOT01YL) on sobivaks lisaks sinu Yeelight LED valgusribale, v\u00f5imaldades valgusriba kogupikkust suurendada \u00fche toiteplokiga kuni 10 meetrini. Selle paindliku pikendusega saad h\u00f5lpsalt luua just enda soovidele vastava valgustuse \u2013 olgu eesm\u00e4rgiks mugavus, stiilne sisekujundus v\u00f5i atmosf\u00e4\u00e4ri loomine. Yeelight LED valgusriba on osa Xiaomi \u00f6kos\u00fcsteemist ning pakub mitmek\u00fclgseid v\u00f5imalusi nii dekoratiivseks kui ka funktsionaalseks kasutamiseks.<\/p>\n<p><img decoding=\"async\" src=\"https:\/\/blankpage.ee\/_ruumist-ruumi\/wp-content\/uploads\/2025\/04\/2-5.webp\" alt=\"Yeelight LED valgusriba pikendus 1 m valge\" \/><\/p>\n<h3>Kvaliteetne ja mugavalt painduv disain<\/h3>\n<p>Mitteelavh\u00f5bedase PU-geeliga kaetud valgusriba on \u00e4\u00e4rmiselt paindlik, mist\u00f5ttu saad selle lihtsalt paigaldada erinevatele pindadele. Tugev, kuid paindlik struktuur kaitseb LED-e ja h\u00f5lbustab valgusriba kinnitamist ka keerulisematele pindadele.<\/p>\n<p><img decoding=\"async\" src=\"https:\/\/blankpage.ee\/_ruumist-ruumi\/wp-content\/uploads\/2025\/04\/9.webp\" alt=\"Paindlik Yeelight LED valgusriba\" \/><\/p>\n<h3>Lihtne paigaldus<\/h3>\n<p>LED-riba tagak\u00fcljel olev isekleepuv teip muudab paigaldamise eriti lihtsaks. Eemalda vaid kaitsekile ning kinnita valgusriba sinna, kuhu soovid. T\u00f6\u00f6riistu pole vaja.<\/p>\n<p><img decoding=\"async\" src=\"https:\/\/blankpage.ee\/_ruumist-ruumi\/wp-content\/uploads\/2025\/04\/8.webp\" alt=\"Yeelight LED valgusriba isekleepuv paigaldus\" \/><\/p>\n<h3>Mitmek\u00fclgsed kasutusv\u00f5imalused<\/h3>\n<p>Yeelight LED valgusriba sobib paigaldamiseks n\u00e4iteks teleri taha, m\u00f6\u00f6bli \u00fcmber v\u00f5i voodi alla. T\u00e4nu paindlikkusele on valguslahenduste kohandamine vastavalt ruumile ja isiklikule stiilile alati lihtne.<\/p>\n<p><img decoding=\"async\" src=\"https:\/\/blankpage.ee\/_ruumist-ruumi\/wp-content\/uploads\/2025\/04\/6-2.webp\" alt=\"Dekoratiivne Yeelight LED valgusriba kasutus\" \/><\/p>\n<h3>Muusika ja valguse s\u00fcnkroonsus<\/h3>\n<p>YEELIGHT nutirakendus v\u00f5imaldab valgusriba \u00fchendada muusikaga. Valgus reageerib muusika r\u00fctmile ning loob unikaalse atmosf\u00e4\u00e4ri igas olukorras.<\/p>\n<p><img decoding=\"async\" src=\"https:\/\/blankpage.ee\/_ruumist-ruumi\/wp-content\/uploads\/2025\/04\/3-5.webp\" alt=\"Yeelight LED valgusriba muusika s\u00fcnkroonsus\" \/><\/p>\n<h3>Mugav juhtimine<\/h3>\n<p>Valgusriba juhtimine on lihtne \u2013 kasuta selleks nuppu valgusribal v\u00f5i reguleeri valguse v\u00e4rvi ning heledust otse nutitelefonist. Samuti \u00fchildub Yeelight LED valgusriba teiste Xiaomi EcoSystem seadmetega.<\/p>\n<p><img decoding=\"async\" src=\"https:\/\/blankpage.ee\/_ruumist-ruumi\/wp-content\/uploads\/2025\/04\/5-3.webp\" alt=\"Yeelight LED valgusriba nupuga juhtimine\" \/><\/p>\n<h3>Loo personaalne valgusmeeleolu<\/h3>\n<p>Rakenduses saad valida erinevate v\u00e4rvide ja valgusvariantide vahel ning muuta ruumi meeleolu kiiresti ja mugavalt. Yeelight LED valgusriba pikendus sobib ideaalselt erinevatesse kodudesse ning lisab igasse ruumi isikup\u00e4ra.<\/p>\n<p><img decoding=\"async\" src=\"https:\/\/blankpage.ee\/_ruumist-ruumi\/wp-content\/uploads\/2025\/04\/7.webp\" alt=\"Yeelight LED valgusriba v\u00e4rviline valgus\" \/><\/p>\n<table>\n<tbody>\n<tr>\n<th>Tootja<\/th>\n<td>Yeelight<\/td>\n<\/tr>\n<tr>\n<th>Mudel<\/th>\n<td>YLOT01YL<\/td>\n<\/tr>\n<tr>\n<th>Nimiv\u00f5imsus<\/th>\n<td>2,1 W<\/td>\n<\/tr>\n<tr>\n<th>Pikkus<\/th>\n<td>1 m<\/td>\n<\/tr>\n<\/tbody>\n<\/table>\n","protected":false},"excerpt":{"rendered":"<p>Yeelight LED valgusriba pikendus (1 m) \u2013 lihtne viis valgustuse laiendamiseks Yeelight LED valgusriba pikendus (mudel YLOT01YL) on sobivaks lisaks sinu Yeelight LED valgusribale, v\u00f5imaldades valgusriba kogupikkust suurendada \u00fche toiteplokiga kuni 10 meetrini. Selle paindliku pikendusega saad h\u00f5lpsalt luua just enda soovidele vastava valgustuse \u2013 olgu eesm\u00e4rgiks mugavus, stiilne sisekujundus v\u00f5i atmosf\u00e4\u00e4ri loomine. Yeelight LED [&hellip;]<\/p>\n","protected":false},"featured_media":166622,"comment_status":"open","ping_status":"open","template":"","meta":[],"product_brand":[2933],"product_cat":[3033],"product_tag":[],"class_list":{"0":"post-166614","1":"product","2":"type-product","3":"status-publish","4":"has-post-thumbnail","6":"product_brand-yeelight","7":"product_cat-led-ribad","8":"product_shipping_class-innpro","10":"first","11":"instock","12":"sale","13":"taxable","14":"shipping-taxable","15":"purchasable","16":"product-type-simple"},"_links":{"self":[{"href":"https:\/\/blankpage.ee\/_ruumist-ruumi\/wp-json\/wp\/v2\/product\/166614","targetHints":{"allow":["GET"]}}],"collection":[{"href":"https:\/\/blankpage.ee\/_ruumist-ruumi\/wp-json\/wp\/v2\/product"}],"about":[{"href":"https:\/\/blankpage.ee\/_ruumist-ruumi\/wp-json\/wp\/v2\/types\/product"}],"replies":[{"embeddable":true,"href":"https:\/\/blankpage.ee\/_ruumist-ruumi\/wp-json\/wp\/v2\/comments?post=166614"}],"wp:featuredmedia":[{"embeddable":true,"href":"https:\/\/blankpage.ee\/_ruumist-ruumi\/wp-json\/wp\/v2\/media\/166622"}],"wp:attachment":[{"href":"https:\/\/blankpage.ee\/_ruumist-ruumi\/wp-json\/wp\/v2\/media?parent=166614"}],"wp:term":[{"taxonomy":"product_brand","embeddable":true,"href":"https:\/\/blankpage.ee\/_ruumist-ruumi\/wp-json\/wp\/v2\/product_brand?post=166614"},{"taxonomy":"product_cat","embeddable":true,"href":"https:\/\/blankpage.ee\/_ruumist-ruumi\/wp-json\/wp\/v2\/product_cat?post=166614"},{"taxonomy":"product_tag","embeddable":true,"href":"https:\/\/blankpage.ee\/_ruumist-ruumi\/wp-json\/wp\/v2\/product_tag?post=166614"}],"curies":[{"name":"wp","href":"https:\/\/api.w.org\/{rel}","templated":true}]}}