{"id":166652,"date":"2025-04-17T08:22:21","date_gmt":"2025-04-17T08:22:21","guid":{"rendered":"https:\/\/ruumistruumi.ee\/pood\/nutikas-valgusluliti-sonoff-t0eu2c-tx-2-kanaliline-puutetundlik-valge-wifi\/"},"modified":"2025-08-21T08:20:10","modified_gmt":"2025-08-21T08:20:10","slug":"nutikas-valgusluliti-sonoff-t0eu2c-tx-2-kanaliline-puutetundlik-valge-wifi","status":"publish","type":"product","link":"https:\/\/blankpage.ee\/_ruumist-ruumi\/pood\/nutikas-valgusluliti-sonoff-t0eu2c-tx-2-kanaliline-puutetundlik-valge-wifi\/","title":{"rendered":"Nutikas valgusl\u00fcliti Sonoff T0EU2C-TX (2-kanaliline, puutetundlik, valge, WiFi)"},"content":{"rendered":"<h3>Nutikas valgusl\u00fcliti Sonoff T0EU2C-TX (2-kanaliline)<\/h3>\n<p>Nutikas valgusl\u00fcliti v\u00f5imaldab mugavalt juhtida kodu valgusteid nii mobiilirakenduse kui ka puuteekraanilt. L\u00fcliti \u00fchendub WiFi v\u00f5rku, mis v\u00f5imaldab sulle kaugelt valguste juhtimist \u2013 \u00fcksk\u00f5ik, kus asud. Minimalistlik ja \u00f5hukese raamiga disain koos pehme taustvalgustusega sobitub kenasti igasse ruumi ja muudab l\u00fcliti ka pimedas lihtsalt leitavaks.<\/p>\n<p><img decoding=\"async\" src=\"https:\/\/blankpage.ee\/_ruumist-ruumi\/wp-content\/uploads\/2025\/04\/1-7.webp\" border=\"0\" alt=\"Nutikas valgusl\u00fcliti Sonoff T0EU2C-TX esivaade\" \/><\/p>\n<h3>Jagatud juhtimine pereliikmetega<\/h3>\n<p>Kui lisad eWeLink rakenduses teisi kasutajaid, saavad k\u00f5ik pereliikmed valgusl\u00fcliteid oma seadmetest juhtida. See muudab nutika valgusl\u00fcliti kasutamise eriti k\u00e4ep\u00e4raseks iga\u00fchele kodus.<\/p>\n<p><img decoding=\"async\" src=\"https:\/\/blankpage.ee\/_ruumist-ruumi\/wp-content\/uploads\/2025\/04\/2-8.webp\" border=\"0\" alt=\"Kaks kasutajat jagavad nutika valgusl\u00fcliti juhtimist\" \/><\/p>\n<h3>Juhtimine ja oleku s\u00fcnkroonimine rakenduses<\/h3>\n<p>eWeLink rakendus on saadaval nii iOS kui Android seadmetele. K\u00f5ik valgusl\u00fcliti olekud s\u00fcnkroonitakse koheselt, seega on rakenduses info alati ajakohane. Nii n\u00e4ed reaalajas, millised tuled on sisse v\u00f5i v\u00e4lja l\u00fclitatud, ja saad aidata kontrollida energiakulu.<\/p>\n<p><img decoding=\"async\" src=\"https:\/\/blankpage.ee\/_ruumist-ruumi\/wp-content\/uploads\/2025\/04\/3-7.webp\" border=\"0\" alt=\"Nutikas valgusl\u00fcliti rakenduse kaudu juhtimisel\" \/><\/p>\n<h3>Automaatne ajastamine<\/h3>\n<p>Rakenduses on v\u00f5imalik m\u00e4\u00e4rata ajastusi, et tuled l\u00fclituksid sisse v\u00f5i v\u00e4lja kindlal kellaajal. See muudab sinu igap\u00e4evased tegemised lihtsamaks ja aitab s\u00e4\u00e4sta energiat.<\/p>\n<p><img decoding=\"async\" src=\"https:\/\/blankpage.ee\/_ruumist-ruumi\/wp-content\/uploads\/2025\/04\/4-3.webp\" border=\"0\" alt=\"Nutika valgusl\u00fcliti sisse- ja v\u00e4ljal\u00fclitamise ajastamine\" \/><\/p>\n<h3>Kaugjuhtimine mobiilist<\/h3>\n<p>Kui unustasid tuled v\u00e4lja l\u00fclitada, saad seda h\u00f5lpsalt teha kasv\u00f5i teiselt poolt linna. Nutikas valgusl\u00fcliti tagab, et v\u00f5id vajadusel valida juhtimiseks just \u00f5ige tsooni v\u00f5i konkreetse l\u00fcliti \u2013 kodu j\u00e4\u00e4b alati sinu kontrolli alla.<\/p>\n<p><img decoding=\"async\" src=\"https:\/\/blankpage.ee\/_ruumist-ruumi\/wp-content\/uploads\/2025\/04\/5-4.webp\" border=\"0\" alt=\"Rakenduse kaudu kaugjuhtimise v\u00f5imalus nutikal valgusl\u00fclitil\" \/><\/p>\n<h3>Tehnilised andmed<\/h3>\n<table class=\"table-specs\">\n<tbody>\n<tr>\n<th>Mudel<\/th>\n<td>T0EU2C-TX<\/td>\n<\/tr>\n<tr>\n<th>Pinge<\/th>\n<td>90\u2013250 V AC<\/td>\n<\/tr>\n<tr>\n<th>Maksimaalne vool<\/th>\n<td>2 A (kanali kohta)<\/td>\n<\/tr>\n<tr>\n<th>Maksimaalne koormus<\/th>\n<td>400 W<\/td>\n<\/tr>\n<tr>\n<th>V\u00e4rvus<\/th>\n<td>Valge<\/td>\n<\/tr>\n<tr>\n<th>WiFi tugi<\/th>\n<td>802.11 b\/g\/n<\/td>\n<\/tr>\n<tr>\n<th>WiFi kr\u00fcpteering<\/th>\n<td>WPA-PSK \/ WPA2-PSK<\/td>\n<\/tr>\n<tr>\n<th>Materjal<\/th>\n<td>Karastatud klaas, ABS-plastik<\/td>\n<\/tr>\n<tr>\n<th>Kanalite arv<\/th>\n<td>2<\/td>\n<\/tr>\n<tr>\n<th>Paigaldusava m\u00f5\u00f5dud<\/th>\n<td>86 \u00d7 86 \u00d7 32 mm<\/td>\n<\/tr>\n<\/tbody>\n<\/table>\n","protected":false},"excerpt":{"rendered":"<p>Nutikas valgusl\u00fcliti Sonoff T0EU2C-TX (2-kanaliline) Nutikas valgusl\u00fcliti v\u00f5imaldab mugavalt juhtida kodu valgusteid nii mobiilirakenduse kui ka puuteekraanilt. L\u00fcliti \u00fchendub WiFi v\u00f5rku, mis v\u00f5imaldab sulle kaugelt valguste juhtimist \u2013 \u00fcksk\u00f5ik, kus asud. Minimalistlik ja \u00f5hukese raamiga disain koos pehme taustvalgustusega sobitub kenasti igasse ruumi ja muudab l\u00fcliti ka pimedas lihtsalt leitavaks. Jagatud juhtimine pereliikmetega Kui lisad [&hellip;]<\/p>\n","protected":false},"featured_media":166654,"comment_status":"open","ping_status":"open","template":"","meta":[],"product_brand":[3037],"product_cat":[3039],"product_tag":[],"class_list":{"0":"post-166652","1":"product","2":"type-product","3":"status-publish","4":"has-post-thumbnail","6":"product_brand-sonoff","7":"product_cat-lulitid","8":"product_shipping_class-innpro","10":"first","11":"instock","12":"sale","13":"taxable","14":"shipping-taxable","15":"purchasable","16":"product-type-simple"},"_links":{"self":[{"href":"https:\/\/blankpage.ee\/_ruumist-ruumi\/wp-json\/wp\/v2\/product\/166652","targetHints":{"allow":["GET"]}}],"collection":[{"href":"https:\/\/blankpage.ee\/_ruumist-ruumi\/wp-json\/wp\/v2\/product"}],"about":[{"href":"https:\/\/blankpage.ee\/_ruumist-ruumi\/wp-json\/wp\/v2\/types\/product"}],"replies":[{"embeddable":true,"href":"https:\/\/blankpage.ee\/_ruumist-ruumi\/wp-json\/wp\/v2\/comments?post=166652"}],"wp:featuredmedia":[{"embeddable":true,"href":"https:\/\/blankpage.ee\/_ruumist-ruumi\/wp-json\/wp\/v2\/media\/166654"}],"wp:attachment":[{"href":"https:\/\/blankpage.ee\/_ruumist-ruumi\/wp-json\/wp\/v2\/media?parent=166652"}],"wp:term":[{"taxonomy":"product_brand","embeddable":true,"href":"https:\/\/blankpage.ee\/_ruumist-ruumi\/wp-json\/wp\/v2\/product_brand?post=166652"},{"taxonomy":"product_cat","embeddable":true,"href":"https:\/\/blankpage.ee\/_ruumist-ruumi\/wp-json\/wp\/v2\/product_cat?post=166652"},{"taxonomy":"product_tag","embeddable":true,"href":"https:\/\/blankpage.ee\/_ruumist-ruumi\/wp-json\/wp\/v2\/product_tag?post=166652"}],"curies":[{"name":"wp","href":"https:\/\/api.w.org\/{rel}","templated":true}]}}