{"id":166673,"date":"2025-04-17T08:22:21","date_gmt":"2025-04-17T08:22:21","guid":{"rendered":"https:\/\/ruumistruumi.ee\/pood\/nutikas-valgusluliti-sonoff-t3eu1c-tx-wifi-rf-1-kanal-must\/"},"modified":"2025-08-21T08:20:10","modified_gmt":"2025-08-21T08:20:10","slug":"nutikas-valgusluliti-sonoff-t3eu1c-tx-wifi-rf-1-kanal-must","status":"publish","type":"product","link":"https:\/\/blankpage.ee\/_ruumist-ruumi\/pood\/nutikas-valgusluliti-sonoff-t3eu1c-tx-wifi-rf-1-kanal-must\/","title":{"rendered":"Nutikas valgusl\u00fcliti Sonoff T3EU1C-TX (WiFi, RF, 1 kanal, must)"},"content":{"rendered":"<h3>Nutikas valgusl\u00fcliti Sonoff T3EU1C-TX (WiFi + RF, 1 kanal, must)<\/h3>\n<p><strong>Nutikas valgusl\u00fcliti<\/strong> Sonoff T3EU1C-TX \u00fchendab kaasaegse puutetundliku juhtimise ja nutikodu v\u00f5imalused. Saate valgusteid mugavalt l\u00fclitada nii klassikaliselt puudutades, kui ka nutiseadme v\u00f5i RF 433 MHz kaugjuhtimispuldi abil. eWeLink rakendusega on v\u00f5imalik valgusteid h\u00f5lpsalt juhtida nii kodus olles kui ka eemalt. Lisaks saate jagada l\u00fclitit pereliikmetega, et k\u00f5igil oleks mugav ligip\u00e4\u00e4s nutika valgusl\u00fcliti juhtimiseks.<\/p>\n<p><img decoding=\"async\" src=\"https:\/\/blankpage.ee\/_ruumist-ruumi\/wp-content\/uploads\/2025\/04\/T3_01.webp\" alt=\"Must nutikas valgusl\u00fcliti Sonoff T3EU1C-TX seinal\"\/><\/p>\n<h3>Selge ja mugav igal ajal<\/h3>\n<p>L\u00fcliti diskreetne taustavalgus v\u00f5imaldab teil seda lihtsalt leida ka pimedas. Karastatud klaasist stiilne esipaneel koos kuumakindlast ABS-materjalist raamiga muudab seadme vastupidavaks ja turvaliseks. Elegantne must toon sobib igasse interj\u00f6\u00f6ri.<\/p>\n<p><img decoding=\"async\" src=\"https:\/\/blankpage.ee\/_ruumist-ruumi\/wp-content\/uploads\/2025\/04\/T3_04.webp\" alt=\"Pere kasutab nutikat valgusl\u00fclitit Sonoff T3EU1C-TX\"\/><\/p>\n<h3>Kaugjuhtimine ja energias\u00e4\u00e4st<\/h3>\n<p>Valgusteid saate juhtida otse l\u00fclitilt v\u00f5i mugavalt WiFi ja RF-funktsioonide kaudu. Nutikas valgusl\u00fcliti v\u00f5imaldab seadistada ajakavasid, mille j\u00e4rgi tuled automaatselt s\u00fcttivad v\u00f5i kustuvad, aidates nii s\u00e4\u00e4sta energiat ja tagada meelerahu ka kodust eemal olles.<\/p>\n<p><img decoding=\"async\" src=\"https:\/\/blankpage.ee\/_ruumist-ruumi\/wp-content\/uploads\/2025\/04\/T3_05.webp\" alt=\"Nutikas valgusl\u00fcliti juhtimine eWeLink rakenduses\"\/><\/p>\n<h3>Lihtne kasutada eWeLink rakendusega<\/h3>\n<p>Tasuta eWeLink rakendus (Android ja iOS) annab selge \u00fclevaate valgusl\u00fcliti olekust ja pakub kiiret seadistust lihtsa kasutajaliidesega. T\u00e4nu sellele kontrollite alati isegi eemalt, kas valgus j\u00e4i p\u00f5lema v\u00f5i mitte.<\/p>\n<p><img decoding=\"async\" src=\"https:\/\/blankpage.ee\/_ruumist-ruumi\/wp-content\/uploads\/2025\/04\/T3_02.webp\" alt=\"eWeLink mobiilirakendus Sonoff nutika valgusl\u00fcliti juhtimiseks\"\/><\/p>\n<h3>Tehnilised andmed<\/h3>\n<table>\n<tr>\n<th>Mudel<\/th>\n<td>T3EU1C-TX<\/td>\n<\/tr>\n<tr>\n<th>Pinge<\/th>\n<td>100\u2013240 V AC<\/td>\n<\/tr>\n<tr>\n<th>Maksimaalne voolutugevus<\/th>\n<td>2 A (kanali kohta)<\/td>\n<\/tr>\n<tr>\n<th>Maksimaalne koormusv\u00f5imsus<\/th>\n<td>480 W<\/td>\n<\/tr>\n<tr>\n<th>V\u00e4rv<\/th>\n<td>Must<\/td>\n<\/tr>\n<tr>\n<th>WiFi sagedus<\/th>\n<td>2,4 GHz (802.11 b\/g\/n)<\/td>\n<\/tr>\n<tr>\n<th>WiFi kr\u00fcpteering<\/th>\n<td>WPA-PSK \/ WPA2-PSK<\/td>\n<\/tr>\n<tr>\n<th>Materjal<\/th>\n<td>Karastatud klaas, ABS-plastik<\/td>\n<\/tr>\n<tr>\n<th>Kanalite arv<\/th>\n<td>1<\/td>\n<\/tr>\n<tr>\n<th>Paigalduse m\u00f5\u00f5dud<\/th>\n<td>86 \u00d7 86 \u00d7 35 mm<\/td>\n<\/tr>\n<\/table>\n<p>Nutikas valgusl\u00fcliti sobib ideaalselt igasse kaasaegsesse koju, pakkudes paindlikkust, ohutust ja mugavust lihtsa paigaldusega.<\/p>\n","protected":false},"excerpt":{"rendered":"<p>Nutikas valgusl\u00fcliti Sonoff T3EU1C-TX (WiFi + RF, 1 kanal, must) Nutikas valgusl\u00fcliti Sonoff T3EU1C-TX \u00fchendab kaasaegse puutetundliku juhtimise ja nutikodu v\u00f5imalused. Saate valgusteid mugavalt l\u00fclitada nii klassikaliselt puudutades, kui ka nutiseadme v\u00f5i RF 433 MHz kaugjuhtimispuldi abil. eWeLink rakendusega on v\u00f5imalik valgusteid h\u00f5lpsalt juhtida nii kodus olles kui ka eemalt. Lisaks saate jagada l\u00fclitit pereliikmetega, [&hellip;]<\/p>\n","protected":false},"featured_media":166678,"comment_status":"open","ping_status":"open","template":"","meta":[],"product_brand":[3037],"product_cat":[3039],"product_tag":[],"class_list":{"0":"post-166673","1":"product","2":"type-product","3":"status-publish","4":"has-post-thumbnail","6":"product_brand-sonoff","7":"product_cat-lulitid","8":"product_shipping_class-innpro","10":"first","11":"instock","12":"sale","13":"taxable","14":"shipping-taxable","15":"purchasable","16":"product-type-simple"},"_links":{"self":[{"href":"https:\/\/blankpage.ee\/_ruumist-ruumi\/wp-json\/wp\/v2\/product\/166673","targetHints":{"allow":["GET"]}}],"collection":[{"href":"https:\/\/blankpage.ee\/_ruumist-ruumi\/wp-json\/wp\/v2\/product"}],"about":[{"href":"https:\/\/blankpage.ee\/_ruumist-ruumi\/wp-json\/wp\/v2\/types\/product"}],"replies":[{"embeddable":true,"href":"https:\/\/blankpage.ee\/_ruumist-ruumi\/wp-json\/wp\/v2\/comments?post=166673"}],"wp:featuredmedia":[{"embeddable":true,"href":"https:\/\/blankpage.ee\/_ruumist-ruumi\/wp-json\/wp\/v2\/media\/166678"}],"wp:attachment":[{"href":"https:\/\/blankpage.ee\/_ruumist-ruumi\/wp-json\/wp\/v2\/media?parent=166673"}],"wp:term":[{"taxonomy":"product_brand","embeddable":true,"href":"https:\/\/blankpage.ee\/_ruumist-ruumi\/wp-json\/wp\/v2\/product_brand?post=166673"},{"taxonomy":"product_cat","embeddable":true,"href":"https:\/\/blankpage.ee\/_ruumist-ruumi\/wp-json\/wp\/v2\/product_cat?post=166673"},{"taxonomy":"product_tag","embeddable":true,"href":"https:\/\/blankpage.ee\/_ruumist-ruumi\/wp-json\/wp\/v2\/product_tag?post=166673"}],"curies":[{"name":"wp","href":"https:\/\/api.w.org\/{rel}","templated":true}]}}