{"id":166731,"date":"2025-04-17T08:24:20","date_gmt":"2025-04-17T08:24:20","guid":{"rendered":"https:\/\/ruumistruumi.ee\/pood\/temperatuuri-ja-niiskuse-andur-broadlink-hts2-rm4-mini-pro-jaoks\/"},"modified":"2025-07-18T14:25:20","modified_gmt":"2025-07-18T14:25:20","slug":"temperatuuri-ja-niiskuse-andur-broadlink-hts2-rm4-mini-pro-jaoks","status":"publish","type":"product","link":"https:\/\/blankpage.ee\/_ruumist-ruumi\/pood\/temperatuuri-ja-niiskuse-andur-broadlink-hts2-rm4-mini-pro-jaoks\/","title":{"rendered":"Temperatuuri- ja niiskuse andur Broadlink HTS2 (RM4 mini\/Pro jaoks)"},"content":{"rendered":"<h3>Temperatuuri niiskuse andur Broadlink HTS2 (RM4 mini\/Pro jaoks)<\/h3>\n<p>Temperatuuri niiskuse andur Broadlink HTS2 on loodud spetsiaalselt Broadlink RM4 mini ja RM4 Pro kaugjuhtimispultidega kasutamiseks. See andur v\u00f5imaldab sul t\u00e4pselt j\u00e4lgida ruumi temperatuuri ja \u00f5huniiskust, pakkudes reaalajas andmeid otse sinu nutitelefonis. T\u00e4nu sellele saad kodu sisekliimat h\u00f5lpsalt kontrollida ning suurendada eluruumi mugavust ja turvalisust.<\/p>\n<p><img decoding=\"async\" src=\"https:\/\/blankpage.ee\/_ruumist-ruumi\/wp-content\/uploads\/2025\/04\/02_czyste.webp\" alt=\"Temperatuuri niiskuse andur Broadlink HTS2 USB-kaabliga RM4 mini v\u00f5i Pro jaoks\"><\/p>\n<h3>Vastupidav ja t\u00f6\u00f6kindel lahendus<\/h3>\n<p>Andur on valmistatud kvaliteetsetest materjalidest, mis tagavad t\u00f6\u00f6kindluse ja pika kasutusea. \u00dchendamisel asendab temperatuuri niiskuse andur tavakaabli ning annab Broadlink rakenduses koheselt \u00fclevaate praegustest temperatuuri- ja niiskusn\u00e4itudest.<\/p>\n<p><img decoding=\"async\" src=\"https:\/\/blankpage.ee\/_ruumist-ruumi\/wp-content\/uploads\/2025\/04\/03_czyste.webp\" alt=\"Temperatuuri niiskuse anduri n\u00e4idud Broadlink mobiilirakenduses\"><\/p>\n<h3>Kerge seadistada ja kasutada<\/h3>\n<p>Temperatuuri niiskuse anduri paigaldamine on lihtne: \u00fchenda see lihtsalt RM4 mini v\u00f5i Pro seadme k\u00fclge ning vaata andmeid mugavalt Broadlinki rakendusest. T\u00e4nu sellele saad kiirelt hinnata ruumi \u00f5hukvaliteeti ja vajadusel reageerida.<\/p>\n<p>Temperatuuri niiskuse andur Broadlink HTS2 on usaldusv\u00e4\u00e4rne valik igasse nutikasse koju, v\u00f5imaldades sul alati olla kursis sisekliima seisuga.<\/p>\n","protected":false},"excerpt":{"rendered":"<p>Temperatuuri niiskuse andur Broadlink HTS2 (RM4 mini\/Pro jaoks) Temperatuuri niiskuse andur Broadlink HTS2 on loodud spetsiaalselt Broadlink RM4 mini ja RM4 Pro kaugjuhtimispultidega kasutamiseks. See andur v\u00f5imaldab sul t\u00e4pselt j\u00e4lgida ruumi temperatuuri ja \u00f5huniiskust, pakkudes reaalajas andmeid otse sinu nutitelefonis. T\u00e4nu sellele saad kodu sisekliimat h\u00f5lpsalt kontrollida ning suurendada eluruumi mugavust ja turvalisust. Vastupidav ja [&hellip;]<\/p>\n","protected":false},"featured_media":166734,"comment_status":"open","ping_status":"open","template":"","meta":[],"product_brand":[3041],"product_cat":[3042],"product_tag":[],"class_list":{"0":"post-166731","1":"product","2":"type-product","3":"status-publish","4":"has-post-thumbnail","6":"product_brand-broadlink","7":"product_cat-andurid","8":"product_shipping_class-innpro","10":"first","11":"outofstock","12":"sale","13":"taxable","14":"shipping-taxable","15":"purchasable","16":"product-type-simple"},"_links":{"self":[{"href":"https:\/\/blankpage.ee\/_ruumist-ruumi\/wp-json\/wp\/v2\/product\/166731","targetHints":{"allow":["GET"]}}],"collection":[{"href":"https:\/\/blankpage.ee\/_ruumist-ruumi\/wp-json\/wp\/v2\/product"}],"about":[{"href":"https:\/\/blankpage.ee\/_ruumist-ruumi\/wp-json\/wp\/v2\/types\/product"}],"replies":[{"embeddable":true,"href":"https:\/\/blankpage.ee\/_ruumist-ruumi\/wp-json\/wp\/v2\/comments?post=166731"}],"wp:featuredmedia":[{"embeddable":true,"href":"https:\/\/blankpage.ee\/_ruumist-ruumi\/wp-json\/wp\/v2\/media\/166734"}],"wp:attachment":[{"href":"https:\/\/blankpage.ee\/_ruumist-ruumi\/wp-json\/wp\/v2\/media?parent=166731"}],"wp:term":[{"taxonomy":"product_brand","embeddable":true,"href":"https:\/\/blankpage.ee\/_ruumist-ruumi\/wp-json\/wp\/v2\/product_brand?post=166731"},{"taxonomy":"product_cat","embeddable":true,"href":"https:\/\/blankpage.ee\/_ruumist-ruumi\/wp-json\/wp\/v2\/product_cat?post=166731"},{"taxonomy":"product_tag","embeddable":true,"href":"https:\/\/blankpage.ee\/_ruumist-ruumi\/wp-json\/wp\/v2\/product_tag?post=166731"}],"curies":[{"name":"wp","href":"https:\/\/api.w.org\/{rel}","templated":true}]}}