{"id":166803,"date":"2025-04-17T08:26:47","date_gmt":"2025-04-17T08:26:47","guid":{"rendered":"https:\/\/ruumistruumi.ee\/pood\/nutikas-ukseandur-sonoff-dw2-wifi-juhtmevaba-ukse-akna-andur\/"},"modified":"2025-08-21T08:20:08","modified_gmt":"2025-08-21T08:20:08","slug":"nutikas-ukseandur-sonoff-dw2-wifi-juhtmevaba-ukse-akna-andur","status":"publish","type":"product","link":"https:\/\/blankpage.ee\/_ruumist-ruumi\/pood\/nutikas-ukseandur-sonoff-dw2-wifi-juhtmevaba-ukse-akna-andur\/","title":{"rendered":"Nutikas ukseandur Sonoff DW2 WiFi juhtmevaba ukse\/akna andur"},"content":{"rendered":"<h3>Nutikas ukseandur Sonoff DW2 WiFi \u2013 juhtmevaba ukse ja akna turvalahendus<\/h3>\n<p>Nutikas ukseandur Sonoff DW2 WiFi on usaldusv\u00e4\u00e4rne ja t\u00f5hus vahend ukse v\u00f5i akna avamise j\u00e4lgimiseks, mis aitab t\u00f5sta sinu kodu turvalisust. Iga kord, kui uks v\u00f5i aken avaneb v\u00f5i sulgub, saadab seade viivitamata teavituse sinu nutitelefoni. Nii oled alati kursis, mis kodus toimub, ka siis kui ise eemal viibid.<\/p>\n<p><img decoding=\"async\" src=\"https:\/\/blankpage.ee\/_ruumist-ruumi\/wp-content\/uploads\/2025\/04\/1-13.webp\" alt=\"Nutikas ukseandur Sonoff DW2 WiFi valge kaheosalisena l\u00e4hiv\u00f5ttes\"><\/p>\n<h3>Lihtne kasutusele v\u00f5tta<\/h3>\n<p>Sonoff DW2 WiFi juhtmevaba ukseandurit on lihtne paigaldada ega vaja lisaseadmeid. Nutikas ukseandur \u00fchendatakse mobiilirakendusega Wi-Fi kaudu, et saaksid seadet lihtsalt j\u00e4lgida ja hallata otse oma telefonist.<\/p>\n<p><img decoding=\"async\" src=\"https:\/\/blankpage.ee\/_ruumist-ruumi\/wp-content\/uploads\/2025\/04\/2-14.webp\" alt=\"Nutikas ukseandur kasutuses koos mobiilirakendusega\"><\/p>\n<h3>Kohesed teavitused turvalisuse tagamiseks<\/h3>\n<p>Iga uste v\u00f5i akende avamine ja sulgemine j\u00f5uab kiiresti teavitusena sinu telefoni. See funktsioon v\u00f5imaldab olla kursis v\u00f5imalike sissetungidega ning aitab hoida sinu kodu turvalisust ka siis, kui sind ei ole kohal.<\/p>\n<p><img decoding=\"async\" src=\"https:\/\/blankpage.ee\/_ruumist-ruumi\/wp-content\/uploads\/2025\/04\/4-9.webp\" alt=\"Ukseandur paigaldatuna ukseraamile\"><\/p>\n<h3>Patarei seisundi j\u00e4lgimine<\/h3>\n<p>Kui anduri patarei tase langeb alla 10%, teavitab rakendus sind koheselt. See v\u00f5imaldab vahetada patarei \u00f5igeaegselt ning tagab nutika ukseanduri katkematu toimimise.<\/p>\n<p><img decoding=\"async\" src=\"https:\/\/blankpage.ee\/_ruumist-ruumi\/wp-content\/uploads\/2025\/04\/6-8.webp\" alt=\"Aku t\u00fchjenemise teavitus nutitelefonis\"><\/p>\n<h3>Tehnilised andmed<\/h3>\n<div class=\"table-wrapper\">\n<table class=\"table-specs\">\n<tbody>\n<tr>\n<th>Mudel<\/th>\n<td>DW2<\/td>\n<\/tr>\n<tr>\n<th>Toiteallikas<\/th>\n<td>AAA 1,5V patarei (ei kuulu komplekti)<\/td>\n<\/tr>\n<tr>\n<th>J\u00e4\u00e4kvool<\/th>\n<td>&le;40 1A<\/td>\n<\/tr>\n<tr>\n<th>Saatevool<\/th>\n<td>&le;15mA<\/td>\n<\/tr>\n<tr>\n<th>T\u00f6\u00f6temperatuur<\/th>\n<td>-10 1C kuni 40 1C<\/td>\n<\/tr>\n<tr>\n<th>M\u00f5\u00f5tmed<\/th>\n<td>70  7 31  7 19 mm \/ 42  7 14  7 16 mm<\/td>\n<\/tr>\n<tr>\n<th>Wi-Fi standard<\/th>\n<td>Wi-Fi 2.4GHz 802.11b\/g\/n<\/td>\n<\/tr>\n<\/tbody>\n<\/table>\n<\/div>\n","protected":false},"excerpt":{"rendered":"<p>Nutikas ukseandur Sonoff DW2 WiFi \u2013 juhtmevaba ukse ja akna turvalahendus Nutikas ukseandur Sonoff DW2 WiFi on usaldusv\u00e4\u00e4rne ja t\u00f5hus vahend ukse v\u00f5i akna avamise j\u00e4lgimiseks, mis aitab t\u00f5sta sinu kodu turvalisust. Iga kord, kui uks v\u00f5i aken avaneb v\u00f5i sulgub, saadab seade viivitamata teavituse sinu nutitelefoni. Nii oled alati kursis, mis kodus toimub, ka [&hellip;]<\/p>\n","protected":false},"featured_media":166808,"comment_status":"open","ping_status":"open","template":"","meta":[],"product_brand":[3037],"product_cat":[3042],"product_tag":[],"class_list":{"0":"post-166803","1":"product","2":"type-product","3":"status-publish","4":"has-post-thumbnail","6":"product_brand-sonoff","7":"product_cat-andurid","8":"product_shipping_class-innpro","10":"first","11":"instock","12":"sale","13":"taxable","14":"shipping-taxable","15":"purchasable","16":"product-type-simple"},"_links":{"self":[{"href":"https:\/\/blankpage.ee\/_ruumist-ruumi\/wp-json\/wp\/v2\/product\/166803","targetHints":{"allow":["GET"]}}],"collection":[{"href":"https:\/\/blankpage.ee\/_ruumist-ruumi\/wp-json\/wp\/v2\/product"}],"about":[{"href":"https:\/\/blankpage.ee\/_ruumist-ruumi\/wp-json\/wp\/v2\/types\/product"}],"replies":[{"embeddable":true,"href":"https:\/\/blankpage.ee\/_ruumist-ruumi\/wp-json\/wp\/v2\/comments?post=166803"}],"wp:featuredmedia":[{"embeddable":true,"href":"https:\/\/blankpage.ee\/_ruumist-ruumi\/wp-json\/wp\/v2\/media\/166808"}],"wp:attachment":[{"href":"https:\/\/blankpage.ee\/_ruumist-ruumi\/wp-json\/wp\/v2\/media?parent=166803"}],"wp:term":[{"taxonomy":"product_brand","embeddable":true,"href":"https:\/\/blankpage.ee\/_ruumist-ruumi\/wp-json\/wp\/v2\/product_brand?post=166803"},{"taxonomy":"product_cat","embeddable":true,"href":"https:\/\/blankpage.ee\/_ruumist-ruumi\/wp-json\/wp\/v2\/product_cat?post=166803"},{"taxonomy":"product_tag","embeddable":true,"href":"https:\/\/blankpage.ee\/_ruumist-ruumi\/wp-json\/wp\/v2\/product_tag?post=166803"}],"curies":[{"name":"wp","href":"https:\/\/api.w.org\/{rel}","templated":true}]}}