{"id":166824,"date":"2025-04-17T08:26:47","date_gmt":"2025-04-17T08:26:47","guid":{"rendered":"https:\/\/ruumistruumi.ee\/pood\/nutikas-led-valgusriba-yeelight-1s-2-m-wi-fi-rgb\/"},"modified":"2025-08-21T08:20:09","modified_gmt":"2025-08-21T08:20:09","slug":"nutikas-led-valgusriba-yeelight-1s-2-m-wi-fi-rgb","status":"publish","type":"product","link":"https:\/\/blankpage.ee\/_ruumist-ruumi\/pood\/nutikas-led-valgusriba-yeelight-1s-2-m-wi-fi-rgb\/","title":{"rendered":"Nutikas LED valgusriba Yeelight 1S (2 m, Wi-Fi, RGB)"},"content":{"rendered":"<p><img decoding=\"async\" src=\"https:\/\/blankpage.ee\/_ruumist-ruumi\/wp-content\/uploads\/2025\/04\/xiaomi_logo1.webp\" alt=\"Xiaomi logo\" \/><\/p>\n<h3>Nutikas LED valgusriba Yeelight 1S (2 m, Wi-Fi, RGB) \u2013 paindlik ja mitmek\u00fclgne valgustuslahendus<\/h3>\n<p>Nutikas LED valgusriba Yeelight 1S v\u00f5imaldab Sul lihtsalt luua meeleoluka ja isikup\u00e4rase valgustuse oma kodus. T\u00e4nu painduvale ja diskreetsele disainile sobib valgusriba suurep\u00e4raselt n\u00e4iteks teleri taha, voodi alla, pildiraamidesse v\u00f5i teistele sisustuselementidele. Sellega saad t\u00e4iendada ruumivalgustust v\u00f5i tuua interj\u00f6\u00f6ri v\u00e4rskeid v\u00e4rviefekte. Nutikas LED valgusriba sobib igasse kaasaegsesse kodusse ning aitab kujundada just Sinu stiilile vastava olustiku.<\/p>\n<p><img decoding=\"async\" src=\"https:\/\/blankpage.ee\/_ruumist-ruumi\/wp-content\/uploads\/2025\/04\/1-14.webp\" alt=\"nutikas LED valgusriba elutoas paigaldatuna\" \/><\/p>\n<h3>Kvaliteetne ja vastupidav materjal<\/h3>\n<p>Valgusriba on valmistatud elavh\u00f5bedavabast PU-geelist, mis muudab selle eriti elastseks ja kergesti paigaldatavaks. See materjal kaitseb LED-tulesid ning v\u00f5imaldab riba paigaldada erinevatele pindadele ja kujunditele.<\/p>\n<p><img decoding=\"async\" src=\"https:\/\/blankpage.ee\/_ruumist-ruumi\/wp-content\/uploads\/2025\/04\/11-1.webp\" alt=\"paindlik nutikas LED valgusriba materjal\" \/><\/p>\n<h3>Nutikas juhtimine ja integreerimine<\/h3>\n<p>Valgusriba saab juhtida Yeelight nutirakenduse, h\u00e4\u00e4lassistentide (nt Apple HomeKit, Google Home, Amazon Alexa, Samsung SmartThings) v\u00f5i traditsioonilise nupuga. V\u00f5imalus kiirelt muuta valguse v\u00e4rvi v\u00f5i l\u00fclitada riba sisse ja v\u00e4lja teeb selle eriti mugavaks kasutamiseks ka \u00f6\u00f6sel.<\/p>\n<p><img decoding=\"async\" src=\"https:\/\/blankpage.ee\/_ruumist-ruumi\/wp-content\/uploads\/2025\/04\/4-10.webp\" alt=\"nutikas LED valgusriba juhtimine mobiilirakendusega\" \/><\/p>\n<h3>S\u00fcnkroonimine muusika ja m\u00e4ngudega<\/h3>\n<p>Valgusriba saab s\u00fcnkroonida muusikaga, et valgusefektid toetaksid loodavat meeleolu. Koost\u00f6\u00f6 Razer Chroma s\u00fcsteemiga v\u00f5imaldab valgusriba kasutada ka kaasahaarava m\u00e4ngukogemuse t\u00e4iustamiseks.<\/p>\n<p><img decoding=\"async\" src=\"https:\/\/blankpage.ee\/_ruumist-ruumi\/wp-content\/uploads\/2025\/04\/12.webp\" alt=\"nutikas LED valgusriba Razer Chroma integratsiooniga\" \/><\/p>\n<h3>Laia v\u00e4rvivalikuga ja \u00fchilduv pikendustega<\/h3>\n<p>Valida saab 16 miljoni v\u00e4rvitooni vahel ja kasutada erinevaid valgusre\u017eiime v\u00f5i luua enda lemmikvalguslahendusi. Soovi korral saad valgusribasid omavahel \u00fchendada, et pikendada neid kuni 10 meetrini, v\u00f5i vajadusel l\u00fchemaks l\u00f5igata.<\/p>\n<p><img decoding=\"async\" src=\"https:\/\/blankpage.ee\/_ruumist-ruumi\/wp-content\/uploads\/2025\/04\/8-4.webp\" alt=\"nutikas LED valgusriba \u00fchendamine pikendustega\" \/><\/p>\n<h3>Kergesti paigaldatav<\/h3>\n<p>Tagak\u00fcljel olev kahepoolne teip v\u00f5imaldab ribal p\u00fcsida kindlalt erinevatel pindadel ning tagab lihtsa ja kiire paigalduse. Komplektis on toiteadapter, kasutusjuhend ning juhtmega l\u00fcliti.<\/p>\n<div class=\"table-wrapper\">\n<table>\n<tbody>\n<tr>\n<th>Mudel<\/th>\n<td>YLDD05YL<\/td>\n<\/tr>\n<tr>\n<th>Nimiv\u00f5imsus<\/th>\n<td>7,5 W (2 m) \/ 26,6 W (10 m)<\/td>\n<\/tr>\n<tr>\n<th>\u00dchendus<\/th>\n<td>Wi-Fi (802.11 b\/g\/n 2,4 GHz)<\/td>\n<\/tr>\n<tr>\n<th>Pinge<\/th>\n<td>100-240 V ~50\/60 Hz 0,17 A (2 m) \/ 0,6 A (10 m)<\/td>\n<\/tr>\n<tr>\n<th>Tarkvara tugi<\/th>\n<td>Android 4.4, iOS 8.0 ja uuemad<\/td>\n<\/tr>\n<tr>\n<th>Sagedusvahemik<\/th>\n<td>2400\u20132483,5 MHz<\/td>\n<\/tr>\n<tr>\n<th>Riba pikkus<\/th>\n<td>2 m<\/td>\n<\/tr>\n<tr>\n<th>Juhtme pikkus<\/th>\n<td>1,5 m (kontrollerist), 1,8 m (toiteadapterini)<\/td>\n<\/tr>\n<tr>\n<th>LED-tulede arv<\/th>\n<td>24\/m<\/td>\n<\/tr>\n<tr>\n<th>T\u00f6\u00f6iga<\/th>\n<td>25 000 tundi<\/td>\n<\/tr>\n<\/tbody>\n<\/table>\n<\/div>\n<p>Nutikas LED valgusriba pakub paindlikke v\u00f5imalusi kodu valgustamiseks ja sisekujunduse moderniseerimiseks.<\/p>\n","protected":false},"excerpt":{"rendered":"<p>Nutikas LED valgusriba Yeelight 1S (2 m, Wi-Fi, RGB) \u2013 paindlik ja mitmek\u00fclgne valgustuslahendus Nutikas LED valgusriba Yeelight 1S v\u00f5imaldab Sul lihtsalt luua meeleoluka ja isikup\u00e4rase valgustuse oma kodus. T\u00e4nu painduvale ja diskreetsele disainile sobib valgusriba suurep\u00e4raselt n\u00e4iteks teleri taha, voodi alla, pildiraamidesse v\u00f5i teistele sisustuselementidele. Sellega saad t\u00e4iendada ruumivalgustust v\u00f5i tuua interj\u00f6\u00f6ri v\u00e4rskeid v\u00e4rviefekte. [&hellip;]<\/p>\n","protected":false},"featured_media":166830,"comment_status":"open","ping_status":"open","template":"","meta":[],"product_brand":[2933],"product_cat":[3033],"product_tag":[],"class_list":{"0":"post-166824","1":"product","2":"type-product","3":"status-publish","4":"has-post-thumbnail","6":"product_brand-yeelight","7":"product_cat-led-ribad","8":"product_shipping_class-innpro","10":"first","11":"instock","12":"sale","13":"taxable","14":"shipping-taxable","15":"purchasable","16":"product-type-simple"},"_links":{"self":[{"href":"https:\/\/blankpage.ee\/_ruumist-ruumi\/wp-json\/wp\/v2\/product\/166824","targetHints":{"allow":["GET"]}}],"collection":[{"href":"https:\/\/blankpage.ee\/_ruumist-ruumi\/wp-json\/wp\/v2\/product"}],"about":[{"href":"https:\/\/blankpage.ee\/_ruumist-ruumi\/wp-json\/wp\/v2\/types\/product"}],"replies":[{"embeddable":true,"href":"https:\/\/blankpage.ee\/_ruumist-ruumi\/wp-json\/wp\/v2\/comments?post=166824"}],"wp:featuredmedia":[{"embeddable":true,"href":"https:\/\/blankpage.ee\/_ruumist-ruumi\/wp-json\/wp\/v2\/media\/166830"}],"wp:attachment":[{"href":"https:\/\/blankpage.ee\/_ruumist-ruumi\/wp-json\/wp\/v2\/media?parent=166824"}],"wp:term":[{"taxonomy":"product_brand","embeddable":true,"href":"https:\/\/blankpage.ee\/_ruumist-ruumi\/wp-json\/wp\/v2\/product_brand?post=166824"},{"taxonomy":"product_cat","embeddable":true,"href":"https:\/\/blankpage.ee\/_ruumist-ruumi\/wp-json\/wp\/v2\/product_cat?post=166824"},{"taxonomy":"product_tag","embeddable":true,"href":"https:\/\/blankpage.ee\/_ruumist-ruumi\/wp-json\/wp\/v2\/product_tag?post=166824"}],"curies":[{"name":"wp","href":"https:\/\/api.w.org\/{rel}","templated":true}]}}