{"id":166859,"date":"2025-04-17T09:38:31","date_gmt":"2025-04-17T09:38:31","guid":{"rendered":"https:\/\/ruumistruumi.ee\/pood\/ukse-aknaandur-sonoff-dw2-rf-433mhz-juhtmevaba\/"},"modified":"2025-08-21T08:20:08","modified_gmt":"2025-08-21T08:20:08","slug":"ukse-aknaandur-sonoff-dw2-rf-433mhz-juhtmevaba","status":"publish","type":"product","link":"https:\/\/blankpage.ee\/_ruumist-ruumi\/pood\/ukse-aknaandur-sonoff-dw2-rf-433mhz-juhtmevaba\/","title":{"rendered":"Ukse aknaandur Sonoff DW2 RF 433MHz juhtmevaba"},"content":{"rendered":"<h3>Ukse aknaandur Sonoff DW2 RF 433MHz juhtmevaba<\/h3>\n<p>Sonoff DW2 RF 433MHz on usaldusv\u00e4\u00e4rne juhtmevaba andur, mis v\u00f5imaldab j\u00e4lgida ukse v\u00f5i akna avamist ning suurendab Sinu kodu turvalisust. Iga kord, kui andur tuvastab ukse v\u00f5i akna avanemise v\u00f5i sulgemise, saadetakse teavitus otse Sinu nutiseadmesse. Nii tead alati, kas kodus on k\u00f5ik korras v\u00f5i on vaja reageerida ootamatule s\u00fcndmusele.<\/p>\n<p><img decoding=\"async\" src=\"https:\/\/blankpage.ee\/_ruumist-ruumi\/wp-content\/uploads\/2025\/04\/1-13.webp\" alt=\"Ukse aknaandur Sonoff DW2 RF 433MHz valge korpusega ukse peal\"><\/p>\n<h3>Koduturve nutikalt ja mugavalt<\/h3>\n<p>Ukse v\u00f5i akna ootamatu avamine ei j\u00e4\u00e4 m\u00e4rkamatuks \u2013 teade j\u00f5uab Sinu telefoni sekundite jooksul. See annab kindlustunde nii kodus olles kui ka kodust eemal viibides. Turvaandur aitab v\u00e4ltida ebameeldivaid \u00fcllatusi ja tagab Sinu vara kaitse \u00f6\u00f6p\u00e4ev l\u00e4bi.<\/p>\n<p><img decoding=\"async\" src=\"https:\/\/blankpage.ee\/_ruumist-ruumi\/wp-content\/uploads\/2025\/04\/4-9.webp\" alt=\"Magnetandur ukse k\u00fclge paigaldatuna\"><\/p>\n<h3>Pikaajaline t\u00f6\u00f6kindlus energias\u00e4\u00e4stlikus seadmes<\/h3>\n<p>Sonoff DW2 RF andur t\u00f6\u00f6tab patareitoitel, mille eeldatav eluiga madala energiatarbega re\u017eiimi t\u00f5ttu on kuni kaks aastat. Nii ei ole vaja patareisid tihti vahetada ja kasutamine j\u00e4\u00e4b muretuks.<\/p>\n<p><img decoding=\"async\" src=\"https:\/\/blankpage.ee\/_ruumist-ruumi\/wp-content\/uploads\/2025\/04\/6-8.webp\" alt=\"Juhtmevaba ukse aknaanduri patarei kestvus graafikul\"><\/p>\n<h3>Tehnilised andmed<\/h3>\n<div class=\"table-wrapper\">\n<table class=\"table-specs\">\n<tbody>\n<tr>\n<th>Mudel<\/th>\n<td>DW2<\/td>\n<\/tr>\n<tr>\n<th>Toiteallikas<\/th>\n<td>Patarei MN27 (ei sisaldu komplektis)<\/td>\n<\/tr>\n<tr>\n<th>Ootere\u017eiimi voolutugevus<\/th>\n<td>&le;40 [5~ bcA<\/td>\n<\/tr>\n<tr>\n<th>T\u00f6\u00f6tav voolutugevus<\/th>\n<td>&le;15mA<\/td>\n<\/tr>\n<tr>\n<th>T\u00f6\u00f6temperatuur<\/th>\n<td>-10 53;C kuni 40 53;C<\/td>\n<\/tr>\n<tr>\n<th>M\u00f5\u00f5dud<\/th>\n<td>70 x 31 x 19 mm \/ 42 x 14 x 16 mm<\/td>\n<\/tr>\n<tr>\n<th>Side<\/th>\n<td>RF 433MHz<\/td>\n<\/tr>\n<\/tbody>\n<\/table>\n<\/div>\n","protected":false},"excerpt":{"rendered":"<p>Ukse aknaandur Sonoff DW2 RF 433MHz juhtmevaba Sonoff DW2 RF 433MHz on usaldusv\u00e4\u00e4rne juhtmevaba andur, mis v\u00f5imaldab j\u00e4lgida ukse v\u00f5i akna avamist ning suurendab Sinu kodu turvalisust. Iga kord, kui andur tuvastab ukse v\u00f5i akna avanemise v\u00f5i sulgemise, saadetakse teavitus otse Sinu nutiseadmesse. Nii tead alati, kas kodus on k\u00f5ik korras v\u00f5i on vaja reageerida [&hellip;]<\/p>\n","protected":false},"featured_media":166860,"comment_status":"open","ping_status":"open","template":"","meta":[],"product_brand":[3037],"product_cat":[3042],"product_tag":[],"class_list":{"0":"post-166859","1":"product","2":"type-product","3":"status-publish","4":"has-post-thumbnail","6":"product_brand-sonoff","7":"product_cat-andurid","8":"product_shipping_class-innpro","10":"first","11":"instock","12":"sale","13":"taxable","14":"shipping-taxable","15":"purchasable","16":"product-type-simple"},"_links":{"self":[{"href":"https:\/\/blankpage.ee\/_ruumist-ruumi\/wp-json\/wp\/v2\/product\/166859","targetHints":{"allow":["GET"]}}],"collection":[{"href":"https:\/\/blankpage.ee\/_ruumist-ruumi\/wp-json\/wp\/v2\/product"}],"about":[{"href":"https:\/\/blankpage.ee\/_ruumist-ruumi\/wp-json\/wp\/v2\/types\/product"}],"replies":[{"embeddable":true,"href":"https:\/\/blankpage.ee\/_ruumist-ruumi\/wp-json\/wp\/v2\/comments?post=166859"}],"wp:featuredmedia":[{"embeddable":true,"href":"https:\/\/blankpage.ee\/_ruumist-ruumi\/wp-json\/wp\/v2\/media\/166860"}],"wp:attachment":[{"href":"https:\/\/blankpage.ee\/_ruumist-ruumi\/wp-json\/wp\/v2\/media?parent=166859"}],"wp:term":[{"taxonomy":"product_brand","embeddable":true,"href":"https:\/\/blankpage.ee\/_ruumist-ruumi\/wp-json\/wp\/v2\/product_brand?post=166859"},{"taxonomy":"product_cat","embeddable":true,"href":"https:\/\/blankpage.ee\/_ruumist-ruumi\/wp-json\/wp\/v2\/product_cat?post=166859"},{"taxonomy":"product_tag","embeddable":true,"href":"https:\/\/blankpage.ee\/_ruumist-ruumi\/wp-json\/wp\/v2\/product_tag?post=166859"}],"curies":[{"name":"wp","href":"https:\/\/api.w.org\/{rel}","templated":true}]}}