{"id":166981,"date":"2025-04-17T09:39:45","date_gmt":"2025-04-17T09:39:45","guid":{"rendered":"https:\/\/ruumistruumi.ee\/pood\/nutikas-laelamp-yeelight-arwen-450s-rgb-50w-wi-fi-homekit-455-mm\/"},"modified":"2025-08-21T08:20:08","modified_gmt":"2025-08-21T08:20:08","slug":"nutikas-laelamp-yeelight-arwen-450s-rgb-50w-wi-fi-homekit-455-mm","status":"publish","type":"product","link":"https:\/\/blankpage.ee\/_ruumist-ruumi\/pood\/nutikas-laelamp-yeelight-arwen-450s-rgb-50w-wi-fi-homekit-455-mm\/","title":{"rendered":"Nutikas laelamp Yeelight Arwen 450S (RGB, 50W, Wi-Fi, HomeKit, 455 mm)"},"content":{"rendered":"<p><img decoding=\"async\" src=\"https:\/\/blankpage.ee\/_ruumist-ruumi\/wp-content\/uploads\/2025\/04\/xiaomi_logo1.webp\" alt=\"Xiaomi \u00f6kos\u00fcsteemi logo\" \/><\/p>\n<h3>Nutikas laelamp Yeelight Arwen 450S \u2013 kaasaegne valgustus sinu koju<\/h3>\n<p>Nutikas laelamp Yeelight Arwen 450S kuulub Xiaomi \u00f6kos\u00fcsteemi ja pakub k\u00f5iki moodsate valgustuslahenduste eeliseid. See LED-laevalgusti \u00fchendab minimalistliku disaini ja mugavad nutifunktsioonid. Nutikas laelamp sobib nii elutuppa kui ka magamistuppa v\u00f5i mujale, kus hindad paindlikkust ja kvaliteetset valgust.<\/p>\n<h3>Isikup\u00e4rane valgus iga hetke jaoks<\/h3>\n<p>Lambi eredust (kuni 3000 lm), v\u00e4rvitooni ja valgusetemperatuuri saad seadistada t\u00e4pselt oma soovi j\u00e4rgi \u2013 v\u00f5imalik on valida 16 miljoni v\u00e4rvitooni vahel ning muuta valgusetemperatuuri vahemikus 2700 kuni 6500 K. RGB-tagantvalgustus v\u00f5imaldab seadistada meeleoluvalgust vastavalt sinu tujule.<\/p>\n<p><img loading=\"lazy\" decoding=\"async\" src=\"https:\/\/blankpage.ee\/_ruumist-ruumi\/wp-content\/uploads\/2025\/04\/poprawione.webp\" alt=\"Yeelight Arwen 450S nutikas laelamp RGB valgusre\u017eiimis\" width=\"1100\" height=\"700\" \/><\/p>\n<hr \/>\n<h3>Nutikas juhtimine ning lai \u00fchilduvus<\/h3>\n<p>Yeelight Arwen 450S \u00fchildub Google Assistanti, Amazon Alexa, Apple HomeKit ja Samsung SmartThings platvormidega. Lampi saab juhtida mobiilirakenduse, h\u00e4\u00e4lk\u00e4skluste v\u00f5i puldiga; toetatud on ka Yeelight Smart Dimmer l\u00fcliti.<\/p>\n<p><img loading=\"lazy\" decoding=\"async\" src=\"https:\/\/blankpage.ee\/_ruumist-ruumi\/wp-content\/uploads\/2025\/04\/1-25.webp\" alt=\"Yeelight nutikas laelamp rakenduse juhtimisega\" width=\"1920\" height=\"964\" \/><\/p>\n<hr \/>\n<h3>Loomulik v\u00e4rviedastus ja erilised valgusre\u017eiimid<\/h3>\n<p>Lamp toetab k\u00f5rget v\u00e4rviedastust (CRI Ra 90), mis tagab, et k\u00f5ik v\u00e4rvid p\u00fcsivad erksad ja loomulikud. \u00d6iseks kasutamiseks on olemas &#8220;moonlight&#8221; re\u017eiim, mis pakub silmas\u00f5bralikku ning pehmet valgust.<\/p>\n<p><img loading=\"lazy\" decoding=\"async\" src=\"https:\/\/blankpage.ee\/_ruumist-ruumi\/wp-content\/uploads\/2025\/04\/3-19.webp\" alt=\"Laelamp madala heledusega \u00f6\u00f6re\u017eiimis magamistoas\" width=\"1920\" height=\"1222\" \/><\/p>\n<hr \/>\n<h3>Kvaliteetne valgus igas ruumis<\/h3>\n<p>Parima kasutusmugavuse ja tulemuse tagamiseks kasutab nutikas laelamp Yeelight Arwen 450S kvaliteetseid LED-elemente.<\/p>\n<p><img loading=\"lazy\" decoding=\"async\" src=\"https:\/\/blankpage.ee\/_ruumist-ruumi\/wp-content\/uploads\/2025\/04\/shutterstock_1414318694.webp\" alt=\"Eluruum, mida valgustab Yeelight Arwen 450S laelamp\" width=\"1920\" height=\"937\" \/><\/p>\n<hr \/>\n<h3>Kuuvalgus magamistoas<\/h3>\n<p>&#8220;Moonlight&#8221; re\u017eiimi kasutamisel muutub laelamp \u00f5rnaks \u00f6\u00f6valgustiks, mis aitab l\u00f5\u00f5gastuda ja sobib ideaalselt magamistuppa.<\/p>\n<p><img loading=\"lazy\" decoding=\"async\" src=\"https:\/\/blankpage.ee\/_ruumist-ruumi\/wp-content\/uploads\/2025\/04\/7-9.webp\" alt=\"Laelambi kuuvalguse re\u017eiim magamistoas\" width=\"1917\" height=\"1027\" \/><\/p>\n<hr \/>\n<h3>Minimalistlik disain ja lihtne hooldus<\/h3>\n<p>Valida saab kahe suuruse vahel, mis sobivad erinevatesse ruumidesse. Suletud konstruktsioon kaitseb tolmu ja putukate eest ning teeb hooldamise lihtsaks.<\/p>\n<p><img loading=\"lazy\" decoding=\"async\" src=\"https:\/\/blankpage.ee\/_ruumist-ruumi\/wp-content\/uploads\/2025\/04\/2-20.webp\" alt=\"Minimalistliku disainiga Yeelight Arwen 450S nutikas laelamp\" width=\"1920\" height=\"942\" \/><\/p>\n<h4>Komplektis<\/h4>\n<ul>\n<li>Kasutusjuhend<\/li>\n<li>Kaugjuhtimispult<\/li>\n<li>Kinnitusvahendid<\/li>\n<\/ul>\n<h3>Tehnilised andmed<\/h3>\n<table class=\"table-specs\">\n<tbody>\n<tr>\n<th>Br\u00e4nd<\/th>\n<td>Yeelight<\/td>\n<\/tr>\n<tr>\n<th>Mudel<\/th>\n<td>YLXD013<\/td>\n<\/tr>\n<tr>\n<th>M\u00f5\u00f5dud<\/th>\n<td>\u00d8455 \u00d7 94,1 mm<\/td>\n<\/tr>\n<tr>\n<th>Kaal<\/th>\n<td>2448,6 g<\/td>\n<\/tr>\n<tr>\n<th>Eredus<\/th>\n<td>3000 lm (reguleeritav)<\/td>\n<\/tr>\n<tr>\n<th>V\u00e4rvitemperatuur<\/th>\n<td>2700\u20136500 K (reguleeritav)<\/td>\n<\/tr>\n<tr>\n<th>Nimiv\u00f5imsus<\/th>\n<td>50 W<\/td>\n<\/tr>\n<tr>\n<th>T\u00f6\u00f6temperatuur<\/th>\n<td>-10\u00b0C kuni +40\u00b0C<\/td>\n<\/tr>\n<tr>\n<th>IP-kaitseaste<\/th>\n<td>IP20<\/td>\n<\/tr>\n<tr>\n<th>CRI<\/th>\n<td>Ra 90<\/td>\n<\/tr>\n<tr>\n<th>Traadita \u00fchendus<\/th>\n<td>Wi-Fi IEEE 802.11 b\/g\/n 2.4GHz, Bluetooth 4.2 BLE<\/td>\n<\/tr>\n<tr>\n<th>\u00dchilduvus<\/th>\n<td>Android 4.4 v\u00f5i uuem, iOS 9.0 v\u00f5i uuem<\/td>\n<\/tr>\n<tr>\n<th>Eluiga<\/th>\n<td>25 000 tundi<\/td>\n<\/tr>\n<\/tbody>\n<\/table>\n<p>Komplekti kuuluvad kasutusjuhend, kaugjuhtimispult ja kinnitusvahendid. Nutikas laelamp sobib n\u00f5udlikule kasutajale, pakkudes paindlikkust ja kaasaegset valgustust igasse koju.<\/p>\n","protected":false},"excerpt":{"rendered":"<p>Nutikas laelamp Yeelight Arwen 450S \u2013 kaasaegne valgustus sinu koju Nutikas laelamp Yeelight Arwen 450S kuulub Xiaomi \u00f6kos\u00fcsteemi ja pakub k\u00f5iki moodsate valgustuslahenduste eeliseid. See LED-laevalgusti \u00fchendab minimalistliku disaini ja mugavad nutifunktsioonid. Nutikas laelamp sobib nii elutuppa kui ka magamistuppa v\u00f5i mujale, kus hindad paindlikkust ja kvaliteetset valgust. Isikup\u00e4rane valgus iga hetke jaoks Lambi eredust [&hellip;]<\/p>\n","protected":false},"featured_media":166988,"comment_status":"open","ping_status":"open","template":"","meta":[],"product_brand":[2933],"product_cat":[3049],"product_tag":[],"class_list":{"0":"post-166981","1":"product","2":"type-product","3":"status-publish","4":"has-post-thumbnail","6":"product_brand-yeelight","7":"product_cat-laelambid","8":"product_shipping_class-innpro","10":"first","11":"outofstock","12":"sale","13":"taxable","14":"shipping-taxable","15":"purchasable","16":"product-type-simple"},"_links":{"self":[{"href":"https:\/\/blankpage.ee\/_ruumist-ruumi\/wp-json\/wp\/v2\/product\/166981","targetHints":{"allow":["GET"]}}],"collection":[{"href":"https:\/\/blankpage.ee\/_ruumist-ruumi\/wp-json\/wp\/v2\/product"}],"about":[{"href":"https:\/\/blankpage.ee\/_ruumist-ruumi\/wp-json\/wp\/v2\/types\/product"}],"replies":[{"embeddable":true,"href":"https:\/\/blankpage.ee\/_ruumist-ruumi\/wp-json\/wp\/v2\/comments?post=166981"}],"wp:featuredmedia":[{"embeddable":true,"href":"https:\/\/blankpage.ee\/_ruumist-ruumi\/wp-json\/wp\/v2\/media\/166988"}],"wp:attachment":[{"href":"https:\/\/blankpage.ee\/_ruumist-ruumi\/wp-json\/wp\/v2\/media?parent=166981"}],"wp:term":[{"taxonomy":"product_brand","embeddable":true,"href":"https:\/\/blankpage.ee\/_ruumist-ruumi\/wp-json\/wp\/v2\/product_brand?post=166981"},{"taxonomy":"product_cat","embeddable":true,"href":"https:\/\/blankpage.ee\/_ruumist-ruumi\/wp-json\/wp\/v2\/product_cat?post=166981"},{"taxonomy":"product_tag","embeddable":true,"href":"https:\/\/blankpage.ee\/_ruumist-ruumi\/wp-json\/wp\/v2\/product_tag?post=166981"}],"curies":[{"name":"wp","href":"https:\/\/api.w.org\/{rel}","templated":true}]}}