{"id":167015,"date":"2025-04-17T09:41:20","date_gmt":"2025-04-17T09:41:20","guid":{"rendered":"https:\/\/ruumistruumi.ee\/pood\/nutikas-gu10-pirn-yeelight-w1-varviline-wi-fi-5w\/"},"modified":"2025-08-18T20:11:03","modified_gmt":"2025-08-18T20:11:03","slug":"nutikas-gu10-pirn-yeelight-w1-varviline-wi-fi-5w","status":"publish","type":"product","link":"https:\/\/blankpage.ee\/_ruumist-ruumi\/pood\/nutikas-gu10-pirn-yeelight-w1-varviline-wi-fi-5w\/","title":{"rendered":"Nutikas GU10 pirn Yeelight W1 (v\u00e4rviline, Wi-Fi, 5W)"},"content":{"rendered":"<p><img decoding=\"async\" src=\"https:\/\/blankpage.ee\/_ruumist-ruumi\/wp-content\/uploads\/2025\/04\/xiaomi_logo1.webp\" alt=\"Xiaomi logo\" \/><\/p>\n<p><strong>Yeelight kuulub Xiaomi \u00f6kos\u00fcsteemi.<\/strong><\/p>\n<h3>Nutikas GU10 pirn Yeelight \u2013 mitmek\u00fclgne valguslahendus Sinu koju<\/h3>\n<p>Nutikas GU10 pirn Yeelight W1 on mitmev\u00e4rviline LED-valgusallikas, mis v\u00f5imaldab valida enam kui 16 miljoni v\u00e4rvitooni vahel. Reguleeri valguse v\u00e4rvi, heleduse taset ja valgustemperatuuri vastavalt oma vajadustele. See GU10 nutipirn sobib suurep\u00e4raselt nii meeleolu loomiseks kui ka igap\u00e4evaseks kasutuseks, v\u00f5imaldades t\u00e4iesti personaalse valguskeskkonna loomist.<\/p>\n<p><img decoding=\"async\" src=\"https:\/\/blankpage.ee\/_ruumist-ruumi\/wp-content\/uploads\/2025\/04\/11-2.webp\" alt=\"mitmev\u00e4rvilise valgusega nutikas GU10 pirn\" width=\"100%\" \/><\/p>\n<h3>Mugav juhtimine mobiilirakenduse kaudu<\/h3>\n<p>Pirni seadistamine ja kaugjuhtimine toimub Yeelight \u00e4pi abil. Selle kaudu saad h\u00f5lpsalt reguleerida v\u00e4rvust, heledust ning valgustemperatuuri. LED-pirni saab ka s\u00fcnkroonida muusikaga, luues unikaalse atmosf\u00e4\u00e4ri n\u00e4iteks peo ajal. Mitut valgustit saab mugavalt \u00fchiselt juhtida r\u00fchmana \u2013 seega sobib nutikas GU10 pirn suurep\u00e4raselt ka suuremate ruumide v\u00f5i kontorite jaoks.<\/p>\n<p><img decoding=\"async\" src=\"https:\/\/blankpage.ee\/_ruumist-ruumi\/wp-content\/uploads\/2025\/04\/1-27.webp\" alt=\"nutipirni juhtimine Yeelight mobiili\u00e4piga\" width=\"100%\" \/><\/p>\n<h3>\u00dchildub nutikodu lahenduste ja m\u00e4nguplatvormidega<\/h3>\n<p>Yeelight GU10 W1 t\u00f6\u00f6tab Google Assistanti, Amazon Alexa ja Samsung SmartThings s\u00fcsteemidega, toetades ka h\u00e4\u00e4ljuhtimist. Lisaks on pirn integreeritav Razer Chroma ja Overwolf platvormidega, pakkudes m\u00e4nguritele v\u00f5imalust luua d\u00fcnaamilisi valgustusstsenaariume vastavalt m\u00e4ngule.<\/p>\n<p><img decoding=\"async\" src=\"https:\/\/blankpage.ee\/_ruumist-ruumi\/wp-content\/uploads\/2025\/04\/22.webp\" alt=\"mitmev\u00e4rviline nutipirn s\u00fcnkroonis m\u00e4nguplarvormiga\" width=\"100%\" \/><\/p>\n<h3>Energias\u00e4\u00e4stlik LED-tehnoloogia<\/h3>\n<p>See GU10 pirn tarbib kuni 5 W energiat ja t\u00f6\u00f6tab ka ootere\u017eiimil v\u00e4ga s\u00e4\u00e4stlikult (kuni 0,5 W). T\u00f6\u00f6iga ulatub kuni 15 000 tunnini ning valgusvoog on 350 luumenit. Kompaktne suurus (50 \u00d7 54 mm), reguleeritav heledus ja 36\u00b0 valgusnurk teevad selle sobivaks paljudesse kohtadesse \u2013 nii koju kui ka kontorisse.<\/p>\n<p><img decoding=\"async\" src=\"https:\/\/blankpage.ee\/_ruumist-ruumi\/wp-content\/uploads\/2025\/04\/2-22.webp\" alt=\"energias\u00e4\u00e4stlik valgus kvaliteetse GU10 pirniga\" width=\"100%\" \/><\/p>\n<h3>Valguse grupijuhtimine ja paindlik paigaldus<\/h3>\n<p>36\u00b0 valgusnurga ja grupijuhtimise funktsiooniga sobib see GU10 LED-pirn ka keerukamatesse valguslahendustesse, pakkudes kasutajale mitmek\u00fclgsust ning h\u00f5lpsat kontrolli mitme pirni korraga haldamisel.<\/p>\n<p><img decoding=\"async\" src=\"https:\/\/blankpage.ee\/_ruumist-ruumi\/wp-content\/uploads\/2025\/04\/33.webp\" alt=\"GU10 LED pirnid grupijuhtimise v\u00f5imalusega\" width=\"100%\" \/><\/p>\n<h3>Tehnilised andmed ja kasutusjuhend<\/h3>\n<p>Komplektis on kasutusjuhend. Nutikas GU10 pirn Yeelight W1 on kaasaegne ja mitmek\u00fclgne lahendus igasse eluruumi v\u00f5i t\u00f6\u00f6keskkonda.<\/p>\n<p><img decoding=\"async\" src=\"https:\/\/blankpage.ee\/_ruumist-ruumi\/wp-content\/uploads\/2025\/04\/3-21.webp\" alt=\"nutipirni tehnilised andmed\" width=\"100%\" \/><\/p>\n<table>\n<tbody>\n<tr>\n<th>Mudel<\/th>\n<td>YLDP004-A<\/td>\n<\/tr>\n<tr>\n<th>V\u00e4rvitemperatuur<\/th>\n<td>2700 K \u2013 6500 K<\/td>\n<\/tr>\n<tr>\n<th>Valgusvoog<\/th>\n<td>350 lm<\/td>\n<\/tr>\n<tr>\n<th>Wi-Fi<\/th>\n<td>IEEE 802.11 b\/g\/n 2.4 GHz<\/td>\n<\/tr>\n<tr>\n<th>L\u00e4bim\u00f5\u00f5t x k\u00f5rgus<\/th>\n<td>50 \u00d7 54 mm<\/td>\n<\/tr>\n<tr>\n<th>Kaal<\/th>\n<td>52,5 g<\/td>\n<\/tr>\n<tr>\n<th>IP-klass<\/th>\n<td>IP20<\/td>\n<\/tr>\n<tr>\n<th>T\u00f6\u00f6temperatuur<\/th>\n<td>-10\u00b0C kuni +40\u00b0C<\/td>\n<\/tr>\n<tr>\n<th>Kasutuss\u00fcsteemid<\/th>\n<td>Android 4.4 v\u00f5i uuem, iOS 9.0 v\u00f5i uuem<\/td>\n<\/tr>\n<tr>\n<th>Energiaklass<\/th>\n<td>F<\/td>\n<\/tr>\n<\/tbody>\n<\/table>\n<p>Kaasaegne nutikas GU10 pirn Yeelight W1 pakub mugavat ja stiilset valguslahendust igas ruumis, v\u00f5imaldades valguse juhtimist ning energias\u00e4\u00e4stu \u00fches seadmes.<\/p>\n","protected":false},"excerpt":{"rendered":"<p>Yeelight kuulub Xiaomi \u00f6kos\u00fcsteemi. Nutikas GU10 pirn Yeelight \u2013 mitmek\u00fclgne valguslahendus Sinu koju Nutikas GU10 pirn Yeelight W1 on mitmev\u00e4rviline LED-valgusallikas, mis v\u00f5imaldab valida enam kui 16 miljoni v\u00e4rvitooni vahel. Reguleeri valguse v\u00e4rvi, heleduse taset ja valgustemperatuuri vastavalt oma vajadustele. See GU10 nutipirn sobib suurep\u00e4raselt nii meeleolu loomiseks kui ka igap\u00e4evaseks kasutuseks, v\u00f5imaldades t\u00e4iesti personaalse [&hellip;]<\/p>\n","protected":false},"featured_media":167022,"comment_status":"open","ping_status":"open","template":"","meta":[],"product_brand":[2933],"product_cat":[1634,3047],"product_tag":[],"class_list":{"0":"post-167015","1":"product","2":"type-product","3":"status-publish","4":"has-post-thumbnail","6":"product_brand-yeelight","7":"product_cat-pirnid","8":"product_cat-led-pirnid","9":"product_shipping_class-innpro","11":"first","12":"outofstock","13":"sale","14":"taxable","15":"shipping-taxable","16":"purchasable","17":"product-type-simple"},"_links":{"self":[{"href":"https:\/\/blankpage.ee\/_ruumist-ruumi\/wp-json\/wp\/v2\/product\/167015","targetHints":{"allow":["GET"]}}],"collection":[{"href":"https:\/\/blankpage.ee\/_ruumist-ruumi\/wp-json\/wp\/v2\/product"}],"about":[{"href":"https:\/\/blankpage.ee\/_ruumist-ruumi\/wp-json\/wp\/v2\/types\/product"}],"replies":[{"embeddable":true,"href":"https:\/\/blankpage.ee\/_ruumist-ruumi\/wp-json\/wp\/v2\/comments?post=167015"}],"wp:featuredmedia":[{"embeddable":true,"href":"https:\/\/blankpage.ee\/_ruumist-ruumi\/wp-json\/wp\/v2\/media\/167022"}],"wp:attachment":[{"href":"https:\/\/blankpage.ee\/_ruumist-ruumi\/wp-json\/wp\/v2\/media?parent=167015"}],"wp:term":[{"taxonomy":"product_brand","embeddable":true,"href":"https:\/\/blankpage.ee\/_ruumist-ruumi\/wp-json\/wp\/v2\/product_brand?post=167015"},{"taxonomy":"product_cat","embeddable":true,"href":"https:\/\/blankpage.ee\/_ruumist-ruumi\/wp-json\/wp\/v2\/product_cat?post=167015"},{"taxonomy":"product_tag","embeddable":true,"href":"https:\/\/blankpage.ee\/_ruumist-ruumi\/wp-json\/wp\/v2\/product_tag?post=167015"}],"curies":[{"name":"wp","href":"https:\/\/api.w.org\/{rel}","templated":true}]}}