{"id":167107,"date":"2025-04-17T12:21:16","date_gmt":"2025-04-17T12:21:16","guid":{"rendered":"https:\/\/ruumistruumi.ee\/pood\/kapivalgusti-liikumisanduriga-yeelight-ylcg004-40-cm-usb-c-soe-valgus-hobedane\/"},"modified":"2025-08-21T08:20:05","modified_gmt":"2025-08-21T08:20:05","slug":"kapivalgusti-liikumisanduriga-yeelight-ylcg004-40-cm-usb-c-soe-valgus-hobedane","status":"publish","type":"product","link":"https:\/\/blankpage.ee\/_ruumist-ruumi\/pood\/kapivalgusti-liikumisanduriga-yeelight-ylcg004-40-cm-usb-c-soe-valgus-hobedane\/","title":{"rendered":"Kapivalgusti liikumisanduriga Yeelight YLCG004, 40 cm, USB-C, soe valgus, h\u00f5bedane"},"content":{"rendered":"<h3>Yeelight 40 cm kapivalgusti liikumisanduriga \u2013 h\u00f5bedane, USB-C, soe valgus<\/h3>\n<p><img decoding=\"async\" src=\"https:\/\/blankpage.ee\/_ruumist-ruumi\/wp-content\/uploads\/2025\/04\/xiaomi_logo1.webp\" alt=\"Yeelight br\u00e4ndi logo\" \/><\/p>\n<p><strong><span>Yeelight kuulub Xiaomi \u00f6kos\u00fcsteemi.<\/span><\/strong><\/p>\n<p>Yeelight 40 cm h\u00f5bedane <strong>kapivalgusti liikumisanduriga<\/strong> sobib ideaalselt kappidesse, k\u00f6\u00f6kidesse v\u00f5i esikutesse. T\u00e4nu sisseehitatud liikumis- ja valgusandurile saab lamp automaatselt s\u00fcttida siis, kui seda k\u00f5ige enam vaja l\u00e4heb. Soe, silmas\u00f5bralik valgus (2700 K) v\u00f5imaldab paremini orienteeruda \u00f6\u00f6siti v\u00f5i pimendatud ruumides, h\u00e4irimata teisi.<\/p>\n<p><img decoding=\"async\" src=\"https:\/\/blankpage.ee\/_ruumist-ruumi\/wp-content\/uploads\/2025\/04\/6-19.webp\" alt=\"h\u00f5bedane kapivalgusti liikumisanduriga \u2013 eestvaade\" \/><\/p>\n<h3>Automaatne valgustus liikumise tuvastamisel<\/h3>\n<p>LED-valgustil on infrapunaliikumisandur, mis tuvastab sinu liikumist kuni 4 meetri ulatuses otse eest ning kuni 2 meetrit k\u00fclgedelt 120\u00b0 ulatuses. <strong>Kapivalgusti liikumisanduriga<\/strong> s\u00fcttib automaatselt su l\u00e4henemisel ja p\u00fcsib pimedas aktiivne, ent ei aktiveeru p\u00e4evavalguses \u2013 nii s\u00e4\u00e4stad energiat.<\/p>\n<p><img decoding=\"async\" src=\"https:\/\/blankpage.ee\/_ruumist-ruumi\/wp-content\/uploads\/2025\/04\/3-26.webp\" alt=\"LED kapivalgusti infrapuna liikumisanduriga t\u00f6\u00f6ulatuse n\u00e4ide\" \/><\/p>\n<h3>Kohandatav valgustugevus ja mugavus<\/h3>\n<p>Valgusti heleduse taset saab reguleerida vastavalt vajadusele. Silmas\u00f5bralik CRI Ra80 valgus tagab loomuliku v\u00e4rviedastuse. \u00d5huke disain \u2013 vaid 0,9 cm \u2013 v\u00f5imaldab paigaldada lambi igasse kappi v\u00f5i kitsasse ruumi. Kvaliteetne alumiiniumviimistlus sobib erinevatesse interj\u00f6\u00f6ridesse.<\/p>\n<p><img decoding=\"async\" src=\"https:\/\/blankpage.ee\/_ruumist-ruumi\/wp-content\/uploads\/2025\/04\/7-15.webp\" alt=\"Yeelight LED kapivalgusti minimalistliku disainiga\" \/><\/p>\n<h3>Lihtne paigaldada, kiiresti kasutatav<\/h3>\n<p>Paigaldus on kiire ja lihtne \u2013 kaasas on iseliimuvad magnetkinnitusplaadid, mis v\u00f5imaldavad valgusteid h\u00f5lpsalt paigutada ning vajadusel \u00fcmber t\u00f5sta.<\/p>\n<p><img decoding=\"async\" src=\"https:\/\/blankpage.ee\/_ruumist-ruumi\/wp-content\/uploads\/2025\/04\/5-17.webp\" alt=\"LED kapivalgusti magnetkinnitusega k\u00f6\u00f6gikapil\" \/><\/p>\n<h3>Kauakestev aku ja USB-C laadimine<\/h3>\n<p>Sisseehitatud 1500 mAh aku tagab \u00fche laadimisega m\u00f5\u00f5dukal kasutusel kuni 4\u20136 kuud t\u00f6\u00f6aega. Laadimine toimub mugavalt USB-C kaabliga (kaasas).<\/p>\n<p><img decoding=\"async\" src=\"https:\/\/blankpage.ee\/_ruumist-ruumi\/wp-content\/uploads\/2025\/04\/8-10.webp\" alt=\"LED kapivalgusti USB-C laadimise v\u00f5imalus\" \/><\/p>\n<h3>Individuaalselt kohandatav valgustuslahendus<\/h3>\n<p>Yeelight kapivalgusti on saadaval erinevates pikkustes ja v\u00e4rvitoonides \u2013 saad valida t\u00e4pselt sobiva variandi vastavalt oma ruumi vajadustele.<\/p>\n<p><img decoding=\"async\" src=\"https:\/\/blankpage.ee\/_ruumist-ruumi\/wp-content\/uploads\/2025\/04\/2-28.webp\" alt=\"kapivalgusti erinevad pikkusevariandid\" \/><\/p>\n<h3>Nutikas ja vastupidav valgustus igap\u00e4evaseks kasutamiseks<\/h3>\n<p><strong>Kapivalgusti liikumisanduriga<\/strong> \u00fchendab endas kaasaegse disaini ning v\u00f5imsa akutoite, mis sobib kasutamiseks nii kodus kui ka muudes ruumides, pakkudes turvalist ja t\u00f5husat valgust igas olukorras.<\/p>\n<p><img decoding=\"async\" src=\"https:\/\/blankpage.ee\/_ruumist-ruumi\/wp-content\/uploads\/2025\/04\/11-4.webp\" alt=\"Yeelight kapivalgusti kasutusel esikus\" \/><\/p>\n<h3>Sobib igale poole ja igale kasutajale<\/h3>\n<p>Valikus on kolm erinevat pikkust ja kaks v\u00e4rvitooni, et <strong>kapivalgusti liikumisanduriga<\/strong> vastaks just sinu ootustele ja interj\u00f6\u00f6rile.<\/p>\n<p><img decoding=\"async\" src=\"https:\/\/blankpage.ee\/_ruumist-ruumi\/wp-content\/uploads\/2025\/04\/9-5.webp\" alt=\"kapivalgustite erinevad pikkused ja toonid\" \/><\/p>\n<table>\n<tr>\n<th>Br\u00e4nd<\/th>\n<td>Yeelight<\/td>\n<\/tr>\n<tr>\n<th>Mudel<\/th>\n<td>YLCG004<\/td>\n<\/tr>\n<tr>\n<th>V\u00e4rv<\/th>\n<td>H\u00f5bedane<\/td>\n<\/tr>\n<tr>\n<th>M\u00f5\u00f5dud<\/th>\n<td>400 \u00d7 40 \u00d7 9 mm<\/td>\n<\/tr>\n<tr>\n<th>Kaal<\/th>\n<td>155 g<\/td>\n<\/tr>\n<tr>\n<th>V\u00f5imsus<\/th>\n<td>2,4 W<\/td>\n<\/tr>\n<tr>\n<th>Valgustemperatuur<\/th>\n<td>2700 K (soe valgus)<\/td>\n<\/tr>\n<tr>\n<th>Heledus<\/th>\n<td>90 lm, reguleeritav<\/td>\n<\/tr>\n<tr>\n<th>CRI<\/th>\n<td>Ra80<\/td>\n<\/tr>\n<tr>\n<th>IP-kaitseklass<\/th>\n<td>IP20<\/td>\n<\/tr>\n<tr>\n<th>Laadimine<\/th>\n<td>USB-C (kaabel kaasas)<\/td>\n<\/tr>\n<tr>\n<th>Andurid<\/th>\n<td>Liikumisandur (infrapuna), valgusandur<\/td>\n<\/tr>\n<tr>\n<th>Toiteallikas<\/th>\n<td>Sisseehitatud aku 1500 mAh<\/td>\n<\/tr>\n<\/table>\n","protected":false},"excerpt":{"rendered":"<p>Yeelight 40 cm kapivalgusti liikumisanduriga \u2013 h\u00f5bedane, USB-C, soe valgus Yeelight kuulub Xiaomi \u00f6kos\u00fcsteemi. Yeelight 40 cm h\u00f5bedane kapivalgusti liikumisanduriga sobib ideaalselt kappidesse, k\u00f6\u00f6kidesse v\u00f5i esikutesse. T\u00e4nu sisseehitatud liikumis- ja valgusandurile saab lamp automaatselt s\u00fcttida siis, kui seda k\u00f5ige enam vaja l\u00e4heb. Soe, silmas\u00f5bralik valgus (2700 K) v\u00f5imaldab paremini orienteeruda \u00f6\u00f6siti v\u00f5i pimendatud ruumides, h\u00e4irimata [&hellip;]<\/p>\n","protected":false},"featured_media":167116,"comment_status":"open","ping_status":"open","template":"","meta":[],"product_brand":[2933],"product_cat":[3051],"product_tag":[],"class_list":{"0":"post-167107","1":"product","2":"type-product","3":"status-publish","4":"has-post-thumbnail","6":"product_brand-yeelight","7":"product_cat-mooblivalgustus","8":"product_shipping_class-innpro","10":"first","11":"instock","12":"sale","13":"taxable","14":"shipping-taxable","15":"purchasable","16":"product-type-simple"},"_links":{"self":[{"href":"https:\/\/blankpage.ee\/_ruumist-ruumi\/wp-json\/wp\/v2\/product\/167107","targetHints":{"allow":["GET"]}}],"collection":[{"href":"https:\/\/blankpage.ee\/_ruumist-ruumi\/wp-json\/wp\/v2\/product"}],"about":[{"href":"https:\/\/blankpage.ee\/_ruumist-ruumi\/wp-json\/wp\/v2\/types\/product"}],"replies":[{"embeddable":true,"href":"https:\/\/blankpage.ee\/_ruumist-ruumi\/wp-json\/wp\/v2\/comments?post=167107"}],"wp:featuredmedia":[{"embeddable":true,"href":"https:\/\/blankpage.ee\/_ruumist-ruumi\/wp-json\/wp\/v2\/media\/167116"}],"wp:attachment":[{"href":"https:\/\/blankpage.ee\/_ruumist-ruumi\/wp-json\/wp\/v2\/media?parent=167107"}],"wp:term":[{"taxonomy":"product_brand","embeddable":true,"href":"https:\/\/blankpage.ee\/_ruumist-ruumi\/wp-json\/wp\/v2\/product_brand?post=167107"},{"taxonomy":"product_cat","embeddable":true,"href":"https:\/\/blankpage.ee\/_ruumist-ruumi\/wp-json\/wp\/v2\/product_cat?post=167107"},{"taxonomy":"product_tag","embeddable":true,"href":"https:\/\/blankpage.ee\/_ruumist-ruumi\/wp-json\/wp\/v2\/product_tag?post=167107"}],"curies":[{"name":"wp","href":"https:\/\/api.w.org\/{rel}","templated":true}]}}