{"id":167133,"date":"2025-04-17T12:21:16","date_gmt":"2025-04-17T12:21:16","guid":{"rendered":"https:\/\/ruumistruumi.ee\/pood\/liikumisanduriga-kapivalgusti-yeelight-ylcg002-b-20-cm-2700-k-must\/"},"modified":"2025-08-21T08:20:05","modified_gmt":"2025-08-21T08:20:05","slug":"liikumisanduriga-kapivalgusti-yeelight-ylcg002-b-20-cm-2700-k-must","status":"publish","type":"product","link":"https:\/\/blankpage.ee\/_ruumist-ruumi\/pood\/liikumisanduriga-kapivalgusti-yeelight-ylcg002-b-20-cm-2700-k-must\/","title":{"rendered":"Liikumisanduriga kapivalgusti Yeelight YLCG002-b, 20 cm, 2700 K, must"},"content":{"rendered":"<h3>Liikumisanduriga kapivalgusti Yeelight YLCG002-b, 20 cm, 2700 K, must<\/h3>\n<p><img decoding=\"async\" src=\"https:\/\/blankpage.ee\/_ruumist-ruumi\/wp-content\/uploads\/2025\/04\/xiaomi_logo1.webp\" border=\"0\" alt=\"Xiaomi \u00f6kos\u00fcsteemi logo\" \/><\/p>\n<p><strong><span>Yeelight kuulub Xiaomi \u00f6kos\u00fcsteemi.<\/span><\/strong><\/p>\n<h3>Liikumisanduriga kapivalgusti \u2013 mugav valgus t\u00e4nu nutikale sensorile<\/h3>\n<p>Liikumisanduriga kapivalgusti muudab h\u00e4marates kohtades toimetamise lihtsamaks. T\u00e4nu liikumisandurile l\u00fclitub lamp automaatselt sisse, kui tuvastab liikumise \u2013 kuni 4 meetri kaugusel otse ees ja kuni 2 meetri kaugusel k\u00fclgedel, 120\u00b0 ulatuses. See muudab esemete leidmise kappides v\u00f5i muudes pimedates kohtades m\u00e4rksa lihtsamaks.<\/p>\n<p><img decoding=\"async\" src=\"https:\/\/blankpage.ee\/_ruumist-ruumi\/wp-content\/uploads\/2025\/04\/6-21.webp\" border=\"0\" alt=\"Liikumisanduriga kapivalgusti kasutus kappides\" \/><\/p>\n<h3>Liikumissensor ja automaatne valgus igal ajal<\/h3>\n<p>Enam ei pea pimeduses l\u00fcliteid otsima \u2013 liikumisanduriga kapivalgusti l\u00fclitab end ise sisse, kui l\u00e4heduses liikumist tuvastatakse. T\u00e4pne sensor t\u00f6\u00f6tab kuni 4 meetri kaugusel otse ees ning m\u00f5lemas k\u00fcljes kuni 2 meetri ulatuses. See teeb \u00f6ise liikumise kodus turvalisemaks ja mugavamaks.<\/p>\n<p><img decoding=\"async\" src=\"https:\/\/blankpage.ee\/_ruumist-ruumi\/wp-content\/uploads\/2025\/04\/3-27.webp\" border=\"0\" alt=\"Liikumisanduriga LED-valgusti sensorite t\u00f6\u00f6ulatus\" \/><\/p>\n<h3>Valgus, mis s\u00e4\u00e4stab energiat<\/h3>\n<p>Kapivalgusti kasutab ka valgusandurit: kui ruum on juba valgustatud, ei l\u00fclitu lamp asjatult sisse ning s\u00e4\u00e4stab seel\u00e4bi elektrienergiat. Vajadusel saab valgusti alati k\u00e4sitsi aktiveerida nuppu kasutades.<\/p>\n<p><img decoding=\"async\" src=\"https:\/\/blankpage.ee\/_ruumist-ruumi\/wp-content\/uploads\/2025\/04\/7-17.webp\" border=\"0\" alt=\"K\u00e4sitsi aktiveeritav kapivalgusti nupp\" \/><\/p>\n<h3>Sobiv valgus sinu silmadele<\/h3>\n<p>Liikumisanduriga kapivalgusti pakub 2700 K soojatooni valgust, mille heledust saab reguleerida vastavalt vajadusele. See sobib ideaalselt sinu silmadele ega v\u00e4sita neid.<\/p>\n<p><img decoding=\"async\" src=\"https:\/\/blankpage.ee\/_ruumist-ruumi\/wp-content\/uploads\/2025\/04\/5-19.webp\" border=\"0\" alt=\"Sooja tooniga LED-kapivalgusti kappides\" \/><\/p>\n<h3>Modernne ja \u00f5hukese disainiga valgusti igale ruumile<\/h3>\n<p>Vaid 0,9 cm paksuse t\u00f5ttu saab liikumisanduriga kapivalgusti paigutada ka kitsastesse kohtadesse. Must metallkorpus sobib igasse interj\u00f6\u00f6ri ja lisab ruumile modernse ilme.<\/p>\n<p><img decoding=\"async\" src=\"https:\/\/blankpage.ee\/_ruumist-ruumi\/wp-content\/uploads\/2025\/04\/8-11.webp\" border=\"0\" alt=\"Minimalistliku musta disainiga LED-valgusti toas\" \/><\/p>\n<h3>Lihtne ja paindlik paigaldus<\/h3>\n<p>Paigaldus on \u00fclilihtne \u2013 t\u00e4nu magnetilistele isekleepuvatele kinnitustele pole vaja juhtmeid vedada ega auke puurida. Soovi korral saab valguse h\u00f5lpsasti eemaldada ja mujale viia. Kinnitused on \u00fchekordsed.<\/p>\n<p><img decoding=\"async\" src=\"https:\/\/blankpage.ee\/_ruumist-ruumi\/wp-content\/uploads\/2025\/04\/2-29.webp\" border=\"0\" alt=\"Kapivalgusti magnetiline paigaldus\" \/><\/p>\n<h3>Pikk kasutusiga, USB-C mugav laadimine<\/h3>\n<p>Kapivalgusti t\u00f6\u00f6tab 1100 mAh akul ning kestab m\u00f5\u00f5dukal kasutusel \u00fche laadimiskorraga kuni 4\u20136 kuud. Akut on mugav laadida USB\u2011C kaabliga (kaasas).<\/p>\n<p><img decoding=\"async\" src=\"https:\/\/blankpage.ee\/_ruumist-ruumi\/wp-content\/uploads\/2025\/04\/1-33.webp\" border=\"0\" alt=\"Kapivalgusti laadimine USB-C kaabliga\" \/><\/p>\n<h3>Leia endale sobiv variant ja v\u00e4rv<\/h3>\n<p>Valida saad kolme pikkuse (20 cm, 40 cm, 60 cm) ja kahe v\u00e4rvi vahel (must, h\u00f5be), nii sobib liikumisanduriga kapivalgusti igasse ruumi ja sisekujundusse.<\/p>\n<p><img decoding=\"async\" src=\"https:\/\/blankpage.ee\/_ruumist-ruumi\/wp-content\/uploads\/2025\/04\/9-6.webp\" border=\"0\" alt=\"LED-kapivalgustid erineva pikkuse ja v\u00e4rviga\" \/><\/p>\n<h3>Komplektis:<\/h3>\n<ul>\n<li>Kasutusjuhend<\/li>\n<li>USB-laadimiskaabel<\/li>\n<li>Kinnituskomplekt<\/li>\n<li>Sisseehitatud liikumisandur<\/li>\n<\/ul>\n<div class=\"table-wrapper\">\n<table>\n<tbody>\n<tr>\n<th>Br\u00e4nd<\/th>\n<td>Yeelight<\/td>\n<\/tr>\n<tr>\n<th>Nimi<\/th>\n<td>Liikumisanduriga kapivalgusti Yeelight YLCG002-b<\/td>\n<\/tr>\n<tr>\n<th>Mudel<\/th>\n<td>YLCG002-b<\/td>\n<\/tr>\n<tr>\n<th>V\u00e4rv<\/th>\n<td>Must<\/td>\n<\/tr>\n<tr>\n<th>Materjal<\/th>\n<td>Alumiinium + plastik<\/td>\n<\/tr>\n<tr>\n<th>M\u00f5\u00f5dud<\/th>\n<td>200 \u00d7 40 \u00d7 9 mm<\/td>\n<\/tr>\n<tr>\n<th>Kaal<\/th>\n<td>90 g<\/td>\n<\/tr>\n<tr>\n<th>Nimiv\u00f5imsus<\/th>\n<td>1,2 W<\/td>\n<\/tr>\n<tr>\n<th>Pinge<\/th>\n<td>5 V DC, 0,5 A<\/td>\n<\/tr>\n<tr>\n<th>Ootere\u017eiimi voolutarve<\/th>\n<td>0,2 mA<\/td>\n<\/tr>\n<tr>\n<th>Akumaht<\/th>\n<td>1100 mAh<\/td>\n<\/tr>\n<tr>\n<th>T\u00f6\u00f6aeg<\/th>\n<td>\u22655 h (ON-re\u017eiimis)<\/td>\n<\/tr>\n<tr>\n<th>Akuts\u00fcklite arv<\/th>\n<td>300 ts\u00fcklit, mahtuvus \u226580%<\/td>\n<\/tr>\n<tr>\n<th>V\u00e4rvitemperatuur<\/th>\n<td>2700 K<\/td>\n<\/tr>\n<tr>\n<th>Heledus<\/th>\n<td>45 lm, reguleeritav<\/td>\n<\/tr>\n<tr>\n<th>CRI<\/th>\n<td>Ra80<\/td>\n<\/tr>\n<tr>\n<th>IP klass<\/th>\n<td>IP20<\/td>\n<\/tr>\n<tr>\n<th>Sisend<\/th>\n<td>DC 5V \/ 1A<\/td>\n<\/tr>\n<tr>\n<th>Laadimisliides<\/th>\n<td>USB-C (kaabel kaasas)<\/td>\n<\/tr>\n<tr>\n<th>T\u00f6\u00f6keskkonna temperatuur<\/th>\n<td>-10\u00b0C kuni +40\u00b0C<\/td>\n<\/tr>\n<tr>\n<th>T\u00f6\u00f6keskkonna niiskus<\/th>\n<td>0\u201385% RH<\/td>\n<\/tr>\n<tr>\n<th>Lambi pinna temperatuur<\/th>\n<td>\u226445\u00b0C (plastik) \/ \u226455\u00b0C (metall)<\/td>\n<\/tr>\n<tr>\n<th>Lambi valgusallika vahetatavus<\/th>\n<td>Ei<\/td>\n<\/tr>\n<tr>\n<th>Sensorid<\/th>\n<td>Infrapuna- ja valgusandur<\/td>\n<\/tr>\n<tr>\n<th>Tuvastuskaugus<\/th>\n<td>0\u20134 m (30\u00b0); 0\u20132 m (120\u00b0)<\/td>\n<\/tr>\n<\/tbody>\n<\/table>\n<\/div>\n<p><!-- SEO m\u00e4rks\u00f5na \"liikumisanduriga kapivalgusti\" esineb korrektselt pealkirjas, tekstis kolm korda ja kuni kolmes pildi alt-tekstis. M\u00e4rks\u00f5na s\u00fcnon\u00fc\u00fcmi (LED-kapivalgusti, liikumisanduriga LED-valgusti) on kasutatud alampealkirjades ja tekstis, vastates SEO-n\u00f5uetele. Sinatamisvorm puudub, tekst on j\u00e4rjekindlalt teietavas vormis. HTML on korrektne ja minimalistlik. K\u00f5ik tehnilised andmed on s\u00e4ilinud. --><\/p>\n","protected":false},"excerpt":{"rendered":"<p>Liikumisanduriga kapivalgusti Yeelight YLCG002-b, 20 cm, 2700 K, must Yeelight kuulub Xiaomi \u00f6kos\u00fcsteemi. Liikumisanduriga kapivalgusti \u2013 mugav valgus t\u00e4nu nutikale sensorile Liikumisanduriga kapivalgusti muudab h\u00e4marates kohtades toimetamise lihtsamaks. T\u00e4nu liikumisandurile l\u00fclitub lamp automaatselt sisse, kui tuvastab liikumise \u2013 kuni 4 meetri kaugusel otse ees ja kuni 2 meetri kaugusel k\u00fclgedel, 120\u00b0 ulatuses. See muudab esemete [&hellip;]<\/p>\n","protected":false},"featured_media":167142,"comment_status":"open","ping_status":"open","template":"","meta":[],"product_brand":[2933],"product_cat":[3051],"product_tag":[],"class_list":{"0":"post-167133","1":"product","2":"type-product","3":"status-publish","4":"has-post-thumbnail","6":"product_brand-yeelight","7":"product_cat-mooblivalgustus","8":"product_shipping_class-innpro","10":"first","11":"instock","12":"sale","13":"taxable","14":"shipping-taxable","15":"purchasable","16":"product-type-simple"},"_links":{"self":[{"href":"https:\/\/blankpage.ee\/_ruumist-ruumi\/wp-json\/wp\/v2\/product\/167133","targetHints":{"allow":["GET"]}}],"collection":[{"href":"https:\/\/blankpage.ee\/_ruumist-ruumi\/wp-json\/wp\/v2\/product"}],"about":[{"href":"https:\/\/blankpage.ee\/_ruumist-ruumi\/wp-json\/wp\/v2\/types\/product"}],"replies":[{"embeddable":true,"href":"https:\/\/blankpage.ee\/_ruumist-ruumi\/wp-json\/wp\/v2\/comments?post=167133"}],"wp:featuredmedia":[{"embeddable":true,"href":"https:\/\/blankpage.ee\/_ruumist-ruumi\/wp-json\/wp\/v2\/media\/167142"}],"wp:attachment":[{"href":"https:\/\/blankpage.ee\/_ruumist-ruumi\/wp-json\/wp\/v2\/media?parent=167133"}],"wp:term":[{"taxonomy":"product_brand","embeddable":true,"href":"https:\/\/blankpage.ee\/_ruumist-ruumi\/wp-json\/wp\/v2\/product_brand?post=167133"},{"taxonomy":"product_cat","embeddable":true,"href":"https:\/\/blankpage.ee\/_ruumist-ruumi\/wp-json\/wp\/v2\/product_cat?post=167133"},{"taxonomy":"product_tag","embeddable":true,"href":"https:\/\/blankpage.ee\/_ruumist-ruumi\/wp-json\/wp\/v2\/product_tag?post=167133"}],"curies":[{"name":"wp","href":"https:\/\/api.w.org\/{rel}","templated":true}]}}