{"id":167149,"date":"2025-04-17T12:21:16","date_gmt":"2025-04-17T12:21:16","guid":{"rendered":"https:\/\/ruumistruumi.ee\/pood\/kapi-led-valgus-yeelight-ylcg004-b-liikumisanduriga-40-cm-must-2700k-usb-c\/"},"modified":"2025-08-21T08:20:05","modified_gmt":"2025-08-21T08:20:05","slug":"kapi-led-valgus-yeelight-ylcg004-b-liikumisanduriga-40-cm-must-2700k-usb-c","status":"publish","type":"product","link":"https:\/\/blankpage.ee\/_ruumist-ruumi\/pood\/kapi-led-valgus-yeelight-ylcg004-b-liikumisanduriga-40-cm-must-2700k-usb-c\/","title":{"rendered":"Kapi LED valgus Yeelight YLCG004-b liikumisanduriga, 40 cm, must, 2700K, USB-C"},"content":{"rendered":"<p><img decoding=\"async\" src=\"https:\/\/blankpage.ee\/_ruumist-ruumi\/wp-content\/uploads\/2025\/04\/xiaomi_logo1.webp\" border=\"0\" alt=\"Xiaomi \u00f6kos\u00fcsteemi logo\" \/><\/p>\n<p><strong><span>Yeelight on osa Xiaomi \u00f6kos\u00fcsteemist.<\/span><\/strong><\/p>\n<h3>Kapi LED valgus Yeelight YLCG004-b liikumisanduriga \u2013 nutikas valgusti igasse ruumi<\/h3>\n<p>Kapi LED valgus Yeelight on praktiline ja stiilne valik riiulitesse, riidekappidesse, k\u00f6\u00f6gikappide alla ning muudesse pimedatesse nurkadesse. \u00d5hk\u00f5rn (k\u00f5igest 9 mm paks), tagasihoidlikult mustast alumiiniumist ja plastikust disain sulandub h\u00f5lpsasti erinevatesse interj\u00f6\u00f6ridesse. 40 cm pikk LED-valgusti annab sooja ning \u00fchtlase valguse igap\u00e4evaseks kasutamiseks.<\/p>\n<p><img decoding=\"async\" src=\"https:\/\/blankpage.ee\/_ruumist-ruumi\/wp-content\/uploads\/2025\/04\/6-19.webp\" border=\"0\" alt=\"Must Yeelight kapi LED valgus 40 cm\" \/><\/p>\n<h3>Liikumisanduriga LED valgus: mugav ja energias\u00e4\u00e4stlik lahendus<\/h3>\n<p>Sisseehitatud liikumisandur tuvastab liikumist kuni 4 meetri kauguselt eest ning kuni 2 meetri ulatuses k\u00fclgedelt (120\u00b0 ulatuses). LED valgus s\u00fcttib automaatselt, mist\u00f5ttu on \u00f6iste esemete otsimine ja liikumine tubades mugav ning ohutu.<\/p>\n<p><img decoding=\"async\" src=\"https:\/\/blankpage.ee\/_ruumist-ruumi\/wp-content\/uploads\/2025\/04\/3-26.webp\" border=\"0\" alt=\"Liikumisanduriga LED-valgusti kasutamine riidekapis\" \/><\/p>\n<h3>Tark valgussensor: s\u00e4\u00e4stlik LED valgusti kapile<\/h3>\n<p>Valgustil on nutikas valgussensor, mis l\u00fclitab valgusti automaatselt t\u00f6\u00f6le, kui ruum on tume, ja hoiab selle v\u00e4lja, kui ruum on juba piisavalt valge. Soovi korral saad valguse alati ka k\u00e4sitsi sisse l\u00fclitada.<\/p>\n<p><img decoding=\"async\" src=\"https:\/\/blankpage.ee\/_ruumist-ruumi\/wp-content\/uploads\/2025\/04\/7-15.webp\" border=\"0\" alt=\"Yeelight kapi LED valgus USB-C laadimisega\" \/><\/p>\n<h3>Reguleeritava heledusega, silmas\u00f5bralik LED valgus kappide jaoks<\/h3>\n<p>Yeelight kapi LED valgus paistab 2700K soojas valgusspektris ning selle heledust saad ise h\u00f5lpsasti seadistada vastavalt vajadusele. See sobib suurep\u00e4raselt nii riidekappi kui ka t\u00f6\u00f6pinna valgustamiseks.<\/p>\n<p><img decoding=\"async\" src=\"https:\/\/blankpage.ee\/_ruumist-ruumi\/wp-content\/uploads\/2025\/04\/5-17.webp\" border=\"0\" alt=\"Reguleeritava heledusega LED-valgusti kappide jaoks\" \/><\/p>\n<h3>Kompaktne ja kaasaegne disain v\u00e4ikestele pindadele<\/h3>\n<p>Valgusti 0,9 cm paksus hoolitseb selle eest, et see mahuvad h\u00f5lpsalt igasugustele pindadele ilma ruumi raiskamata. Metallist korpus muudab valgusti vastupidavaks ning sobilikuks modernsesse kodusse.<\/p>\n<p><img decoding=\"async\" src=\"https:\/\/blankpage.ee\/_ruumist-ruumi\/wp-content\/uploads\/2025\/04\/8-10.webp\" border=\"0\" alt=\"V\u00e4ga \u00f5huke must LED-valgusti kapi v\u00f5i k\u00f6\u00f6gikapi alla\" \/><\/p>\n<h3>Lihtne ja kiire paigaldus: kapi LED valgus ilma kruvide ja puurimiseta<\/h3>\n<p>Paigalda valgusti lihtsalt kaasasolevate isekleepuvate magnetkinnitustega \u2013 ei mingeid juhtmeid ega puurimist! Magnetkinnitused v\u00f5imaldavad ka valgustit vajadusel h\u00f5lpsalt teisaldada. <strong>Pane t\u00e4hele:<\/strong> kinnitusdetailid on m\u00f5eldud \u00fcheks kasutuskorraks.<\/p>\n<p><img decoding=\"async\" src=\"https:\/\/blankpage.ee\/_ruumist-ruumi\/wp-content\/uploads\/2025\/04\/2-28.webp\" border=\"0\" alt=\"LED-valgusti kinnitamine magnetkinnitustega kapi k\u00fclge\" \/><\/p>\n<h3>Pikk aku t\u00f6\u00f6aeg ja USB-C mugav laadimine<\/h3>\n<p>Integreeritud 1500 mAh aku v\u00f5imaldab m\u00f5\u00f5dukal kasutusel valgusti t\u00f6\u00f6aega 4\u20136 kuud. Kapi LED valgus laeb kiiresti universaalse USB-C kaudu ning laadimiskaabel on kaasas.<\/p>\n<p><img decoding=\"async\" src=\"https:\/\/blankpage.ee\/_ruumist-ruumi\/wp-content\/uploads\/2025\/04\/1-34.webp\" border=\"0\" alt=\"USB-C laadimisega LED valgus kappide jaoks\" \/><\/p>\n<h3>Leia sobiv variant igasse ruumi<\/h3>\n<p>Yeelight kapi LED valgus on saadaval kolmes erinevas pikkuses (20 cm, 40 cm ja 60 cm) ning kahes toonis (must ja h\u00f5bedane), nii on sobiva variandi leidmine lihtne igasse interj\u00f6\u00f6ri.<\/p>\n<p><img decoding=\"async\" src=\"https:\/\/blankpage.ee\/_ruumist-ruumi\/wp-content\/uploads\/2025\/04\/9-5.webp\" border=\"0\" alt=\"Yeelight LED-valgustite erinevad suurused ja toonid\" \/><\/p>\n<h3>Komplekti kuulub<\/h3>\n<ul>\n<li>Kasutusjuhend<\/li>\n<li>USB-kaabel<\/li>\n<li>Paigalduskomplekt<\/li>\n<li>Sisseehitatud liikumisandur<\/li>\n<\/ul>\n<div class=\"table-wrapper\">\n<table>\n<tr>\n<th>Br\u00e4nd<\/th>\n<td>Yeelight<\/td>\n<\/tr>\n<tr>\n<th>Nimi<\/th>\n<td>Kapi LED valgus (liikumisanduriga LED-riiulivalgusti) A40<\/td>\n<\/tr>\n<tr>\n<th>Mudel<\/th>\n<td>YLCG004-b<\/td>\n<\/tr>\n<tr>\n<th>V\u00e4rv<\/th>\n<td>Must<\/td>\n<\/tr>\n<tr>\n<th>Materjal<\/th>\n<td>Alumiinium + plastik<\/td>\n<\/tr>\n<tr>\n<th>M\u00f5\u00f5dud<\/th>\n<td>400x40x9 mm<\/td>\n<\/tr>\n<tr>\n<th>Kaal<\/th>\n<td>155 g<\/td>\n<\/tr>\n<tr>\n<th>Nimiv\u00f5imsus<\/th>\n<td>2,4 W<\/td>\n<\/tr>\n<tr>\n<th>Pinge<\/th>\n<td>5V DC 0,5A<\/td>\n<\/tr>\n<tr>\n<th>Ootere\u017eiimi voolutarve<\/th>\n<td>0,2 mA<\/td>\n<\/tr>\n<tr>\n<th>Akumaht<\/th>\n<td>1500 mAh<\/td>\n<\/tr>\n<tr>\n<th>T\u00f6\u00f6aeg<\/th>\n<td>\u22655 h ON-re\u017eiimis<\/td>\n<\/tr>\n<tr>\n<th>Akuts\u00fcklite arv<\/th>\n<td>300 ts\u00fcklit, maht \u226580%<\/td>\n<\/tr>\n<tr>\n<th>Valgustemperatuur<\/th>\n<td>2700K<\/td>\n<\/tr>\n<tr>\n<th>Heledus<\/th>\n<td>100 lm, reguleeritav<\/td>\n<\/tr>\n<tr>\n<th>CRI<\/th>\n<td>Ra80<\/td>\n<\/tr>\n<tr>\n<th>IP kaitseklass<\/th>\n<td>IP20<\/td>\n<\/tr>\n<tr>\n<th>Sisend<\/th>\n<td>DC 5V\/1A<\/td>\n<\/tr>\n<tr>\n<th>Laadimisliides<\/th>\n<td>USB-C (kaabel kaasas)<\/td>\n<\/tr>\n<tr>\n<th>T\u00f6\u00f6keskkonna temperatuur<\/th>\n<td>-10\u00b0C&#8230;+40\u00b0C<\/td>\n<\/tr>\n<tr>\n<th>T\u00f6\u00f6keskkonna niiskus<\/th>\n<td>0&#8230;85%RH<\/td>\n<\/tr>\n<tr>\n<th>Lambi pinna temperatuur<\/th>\n<td>\u226445\u00b0C (plastik) \/ 55\u00b0C (metall)<\/td>\n<\/tr>\n<tr>\n<th>Vahetatav valgusallikas<\/th>\n<td>Ei<\/td>\n<\/tr>\n<tr>\n<th>Sensorid<\/th>\n<td>Infrapuna- ja valgussensor<\/td>\n<\/tr>\n<tr>\n<th>Tuvastuskaugus<\/th>\n<td>0\u20134 m (30\u00b0), 0\u20132 m (120\u00b0)<\/td>\n<\/tr>\n<\/table>\n<\/div>\n<p>Kapi LED valgus Yeelight \u2013 praktiline ja kaasaegne valgustuslahendus sinu koju!<\/p>\n","protected":false},"excerpt":{"rendered":"<p>Yeelight on osa Xiaomi \u00f6kos\u00fcsteemist. Kapi LED valgus Yeelight YLCG004-b liikumisanduriga \u2013 nutikas valgusti igasse ruumi Kapi LED valgus Yeelight on praktiline ja stiilne valik riiulitesse, riidekappidesse, k\u00f6\u00f6gikappide alla ning muudesse pimedatesse nurkadesse. \u00d5hk\u00f5rn (k\u00f5igest 9 mm paks), tagasihoidlikult mustast alumiiniumist ja plastikust disain sulandub h\u00f5lpsasti erinevatesse interj\u00f6\u00f6ridesse. 40 cm pikk LED-valgusti annab sooja ning [&hellip;]<\/p>\n","protected":false},"featured_media":167151,"comment_status":"open","ping_status":"open","template":"","meta":[],"product_brand":[2933],"product_cat":[3051],"product_tag":[],"class_list":{"0":"post-167149","1":"product","2":"type-product","3":"status-publish","4":"has-post-thumbnail","6":"product_brand-yeelight","7":"product_cat-mooblivalgustus","8":"product_shipping_class-innpro","10":"first","11":"instock","12":"sale","13":"taxable","14":"shipping-taxable","15":"purchasable","16":"product-type-simple"},"_links":{"self":[{"href":"https:\/\/blankpage.ee\/_ruumist-ruumi\/wp-json\/wp\/v2\/product\/167149","targetHints":{"allow":["GET"]}}],"collection":[{"href":"https:\/\/blankpage.ee\/_ruumist-ruumi\/wp-json\/wp\/v2\/product"}],"about":[{"href":"https:\/\/blankpage.ee\/_ruumist-ruumi\/wp-json\/wp\/v2\/types\/product"}],"replies":[{"embeddable":true,"href":"https:\/\/blankpage.ee\/_ruumist-ruumi\/wp-json\/wp\/v2\/comments?post=167149"}],"wp:featuredmedia":[{"embeddable":true,"href":"https:\/\/blankpage.ee\/_ruumist-ruumi\/wp-json\/wp\/v2\/media\/167151"}],"wp:attachment":[{"href":"https:\/\/blankpage.ee\/_ruumist-ruumi\/wp-json\/wp\/v2\/media?parent=167149"}],"wp:term":[{"taxonomy":"product_brand","embeddable":true,"href":"https:\/\/blankpage.ee\/_ruumist-ruumi\/wp-json\/wp\/v2\/product_brand?post=167149"},{"taxonomy":"product_cat","embeddable":true,"href":"https:\/\/blankpage.ee\/_ruumist-ruumi\/wp-json\/wp\/v2\/product_cat?post=167149"},{"taxonomy":"product_tag","embeddable":true,"href":"https:\/\/blankpage.ee\/_ruumist-ruumi\/wp-json\/wp\/v2\/product_tag?post=167149"}],"curies":[{"name":"wp","href":"https:\/\/api.w.org\/{rel}","templated":true}]}}