{"id":167158,"date":"2025-04-17T12:21:16","date_gmt":"2025-04-17T12:21:16","guid":{"rendered":"https:\/\/ruumistruumi.ee\/pood\/sensoriga-sahtlivalgusti-yeelight-a6-usb-c-300mah-valge\/"},"modified":"2025-04-17T12:22:28","modified_gmt":"2025-04-17T12:22:28","slug":"sensoriga-sahtlivalgusti-yeelight-a6-usb-c-300mah-valge","status":"publish","type":"product","link":"https:\/\/blankpage.ee\/_ruumist-ruumi\/pood\/sensoriga-sahtlivalgusti-yeelight-a6-usb-c-300mah-valge\/","title":{"rendered":"Sensoriga sahtlivalgusti Yeelight A6, USB-C, 300mAh, valge"},"content":{"rendered":"<p><img decoding=\"async\" src=\"https:\/\/blankpage.ee\/_ruumist-ruumi\/wp-content\/uploads\/2025\/04\/xiaomi_logo1.webp\" alt=\"Yeelight logo valgel taustal\"><\/p>\n<p><strong><span>Yeelight kuulub Xiaomi \u00f6kos\u00fcsteemi.<\/span><\/strong><\/p>\n<h3>Sensoriga sahtlivalgusti Yeelight A6<\/h3>\n<p>Sensoriga sahtlivalgusti Yeelight A6 on nutikas ja kompaktne valgustuslahendus, mis sobib suurep\u00e4raselt sahtlitesse, kappidesse v\u00f5i muudesse v\u00e4iksematesse hoiukohtadesse. T\u00e4nu sisseehitatud infrapunaliikumisandurile s\u00fcttib valgus automaatselt, kui avate sahtli v\u00f5i ukse, ja l\u00fclitub v\u00e4lja 3 sekundi p\u00e4rast, s\u00e4\u00e4stes sellega akut.<\/p>\n<p><img decoding=\"async\" src=\"https:\/\/blankpage.ee\/_ruumist-ruumi\/wp-content\/uploads\/2025\/04\/1-35.webp\" alt=\"sensoriga sahtlivalgusti paigaldatuna kappi, valgustab sahtli sisu\"><\/p>\n<h3>Paigaldus vastavalt vajadusele<\/h3>\n<p>Lamp sobib nii sahtlitesse, kappidesse kui erinevatesse panipaikadesse. IR-anduriga LED-valgusti l\u00fclitab tule automaatselt sisse kapi v\u00f5i sahtli avamisel ja kustub, kui sulgete ukse. Sensoriga valgustus muudab esemete leidmise mugavamaks ning t\u00e4iendab ruumi esteetikat.<\/p>\n<p><img decoding=\"async\" src=\"https:\/\/blankpage.ee\/_ruumist-ruumi\/wp-content\/uploads\/2025\/04\/2-30.webp\" alt=\"Yeelight sahtlivalgusti t\u00f6\u00f6tamas kappide sees\"><\/p>\n<h3>Lihtne ja kiire paigaldus<\/h3>\n<p>Sensoriga sahtlivalgusti paigaldamine ei n\u00f5ua t\u00f6\u00f6riistu. Kinnitage kaasasoleva raamiga lamp soovitud asukohta ja asetage valgusti peale. Tagage, et IR-andur on suunatud \u00fcles v\u00f5i v\u00e4ljapoole, et tagada korrektne t\u00f6\u00f6tamine.<\/p>\n<p><img decoding=\"async\" src=\"https:\/\/blankpage.ee\/_ruumist-ruumi\/wp-content\/uploads\/2025\/04\/5-20.webp\" alt=\"valgusti kiire paigaldus sahtlisse\"><\/p>\n<h3>Pikk t\u00f6\u00f6aeg ja kiire laadimine<\/h3>\n<p>Yeelight A6 r\u00f5\u00f5mustab pika t\u00f6\u00f6ajaga \u2013 sisseehitatud 300mAh aku p\u00fcsib ootere\u017eiimis kuni 2\u20134 kuud (kuni kolme kasutuskorra korral p\u00e4evas). USB-C kaabliga laete lambi t\u00e4is k\u00f5igest \u00fche tunniga.<\/p>\n<p><img decoding=\"async\" src=\"https:\/\/blankpage.ee\/_ruumist-ruumi\/wp-content\/uploads\/2025\/04\/3-28.webp\" alt=\"valge USB-C laaditav sensoriga valgusti koos laadimiskaabliga\"><\/p>\n<h3>L\u00e4bim\u00f5eldud disain<\/h3>\n<p>\u00dclaservas asuva nupu abil saate seadistada valgusre\u017eiimi v\u00f5i lambi sisse\/v\u00e4lja l\u00fclitada. Automaatre\u017eiimil annab LED-valgusti tagasihoidliku, sinaka hilis\u00f5htu valguse.<\/p>\n<p><img decoding=\"async\" src=\"https:\/\/blankpage.ee\/_ruumist-ruumi\/wp-content\/uploads\/2025\/04\/8-12.webp\" alt=\"sensoriga valgusti juhtimiseks m\u00f5eldud nupp \u00fclaservas\"><\/p>\n<h3>Minimalistlik v\u00e4limus ja universaalsus<\/h3>\n<p>Sensoriga sahtlivalgusti \u00f5huke, vaid 11 mm paksune disain lubab paigaldada selle ka kitsastesse ruumidesse. Neutraalne valge v\u00e4rv sobitub h\u00f5lpsalt igasse interj\u00f6\u00f6ri.<\/p>\n<p><img decoding=\"async\" src=\"https:\/\/blankpage.ee\/_ruumist-ruumi\/wp-content\/uploads\/2025\/04\/6-22.webp\" alt=\"\u00f5huke LED sensoriga sahtlivalgusti paigaldatuna kitsa sahtli sees\"><\/p>\n<h3>Komplektis<\/h3>\n<ul>\n<li>Kasutusjuhend<\/li>\n<li>USB-laadimiskaabel<\/li>\n<li>Kinnitustarvikud<\/li>\n<li>Sisseehitatud liikumisandur<\/li>\n<\/ul>\n<div class=\"table-wrapper\">\n<table>\n<tbody>\n<tr>\n<th>Tootja<\/th>\n<td>Yeelight<\/td>\n<\/tr>\n<tr>\n<th>Tootenimi<\/th>\n<td>Yeelight LED Sensor Drawer Light A6<\/td>\n<\/tr>\n<tr>\n<th>Mudel<\/th>\n<td>YLCTD001<\/td>\n<\/tr>\n<tr>\n<th>V\u00e4rvus<\/th>\n<td>Valge<\/td>\n<\/tr>\n<tr>\n<th>M\u00f5\u00f5tmed<\/th>\n<td>68 x 26 x 11 mm<\/td>\n<\/tr>\n<tr>\n<th>Kaal<\/th>\n<td>25 g<\/td>\n<\/tr>\n<tr>\n<th>V\u00e4rvustemperatuur<\/th>\n<td>2700 K<\/td>\n<\/tr>\n<tr>\n<th>Heledus<\/th>\n<td>u. 15 lm<\/td>\n<\/tr>\n<tr>\n<th>Toitepinge<\/th>\n<td>5V DC \/ 0,5A<\/td>\n<\/tr>\n<tr>\n<th>V\u00f5imsus<\/th>\n<td>0,15 W<\/td>\n<\/tr>\n<tr>\n<th>T\u00f6\u00f6aeg (ON-re\u017eiim)<\/th>\n<td>\u2265 6 tundi<\/td>\n<\/tr>\n<tr>\n<th>CRI-indeks<\/th>\n<td>Ra\u226580<\/td>\n<\/tr>\n<tr>\n<th>Kaitseklass<\/th>\n<td>IP20<\/td>\n<\/tr>\n<tr>\n<th>Akumaht<\/th>\n<td>300 mAh<\/td>\n<\/tr>\n<tr>\n<th>Laadimisliides<\/th>\n<td>USB-C<\/td>\n<\/tr>\n<tr>\n<th>Pirni vahetatavus<\/th>\n<td>Ei<\/td>\n<\/tr>\n<tr>\n<th>Materjal<\/th>\n<td>ABS + PC<\/td>\n<\/tr>\n<tr>\n<th>T\u00f6\u00f6temperatuur<\/th>\n<td>0 \u2013 45\u00b0C<\/td>\n<\/tr>\n<tr>\n<th>\u00d5huniiskus<\/th>\n<td>0\u201385% rF<\/td>\n<\/tr>\n<tr>\n<th>Komplektis<\/th>\n<td>Kasutusjuhend, USB-laadimiskaabel, kinnitustarvikud<\/td>\n<\/tr>\n<\/tbody>\n<\/table>\n<\/div>\n<p>Sensoriga sahtlivalgusti Yeelight A6 on loodud neile, kes hindavad mugavust ja praktilisust nii kodus kui t\u00f6\u00f6l. Minimalistlik disain ja lihtne kasutus muudavad v\u00e4ikeste esemete leidmise oluliselt lihtsamaks igal ajal.<\/p>\n","protected":false},"excerpt":{"rendered":"<p>Yeelight kuulub Xiaomi \u00f6kos\u00fcsteemi. Sensoriga sahtlivalgusti Yeelight A6 Sensoriga sahtlivalgusti Yeelight A6 on nutikas ja kompaktne valgustuslahendus, mis sobib suurep\u00e4raselt sahtlitesse, kappidesse v\u00f5i muudesse v\u00e4iksematesse hoiukohtadesse. T\u00e4nu sisseehitatud infrapunaliikumisandurile s\u00fcttib valgus automaatselt, kui avate sahtli v\u00f5i ukse, ja l\u00fclitub v\u00e4lja 3 sekundi p\u00e4rast, s\u00e4\u00e4stes sellega akut. Paigaldus vastavalt vajadusele Lamp sobib nii sahtlitesse, kappidesse kui [&hellip;]<\/p>\n","protected":false},"featured_media":167165,"comment_status":"open","ping_status":"open","template":"","meta":[],"product_brand":[2933],"product_cat":[3051],"product_tag":[],"class_list":{"0":"post-167158","1":"product","2":"type-product","3":"status-publish","4":"has-post-thumbnail","6":"product_brand-yeelight","7":"product_cat-mooblivalgustus","8":"product_shipping_class-innpro","10":"first","11":"outofstock","12":"taxable","13":"shipping-taxable","14":"purchasable","15":"product-type-simple"},"_links":{"self":[{"href":"https:\/\/blankpage.ee\/_ruumist-ruumi\/wp-json\/wp\/v2\/product\/167158","targetHints":{"allow":["GET"]}}],"collection":[{"href":"https:\/\/blankpage.ee\/_ruumist-ruumi\/wp-json\/wp\/v2\/product"}],"about":[{"href":"https:\/\/blankpage.ee\/_ruumist-ruumi\/wp-json\/wp\/v2\/types\/product"}],"replies":[{"embeddable":true,"href":"https:\/\/blankpage.ee\/_ruumist-ruumi\/wp-json\/wp\/v2\/comments?post=167158"}],"wp:featuredmedia":[{"embeddable":true,"href":"https:\/\/blankpage.ee\/_ruumist-ruumi\/wp-json\/wp\/v2\/media\/167165"}],"wp:attachment":[{"href":"https:\/\/blankpage.ee\/_ruumist-ruumi\/wp-json\/wp\/v2\/media?parent=167158"}],"wp:term":[{"taxonomy":"product_brand","embeddable":true,"href":"https:\/\/blankpage.ee\/_ruumist-ruumi\/wp-json\/wp\/v2\/product_brand?post=167158"},{"taxonomy":"product_cat","embeddable":true,"href":"https:\/\/blankpage.ee\/_ruumist-ruumi\/wp-json\/wp\/v2\/product_cat?post=167158"},{"taxonomy":"product_tag","embeddable":true,"href":"https:\/\/blankpage.ee\/_ruumist-ruumi\/wp-json\/wp\/v2\/product_tag?post=167158"}],"curies":[{"name":"wp","href":"https:\/\/api.w.org\/{rel}","templated":true}]}}