{"id":167185,"date":"2025-04-17T12:22:49","date_gmt":"2025-04-17T12:22:49","guid":{"rendered":"https:\/\/ruumistruumi.ee\/pood\/nutikas-valgusluliti-meross-mss510x-wifi-apple-homekit-uhilduv\/"},"modified":"2025-08-21T08:20:04","modified_gmt":"2025-08-21T08:20:04","slug":"nutikas-valgusluliti-meross-mss510x-wifi-apple-homekit-uhilduv","status":"publish","type":"product","link":"https:\/\/blankpage.ee\/_ruumist-ruumi\/pood\/nutikas-valgusluliti-meross-mss510x-wifi-apple-homekit-uhilduv\/","title":{"rendered":"Nutikas valgusl\u00fcliti Meross MSS510X WiFi, Apple HomeKit \u00fchilduv"},"content":{"rendered":"<h3>Nutikas valgusl\u00fcliti Meross MSS510X WiFi (Apple HomeKit \u00fchilduv)<\/h3>\n<p>Nutikas valgusl\u00fcliti v\u00f5imaldab juhtida kodu valgustust nii f\u00fc\u00fcsiliselt kui ka distantsilt nutirakenduse kaudu. Meross MSS510X \u00fchildub Apple HomeKit, Google Assistanti ja Amazon Alexa s\u00fcsteemidega, pakkudes v\u00f5imalust juhtida valgusteid h\u00e4\u00e4lk\u00e4sklustega. Nutika valgusl\u00fcliti paigaldamine teeb igap\u00e4evase valgustuse juhtimise mugavaks ja nutikaks.<\/p>\n<p><img decoding=\"async\" src=\"https:\/\/blankpage.ee\/_ruumist-ruumi\/wp-content\/uploads\/2025\/04\/6-23.webp\" alt=\"Nutikas valgusl\u00fcliti Meross MSS510X valge esipaneeliga\"><\/p>\n<h3>Kaugjuhtimine ja h\u00e4\u00e4ljuhtimine valgusl\u00fclitil<\/h3>\n<p>Valgust saab juhtida Meross \u00e4pi v\u00f5i populaarsete virtuaalsete assistentide abil. Piisab nutitelefonist v\u00f5i h\u00e4\u00e4lk\u00e4sklusest, et valgus sisse v\u00f5i v\u00e4lja l\u00fclitada \u2013 nutikas valgusl\u00fcliti v\u00f5imaldab automatiseerida igap\u00e4evast valgustust vastavalt sinu soovile ja vajadustele.<\/p>\n<p><img decoding=\"async\" src=\"https:\/\/blankpage.ee\/_ruumist-ruumi\/wp-content\/uploads\/2025\/04\/2-32.webp\" alt=\"Valgustuse juhtimine nutitelefoni rakendusega\"><\/p>\n<h3>Paindlik ajastus ja nutikad stseenid<\/h3>\n<p>L\u00fcliti v\u00f5imaldab luua isikup\u00e4rastatud ajakavasid ja seadistada taimerid. Valgustus v\u00f5ib sisse l\u00fclituda kindlal kellaajal ja automaatselt v\u00e4lja l\u00fclituda lahkumisel, s\u00f5ltuvalt seatud tingimustest. Lisaks saab seadistada erinevaid nutikaid stseene vastavalt elur\u00fctmile v\u00f5i eelistustele.<\/p>\n<p><img decoding=\"async\" src=\"https:\/\/blankpage.ee\/_ruumist-ruumi\/wp-content\/uploads\/2025\/04\/3-30.webp\" alt=\"Ajastatav valgusl\u00fcliti koduvalgustuseks\"><\/p>\n<h3>Kasutajas\u00f5bralik disain ning lihtne paigaldus<\/h3>\n<p>L\u00fclitil on LED-indikaator, mis n\u00e4itab seadme olekut ning aitab seda ka pimedas \u00fcles leida. Seade t\u00f6\u00f6tab olemasolevas WiFi v\u00f5rgus ega vaja lisajuhtimiskeskust. Paigaldamiseks on vajalik neutraaljuhe (sinine juhe) ja standardsuuruses paigalduskarp (ei kuulu komplekti).<\/p>\n<p><img decoding=\"async\" src=\"https:\/\/blankpage.ee\/_ruumist-ruumi\/wp-content\/uploads\/2025\/04\/7-18.webp\" alt=\"Meross nutika valgusl\u00fcliti \u00fchendamise juhiseskeem\"><\/p>\n<h3>Komplekti sisu<\/h3>\n<ul>\n<li>1 \u00d7 nutikas \u00fchekordne valgusl\u00fcliti<\/li>\n<li>4 \u00d7 kruvi<\/li>\n<li>1 \u00d7 kasutusjuhend<\/li>\n<\/ul>\n<h3>Tehnilised andmed<\/h3>\n<div class=\"table-wrapper\">\n<table>\n<tbody>\n<tr>\n<th>Tootja<\/th>\n<td>Meross<\/td>\n<\/tr>\n<tr>\n<th>Sisend<\/th>\n<td>100\u2013240V~, 50\/60Hz<\/td>\n<\/tr>\n<tr>\n<th>V\u00e4ljund<\/th>\n<td>100\u2013240V~, 50\/60Hz, max 400W h\u00f5\u00f5glampidele, max 150W CFL ja LED valgustitele<\/td>\n<\/tr>\n<tr>\n<th>Nupp<\/th>\n<td>1\u00d7 sisse-\/v\u00e4lja l\u00fcliti (5 sekundit hoides taastab tehase seaded)<\/td>\n<\/tr>\n<tr>\n<th>LED<\/th>\n<td>1\u00d7 seadme olekutuli<\/td>\n<\/tr>\n<tr>\n<th>M\u00f5\u00f5tmed<\/th>\n<td>8,6 \u00d7 8,6 \u00d7 3,5 cm<\/td>\n<\/tr>\n<tr>\n<th>Antenn<\/th>\n<td>1\u00d7 sisseehitatud antenn<\/td>\n<\/tr>\n<tr>\n<th>\u00dchendus<\/th>\n<td>IEEE 802.11 b\/g\/n, 2.4GHz<\/td>\n<\/tr>\n<tr>\n<th>Turvalisus<\/th>\n<td>WEP 64\/128 bit, WPA-PSK, WPA2-PSK (ei toeta ettev\u00f5tte WiFi v\u00f5rke)<\/td>\n<\/tr>\n<tr>\n<th>Sertifikaadid<\/th>\n<td>CE, RoHS, WEEE<\/td>\n<\/tr>\n<tr>\n<th>S\u00fcsteemin\u00f5uded<\/th>\n<td>iOS 13.0 v\u00f5i uuem, Android 4.1 v\u00f5i uuem, olemasolev WiFi v\u00f5rk<\/td>\n<\/tr>\n<tr>\n<th>T\u00f6\u00f6temperatuur<\/th>\n<td>0\u00b0C\u202640\u00b0C<\/td>\n<\/tr>\n<tr>\n<th>Ladustamistemperatuur<\/th>\n<td>-40\u00b0C\u202670\u00b0C<\/td>\n<\/tr>\n<tr>\n<th>T\u00f6\u00f6keskkonna niiskus<\/th>\n<td>10\u201390% (kondenseerumata)<\/td>\n<\/tr>\n<tr>\n<th>Ladustamisniiskus<\/th>\n<td>5\u201390% (kondenseerumata)<\/td>\n<\/tr>\n<\/tbody>\n<\/table>\n<\/div>\n<p>Nutikas valgusl\u00fcliti sobib suurep\u00e4raselt mugavaks ja paindlikuks valgustuse juhtimiseks sinu kodus, \u00fchendades endas kaasaegsed funktsioonid ja lihtsa kasutuskogemuse.<\/p>\n","protected":false},"excerpt":{"rendered":"<p>Nutikas valgusl\u00fcliti Meross MSS510X WiFi (Apple HomeKit \u00fchilduv) Nutikas valgusl\u00fcliti v\u00f5imaldab juhtida kodu valgustust nii f\u00fc\u00fcsiliselt kui ka distantsilt nutirakenduse kaudu. Meross MSS510X \u00fchildub Apple HomeKit, Google Assistanti ja Amazon Alexa s\u00fcsteemidega, pakkudes v\u00f5imalust juhtida valgusteid h\u00e4\u00e4lk\u00e4sklustega. Nutika valgusl\u00fcliti paigaldamine teeb igap\u00e4evase valgustuse juhtimise mugavaks ja nutikaks. Kaugjuhtimine ja h\u00e4\u00e4ljuhtimine valgusl\u00fclitil Valgust saab juhtida Meross [&hellip;]<\/p>\n","protected":false},"featured_media":167190,"comment_status":"open","ping_status":"open","template":"","meta":[],"product_brand":[3050],"product_cat":[3039],"product_tag":[],"class_list":{"0":"post-167185","1":"product","2":"type-product","3":"status-publish","4":"has-post-thumbnail","6":"product_brand-meross","7":"product_cat-lulitid","8":"product_shipping_class-innpro","10":"first","11":"instock","12":"sale","13":"taxable","14":"shipping-taxable","15":"purchasable","16":"product-type-simple"},"_links":{"self":[{"href":"https:\/\/blankpage.ee\/_ruumist-ruumi\/wp-json\/wp\/v2\/product\/167185","targetHints":{"allow":["GET"]}}],"collection":[{"href":"https:\/\/blankpage.ee\/_ruumist-ruumi\/wp-json\/wp\/v2\/product"}],"about":[{"href":"https:\/\/blankpage.ee\/_ruumist-ruumi\/wp-json\/wp\/v2\/types\/product"}],"replies":[{"embeddable":true,"href":"https:\/\/blankpage.ee\/_ruumist-ruumi\/wp-json\/wp\/v2\/comments?post=167185"}],"wp:featuredmedia":[{"embeddable":true,"href":"https:\/\/blankpage.ee\/_ruumist-ruumi\/wp-json\/wp\/v2\/media\/167190"}],"wp:attachment":[{"href":"https:\/\/blankpage.ee\/_ruumist-ruumi\/wp-json\/wp\/v2\/media?parent=167185"}],"wp:term":[{"taxonomy":"product_brand","embeddable":true,"href":"https:\/\/blankpage.ee\/_ruumist-ruumi\/wp-json\/wp\/v2\/product_brand?post=167185"},{"taxonomy":"product_cat","embeddable":true,"href":"https:\/\/blankpage.ee\/_ruumist-ruumi\/wp-json\/wp\/v2\/product_cat?post=167185"},{"taxonomy":"product_tag","embeddable":true,"href":"https:\/\/blankpage.ee\/_ruumist-ruumi\/wp-json\/wp\/v2\/product_tag?post=167185"}],"curies":[{"name":"wp","href":"https:\/\/api.w.org\/{rel}","templated":true}]}}