{"id":167288,"date":"2025-04-17T12:24:40","date_gmt":"2025-04-17T12:24:40","guid":{"rendered":"https:\/\/ruumistruumi.ee\/pood\/wifi-nutipistikute-komplekt-gosund-ep2-2-tk-10a-energiatarbimise-mootmine-tuya-tugi\/"},"modified":"2025-08-21T08:20:03","modified_gmt":"2025-08-21T08:20:03","slug":"wifi-nutipistikute-komplekt-gosund-ep2-2-tk-10a-energiatarbimise-mootmine-tuya-tugi","status":"publish","type":"product","link":"https:\/\/blankpage.ee\/_ruumist-ruumi\/pood\/wifi-nutipistikute-komplekt-gosund-ep2-2-tk-10a-energiatarbimise-mootmine-tuya-tugi\/","title":{"rendered":"WiFi nutipistikute komplekt Gosund EP2 (2 tk, 10A, energiatarbimise m\u00f5\u00f5tmine, Tuya tugi)"},"content":{"rendered":"<h3>WiFi nutipistikute komplekt Gosund EP2 (2 tk, 10A, energiatarbimise m\u00f5\u00f5tmine, Tuya)<\/h3>\n<p><strong>WiFi nutipistik komplekt Gosund EP2<\/strong> v\u00f5imaldab mugavalt juhtida koduseid elektriseadmeid. See komplekt koosneb kahest nutipistikust ja \u00fchildub populaarsete rakendustega nagu Gosund, Smart Life ja Tuya, pakkudes nutikat kaugjuhtimist nii Androidi kui iOS seadmetes. Nutipistikud t\u00f6\u00f6tavad 2,4 GHz Wi-Fi v\u00f5rgus ning v\u00f5imaldavad seadmete sisse- ja v\u00e4ljal\u00fclitamist, t\u00f6\u00f6aegade seadistamist ning energiatarbimise j\u00e4lgimist otse telefonist.<\/p>\n<p>\n<img decoding=\"async\" border=\"0\" src=\"https:\/\/blankpage.ee\/_ruumist-ruumi\/wp-content\/uploads\/2025\/04\/7-22.webp\" alt=\"WiFi nutipistik komplekt Gosund EP2 \u2013 kaks pistikut koos nutitelefoniga rakenduse kasutamisel\" \/>\n<\/p>\n<h3>Kaugjuhtimine ja automaatika rakendusega<\/h3>\n<p>Gosund EP2 WiFi nutipistikute kasutamine on lihtne. <strong>WiFi nutipistik komplekt<\/strong> toetab platvorme nagu Google Home, Gosund, TUYA ja Smart Life, v\u00f5imaldades seadmeid distantsilt juhtida \u2013 l\u00fclitage seadmeid sisse v\u00f5i v\u00e4lja s\u00f5ltumata oma asukohast. Kasutades t\u00f6\u00f6ajagraafikuid saad automaatselt ajastada n\u00e4iteks valgustuse v\u00f5i muude seadmete t\u00f6\u00f6aegu.<\/p>\n<p>\n<img decoding=\"async\" border=\"0\" src=\"https:\/\/blankpage.ee\/_ruumist-ruumi\/wp-content\/uploads\/2025\/04\/5-29.webp\" alt=\"Nutipistiku juhtimine mobiilirakenduse kaudu\" \/>\n<\/p>\n<h3>Juhi seadmeid h\u00e4\u00e4lega v\u00f5i jagatud ligip\u00e4\u00e4suga<\/h3>\n<p>Kui k\u00e4ed on kinni v\u00f5i soovid rohkem mugavust, saad Gosund EP2 abil seadmeid juhtida Google Assistanti v\u00f5i Amazon Alexa h\u00e4\u00e4lk\u00e4skluste abil. Samuti on v\u00f5imalik jagada seadmete juhtimis\u00f5igusi pereliikmetega, et k\u00f5ik saaksid koduseid nutiseadmeid h\u00f5lpsalt kasutada, energiatarbimist j\u00e4lgida ja seadistusi muuta.<\/p>\n<p>\n<img decoding=\"async\" border=\"0\" src=\"https:\/\/blankpage.ee\/_ruumist-ruumi\/wp-content\/uploads\/2025\/04\/4-32.webp\" alt=\"Gosund EP2 nutipistik \u00fchilduv Google Assistantiga\" \/>\n<\/p>\n<p>\n<img decoding=\"async\" border=\"0\" src=\"https:\/\/blankpage.ee\/_ruumist-ruumi\/wp-content\/uploads\/2025\/04\/8-17.webp\" alt=\"Mitme kasutaja \u00fchine ligip\u00e4\u00e4s Gosund EP2 nutipistikule\" \/>\n<\/p>\n<h3>Nutikas energiakulu j\u00e4lgimine<\/h3>\n<p>Gosund EP2 WiFi nutipistik komplekt aitab v\u00e4hendada elektrikulu. Rakenduse kaudu saad j\u00e4lgida tarbimist, ajastada seadmete t\u00f6\u00f6aega ja v\u00e4ltida asjatut energiakulu. T\u00e4nu t\u00e4psetele m\u00f5\u00f5tmistele planeerid seadmete t\u00f6\u00f6d vastavalt oma vajadustele.<\/p>\n<p>\n<img decoding=\"async\" border=\"0\" src=\"https:\/\/blankpage.ee\/_ruumist-ruumi\/wp-content\/uploads\/2025\/04\/6-28.webp\" alt=\"Gosund EP2 nutipistik energiatarbimise m\u00f5\u00f5tmisel nutitelefonis\" \/>\n<\/p>\n<h3>Kompaktne suurus ja lihtne paigaldus<\/h3>\n<p>EP2 nutipistikud on kompaktse disainiga, mist\u00f5ttu nad ei kata k\u00f5rvalolevaid pistikupesasid. Paigaldamine ja seadistamine on mugav ning toode on turvaline \u2013 ei kuumene \u00fcle ega kujuta ohtu teistele seadmetele.<\/p>\n<p>\n<img decoding=\"async\" border=\"0\" src=\"https:\/\/blankpage.ee\/_ruumist-ruumi\/wp-content\/uploads\/2025\/04\/1-43.webp\" alt=\"Kompaktne EP2 nutipistik pistikupesas\" \/>\n<\/p>\n<h3>Kvaliteet ja ohutus<\/h3>\n<p>Gosund EP2 on valmistatud leegikindlast ja vastupidavast materjalist, pakkudes kindlustunnet ka pikaajalisel kasutamisel. Nutipistikul on turvalised \u00fchendused ja kaitse \u00fclekoormuse vastu.<\/p>\n<p>\n<img decoding=\"async\" border=\"0\" src=\"https:\/\/blankpage.ee\/_ruumist-ruumi\/wp-content\/uploads\/2025\/04\/2-39.webp\" alt=\"Leegikindel ja vastupidav Gosund EP2 nutipistiku korpus\" \/>\n<\/p>\n<div class=\"table-wrapper\">\n<h3>Tehnilised andmed<\/h3>\n<table>\n<tbody>\n<tr>\n<th>Tootja<\/th>\n<td>Gosund<\/td>\n<\/tr>\n<tr>\n<th>Mudel<\/th>\n<td>EP2<\/td>\n<\/tr>\n<tr>\n<th>Kogus pakis<\/th>\n<td>2 tk<\/td>\n<\/tr>\n<tr>\n<th>Materjal<\/th>\n<td>Leegikindel PC-plastik<\/td>\n<\/tr>\n<tr>\n<th>Pingetaluvus<\/th>\n<td>220\u2013240 V<\/td>\n<\/tr>\n<tr>\n<th>Maksimaalne vool<\/th>\n<td>10A<\/td>\n<\/tr>\n<tr>\n<th>Maksimaalne v\u00f5imsus<\/th>\n<td>2500 W<\/td>\n<\/tr>\n<tr>\n<th>Wi-Fi<\/th>\n<td>2,4 GHz<\/td>\n<\/tr>\n<tr>\n<th>Rakendused<\/th>\n<td>Gosund, Smart Life, TUYA<\/td>\n<\/tr>\n<tr>\n<th>\u00dchilduvus<\/th>\n<td>Amazon Alexa, Google Assistant<\/td>\n<\/tr>\n<tr>\n<th>Taimer<\/th>\n<td>Jah<\/td>\n<\/tr>\n<tr>\n<th>Olekutuled<\/th>\n<td>LED<\/td>\n<\/tr>\n<tr>\n<th>Energiatarbimise m\u00f5\u00f5tmine<\/th>\n<td>Jah<\/td>\n<\/tr>\n<\/tbody>\n<\/table>\n<\/div>\n<p><strong>WiFi nutipistik komplekt Gosund EP2<\/strong> sobib suurep\u00e4raselt k\u00f5igile, kes soovivad oma kodu muuta nutikamaks ja energias\u00e4\u00e4stlikumaks.<\/p>\n","protected":false},"excerpt":{"rendered":"<p>WiFi nutipistikute komplekt Gosund EP2 (2 tk, 10A, energiatarbimise m\u00f5\u00f5tmine, Tuya) WiFi nutipistik komplekt Gosund EP2 v\u00f5imaldab mugavalt juhtida koduseid elektriseadmeid. See komplekt koosneb kahest nutipistikust ja \u00fchildub populaarsete rakendustega nagu Gosund, Smart Life ja Tuya, pakkudes nutikat kaugjuhtimist nii Androidi kui iOS seadmetes. Nutipistikud t\u00f6\u00f6tavad 2,4 GHz Wi-Fi v\u00f5rgus ning v\u00f5imaldavad seadmete sisse- ja [&hellip;]<\/p>\n","protected":false},"featured_media":167296,"comment_status":"open","ping_status":"open","template":"","meta":[],"product_brand":[2940],"product_cat":[3036],"product_tag":[],"class_list":{"0":"post-167288","1":"product","2":"type-product","3":"status-publish","4":"has-post-thumbnail","6":"product_brand-gosund","7":"product_cat-toitepistikud","8":"product_shipping_class-innpro","10":"first","11":"instock","12":"sale","13":"taxable","14":"shipping-taxable","15":"purchasable","16":"product-type-simple"},"_links":{"self":[{"href":"https:\/\/blankpage.ee\/_ruumist-ruumi\/wp-json\/wp\/v2\/product\/167288","targetHints":{"allow":["GET"]}}],"collection":[{"href":"https:\/\/blankpage.ee\/_ruumist-ruumi\/wp-json\/wp\/v2\/product"}],"about":[{"href":"https:\/\/blankpage.ee\/_ruumist-ruumi\/wp-json\/wp\/v2\/types\/product"}],"replies":[{"embeddable":true,"href":"https:\/\/blankpage.ee\/_ruumist-ruumi\/wp-json\/wp\/v2\/comments?post=167288"}],"wp:featuredmedia":[{"embeddable":true,"href":"https:\/\/blankpage.ee\/_ruumist-ruumi\/wp-json\/wp\/v2\/media\/167296"}],"wp:attachment":[{"href":"https:\/\/blankpage.ee\/_ruumist-ruumi\/wp-json\/wp\/v2\/media?parent=167288"}],"wp:term":[{"taxonomy":"product_brand","embeddable":true,"href":"https:\/\/blankpage.ee\/_ruumist-ruumi\/wp-json\/wp\/v2\/product_brand?post=167288"},{"taxonomy":"product_cat","embeddable":true,"href":"https:\/\/blankpage.ee\/_ruumist-ruumi\/wp-json\/wp\/v2\/product_cat?post=167288"},{"taxonomy":"product_tag","embeddable":true,"href":"https:\/\/blankpage.ee\/_ruumist-ruumi\/wp-json\/wp\/v2\/product_tag?post=167288"}],"curies":[{"name":"wp","href":"https:\/\/api.w.org\/{rel}","templated":true}]}}