{"id":167337,"date":"2025-04-17T12:24:40","date_gmt":"2025-04-17T12:24:40","guid":{"rendered":"https:\/\/ruumistruumi.ee\/pood\/nutikas-wifi-luliti-sonoff-dual-r3-lite-2-4-ghz-haaljuhtimine-ajastamine-kahekanaliline\/"},"modified":"2025-08-21T08:20:04","modified_gmt":"2025-08-21T08:20:04","slug":"nutikas-wifi-luliti-sonoff-dual-r3-lite-2-4-ghz-haaljuhtimine-ajastamine-kahekanaliline","status":"publish","type":"product","link":"https:\/\/blankpage.ee\/_ruumist-ruumi\/pood\/nutikas-wifi-luliti-sonoff-dual-r3-lite-2-4-ghz-haaljuhtimine-ajastamine-kahekanaliline\/","title":{"rendered":"Nutikas WiFi-l\u00fcliti Sonoff Dual R3 Lite (2.4 GHz, h\u00e4\u00e4ljuhtimine, ajastamine, kahekanaliline)"},"content":{"rendered":"<h3>Nutikas WiFi l\u00fcliti Sonoff Dual R3 Lite \u2013 kahekanaliline mugavus ja juhtimine<\/h3>\n<p>Nutikas wifi l\u00fcliti v\u00f5imaldab kahe erineva seadme kaugjuhtimist, ajastusi ning sobib suurep\u00e4raselt nii valgustuse kui ka mootoriga s\u00fcsteemide, n\u00e4iteks elektriliste kardinate, varikatuste ja rulookardinate juhtimiseks. Sonoff Dual R3 Lite t\u00f6\u00f6tab mugavalt mobiilirakenduse kaudu ning toetab h\u00e4\u00e4ljuhtimist Alexa ja Google Home\u2019i kaudu. Toode \u00fchildub mitmete teiste Sonoff nutikodu seadmetega, sh LED-valgusribad.<\/p>\n<p><img decoding=\"async\" src=\"https:\/\/blankpage.ee\/_ruumist-ruumi\/wp-content\/uploads\/2025\/04\/4-36.webp\" alt=\"nutikas wifi l\u00fcliti Sonoff Dual R3 Lite l\u00e4hivaates\"><\/p>\n<h3>Laiad kasutusv\u00f5imalused nutika WiFi l\u00fclitiga<\/h3>\n<p>Sonoff Dual R3 Lite sobib ideaalselt 100\u2013240 V vahelduvvoolu mootoriga seadmete juhtimiseks, nagu elektrilised kardinad, ribakardinad, garaa\u017eiuksed, elektrilised varikatused v\u00f5i valgustid. See nutiseade v\u00f5imaldab koduste elektrilahenduste t\u00e4ielikku automatiseerimist ning tagab paindlikkuse erinevates kasutusstsenaariumites.<\/p>\n<p><img decoding=\"async\" src=\"https:\/\/blankpage.ee\/_ruumist-ruumi\/wp-content\/uploads\/2025\/04\/7-24.webp\" alt=\"automaatika moodul elektrilistele kardinatele ja varikatustele\"><\/p>\n<h3>Ajastamine ja stseenide loomine nutika wifi l\u00fclitiga<\/h3>\n<p>Nutikas wifi l\u00fcliti v\u00f5imaldab seadistada t\u00f6\u00f6plaane, n\u00e4iteks m\u00e4\u00e4rata rulood v\u00f5i kardinad avanema\/katma aknaid kindlal ajal v\u00f5i konkreetsete protsentideni, arvestades isiklikke eelistusi ja p\u00e4evaplaani. Stseenide seadistamine v\u00f5imaldab seadmete \u00fchist juhtimist, n\u00e4iteks valguste, kardinatega ning muude nutikodu toodetega.<\/p>\n<p><img decoding=\"async\" src=\"https:\/\/blankpage.ee\/_ruumist-ruumi\/wp-content\/uploads\/2025\/04\/8-19.webp\" alt=\"seadistatav ruloo avamine ajastusega nutika wifi l\u00fclitiga\"><\/p>\n<h3>Mugav kaugjuhtimine igal ajal ja igas kohas<\/h3>\n<p>Kui juhtub, et lahkute kodust ja unustate seadmed v\u00e4lja l\u00fclitada, aitab nutikas wifi l\u00fcliti: k\u00f5iki seadmeid saab hallata mugavalt nutitelefoni abil \u2013 \u00fcksk\u00f5ik, kus te ka viibiksite.<\/p>\n<p><img decoding=\"async\" src=\"https:\/\/blankpage.ee\/_ruumist-ruumi\/wp-content\/uploads\/2025\/04\/11-5.webp\" alt=\"nutika wifi l\u00fclitiga kaugjuhitavad elektriseadmed nutitelefonist\"><\/p>\n<h3>Nutikad stseenid ja h\u00e4\u00e4lk\u00e4sklused<\/h3>\n<p>L\u00fcliti \u00fchilduvus teiste Sonoff toodetega v\u00f5imaldab kasutada nutikaid stseene: n\u00e4iteks pane rulood automaatselt sulguma, LED-riba sisse l\u00fclituma ning valguse tugevust muutuma. Lisa mugavust Alexa ja Google Assistanti h\u00e4\u00e4ljuhtimisv\u00f5imalusega.<\/p>\n<p><img decoding=\"async\" src=\"https:\/\/blankpage.ee\/_ruumist-ruumi\/wp-content\/uploads\/2025\/04\/10-2.webp\" alt=\"nutikodu h\u00e4\u00e4ljuhtimine Sonoff seadmetega stseenide kaupa\"><\/p>\n<h3>Kahepoolne juhtimine kodu automatiseerimises<\/h3>\n<p>Sonoff Dual R3 Lite toetab kahepoolset juhtimist: valgusteid ja teisi seadmeid saab sisse-v\u00e4lja l\u00fclitada mitmest erinevast kohast, mis teeb kogu kodu kasutamise veelgi mugavamaks.<\/p>\n<p><img decoding=\"async\" src=\"https:\/\/blankpage.ee\/_ruumist-ruumi\/wp-content\/uploads\/2025\/04\/15-1.webp\" alt=\"kahepoolne valgusl\u00fcliti kodu automaatikas\"><\/p>\n<table>\n<tbody>\n<tr>\n<th>Kaubam\u00e4rk<\/th>\n<td>Sonoff<\/td>\n<\/tr>\n<tr>\n<th>Mudel<\/th>\n<td>Dual R3 Lite<\/td>\n<\/tr>\n<tr>\n<th>Wi-Fi<\/th>\n<td>IEEE 802.11 b\/g\/n 2.4 GHz<\/td>\n<\/tr>\n<tr>\n<th>Takistuskoormus<\/th>\n<td>2200 W \/ 10 A \u00fche kanali kohta, kuni 3300 W \/ 15 A kokku<\/td>\n<\/tr>\n<tr>\n<th>DIN-liist<\/th>\n<td>35 mm<\/td>\n<\/tr>\n<tr>\n<th>Sisend\/v\u00e4ljund<\/th>\n<td>100\u2013240 V AC, 50\/60 Hz<\/td>\n<\/tr>\n<tr>\n<th>Mootorikoormus<\/th>\n<td>10\u2013240 W \/ 1 A<\/td>\n<\/tr>\n<tr>\n<th>Materjal<\/th>\n<td>PC V0<\/td>\n<\/tr>\n<tr>\n<th>M\u00f5\u00f5dud<\/th>\n<td>54 \u00d7 49 \u00d7 24 mm<\/td>\n<\/tr>\n<tr>\n<th>T\u00f6\u00f6temperatuur<\/th>\n<td>-10 kuni +40 \u00b0C<\/td>\n<\/tr>\n<\/tbody>\n<\/table>\n<p>Kindlustage oma kodu mugavus ja energias\u00e4\u00e4st nutika wifi l\u00fcliti Sonoff Dual R3 Lite abil!<\/p>\n","protected":false},"excerpt":{"rendered":"<p>Nutikas WiFi l\u00fcliti Sonoff Dual R3 Lite \u2013 kahekanaliline mugavus ja juhtimine Nutikas wifi l\u00fcliti v\u00f5imaldab kahe erineva seadme kaugjuhtimist, ajastusi ning sobib suurep\u00e4raselt nii valgustuse kui ka mootoriga s\u00fcsteemide, n\u00e4iteks elektriliste kardinate, varikatuste ja rulookardinate juhtimiseks. Sonoff Dual R3 Lite t\u00f6\u00f6tab mugavalt mobiilirakenduse kaudu ning toetab h\u00e4\u00e4ljuhtimist Alexa ja Google Home\u2019i kaudu. Toode \u00fchildub [&hellip;]<\/p>\n","protected":false},"featured_media":167344,"comment_status":"open","ping_status":"open","template":"","meta":[],"product_brand":[3037],"product_cat":[3043],"product_tag":[],"class_list":{"0":"post-167337","1":"product","2":"type-product","3":"status-publish","4":"has-post-thumbnail","6":"product_brand-sonoff","7":"product_cat-nutikontrollerid","8":"product_shipping_class-innpro","10":"first","11":"instock","12":"sale","13":"taxable","14":"shipping-taxable","15":"purchasable","16":"product-type-simple"},"_links":{"self":[{"href":"https:\/\/blankpage.ee\/_ruumist-ruumi\/wp-json\/wp\/v2\/product\/167337","targetHints":{"allow":["GET"]}}],"collection":[{"href":"https:\/\/blankpage.ee\/_ruumist-ruumi\/wp-json\/wp\/v2\/product"}],"about":[{"href":"https:\/\/blankpage.ee\/_ruumist-ruumi\/wp-json\/wp\/v2\/types\/product"}],"replies":[{"embeddable":true,"href":"https:\/\/blankpage.ee\/_ruumist-ruumi\/wp-json\/wp\/v2\/comments?post=167337"}],"wp:featuredmedia":[{"embeddable":true,"href":"https:\/\/blankpage.ee\/_ruumist-ruumi\/wp-json\/wp\/v2\/media\/167344"}],"wp:attachment":[{"href":"https:\/\/blankpage.ee\/_ruumist-ruumi\/wp-json\/wp\/v2\/media?parent=167337"}],"wp:term":[{"taxonomy":"product_brand","embeddable":true,"href":"https:\/\/blankpage.ee\/_ruumist-ruumi\/wp-json\/wp\/v2\/product_brand?post=167337"},{"taxonomy":"product_cat","embeddable":true,"href":"https:\/\/blankpage.ee\/_ruumist-ruumi\/wp-json\/wp\/v2\/product_cat?post=167337"},{"taxonomy":"product_tag","embeddable":true,"href":"https:\/\/blankpage.ee\/_ruumist-ruumi\/wp-json\/wp\/v2\/product_tag?post=167337"}],"curies":[{"name":"wp","href":"https:\/\/api.w.org\/{rel}","templated":true}]}}