{"id":167355,"date":"2025-04-17T12:24:40","date_gmt":"2025-04-17T12:24:40","guid":{"rendered":"https:\/\/ruumistruumi.ee\/pood\/nutikas-meeleoluvalgusti-meross-msl430-homekit-rgb-puutetundlik\/"},"modified":"2025-08-21T08:20:04","modified_gmt":"2025-08-21T08:20:04","slug":"nutikas-meeleoluvalgusti-meross-msl430-homekit-rgb-puutetundlik","status":"publish","type":"product","link":"https:\/\/blankpage.ee\/_ruumist-ruumi\/pood\/nutikas-meeleoluvalgusti-meross-msl430-homekit-rgb-puutetundlik\/","title":{"rendered":"Nutikas meeleoluvalgusti Meross MSL430 (HomeKit, RGB, puutetundlik)"},"content":{"rendered":"<h3>Nutikas meeleoluvalgusti Meross MSL430 (HomeKit)<\/h3>\n<p><img decoding=\"async\" src=\"https:\/\/blankpage.ee\/_ruumist-ruumi\/wp-content\/uploads\/2025\/04\/1-47.webp\" alt=\"nutikas meeleoluvalgusti silindrikujulises valges korpuses\" \/><\/p>\n<p>Meross MSL430 on kaasaegne ja multifunktsionaalne nutikas meeleoluvalgusti, mis sobib suurep\u00e4raselt nii magamistuppa kui ka lastetuppa. Lamp v\u00f5imaldab h\u00f5lpsasti reguleerida valguse eredust ja v\u00e4rvitooni (vahemikus 2700\u20136500K) ning valida sobiva valgusv\u00e4rvi kogu RGB-v\u00e4rviskaalas.<\/p>\n<h3>Valgustuse seadistamine vastavalt soovidele<\/h3>\n<p>Loomaks erinevaid meeleolusid saad vahetada valgusre\u017eiime \u2013 k\u00fclm valge valgus keskendumiseks, soe ja \u00f5rn valgus l\u00f5\u00f5gastuseks v\u00f5i uinumiseks. K\u00f5ik seaded on kiiresti muudetavad vastavalt tegevusele ja hetkevajadusele.<\/p>\n<p><img decoding=\"async\" src=\"https:\/\/blankpage.ee\/_ruumist-ruumi\/wp-content\/uploads\/2025\/04\/4-38.webp\" alt=\"RGB valgusre\u017eiimiga silindrikujuline nutikas valgusti\" \/><\/p>\n<h3>Kasutajas\u00f5bralik puutetundlik disain<\/h3>\n<p>Valgustit on lihtne kasutada t\u00e4nu intuitiivsele puutetundlikule juhtpaneelile, mille abil on mugav lambi sissel\u00fclitamist, v\u00e4rvitooni vahetust ja ereduse reguleerimist hallata.<\/p>\n<p><img decoding=\"async\" src=\"https:\/\/blankpage.ee\/_ruumist-ruumi\/wp-content\/uploads\/2025\/04\/2-43.webp\" alt=\"puutetundlik juhtpaneel nutikal meeleoluvalgustil\" \/><\/p>\n<h3>Kaugjuhtimine ja h\u00e4\u00e4ltuvastus \u2013 nutikas tugituli<\/h3>\n<p>Nutikat meeleoluvalgustit Meross MSL430 saab h\u00f5lpsalt juhtida nii kohapeal kui kaugelt. Selleks kasuta Meross \u00e4ppi \u2013 l\u00fclita lamp sisse ja v\u00e4lja, muuda valguse intensiivsust, v\u00e4rvitemperatuuri v\u00f5i v\u00e4rvust kas nutitelefonist v\u00f5i h\u00e4\u00e4lk\u00e4skluste kaudu. Valgusti \u00fchildub Apple HomeKiti, Google Assistanti, Samsung SmartThingsi ja Amazon Alexaga, pakkudes sujuvat sobitamist erinevate nutikodulahendustega.<\/p>\n<p><img decoding=\"async\" src=\"https:\/\/blankpage.ee\/_ruumist-ruumi\/wp-content\/uploads\/2025\/04\/3-41.webp\" alt=\"nutitelefoniga juhitav meeleoluvalgusti\" \/><\/p>\n<h3>Automatiseerimine ja ajastamine \u2013 paindlik valguslahendus<\/h3>\n<p>Rakenduse abil saad seadistada lambi automaatseid t\u00f6\u00f6aegu ja luua nutikaid stsenaariume: n\u00e4iteks kustub lamp ise \u00f6\u00f6sel v\u00f5i s\u00fcttib hommikul \u00e4ratusvalgusena. Nutikas meeleoluvalgusti toetab paindlikult sinu p\u00e4evakava ning aitab luua just sobiva \u00f5hkkonna igal ajal.<\/p>\n<p><img decoding=\"async\" src=\"https:\/\/blankpage.ee\/_ruumist-ruumi\/wp-content\/uploads\/2025\/04\/5-34.webp\" alt=\"nutika meeleoluvalgusti ajastuse ja automatiseerimise rakendus\" \/><\/p>\n<h3>Komplektis<\/h3>\n<ul>\n<li>Meeleoluvalgusti<\/li>\n<li>Toiteadapter<\/li>\n<li>Kasutusjuhend<\/li>\n<\/ul>\n<div class=\"table-wrapper\">\n<table>\n<tbody>\n<tr>\n<th>Tootja<\/th>\n<td>Meross<\/td>\n<\/tr>\n<tr>\n<th>Mudel<\/th>\n<td>MSL430<\/td>\n<\/tr>\n<tr>\n<th>Sisend<\/th>\n<td>12V \/ 500mA<\/td>\n<\/tr>\n<tr>\n<th>Eredusregulatsioon<\/th>\n<td>Jah<\/td>\n<\/tr>\n<tr>\n<th>V\u00e4rvitemperatuuri reguleerimine<\/th>\n<td>Jah, 2700\u20136500K<\/td>\n<\/tr>\n<tr>\n<th>RGB valgus<\/th>\n<td>Jah<\/td>\n<\/tr>\n<tr>\n<th>M\u00f5\u00f5dud<\/th>\n<td>10 x 10 x 19,5 cm<\/td>\n<\/tr>\n<tr>\n<th>Antenn<\/th>\n<td>1 sisemine antenn<\/td>\n<\/tr>\n<tr>\n<th>Juhtmevaba \u00fchendus<\/th>\n<td>IEEE 802.11 b\/g\/n, 2,4 GHz, 1T1R<\/td>\n<\/tr>\n<tr>\n<th>Turvalisus<\/th>\n<td>64\/128bit WEP, WPA-PSK, WPA2-PSK<br \/>*Ei toeta Wi-Fi Enterprise&#8217;i.<\/td>\n<\/tr>\n<tr>\n<th>Sertifikaadid<\/th>\n<td>FCC, CE, RoHS, WEEE<\/td>\n<\/tr>\n<tr>\n<th>N\u00f5uded<\/th>\n<td>iOS 9 v\u00f5i uuem \/ Android 4.1 v\u00f5i uuem, olemasolev Wi-Fi v\u00f5rk<br \/>*HomeKit vajab iOS 13.0 v\u00f5i uuemat.<\/td>\n<\/tr>\n<tr>\n<th>T\u00f6\u00f6temperatuur<\/th>\n<td>0\u201340\u00b0C<\/td>\n<\/tr>\n<tr>\n<th>Hoidmistemperatuur<\/th>\n<td>-40\u201370\u00b0C<\/td>\n<\/tr>\n<tr>\n<th>T\u00f6\u00f6h\u00f5\u00f5gus<\/th>\n<td>10\u201390% (kondensatsioonita)<\/td>\n<\/tr>\n<tr>\n<th>Hoidmish\u00f5\u00f5gus<\/th>\n<td>5\u201390% (kondensatsioonita)<\/td>\n<\/tr>\n<tr>\n<th>Rakendus<\/th>\n<td>Meross<\/td>\n<\/tr>\n<tr>\n<th>\u00dchilduvus<\/th>\n<td>Apple HomeKit, Amazon Alexa, Google Assistant, Samsung SmartThings<\/td>\n<\/tr>\n<\/tbody>\n<\/table>\n<\/div>\n","protected":false},"excerpt":{"rendered":"<p>Nutikas meeleoluvalgusti Meross MSL430 (HomeKit) Meross MSL430 on kaasaegne ja multifunktsionaalne nutikas meeleoluvalgusti, mis sobib suurep\u00e4raselt nii magamistuppa kui ka lastetuppa. Lamp v\u00f5imaldab h\u00f5lpsasti reguleerida valguse eredust ja v\u00e4rvitooni (vahemikus 2700\u20136500K) ning valida sobiva valgusv\u00e4rvi kogu RGB-v\u00e4rviskaalas. Valgustuse seadistamine vastavalt soovidele Loomaks erinevaid meeleolusid saad vahetada valgusre\u017eiime \u2013 k\u00fclm valge valgus keskendumiseks, soe ja \u00f5rn [&hellip;]<\/p>\n","protected":false},"featured_media":167361,"comment_status":"open","ping_status":"open","template":"","meta":[],"product_brand":[3050],"product_cat":[3040],"product_tag":[],"class_list":{"0":"post-167355","1":"product","2":"type-product","3":"status-publish","4":"has-post-thumbnail","6":"product_brand-meross","7":"product_cat-laua-ja-oolambid","8":"product_shipping_class-innpro","10":"first","11":"instock","12":"sale","13":"taxable","14":"shipping-taxable","15":"purchasable","16":"product-type-simple"},"_links":{"self":[{"href":"https:\/\/blankpage.ee\/_ruumist-ruumi\/wp-json\/wp\/v2\/product\/167355","targetHints":{"allow":["GET"]}}],"collection":[{"href":"https:\/\/blankpage.ee\/_ruumist-ruumi\/wp-json\/wp\/v2\/product"}],"about":[{"href":"https:\/\/blankpage.ee\/_ruumist-ruumi\/wp-json\/wp\/v2\/types\/product"}],"replies":[{"embeddable":true,"href":"https:\/\/blankpage.ee\/_ruumist-ruumi\/wp-json\/wp\/v2\/comments?post=167355"}],"wp:featuredmedia":[{"embeddable":true,"href":"https:\/\/blankpage.ee\/_ruumist-ruumi\/wp-json\/wp\/v2\/media\/167361"}],"wp:attachment":[{"href":"https:\/\/blankpage.ee\/_ruumist-ruumi\/wp-json\/wp\/v2\/media?parent=167355"}],"wp:term":[{"taxonomy":"product_brand","embeddable":true,"href":"https:\/\/blankpage.ee\/_ruumist-ruumi\/wp-json\/wp\/v2\/product_brand?post=167355"},{"taxonomy":"product_cat","embeddable":true,"href":"https:\/\/blankpage.ee\/_ruumist-ruumi\/wp-json\/wp\/v2\/product_cat?post=167355"},{"taxonomy":"product_tag","embeddable":true,"href":"https:\/\/blankpage.ee\/_ruumist-ruumi\/wp-json\/wp\/v2\/product_tag?post=167355"}],"curies":[{"name":"wp","href":"https:\/\/api.w.org\/{rel}","templated":true}]}}