{"id":167384,"date":"2025-04-17T17:07:56","date_gmt":"2025-04-17T17:07:56","guid":{"rendered":"https:\/\/ruumistruumi.ee\/pood\/nutikas-kahekanaliline-wi-fi-seinakluliti-meross-mss550-homekit-uhilduv\/"},"modified":"2025-08-21T08:20:02","modified_gmt":"2025-08-21T08:20:02","slug":"nutikas-kahekanaliline-wi-fi-seinakluliti-meross-mss550-homekit-uhilduv","status":"publish","type":"product","link":"https:\/\/blankpage.ee\/_ruumist-ruumi\/pood\/nutikas-kahekanaliline-wi-fi-seinakluliti-meross-mss550-homekit-uhilduv\/","title":{"rendered":"Nutikas kahekanaliline Wi-Fi seinakl\u00fcliti Meross MSS550 (HomeKit \u00fchilduv)"},"content":{"rendered":"<h3>Nutikas valgusl\u00fcliti Meross MSS550 \u2013 kahekanaliline Wi-Fi seinakl\u00fcliti (HomeKit)<\/h3>\n<p>Nutikas valgusl\u00fcliti Meross MSS550 muudab tavalised valgustid nutikateks ja v\u00f5imaldab nende juhtimist distantsilt. L\u00fcliti \u00fchildub Apple HomeKit, Google Assistanti, Amazon Alexa ja Samsung SmartThings s\u00fcsteemidega, pakkudes valgustuse juhtimist nii rakenduse, h\u00e4\u00e4lk\u00e4skluste kui ka otse l\u00fclitilt. Eraldi juhtimiskeskust ei ole vaja \u2013 piisab 2,4 GHz Wi-Fi v\u00f5rgust ning neutraaljuhtmest.<\/p>\n<p><img decoding=\"async\" src=\"https:\/\/blankpage.ee\/_ruumist-ruumi\/wp-content\/uploads\/2025\/04\/1-49.webp\" border=\"0\" alt=\"Meross MSS550 nutikas valgusl\u00fcliti\" \/><\/p>\n<h3>Valguse kaugjuhtimine ja automatiseerimine<\/h3>\n<p>Meross rakenduse abil saad mugavalt valgusteid sisse ja v\u00e4lja l\u00fclitada olenemata asukohast. V\u00f5imalik on koostada t\u00f6\u00f6graafikuid ja taimerid, et valgus oleks t\u00f6\u00f6l v\u00f5i kodus just Sulle sobivalt l\u00fclitatud. K\u00f5ike saad hallata oma nutitelefonist.<\/p>\n<p><img decoding=\"async\" src=\"https:\/\/blankpage.ee\/_ruumist-ruumi\/wp-content\/uploads\/2025\/04\/4-41.webp\" border=\"0\" alt=\"valguse kaugjuhtimine nutikodu lahenduses\" \/><\/p>\n<h3>K\u00f5rge \u00fchilduvus tuntud nutikodu s\u00fcsteemidega<\/h3>\n<p>MSS550 integreerub sujuvalt populaarsete tarkkodu platvormidega \u2013 Apple HomeKit, Amazon Alexa, Google Assistant ja Samsung SmartThings. See lubab juhtida erinevaid seadmeid mugavalt \u00fchest rakendusest, s\u00fcsteemide vahel l\u00fclitumata.<\/p>\n<p><img decoding=\"async\" src=\"https:\/\/blankpage.ee\/_ruumist-ruumi\/wp-content\/uploads\/2025\/04\/2-45.webp\" border=\"0\" alt=\"valgusl\u00fcliti platvormide\u00fclene \u00fchilduvus\" \/><\/p>\n<h3>H\u00e4\u00e4ljuhtimise tugi<\/h3>\n<p>T\u00e4nu platvormide toele saad Meross MSS550 l\u00fclitit k\u00e4sutada ka h\u00e4\u00e4lk\u00e4sklustega \u2013 n\u00e4iteks Alexaga v\u00f5i Siri kaudu. See v\u00f5imaldab valguste sisse-\/v\u00e4ljal\u00fclitamist kas v\u00f5i voodis olles v\u00f5i siis, kui k\u00e4ed on h\u00f5ivatud.<\/p>\n<p><img decoding=\"async\" src=\"https:\/\/blankpage.ee\/_ruumist-ruumi\/wp-content\/uploads\/2025\/04\/5-35.webp\" border=\"0\" alt=\"nutikas valgusl\u00fcliti h\u00e4\u00e4ljuhtimisel\" \/><\/p>\n<h3>Lihtne paigaldus ja selge kasutamine<\/h3>\n<p>Kahe kanaliga ehk kaheasendiline l\u00fcliti v\u00f5imaldab juhtida mitut valgustit erinevatest kohtadest, n\u00e4iteks trepikohal. Integreeritud LED-indikaator aitab pimedas l\u00fclitit kiirelt leida. Paigaldamine on j\u00f5ukohane ka algajale \u2013 vajalikud on vaid neutraaljuhe ja t\u00f6\u00f6tav Wi-Fi (2,4 GHz).<\/p>\n<p><img decoding=\"async\" src=\"https:\/\/blankpage.ee\/_ruumist-ruumi\/wp-content\/uploads\/2025\/04\/8-22.webp\" border=\"0\" alt=\"nutika valgusl\u00fcliti lihtne paigaldus\" \/><\/p>\n<h3>Tehnilised andmed<\/h3>\n<table>\n<tr>\n<th>Tootja<\/th>\n<td>Meross<\/td>\n<\/tr>\n<tr>\n<th>Mudel<\/th>\n<td>MSS550<\/td>\n<\/tr>\n<tr>\n<th>Sisend<\/th>\n<td>90\u2013125 V~, 50\/60 Hz<\/td>\n<\/tr>\n<tr>\n<th>V\u00e4ljund<\/th>\n<td>90\u2013125 V~, 50\/60 Hz, max 20 W (h\u00f5\u00f5glamp), max 150 W (CFL ja LED)<\/td>\n<\/tr>\n<tr>\n<th>Nupud<\/th>\n<td>1 sissel\u00fclitus-\/v\u00e4ljal\u00fclitusnupp, 5 s all hoidmine taastab tehase seaded<\/td>\n<\/tr>\n<tr>\n<th>LED-indikaator<\/th>\n<td>1<\/td>\n<\/tr>\n<tr>\n<th>M\u00f5\u00f5dud<\/th>\n<td>u 10 \u00d7 4 \u00d7 4 cm (ilma paneelita), u 12 \u00d7 7 \u00d7 4 cm (paneeliga)<\/td>\n<\/tr>\n<tr>\n<th>Antenn<\/th>\n<td>1 sisemine antenn<\/td>\n<\/tr>\n<tr>\n<th>Wi-Fi standard<\/th>\n<td>IEEE 802.11 b\/g\/n, 2,4 GHz, 1T1R<\/td>\n<\/tr>\n<tr>\n<th>Turvalisus<\/th>\n<td>WEP 64\/128 bit, WPA-PSK \/ WPA2-PSK (Enterprise ei toeta)<\/td>\n<\/tr>\n<tr>\n<th>S\u00fcsteemin\u00f5uded<\/th>\n<td>iOS 13.0 v\u00f5i uuem, Android 4.1 v\u00f5i uuem, olemasolev Wi-Fi v\u00f5rk<\/td>\n<\/tr>\n<tr>\n<th>T\u00f6\u00f6keskkond<\/th>\n<td>Temperatuur 0\u201340\u00b0C; \u00f5huniiskus 10\u201390% (kondensatsioonita)<\/td>\n<\/tr>\n<tr>\n<th>Kasutusrakendus<\/th>\n<td>Meross<\/td>\n<\/tr>\n<tr>\n<th>Komplekt<\/th>\n<td>L\u00fcliti, 2 kruvi, kasutusjuhend<\/td>\n<\/tr>\n<\/table>\n","protected":false},"excerpt":{"rendered":"<p>Nutikas valgusl\u00fcliti Meross MSS550 \u2013 kahekanaliline Wi-Fi seinakl\u00fcliti (HomeKit) Nutikas valgusl\u00fcliti Meross MSS550 muudab tavalised valgustid nutikateks ja v\u00f5imaldab nende juhtimist distantsilt. L\u00fcliti \u00fchildub Apple HomeKit, Google Assistanti, Amazon Alexa ja Samsung SmartThings s\u00fcsteemidega, pakkudes valgustuse juhtimist nii rakenduse, h\u00e4\u00e4lk\u00e4skluste kui ka otse l\u00fclitilt. Eraldi juhtimiskeskust ei ole vaja \u2013 piisab 2,4 GHz Wi-Fi v\u00f5rgust [&hellip;]<\/p>\n","protected":false},"featured_media":167390,"comment_status":"open","ping_status":"open","template":"","meta":[],"product_brand":[3050],"product_cat":[3039],"product_tag":[],"class_list":{"0":"post-167384","1":"product","2":"type-product","3":"status-publish","4":"has-post-thumbnail","6":"product_brand-meross","7":"product_cat-lulitid","8":"product_shipping_class-innpro","10":"first","11":"instock","12":"sale","13":"taxable","14":"shipping-taxable","15":"purchasable","16":"product-type-simple"},"_links":{"self":[{"href":"https:\/\/blankpage.ee\/_ruumist-ruumi\/wp-json\/wp\/v2\/product\/167384","targetHints":{"allow":["GET"]}}],"collection":[{"href":"https:\/\/blankpage.ee\/_ruumist-ruumi\/wp-json\/wp\/v2\/product"}],"about":[{"href":"https:\/\/blankpage.ee\/_ruumist-ruumi\/wp-json\/wp\/v2\/types\/product"}],"replies":[{"embeddable":true,"href":"https:\/\/blankpage.ee\/_ruumist-ruumi\/wp-json\/wp\/v2\/comments?post=167384"}],"wp:featuredmedia":[{"embeddable":true,"href":"https:\/\/blankpage.ee\/_ruumist-ruumi\/wp-json\/wp\/v2\/media\/167390"}],"wp:attachment":[{"href":"https:\/\/blankpage.ee\/_ruumist-ruumi\/wp-json\/wp\/v2\/media?parent=167384"}],"wp:term":[{"taxonomy":"product_brand","embeddable":true,"href":"https:\/\/blankpage.ee\/_ruumist-ruumi\/wp-json\/wp\/v2\/product_brand?post=167384"},{"taxonomy":"product_cat","embeddable":true,"href":"https:\/\/blankpage.ee\/_ruumist-ruumi\/wp-json\/wp\/v2\/product_cat?post=167384"},{"taxonomy":"product_tag","embeddable":true,"href":"https:\/\/blankpage.ee\/_ruumist-ruumi\/wp-json\/wp\/v2\/product_tag?post=167384"}],"curies":[{"name":"wp","href":"https:\/\/api.w.org\/{rel}","templated":true}]}}