{"id":167392,"date":"2025-04-17T17:07:56","date_gmt":"2025-04-17T17:07:56","guid":{"rendered":"https:\/\/ruumistruumi.ee\/pood\/nutikas-seinakontroller-sonoff-nspanel-puuteekraan-wi-fi-termostaat-2-lulitit\/"},"modified":"2025-08-21T08:20:02","modified_gmt":"2025-08-21T08:20:02","slug":"nutikas-seinakontroller-sonoff-nspanel-puuteekraan-wi-fi-termostaat-2-lulitit","status":"publish","type":"product","link":"https:\/\/blankpage.ee\/_ruumist-ruumi\/pood\/nutikas-seinakontroller-sonoff-nspanel-puuteekraan-wi-fi-termostaat-2-lulitit\/","title":{"rendered":"Nutikas seinakontroller Sonoff NSPanel \u2013 puuteekraan, Wi-Fi, termostaat, 2 l\u00fclitit"},"content":{"rendered":"<h3>Sonoff NSPanel nutikas seinakontroller \u2013 kogu kodu juhtimine \u00fche puute kaudu<\/h3>\n<p>Sonoff NSPanel nutikas seinakontroller muudab targa kodu seadmete haldamise lihtsaks ja mugavaks. Puutetundlik HMI (Human Machine Interface) ekraaniga seinapaneel v\u00f5imaldab sul kiiresti aktiveerida erinevaid stseene, vaadata reaalajas ilma, juhtida seadmeid ning reguleerida valgustust ja temperatuuri. Kahe f\u00fc\u00fcsilise nupu abil saad kiirelt l\u00fclitada sisse v\u00f5i v\u00e4lja valgustid ja teised olulised elektriseadmed.<\/p>\n<p><img loading=\"lazy\" decoding=\"async\" src=\"https:\/\/blankpage.ee\/_ruumist-ruumi\/wp-content\/uploads\/2025\/04\/1-50.webp\" width=\"1000\" height=\"637\" alt=\"nutikas seinakontroller Sonoff NSPanel musta v\u00e4rvi puuteekraaniga juhtpaneel\" \/><\/p>\n<h3>Valguse ja kliima t\u00e4ielik kontroll nutika juhtpaneeliga<\/h3>\n<p>NSPanel v\u00f5imaldab lihtsalt reguleerida \u00fchendatud valgusteid, LED-ribasid, samuti muuta valguse intensiivsust ja v\u00e4rvustemperatuuri. Sisseehitatud termostaat ja andurid v\u00f5imaldavad automaatselt seadistada k\u00fctte- v\u00f5i jahutuss\u00fcsteemid vastavalt ruumi temperatuurile. Soovi korral saad programmeerida erinevaid temperatuuriseadeid p\u00e4eva ja \u00f6\u00f6 jaoks.<\/p>\n<p><img loading=\"lazy\" decoding=\"async\" src=\"https:\/\/blankpage.ee\/_ruumist-ruumi\/wp-content\/uploads\/2025\/04\/7-27.webp\" width=\"1000\" height=\"637\" alt=\"puuteekraaniga seinakontroller valgustuse ja temperatuuride reguleerimiseks\" \/><\/p>\n<h3>Nutikad stseenid ja seadmer\u00fchmad targa kodu jaoks<\/h3>\n<p>Puutepaneel toetab mitmek\u00fclgsete stseenide loomist ning v\u00f5imaldab ajastada seadmete t\u00f6\u00f6aegu. N\u00e4iteks saad seadistada, et magamistoa tuli kustub automaatselt \u00f6\u00f6sel v\u00f5i k\u00fcte l\u00fclitub sisse enne koju j\u00f5udmist. Nutikas seinakontroller NSPanel toetab kuni 8 erinevat vidinat ja v\u00f5imaldab seadmeid grupeerida, et saaksid korraga juhtida kas k\u00f5iki valgusteid v\u00f5i ainult kindla ruumi seadmeid.<\/p>\n<p><img loading=\"lazy\" decoding=\"async\" src=\"https:\/\/blankpage.ee\/_ruumist-ruumi\/wp-content\/uploads\/2025\/04\/4-42.webp\" width=\"1000\" height=\"637\" alt=\"nutika kodu stseenide seadistamiseks m\u00f5eldud seinakontroller Sonoff NSPanel\" \/><\/p>\n<h3>Juhtimine \u00e4piga ja h\u00e4\u00e4lk\u00e4sklustega<\/h3>\n<p>NSPanel \u00fchildub Wi-Fi kaudu eWeLink \u00e4piga (Android, iOS), mis v\u00f5imaldab sul oma seadmeid juhtida ka eemalt, n\u00e4iteks reisil olles. Samuti toetab paneel Google Assistanti, Amazon Alexat, Apple Sirit ja Alice h\u00e4\u00e4lassistenti \u2013 nii saad valgusteid v\u00f5i kliimaseadmeid juhtida lihtsalt h\u00e4\u00e4lega.<\/p>\n<p><img loading=\"lazy\" decoding=\"async\" src=\"https:\/\/blankpage.ee\/_ruumist-ruumi\/wp-content\/uploads\/2025\/04\/5-36.webp\" width=\"1000\" height=\"637\" alt=\"h\u00e4\u00e4ljuhtimist toetav nutikas seinakontroller Sonoff NSPanel targa kodu lahenduses\" \/><\/p>\n<h3>Reaalajas ilmainfo ja laialdane \u00fchilduvus<\/h3>\n<p>Puutepaneel kuvab reaalajas nii sisetemperatuuri, v\u00e4listemperatuuri kui ka kohaliku ilmateate (p\u00e4ikesepaisteline, pilvine, vihmane). Seade \u00fchildub enamiku Sonoffi seadmete ning valitud Philips Hue toodetega, sealhulgas l\u00fclitid, pistikud, lambid ja LED-ribad.<\/p>\n<p><img loading=\"lazy\" decoding=\"async\" src=\"https:\/\/blankpage.ee\/_ruumist-ruumi\/wp-content\/uploads\/2025\/04\/3-43.webp\" width=\"1000\" height=\"637\" alt=\"puuteekraan, mis kuvab kodus reaalajas sise- ja v\u00e4lisilma ning temperatuuri\" \/><\/p>\n<h3>Tehnilised andmed<\/h3>\n<table>\n<tr>\n<th>Br\u00e4nd<\/th>\n<td>Sonoff<\/td>\n<\/tr>\n<tr>\n<th>Mudel<\/th>\n<td>NSPanel-EU<\/td>\n<\/tr>\n<tr>\n<th>Sisend<\/th>\n<td>100\u2013240 V ~ 50\/60Hz, 4A max.<\/td>\n<\/tr>\n<tr>\n<th>V\u00e4ljund<\/th>\n<td>100\u2013240 V ~ 50\/60Hz, 2A\/kanal, 4A kokku<\/td>\n<\/tr>\n<tr>\n<th>LED-koormus<\/th>\n<td>150 W 110 V\/kanal, 300 W 110 V kokku<\/td>\n<\/tr>\n<tr>\n<th>Wi-Fi<\/th>\n<td>IEEE 802.11 b\/g\/n 2.4GHz<\/td>\n<\/tr>\n<tr>\n<th>Bluetooth<\/th>\n<td>4.2 BLE<\/td>\n<\/tr>\n<tr>\n<th>Ekraan<\/th>\n<td>3,5&#8243; TFT, 480\u00d7320 px<\/td>\n<\/tr>\n<tr>\n<th>\u00dchilduvus<\/th>\n<td>Android, iOS<\/td>\n<\/tr>\n<tr>\n<th>Kest<\/th>\n<td>PC V0 + CRS + karastatud klaas<\/td>\n<\/tr>\n<tr>\n<th>M\u00f5\u00f5tmed<\/th>\n<td>86 \u00d7 86 \u00d7 41,7 mm<\/td>\n<\/tr>\n<tr>\n<th>Sertifikaadid<\/th>\n<td>CE, CQC, SRRC, RoHS<\/td>\n<\/tr>\n<\/table>\n<h3>Komplektis<\/h3>\n<ul>\n<li>NSPanel juhtpaneel<\/li>\n<li>2 kruvi<\/li>\n<li>Kasutusjuhend<\/li>\n<\/ul>\n","protected":false},"excerpt":{"rendered":"<p>Sonoff NSPanel nutikas seinakontroller \u2013 kogu kodu juhtimine \u00fche puute kaudu Sonoff NSPanel nutikas seinakontroller muudab targa kodu seadmete haldamise lihtsaks ja mugavaks. Puutetundlik HMI (Human Machine Interface) ekraaniga seinapaneel v\u00f5imaldab sul kiiresti aktiveerida erinevaid stseene, vaadata reaalajas ilma, juhtida seadmeid ning reguleerida valgustust ja temperatuuri. Kahe f\u00fc\u00fcsilise nupu abil saad kiirelt l\u00fclitada sisse v\u00f5i [&hellip;]<\/p>\n","protected":false},"featured_media":167398,"comment_status":"open","ping_status":"open","template":"","meta":[],"product_brand":[3037],"product_cat":[3057],"product_tag":[],"class_list":{"0":"post-167392","1":"product","2":"type-product","3":"status-publish","4":"has-post-thumbnail","6":"product_brand-sonoff","7":"product_cat-juhtpaneelid","8":"product_shipping_class-innpro","10":"first","11":"instock","12":"sale","13":"taxable","14":"shipping-taxable","15":"purchasable","16":"product-type-simple"},"_links":{"self":[{"href":"https:\/\/blankpage.ee\/_ruumist-ruumi\/wp-json\/wp\/v2\/product\/167392","targetHints":{"allow":["GET"]}}],"collection":[{"href":"https:\/\/blankpage.ee\/_ruumist-ruumi\/wp-json\/wp\/v2\/product"}],"about":[{"href":"https:\/\/blankpage.ee\/_ruumist-ruumi\/wp-json\/wp\/v2\/types\/product"}],"replies":[{"embeddable":true,"href":"https:\/\/blankpage.ee\/_ruumist-ruumi\/wp-json\/wp\/v2\/comments?post=167392"}],"wp:featuredmedia":[{"embeddable":true,"href":"https:\/\/blankpage.ee\/_ruumist-ruumi\/wp-json\/wp\/v2\/media\/167398"}],"wp:attachment":[{"href":"https:\/\/blankpage.ee\/_ruumist-ruumi\/wp-json\/wp\/v2\/media?parent=167392"}],"wp:term":[{"taxonomy":"product_brand","embeddable":true,"href":"https:\/\/blankpage.ee\/_ruumist-ruumi\/wp-json\/wp\/v2\/product_brand?post=167392"},{"taxonomy":"product_cat","embeddable":true,"href":"https:\/\/blankpage.ee\/_ruumist-ruumi\/wp-json\/wp\/v2\/product_cat?post=167392"},{"taxonomy":"product_tag","embeddable":true,"href":"https:\/\/blankpage.ee\/_ruumist-ruumi\/wp-json\/wp\/v2\/product_tag?post=167392"}],"curies":[{"name":"wp","href":"https:\/\/api.w.org\/{rel}","templated":true}]}}