{"id":167414,"date":"2025-04-17T17:07:56","date_gmt":"2025-04-17T17:07:56","guid":{"rendered":"https:\/\/ruumistruumi.ee\/pood\/nutikas-led-valgusriba-yeelight-lightstrip-pro-laiendus-1m-yldd007\/"},"modified":"2025-08-21T08:20:02","modified_gmt":"2025-08-21T08:20:02","slug":"nutikas-led-valgusriba-yeelight-lightstrip-pro-laiendus-1m-yldd007","status":"publish","type":"product","link":"https:\/\/blankpage.ee\/_ruumist-ruumi\/pood\/nutikas-led-valgusriba-yeelight-lightstrip-pro-laiendus-1m-yldd007\/","title":{"rendered":"Nutikas LED valgusriba Yeelight Lightstrip Pro laiendus 1m (YLDD007)"},"content":{"rendered":"<p><img decoding=\"async\" src=\"https:\/\/blankpage.ee\/_ruumist-ruumi\/wp-content\/uploads\/2025\/04\/xiaomi_logo1.webp\" alt=\"Xiaomi kaubam\u00e4rgi logo\" \/><\/p>\n<p><strong><span>Yeelight kuulub Xiaomi \u00f6kos\u00fcsteemi.<\/span><\/strong><\/p>\n<h3>Nutikas LED valgusriba laiendus Yeelight Lightstrip Pro 1m (YLDD007) \u2013 pikenda valgustust enda soovide j\u00e4rgi<\/h3>\n<p>Kui sinu olemasoleva nutika LED valgusriba pikkusest napib, saad Lightstrip Pro laienduslindiga h\u00f5lpsalt pikendada kuni 1 meetri v\u00f5rra. Kaasaegne laiendus v\u00f5imaldab valgusriba paigaldada t\u00e4pselt sinna, kus on vaja rohkem valgust \u2014 n\u00e4iteks k\u00f6\u00f6gitasapinnale, trepipiirdele, riiulite taha v\u00f5i ekraani \u00fcmber. \u00dche s\u00fcsteemiga saab nutikas LED valgusriba pikendada kokku kuni 10 meetrini. Laiendus t\u00f6\u00f6tab ainult Yeelight Lightstrip Pro p\u00f5hikomplekti k\u00fcljes.<\/p>\n<p><img loading=\"lazy\" decoding=\"async\" src=\"https:\/\/blankpage.ee\/_ruumist-ruumi\/wp-content\/uploads\/2025\/04\/1-51.webp\" alt=\"1-meetrine nutika LED valgusriba laiendus rullist lahti keeratuna\" width=\"1100\" height=\"700\" \/><\/p>\n<h3>Tehnilised andmed \u2013 nutikas valgusriba ja selle laiendus<\/h3>\n<table>\n<tbody>\n<tr>\n<th>Br\u00e4nd<\/th>\n<td>Yeelight<\/td>\n<\/tr>\n<tr>\n<th>Mudel<\/th>\n<td>YLDD007<\/td>\n<\/tr>\n<tr>\n<th>M\u00f5\u00f5dud<\/th>\n<td>1010 \u00d7 13,1 \u00d7 6,15 mm<\/td>\n<\/tr>\n<tr>\n<th>Pikkus<\/th>\n<td>1 m<\/td>\n<\/tr>\n<tr>\n<th>Kaal<\/th>\n<td>36 g<\/td>\n<\/tr>\n<tr>\n<th>T\u00f6\u00f6pinge<\/th>\n<td>24 V<\/td>\n<\/tr>\n<tr>\n<th>Nimiv\u00f5imsus<\/th>\n<td>2,1 W<\/td>\n<\/tr>\n<tr>\n<th>T\u00f6\u00f6temperatuur<\/th>\n<td>-10\u00b0C kuni 40\u00b0C<\/td>\n<\/tr>\n<tr>\n<th>\u00d5huniiskus<\/th>\n<td>0\u201385% RH<\/td>\n<\/tr>\n<tr>\n<th>V\u00e4lispinna temperatuur<\/th>\n<td>\u226460\u00b0C (toatemperatuuril 25\u00b0C)<\/td>\n<\/tr>\n<tr>\n<th>Kaitseklass<\/th>\n<td>IP20<\/td>\n<\/tr>\n<tr>\n<th>Juhtmevaba \u00fchenduvus<\/th>\n<td>WLAN IEEE 802.11 b\/g\/n (2,4 GHz), Bluetooth 4.2<\/td>\n<\/tr>\n<tr>\n<th>Kasutusaeg<\/th>\n<td>Kuni 25 000 tundi<\/td>\n<\/tr>\n<tr>\n<th>LED-e meetri kohta<\/th>\n<td>24 tk\/m<\/td>\n<\/tr>\n<tr>\n<th>Toiteallikas<\/th>\n<td>Toide Yeelight LED Lightstrip Pro p\u00f5hiriba kaudu<\/td>\n<\/tr>\n<tr>\n<th>Ootere\u017eiimi v\u00f5imsus<\/th>\n<td>\u22641 W<\/td>\n<\/tr>\n<\/tbody>\n<\/table>\n<p>Yeelight LED Lightstrip Pro laiendus sobib suurep\u00e4raselt kasutamiseks koos nutika LED valgusribaga, pakkudes rohkelt v\u00f5imalusi meeldiva ja isikup\u00e4rase valgustuse kujundamiseks kodus. Laiendust on kerge paigaldada ning see v\u00f5imaldab valgusriba pikendada just sinu vajadustele vastavalt, kolmes erinevas valgusre\u017eiimis. Laiendus aitab luua efektsed valguslahendused igasse interj\u00f6\u00f6ri.<\/p>\n","protected":false},"excerpt":{"rendered":"<p>Yeelight kuulub Xiaomi \u00f6kos\u00fcsteemi. Nutikas LED valgusriba laiendus Yeelight Lightstrip Pro 1m (YLDD007) \u2013 pikenda valgustust enda soovide j\u00e4rgi Kui sinu olemasoleva nutika LED valgusriba pikkusest napib, saad Lightstrip Pro laienduslindiga h\u00f5lpsalt pikendada kuni 1 meetri v\u00f5rra. Kaasaegne laiendus v\u00f5imaldab valgusriba paigaldada t\u00e4pselt sinna, kus on vaja rohkem valgust \u2014 n\u00e4iteks k\u00f6\u00f6gitasapinnale, trepipiirdele, riiulite taha [&hellip;]<\/p>\n","protected":false},"featured_media":167416,"comment_status":"open","ping_status":"open","template":"","meta":[],"product_brand":[2933],"product_cat":[3033],"product_tag":[],"class_list":{"0":"post-167414","1":"product","2":"type-product","3":"status-publish","4":"has-post-thumbnail","6":"product_brand-yeelight","7":"product_cat-led-ribad","8":"product_shipping_class-innpro","10":"first","11":"instock","12":"sale","13":"taxable","14":"shipping-taxable","15":"purchasable","16":"product-type-simple"},"_links":{"self":[{"href":"https:\/\/blankpage.ee\/_ruumist-ruumi\/wp-json\/wp\/v2\/product\/167414","targetHints":{"allow":["GET"]}}],"collection":[{"href":"https:\/\/blankpage.ee\/_ruumist-ruumi\/wp-json\/wp\/v2\/product"}],"about":[{"href":"https:\/\/blankpage.ee\/_ruumist-ruumi\/wp-json\/wp\/v2\/types\/product"}],"replies":[{"embeddable":true,"href":"https:\/\/blankpage.ee\/_ruumist-ruumi\/wp-json\/wp\/v2\/comments?post=167414"}],"wp:featuredmedia":[{"embeddable":true,"href":"https:\/\/blankpage.ee\/_ruumist-ruumi\/wp-json\/wp\/v2\/media\/167416"}],"wp:attachment":[{"href":"https:\/\/blankpage.ee\/_ruumist-ruumi\/wp-json\/wp\/v2\/media?parent=167414"}],"wp:term":[{"taxonomy":"product_brand","embeddable":true,"href":"https:\/\/blankpage.ee\/_ruumist-ruumi\/wp-json\/wp\/v2\/product_brand?post=167414"},{"taxonomy":"product_cat","embeddable":true,"href":"https:\/\/blankpage.ee\/_ruumist-ruumi\/wp-json\/wp\/v2\/product_cat?post=167414"},{"taxonomy":"product_tag","embeddable":true,"href":"https:\/\/blankpage.ee\/_ruumist-ruumi\/wp-json\/wp\/v2\/product_tag?post=167414"}],"curies":[{"name":"wp","href":"https:\/\/api.w.org\/{rel}","templated":true}]}}