{"id":167431,"date":"2025-04-17T17:07:56","date_gmt":"2025-04-17T17:07:56","guid":{"rendered":"https:\/\/ruumistruumi.ee\/pood\/nutikas-led-valgusriba-sonoff-l2-lite-5m-wi-fi-rgb-valgusriba-puldi-ja-apiga\/"},"modified":"2025-08-21T08:20:03","modified_gmt":"2025-08-21T08:20:03","slug":"nutikas-led-valgusriba-sonoff-l2-lite-5m-wi-fi-rgb-valgusriba-puldi-ja-apiga","status":"publish","type":"product","link":"https:\/\/blankpage.ee\/_ruumist-ruumi\/pood\/nutikas-led-valgusriba-sonoff-l2-lite-5m-wi-fi-rgb-valgusriba-puldi-ja-apiga\/","title":{"rendered":"Nutikas LED valgusriba Sonoff L2 Lite 5m \u2013 Wi-Fi RGB valgusriba puldi ja \u00e4piga"},"content":{"rendered":"<h3>Nutikas LED valgusriba Sonoff L2 Lite 5m \u2013 Wi-Fi RGB valgusriba puldi ja \u00e4piga<\/h3>\n<p>Nutikas LED valgusriba Sonoff L2 Lite (5 m) pakub paindlikke v\u00f5imalusi ruumi valgustamiseks ning meeleolu loomiseks \u2013 sobib koju, kontorisse v\u00f5i \u00e4ripinnale. See RGB LED valgusriba on lihtsalt paigaldatav, kuna on painutatav ja isekleepuv \u2013 kinnita see sobivasse kohta ning naudi mitmek\u00fclgseid valguslahendusi. 5-meetrine pikkus v\u00f5imaldab katta ka suuremad pinnad; vajadusel saab riba l\u00fchemaks l\u00f5igata vastavalt otstarbele.<\/p>\n<p><img decoding=\"async\" src=\"https:\/\/blankpage.ee\/_ruumist-ruumi\/wp-content\/uploads\/2025\/04\/4-44.webp\" alt=\"nutikas LED valgusriba Sonoff L2 Lite komplekt koos puldi ja toiteadapteriga\"><\/p>\n<h3>Kaugjuhtimine ja nutika kodu lahendused<\/h3>\n<p>LED valgusriba juhtimine toimub mugavalt eWeLink \u00e4pi kaudu (\u00fchilduv Androidi ja iOS-iga) ning lisaks on komplektis kaugjuhtimispult. Toode t\u00f6\u00f6tab nii Wi-Fi kui ka Bluetooth 5.0 \u00fchendusega, v\u00f5imaldades ka interneti puudumisel h\u00f5lpsalt valgust juhtida. LED valgusriba \u00fchildub Google Assistanti ja Amazon Alexa h\u00e4\u00e4lk\u00e4sklustega, v\u00f5imaldades kasutada juhtimiseks ka h\u00e4\u00e4lk\u00e4sklusi.<\/p>\n<p><img decoding=\"async\" src=\"https:\/\/blankpage.ee\/_ruumist-ruumi\/wp-content\/uploads\/2025\/04\/5-38.webp\" alt=\"LED valgusriba kaugjuhtimispult ja nutikad juhtimisv\u00f5imalused smart home s\u00fcsteemis\"><\/p>\n<h3>Laiad valgusvalikud ja isikup\u00e4rased stseenid<\/h3>\n<p>Rakendus v\u00f5imaldab valida kuni 16 miljoni v\u00e4rvitooni vahel, seadistada valguse eredust ja v\u00e4rvustemperatuuri ning valida 21 eelh\u00e4\u00e4lestatud stseeni. Soovi korral saab luua kuni 8 isikup\u00e4rastatud stseeni, et valgus vastaks igale olukorrale. Valgusriba saab s\u00fcnkroonida muusikaga \u2013 valgus liigub r\u00fctmis, sobides ideaalselt peo v\u00f5i \u00fcrituste valgustamiseks.<\/p>\n<p><img decoding=\"async\" src=\"https:\/\/blankpage.ee\/_ruumist-ruumi\/wp-content\/uploads\/2025\/04\/2-47.webp\" alt=\"v\u00e4rviline nutikas LED valgusriba ruumis, s\u00fcnkroonis muusikaga\"><\/p>\n<h3>Automaatikad ja ajastused<\/h3>\n<p>eWeLink \u00e4pi ajastuse funktsioon v\u00f5imaldab valgusriba automaatselt sisse ja v\u00e4lja l\u00fclitada vastavalt sinu seatud ajakavale. See on eriti praktiline \u00e4ripindadel v\u00f5i vitriinide valgustamiseks, kuid sobib h\u00e4sti ka kodusesse kasutusse.<\/p>\n<p><img decoding=\"async\" src=\"https:\/\/blankpage.ee\/_ruumist-ruumi\/wp-content\/uploads\/2025\/04\/3-46.webp\" alt=\"paindlik LED valgusriba interj\u00f6\u00f6ris, \u00f5htusel ajal\"><\/p>\n<h3>Tehnilised andmed<\/h3>\n<div class=\"table-wrapper\">\n<table>\n<tbody>\n<tr>\n<th>Br\u00e4nd<\/th>\n<td>Sonoff<\/td>\n<\/tr>\n<tr>\n<th>Mudel<\/th>\n<td>L2 Lite<\/td>\n<\/tr>\n<tr>\n<th>Pikkus<\/th>\n<td>5 m<\/td>\n<\/tr>\n<tr>\n<th>Sisendpinge<\/th>\n<td>DC 12V<\/td>\n<\/tr>\n<tr>\n<th>Materjal<\/th>\n<td>FPCB<\/td>\n<\/tr>\n<tr>\n<th>LED-e meetri kohta<\/th>\n<td>30<\/td>\n<\/tr>\n<tr>\n<th>Valgusvoog<\/th>\n<td>\u2265300 lm\/m<\/td>\n<\/tr>\n<tr>\n<th>Valgusvihk<\/th>\n<td>140\u00b0<\/td>\n<\/tr>\n<tr>\n<th>T\u00f6\u00f6niiskus<\/th>\n<td>\u226495%<\/td>\n<\/tr>\n<tr>\n<th>T\u00f6\u00f6temperatuur<\/th>\n<td>-15\u00b0C kuni 50\u00b0C<\/td>\n<\/tr>\n<tr>\n<th>Kaitseklass<\/th>\n<td>IP20<\/td>\n<\/tr>\n<tr>\n<th>Toetatud platvormid<\/th>\n<td>Android, iOS<\/td>\n<\/tr>\n<tr>\n<th>Wi-Fi<\/th>\n<td>IEEE 802.11 b\/g\/n 2.4G<\/td>\n<\/tr>\n<tr>\n<th>Bluetooth<\/th>\n<td>5.0 BLE<\/td>\n<\/tr>\n<tr>\n<th>Wi-Fi kontrolleri sisendpinge<\/th>\n<td>DC 5-12V<\/td>\n<\/tr>\n<tr>\n<th>Wi-Fi kontrolleri v\u00f5imsus<\/th>\n<td>24W<\/td>\n<\/tr>\n<tr>\n<th>Kaugjuhtimispuldi toide<\/th>\n<td>CR2025 (3V) patarei<\/td>\n<\/tr>\n<tr>\n<th>Nuppe puldil<\/th>\n<td>24<\/td>\n<\/tr>\n<tr>\n<th>Toiteadapteri sisend<\/th>\n<td>100-240V AC 50\/60Hz, 0.6A max<\/td>\n<\/tr>\n<tr>\n<th>Toiteadapteri v\u00e4ljund<\/th>\n<td>DC 12V (24W)<\/td>\n<\/tr>\n<\/tbody>\n<\/table>\n<\/div>\n<h3>Komplektis<\/h3>\n<ul>\n<li>LED valgusriba L2 Lite<\/li>\n<li>Kaugjuhtimispult<\/li>\n<li>Toiteadapter<\/li>\n<li>Nutikas Wi-Fi kontroller<\/li>\n<\/ul>\n","protected":false},"excerpt":{"rendered":"<p>Nutikas LED valgusriba Sonoff L2 Lite 5m \u2013 Wi-Fi RGB valgusriba puldi ja \u00e4piga Nutikas LED valgusriba Sonoff L2 Lite (5 m) pakub paindlikke v\u00f5imalusi ruumi valgustamiseks ning meeleolu loomiseks \u2013 sobib koju, kontorisse v\u00f5i \u00e4ripinnale. See RGB LED valgusriba on lihtsalt paigaldatav, kuna on painutatav ja isekleepuv \u2013 kinnita see sobivasse kohta ning naudi [&hellip;]<\/p>\n","protected":false},"featured_media":167436,"comment_status":"open","ping_status":"open","template":"","meta":[],"product_brand":[3037],"product_cat":[3033],"product_tag":[],"class_list":{"0":"post-167431","1":"product","2":"type-product","3":"status-publish","4":"has-post-thumbnail","6":"product_brand-sonoff","7":"product_cat-led-ribad","8":"product_shipping_class-innpro","10":"first","11":"instock","12":"sale","13":"taxable","14":"shipping-taxable","15":"purchasable","16":"product-type-simple"},"_links":{"self":[{"href":"https:\/\/blankpage.ee\/_ruumist-ruumi\/wp-json\/wp\/v2\/product\/167431","targetHints":{"allow":["GET"]}}],"collection":[{"href":"https:\/\/blankpage.ee\/_ruumist-ruumi\/wp-json\/wp\/v2\/product"}],"about":[{"href":"https:\/\/blankpage.ee\/_ruumist-ruumi\/wp-json\/wp\/v2\/types\/product"}],"replies":[{"embeddable":true,"href":"https:\/\/blankpage.ee\/_ruumist-ruumi\/wp-json\/wp\/v2\/comments?post=167431"}],"wp:featuredmedia":[{"embeddable":true,"href":"https:\/\/blankpage.ee\/_ruumist-ruumi\/wp-json\/wp\/v2\/media\/167436"}],"wp:attachment":[{"href":"https:\/\/blankpage.ee\/_ruumist-ruumi\/wp-json\/wp\/v2\/media?parent=167431"}],"wp:term":[{"taxonomy":"product_brand","embeddable":true,"href":"https:\/\/blankpage.ee\/_ruumist-ruumi\/wp-json\/wp\/v2\/product_brand?post=167431"},{"taxonomy":"product_cat","embeddable":true,"href":"https:\/\/blankpage.ee\/_ruumist-ruumi\/wp-json\/wp\/v2\/product_cat?post=167431"},{"taxonomy":"product_tag","embeddable":true,"href":"https:\/\/blankpage.ee\/_ruumist-ruumi\/wp-json\/wp\/v2\/product_tag?post=167431"}],"curies":[{"name":"wp","href":"https:\/\/api.w.org\/{rel}","templated":true}]}}