{"id":167452,"date":"2025-04-17T17:09:11","date_gmt":"2025-04-17T17:09:11","guid":{"rendered":"https:\/\/ruumistruumi.ee\/pood\/nutikas-laeventilaatori-kontroller-sonoff-ifan04-h-wifi-3-kiirust-haaljuhtimine\/"},"modified":"2025-08-21T08:20:01","modified_gmt":"2025-08-21T08:20:01","slug":"nutikas-laeventilaatori-kontroller-sonoff-ifan04-h-wifi-3-kiirust-haaljuhtimine","status":"publish","type":"product","link":"https:\/\/blankpage.ee\/_ruumist-ruumi\/pood\/nutikas-laeventilaatori-kontroller-sonoff-ifan04-h-wifi-3-kiirust-haaljuhtimine\/","title":{"rendered":"Nutikas laeventilaatori kontroller Sonoff iFan04-H (WiFi, 3 kiirust, h\u00e4\u00e4ljuhtimine)"},"content":{"rendered":"<h3>Nutikas laeventilaatori kontroller Sonoff iFan04-H \u2013 mugav lahendus Sinu koju<\/h3>\n<p>Nutikas laeventilaatori kontroller teeb ventilaatori ja valguse kaugelt juhtimise lihtsaks. Sonoff iFan04-H v\u00f5imaldab Sul nii ventilaatorit kui ka sellega seotud valgustit kontrollida WiFi kaudu mugavalt eWeLink rakendusega v\u00f5i vajadusel 433 MHz sagedusel t\u00f6\u00f6tava kaugjuhtimispuldiga. Saad seadistada t\u00f6\u00f6aegu, valida kolme ventilaatori kiiruse vahel ning jagada ligip\u00e4\u00e4su pere liikmetega. Lisaks \u00fchildub see laeventilaatori kontroller Google Assistanti ja Amazon Alexaga, pakkudes mugavat h\u00e4\u00e4ljuhtimise tuge.<\/p>\n<p><img decoding=\"async\" src=\"https:\/\/blankpage.ee\/_ruumist-ruumi\/wp-content\/uploads\/2025\/04\/8-25.webp\" alt=\"Nutikas laeventilaatori kontroller Sonoff iFan04-H valge nutiseade\" \/><\/p>\n<h3>Kolm kiirust Sinu vajadustele \u2013 laeventilaatori nutikontroller<\/h3>\n<p>S\u00f5ltuvalt olukorrast vali kolmest ventilaatori kiirusest \u2013 sobib nii kergeks \u00f5huvahetuseks kui ka kiireks jahutuseks. Sonoff iFan04-H puhul on kiiruse vahetamine lihtne, toimides kiiresti nii \u00e4pi kui ka RF puldi kaudu.<\/p>\n<p><img decoding=\"async\" src=\"https:\/\/blankpage.ee\/_ruumist-ruumi\/wp-content\/uploads\/2025\/04\/5-40.webp\" alt=\"Ventilaatori kiirusvalikud Sonoff nutikontrolleris\" \/><\/p>\n<h3>Kaugjuhtimine telefoni\u00e4piga<\/h3>\n<p>\u00dchendades seadme eWeLink rakendusega, saad alati ventilaatorit ja valgustit hallata eemalt. L\u00fclita sisse v\u00f5i v\u00e4lja, reguleeri kiirust ja ajasta automaatseid t\u00f6\u00f6aegu k\u00f5ikjalt, kus viibid. Nutikas laeventilaatori kontroller s\u00fcnkroniseerib k\u00f5ik seadistused reaalajas.<\/p>\n<p><img decoding=\"async\" src=\"https:\/\/blankpage.ee\/_ruumist-ruumi\/wp-content\/uploads\/2025\/04\/3-48.webp\" alt=\"Ventilaatori ja valguse juhtimise ekraan eWeLink rakenduses\" \/><\/p>\n<h3>Paindlik juhtimine kogu perele<\/h3>\n<p>Jaga seadme kontrolli pereliikmetega ja v\u00f5imalda igal kasutajal ventilaatori kiirust ja t\u00f6\u00f6aegu seadistada oma telefonist. See muudab igap\u00e4evase kasutuse eriti paindlikuks kogu pere jaoks.<\/p>\n<p><img decoding=\"async\" src=\"https:\/\/blankpage.ee\/_ruumist-ruumi\/wp-content\/uploads\/2025\/04\/2-50.webp\" alt=\"Pere kasutab nutikat ventilaatori ja valguse kontrollerit\" \/><\/p>\n<h3>RF kaugjuhtimispult \u2013 mugav lisav\u00f5imalus<\/h3>\n<p>Soovi korral saad kasutada 433 MHz kaugjuhtimispulti (ei kuulu komplekti), mille abil saab lihtsalt l\u00fclitada ventilaatorit ja valgustit ning valida sobiva kiiruse ilma \u00e4ppi avamata. Pult on kiiresti seadistatav ja h\u00f5lpsasti kasutatav.<\/p>\n<p><img decoding=\"async\" src=\"https:\/\/blankpage.ee\/_ruumist-ruumi\/wp-content\/uploads\/2025\/04\/1-54.webp\" alt=\"433 MHz kaugjuhtimispult laeventilaatorile ja valgustile\" \/><\/p>\n<h3>H\u00e4\u00e4ljuhtimine Google Assistant ja Alexa kaudu<\/h3>\n<p>Kasuta h\u00e4\u00e4lk\u00e4sklusi, et sisse-v\u00e4lja l\u00fclitada ventilaator v\u00f5i valgus ning reguleerida kiirust ilma k\u00e4si kasutamata. Sonoff iFan04-H t\u00f6\u00f6tab nii Google Assistanti kui Amazon Alexaga, tehes nutika laeventilaatori kontrolleri kasutamise veelgi mugavamaks!<\/p>\n<p><img decoding=\"async\" src=\"https:\/\/blankpage.ee\/_ruumist-ruumi\/wp-content\/uploads\/2025\/04\/4-45.webp\" alt=\"Nutikas laeventilaatori kontroller h\u00e4\u00e4ljuhtimisega Google Assistant ja Alexa tugi\" \/><\/p>\n<h3>Tehnilised andmed<\/h3>\n<table>\n<tbody>\n<tr>\n<th>Kaubam\u00e4rk<\/th>\n<td>Sonoff<\/td>\n<\/tr>\n<tr>\n<th>Mudel<\/th>\n<td>iFAN04-H<\/td>\n<\/tr>\n<tr>\n<th>Sisend<\/th>\n<td>100\u2013240 V AC 50\/60 Hz 5 A<\/td>\n<\/tr>\n<tr>\n<th>Korpus<\/th>\n<td>PC V0<\/td>\n<\/tr>\n<tr>\n<th>Sertifikaadid<\/th>\n<td>CE, FCC, RoHS<\/td>\n<\/tr>\n<tr>\n<th>Kaal<\/th>\n<td>125 g<\/td>\n<\/tr>\n<tr>\n<th>M\u00f5\u00f5dud<\/th>\n<td>116 \u00d7 55 \u00d7 26 mm<\/td>\n<\/tr>\n<tr>\n<th>Kaugjuhtimispult<\/th>\n<td>433,92 MHz (ei sisaldu komplektis)<\/td>\n<\/tr>\n<tr>\n<th>Wi-Fi<\/th>\n<td>IEEE 802.11 b\/g\/n 2,4 GHz<\/td>\n<\/tr>\n<tr>\n<th>V\u00e4ljund<\/th>\n<td>Ventilaator: 100\u2013240 V AC 50\/60 Hz 2 A; Valgustus: 100\u2013240 V AC 50\/60 Hz 3 A<\/td>\n<\/tr>\n<\/tbody>\n<\/table>\n","protected":false},"excerpt":{"rendered":"<p>Nutikas laeventilaatori kontroller Sonoff iFan04-H \u2013 mugav lahendus Sinu koju Nutikas laeventilaatori kontroller teeb ventilaatori ja valguse kaugelt juhtimise lihtsaks. Sonoff iFan04-H v\u00f5imaldab Sul nii ventilaatorit kui ka sellega seotud valgustit kontrollida WiFi kaudu mugavalt eWeLink rakendusega v\u00f5i vajadusel 433 MHz sagedusel t\u00f6\u00f6tava kaugjuhtimispuldiga. Saad seadistada t\u00f6\u00f6aegu, valida kolme ventilaatori kiiruse vahel ning jagada ligip\u00e4\u00e4su [&hellip;]<\/p>\n","protected":false},"featured_media":167459,"comment_status":"open","ping_status":"open","template":"","meta":[],"product_brand":[3037],"product_cat":[3043],"product_tag":[],"class_list":{"0":"post-167452","1":"product","2":"type-product","3":"status-publish","4":"has-post-thumbnail","6":"product_brand-sonoff","7":"product_cat-nutikontrollerid","8":"product_shipping_class-innpro","10":"first","11":"instock","12":"sale","13":"taxable","14":"shipping-taxable","15":"purchasable","16":"product-type-simple"},"_links":{"self":[{"href":"https:\/\/blankpage.ee\/_ruumist-ruumi\/wp-json\/wp\/v2\/product\/167452","targetHints":{"allow":["GET"]}}],"collection":[{"href":"https:\/\/blankpage.ee\/_ruumist-ruumi\/wp-json\/wp\/v2\/product"}],"about":[{"href":"https:\/\/blankpage.ee\/_ruumist-ruumi\/wp-json\/wp\/v2\/types\/product"}],"replies":[{"embeddable":true,"href":"https:\/\/blankpage.ee\/_ruumist-ruumi\/wp-json\/wp\/v2\/comments?post=167452"}],"wp:featuredmedia":[{"embeddable":true,"href":"https:\/\/blankpage.ee\/_ruumist-ruumi\/wp-json\/wp\/v2\/media\/167459"}],"wp:attachment":[{"href":"https:\/\/blankpage.ee\/_ruumist-ruumi\/wp-json\/wp\/v2\/media?parent=167452"}],"wp:term":[{"taxonomy":"product_brand","embeddable":true,"href":"https:\/\/blankpage.ee\/_ruumist-ruumi\/wp-json\/wp\/v2\/product_brand?post=167452"},{"taxonomy":"product_cat","embeddable":true,"href":"https:\/\/blankpage.ee\/_ruumist-ruumi\/wp-json\/wp\/v2\/product_cat?post=167452"},{"taxonomy":"product_tag","embeddable":true,"href":"https:\/\/blankpage.ee\/_ruumist-ruumi\/wp-json\/wp\/v2\/product_tag?post=167452"}],"curies":[{"name":"wp","href":"https:\/\/api.w.org\/{rel}","templated":true}]}}