{"id":167541,"date":"2025-04-17T17:09:11","date_gmt":"2025-04-17T17:09:11","guid":{"rendered":"https:\/\/ruumistruumi.ee\/pood\/nutikad-valguspaneelid-yeelight-ylfwd-012-6-tk-wi-fi-rgb-razer-chroma-tugi\/"},"modified":"2025-08-21T08:20:02","modified_gmt":"2025-08-21T08:20:02","slug":"nutikad-valguspaneelid-yeelight-ylfwd-012-6-tk-wi-fi-rgb-razer-chroma-tugi","status":"publish","type":"product","link":"https:\/\/blankpage.ee\/_ruumist-ruumi\/pood\/nutikad-valguspaneelid-yeelight-ylfwd-012-6-tk-wi-fi-rgb-razer-chroma-tugi\/","title":{"rendered":"Nutikad valguspaneelid Yeelight YLFWD-012 (6 tk, Wi-Fi, RGB, Razer Chroma tugi)"},"content":{"rendered":"<h3>Nutikad valguspaneelid Yeelight YLFWD-012 \u2013 kaasaegne valguslahendus<\/h3>\n<p>Nutikad valguspaneelid Yeelight YLFWD-012 pakuvad moodsat ja nutikat viisi iga ruumi isikup\u00e4rastamiseks. Tegemist on Xiaomi \u00f6kos\u00fcsteemi kuuluva toote ja tunnustatud Yeelight kaubam\u00e4rgiga. Komplektis on 6 kolmnurkset LED-paneeli, mida saad lihtsalt omavahel \u00fchendada ja paigutada erinevateks mustriteks, et kujundada seina just enda soovi j\u00e4rgi.<\/p>\n<p><img decoding=\"async\" src=\"https:\/\/blankpage.ee\/_ruumist-ruumi\/wp-content\/uploads\/2025\/04\/xiaomi_logo1.webp\" alt=\"Xiaomi logo\" \/><\/p>\n<h3>V\u00e4rvikad valgusefektid ja Razer Chroma RGB \u00fchilduvus<\/h3>\n<p>Need LED-paneelid sobivad iga elutoa, kontori v\u00f5i m\u00e4nguruumi t\u00e4iendamiseks. Vali mitmete valgusre\u017eiimide ja efektide vahel, sh 20 erinevat r\u00fctmimoodi, mille saab s\u00fcnkroniseerida muusika tempoga. Razer Chroma RGB ja Overwolf tugi teevad neist ideaalse lahenduse m\u00e4nguritele \u2013 valgusefektid j\u00e4rgivad muusika v\u00f5i m\u00e4ngus\u00fcndmuste r\u00fctmi ning loovad kaasahaarava atmosf\u00e4\u00e4ri.<\/p>\n<p><img loading=\"lazy\" decoding=\"async\" src=\"https:\/\/blankpage.ee\/_ruumist-ruumi\/wp-content\/uploads\/2025\/04\/5-46.webp\" alt=\"nutikad valguspaneelid seinal eriv\u00e4rvilise valgustusega\" width=\"1100\" height=\"700\" \/><\/p>\n<h3>Parim m\u00e4nguritele<\/h3>\n<p>Sobita valgus oma m\u00e4ngualaga ning naudi d\u00fcnaamilisi valgusefekte, mis reageerivad ekraanil toimuvale. T\u00e4nu Razer Chroma RGB ja Overwolf \u00fchilduvusele saad meeleolu muuta vastavalt m\u00e4ngude atmosf\u00e4\u00e4rile ning t\u00f5sta oma m\u00e4ngukogemust uuele tasemele.<\/p>\n<p><img loading=\"lazy\" decoding=\"async\" src=\"https:\/\/blankpage.ee\/_ruumist-ruumi\/wp-content\/uploads\/2025\/04\/1-60.webp\" alt=\"m\u00e4nguruum valguspaneelidega seinas\" width=\"1100\" height=\"700\" \/><\/p>\n<h3>V\u00f5imalusterohke paigutus<\/h3>\n<p>Kolmnurksed LED-paneelid v\u00f5imaldavad luua seintele just sinu stiilile vastavaid kujundusi \u2013 olgu see kuusnurk, laineline jada v\u00f5i hoopis midagi abstraktset. Paneelid on laiendatavad ka lisakomplektide abil, saad oma valguslahendust tulevikus t\u00e4iendada.<\/p>\n<p><img loading=\"lazy\" decoding=\"async\" src=\"https:\/\/blankpage.ee\/_ruumist-ruumi\/wp-content\/uploads\/2025\/04\/9-11.webp\" alt=\"LED-paneelide paigutus seinal erinevates mustrites\" width=\"1100\" height=\"700\" \/><\/p>\n<h3>Muusikaga s\u00fcnkroniseeritavad valguspaneelid<\/h3>\n<p>Nutikad valguspaneelid pakuvad kuni 20 erinevat valgusre\u017eiimi ning valgus v\u00f5ib muutuda muusika r\u00fctmis. Kasuta sisseehitatud mikrofoni v\u00f5i \u00fchenda heliseadmed kaabliga \u2013 valgus reageerib igale r\u00fctmile.<\/p>\n<p><img loading=\"lazy\" decoding=\"async\" src=\"https:\/\/blankpage.ee\/_ruumist-ruumi\/wp-content\/uploads\/2025\/04\/6-40.webp\" alt=\"valguspaneelid s\u00fcnkroniseerumas muusikaga valgusefektides\" width=\"1100\" height=\"700\" \/><\/p>\n<h3>T\u00e4ielik juhtimine nutitelefonist<\/h3>\n<p>Juhi LED-paneele Yeelight rakenduse kaudu mugavalt, l\u00fclita valgus sisse v\u00f5i v\u00e4lja, reguleeri heledust, seadista ajakavasid ja taimerit. Paneelid sobivad ka koduautomaatikaga, sest neid saab juhtida Google Assistanti v\u00f5i Alexa abil.<\/p>\n<p><img loading=\"lazy\" decoding=\"async\" src=\"https:\/\/blankpage.ee\/_ruumist-ruumi\/wp-content\/uploads\/2025\/04\/4-49.webp\" alt=\"nutikate valguspaneelide juhtimine nutitelefoniga\" width=\"1100\" height=\"700\" \/><\/p>\n<h3>\u00d5ige meeleolu iga s\u00fcndmuse jaoks<\/h3>\n<p>Kino\u00f5htu, perega aja veetmine v\u00f5i m\u00e4ngusessioon \u2013 LED-paneelid v\u00f5imaldavad valida kuni 20 valgusm\u00f5ju ja 3 re\u017eiimi vahel, et iga s\u00fcndmus oleks just \u00f5ige valgusega.<\/p>\n<p><img loading=\"lazy\" decoding=\"async\" src=\"https:\/\/blankpage.ee\/_ruumist-ruumi\/wp-content\/uploads\/2025\/04\/8-27.webp\" alt=\"valguspaneelid loovad hubase valguse elutoas\" width=\"1100\" height=\"700\" \/><\/p>\n<h3>Kestvad ja t\u00f6\u00f6kindlad valguspaneelid<\/h3>\n<p>Nutikad valguspaneelid on valmistatud tugevast plastikust ja nende t\u00f6\u00f6iga on kuni 25 000 tundi. Need on m\u00f5eldud mitmekordseks paigaldamiseks, vastupidavad ning kulumiskindlad.<\/p>\n<p><img loading=\"lazy\" decoding=\"async\" src=\"https:\/\/blankpage.ee\/_ruumist-ruumi\/wp-content\/uploads\/2025\/04\/12-3.webp\" alt=\"vastupidavad nutikad LED valguspaneelid\" width=\"1100\" height=\"700\" \/><\/p>\n<h3>Tehnilised andmed<\/h3>\n<table>\n<tr>\n<th>Paneelide arv<\/th>\n<td>6 tk<\/td>\n<\/tr>\n<tr>\n<th>Heledus<\/th>\n<td>400 lm<\/td>\n<\/tr>\n<tr>\n<th>V\u00e4rvustemperatuur<\/th>\n<td>1200\u20136500 K, reguleeritav<\/td>\n<\/tr>\n<tr>\n<th>V\u00f5imsus<\/th>\n<td>24 W<\/td>\n<\/tr>\n<tr>\n<th>Toitepinge<\/th>\n<td>100\u2013240 V ~50\/60 Hz, 0,3 A<\/td>\n<\/tr>\n<tr>\n<th>T\u00f6\u00f6iga<\/th>\n<td>25 000 tundi<\/td>\n<\/tr>\n<tr>\n<th>IP-klass<\/th>\n<td>IP20<\/td>\n<\/tr>\n<tr>\n<th>Traadita \u00fchendus<\/th>\n<td>Wi-Fi 2.4 GHz, Bluetooth 4.2<\/td>\n<\/tr>\n<tr>\n<th>Materjal<\/th>\n<td>PC-plastik<\/td>\n<\/tr>\n<tr>\n<th>M\u00f5\u00f5dud<\/th>\n<td>Pikkus: 222 mm, paksus: 9 mm<\/td>\n<\/tr>\n<tr>\n<th>Kaal<\/th>\n<td>1950 g<\/td>\n<\/tr>\n<tr>\n<th>\u00dchilduvus<\/th>\n<td>Google Assistant, Amazon Alexa, Razer Chroma RGB, Overwolf, Mi Home<\/td>\n<\/tr>\n<\/table>\n<p>Yeelight nutikad valguspaneelid loovad sinu kodus v\u00f5i m\u00e4ngutoas isikup\u00e4rase valguslahenduse, mida on lihtne kasutada ja mis on loodud kestma.<\/p>\n","protected":false},"excerpt":{"rendered":"<p>Nutikad valguspaneelid Yeelight YLFWD-012 \u2013 kaasaegne valguslahendus Nutikad valguspaneelid Yeelight YLFWD-012 pakuvad moodsat ja nutikat viisi iga ruumi isikup\u00e4rastamiseks. Tegemist on Xiaomi \u00f6kos\u00fcsteemi kuuluva toote ja tunnustatud Yeelight kaubam\u00e4rgiga. Komplektis on 6 kolmnurkset LED-paneeli, mida saad lihtsalt omavahel \u00fchendada ja paigutada erinevateks mustriteks, et kujundada seina just enda soovi j\u00e4rgi. V\u00e4rvikad valgusefektid ja Razer Chroma [&hellip;]<\/p>\n","protected":false},"featured_media":167549,"comment_status":"open","ping_status":"open","template":"","meta":[],"product_brand":[2933],"product_cat":[3058],"product_tag":[],"class_list":{"0":"post-167541","1":"product","2":"type-product","3":"status-publish","4":"has-post-thumbnail","6":"product_brand-yeelight","7":"product_cat-dekoratiivne-valgustus","8":"product_shipping_class-innpro","10":"first","11":"instock","12":"sale","13":"taxable","14":"shipping-taxable","15":"purchasable","16":"product-type-simple"},"_links":{"self":[{"href":"https:\/\/blankpage.ee\/_ruumist-ruumi\/wp-json\/wp\/v2\/product\/167541","targetHints":{"allow":["GET"]}}],"collection":[{"href":"https:\/\/blankpage.ee\/_ruumist-ruumi\/wp-json\/wp\/v2\/product"}],"about":[{"href":"https:\/\/blankpage.ee\/_ruumist-ruumi\/wp-json\/wp\/v2\/types\/product"}],"replies":[{"embeddable":true,"href":"https:\/\/blankpage.ee\/_ruumist-ruumi\/wp-json\/wp\/v2\/comments?post=167541"}],"wp:featuredmedia":[{"embeddable":true,"href":"https:\/\/blankpage.ee\/_ruumist-ruumi\/wp-json\/wp\/v2\/media\/167549"}],"wp:attachment":[{"href":"https:\/\/blankpage.ee\/_ruumist-ruumi\/wp-json\/wp\/v2\/media?parent=167541"}],"wp:term":[{"taxonomy":"product_brand","embeddable":true,"href":"https:\/\/blankpage.ee\/_ruumist-ruumi\/wp-json\/wp\/v2\/product_brand?post=167541"},{"taxonomy":"product_cat","embeddable":true,"href":"https:\/\/blankpage.ee\/_ruumist-ruumi\/wp-json\/wp\/v2\/product_cat?post=167541"},{"taxonomy":"product_tag","embeddable":true,"href":"https:\/\/blankpage.ee\/_ruumist-ruumi\/wp-json\/wp\/v2\/product_tag?post=167541"}],"curies":[{"name":"wp","href":"https:\/\/api.w.org\/{rel}","templated":true}]}}