{"id":167593,"date":"2025-04-17T17:11:15","date_gmt":"2025-04-17T17:11:15","guid":{"rendered":"https:\/\/ruumistruumi.ee\/pood\/sonoff-nutikas-seinaluliti-r5-6-nuppu-ewelink-juhtmevaba\/"},"modified":"2025-08-21T08:19:59","modified_gmt":"2025-08-21T08:19:59","slug":"sonoff-nutikas-seinaluliti-r5-6-nuppu-ewelink-juhtmevaba","status":"publish","type":"product","link":"https:\/\/blankpage.ee\/_ruumist-ruumi\/pood\/sonoff-nutikas-seinaluliti-r5-6-nuppu-ewelink-juhtmevaba\/","title":{"rendered":"Sonoff nutikas seinal\u00fcliti R5 (6 nuppu, eWeLink, juhtmevaba)"},"content":{"rendered":"<h3>Sonoff nutikas seinal\u00fcliti R5 \u2013 kaugjuhtimispult ja stseenikontroller (eWeLink)<\/h3>\n<p><strong>Sonoff nutikas l\u00fcliti<\/strong> pakub paindlikku juhtimislahendust sinu nutikodusse, v\u00f5imaldades seadmeid kaugjuhtida ja automaatika stseene seadistada. L\u00fclitil on kuus nuppu, millest iga\u00fchele saab m\u00e4\u00e4rata kolm erinevat vajutusviisi (\u00fchekordne, topelt ja pikk vajutus), mis lubab kontrollida nii valgustust kui teisi seadmeid t\u00e4pselt sinu vajadustele vastavalt. Nii saad luua mugavaid ja nutikaid juhtimisskeeme igas kodus.<\/p>\n<div>\n<div>\n    <img decoding=\"async\" src=\"https:\/\/blankpage.ee\/_ruumist-ruumi\/wp-content\/uploads\/2025\/04\/Inteligentny-przelacznik-scienny-pilot-i-kontroler-scen-Sonoff-R5-eWeLink.webp\" alt=\"Sonoff nutikas l\u00fcliti hallil seinal \u2013 juhtmevaba R5 seinal\u00fcliti koduses interj\u00f6\u00f6ris\"\/>\n  <\/div>\n<div>\n<p>See seinal\u00fcliti \u00fchildub teiste Sonoff seadmetega <em>eWeLink-Remote<\/em> l\u00fc\u00fcsifunktsiooniga (vajalik lisaseade \u2013 n\u00e4iteks Sonoff MINIR4, NSPanel Pro v\u00f5i iHost). T\u00e4nu sellele saad oma nutikodu juhtida ka siis, kui Wi-Fi ajutiselt ei t\u00f6\u00f6ta. Toetatud on ka kahepoolne valgusjuhtimine (vajab Sonoff M5 l\u00fclitit, m\u00fc\u00fcakse eraldi). Maksimaalne t\u00f6\u00f6raadius on kuni 90 meetrit ning seadme kasutuselev\u00f5tt on kiire ja mugav.<\/p>\n<\/p><\/div>\n<\/div>\n<div>\n<div>\n    <img decoding=\"async\" src=\"https:\/\/blankpage.ee\/_ruumist-ruumi\/wp-content\/uploads\/2025\/04\/Inteligentny-przelacznik.webp\" alt=\"Korteriplaan laual koos Sonoff nutika l\u00fclitiga \u2013 kaugjuhitav stseenikontroller nutikodu jaoks\"\/>\n  <\/div>\n<div>\n<h3>Juhtmevaba Sonoff nutikas l\u00fcliti \u2013 laialdased kasutusv\u00f5imalused<\/h3>\n<ul>\n<li>Halda valgustid, LED-ribasid v\u00f5i muid nutiseadmeid \u00fchest kohast.<\/li>\n<li>Kuus nuppu, iga\u00fchele seadistatav eri funktsioon: \u00fchekordne, topelt v\u00f5i pikk vajutus.<\/li>\n<li>Kasutada saad kas seinal klassikalise l\u00fclitina v\u00f5i laual mugava kaugjuhtimispuldina.<\/li>\n<\/ul><\/div>\n<\/div>\n<div>\n<div>\n    <img decoding=\"async\" src=\"https:\/\/blankpage.ee\/_ruumist-ruumi\/wp-content\/uploads\/2025\/04\/Inteligentny-przelacznik-scienny-pilot-i-kontroler-scen-Sonoff.webp\" alt=\"Juhtmevaba seinal\u00fcliti t\u00f6\u00f6tab ka stseenikontrollerina erinevates nutikodu s\u00fcsteemides\"\/>\n  <\/div>\n<div>\n<h3>Kiire juhtimine \u00fche puudutusega \u2013 stseenikontrolleri mugavus<\/h3>\n<p>Aktiveeri soovitud stseenid v\u00f5i seadmete grupid \u00fche nupuvajutusega: l\u00fclita korraga k\u00f5ik tuled sisse, sulge \u00f6\u00f6lambid v\u00f5i k\u00e4ivita eelseadistatud valgusskeemid. Sonoff nutikas l\u00fcliti pakub kolme erinevat vajutusv\u00f5imalust igale nupule, tagades paindliku juhtimise just sinu soovide kohaselt.<\/p>\n<\/p><\/div>\n<\/div>\n<div>\n<div>\n    <img decoding=\"async\" src=\"https:\/\/blankpage.ee\/_ruumist-ruumi\/wp-content\/uploads\/2025\/04\/Inteligentny-przelacznik-scienny-pilot.webp\" alt=\"Juhtmevaba Sonoff kaugjuhtimispult nutiseadmete jaoks seinal v\u00f5i laual\"\/>\n  <\/div>\n<div>\n<h3>Lihtne paigaldus ja paindlik kasutamine<\/h3>\n<p>L\u00fcliti paigaldus ei n\u00f5ua juhtmete vedamist \u2013 saad kasutada kaasasolevaid isekleepuvaid kinnitusvahendeid v\u00f5i kinnitada kruvidega. Vajadusel on l\u00fclitit mugav \u00fchest kohast teise t\u00f5sta. Toiteallikaks on kaks CR2032 patareid, mille t\u00f6\u00f6iga v\u00f5ib ulatuda kuni kahe aastani.<\/p>\n<\/p><\/div>\n<\/div>\n<h3>Tehnilised andmed<\/h3>\n<table>\n<tr>\n<th>Tootja<\/th>\n<td>Sonoff<\/td>\n<\/tr>\n<tr>\n<th>Mudel<\/th>\n<td>R5<\/td>\n<\/tr>\n<tr>\n<th>Nuppude arv<\/th>\n<td>6<\/td>\n<\/tr>\n<tr>\n<th>Toiteallikas<\/th>\n<td>2 \u00d7 3V CR2032 patarei<\/td>\n<\/tr>\n<tr>\n<th>T\u00f6\u00f6temperatuur<\/th>\n<td>0\u00b0C \u2013 40\u00b0C<\/td>\n<\/tr>\n<tr>\n<th>M\u00f5\u00f5dud<\/th>\n<td>86 \u00d7 86 \u00d7 13,5 mm<\/td>\n<\/tr>\n<tr>\n<th>Materjal<\/th>\n<td>PC V0<\/td>\n<\/tr>\n<tr>\n<th>V\u00e4rv<\/th>\n<td>hall<\/td>\n<\/tr>\n<\/table>\n<h3>Komplektis<\/h3>\n<ul>\n<li>Sonoff R5 nutikas seinal\u00fcliti<\/li>\n<li>Kruvid paigaldamiseks<\/li>\n<li>Isekleepuvad kleepsud<\/li>\n<li>Nuppude m\u00e4rgistuskleepsud (20 tk)<\/li>\n<li>Kasutusjuhend<\/li>\n<\/ul>\n<p><!-- SEO m\u00e4rks\u00f5na kontroll --><\/p>\n<p><strong>SEO m\u00e4rks\u00f5na: sonoff nutikas l\u00fcliti<\/strong> esineb pealkirjas, kirjelduse esimeses, teises ja kolmandas l\u00f5igus ning alt-tekstides on see kasutatud kolm korda. \u00dclej\u00e4\u00e4nud alt-tekstides kasutatakse seotud fraase v\u00f5i s\u00fcnon\u00fc\u00fcme.<\/p>\n","protected":false},"excerpt":{"rendered":"<p>Sonoff nutikas seinal\u00fcliti R5 \u2013 kaugjuhtimispult ja stseenikontroller (eWeLink) Sonoff nutikas l\u00fcliti pakub paindlikku juhtimislahendust sinu nutikodusse, v\u00f5imaldades seadmeid kaugjuhtida ja automaatika stseene seadistada. L\u00fclitil on kuus nuppu, millest iga\u00fchele saab m\u00e4\u00e4rata kolm erinevat vajutusviisi (\u00fchekordne, topelt ja pikk vajutus), mis lubab kontrollida nii valgustust kui teisi seadmeid t\u00e4pselt sinu vajadustele vastavalt. Nii saad luua [&hellip;]<\/p>\n","protected":false},"featured_media":167598,"comment_status":"open","ping_status":"open","template":"","meta":[],"product_brand":[3037],"product_cat":[3039],"product_tag":[],"class_list":{"0":"post-167593","1":"product","2":"type-product","3":"status-publish","4":"has-post-thumbnail","6":"product_brand-sonoff","7":"product_cat-lulitid","8":"product_shipping_class-innpro","10":"first","11":"instock","12":"sale","13":"taxable","14":"shipping-taxable","15":"purchasable","16":"product-type-simple"},"_links":{"self":[{"href":"https:\/\/blankpage.ee\/_ruumist-ruumi\/wp-json\/wp\/v2\/product\/167593","targetHints":{"allow":["GET"]}}],"collection":[{"href":"https:\/\/blankpage.ee\/_ruumist-ruumi\/wp-json\/wp\/v2\/product"}],"about":[{"href":"https:\/\/blankpage.ee\/_ruumist-ruumi\/wp-json\/wp\/v2\/types\/product"}],"replies":[{"embeddable":true,"href":"https:\/\/blankpage.ee\/_ruumist-ruumi\/wp-json\/wp\/v2\/comments?post=167593"}],"wp:featuredmedia":[{"embeddable":true,"href":"https:\/\/blankpage.ee\/_ruumist-ruumi\/wp-json\/wp\/v2\/media\/167598"}],"wp:attachment":[{"href":"https:\/\/blankpage.ee\/_ruumist-ruumi\/wp-json\/wp\/v2\/media?parent=167593"}],"wp:term":[{"taxonomy":"product_brand","embeddable":true,"href":"https:\/\/blankpage.ee\/_ruumist-ruumi\/wp-json\/wp\/v2\/product_brand?post=167593"},{"taxonomy":"product_cat","embeddable":true,"href":"https:\/\/blankpage.ee\/_ruumist-ruumi\/wp-json\/wp\/v2\/product_cat?post=167593"},{"taxonomy":"product_tag","embeddable":true,"href":"https:\/\/blankpage.ee\/_ruumist-ruumi\/wp-json\/wp\/v2\/product_tag?post=167593"}],"curies":[{"name":"wp","href":"https:\/\/api.w.org\/{rel}","templated":true}]}}