{"id":167602,"date":"2025-04-17T17:11:15","date_gmt":"2025-04-17T17:11:15","guid":{"rendered":"https:\/\/ruumistruumi.ee\/pood\/nutikas-4-kanaline-din-lulitiplokk-sonoff-spm-4relay-wifi-kuni-4x20a\/"},"modified":"2025-08-21T08:19:59","modified_gmt":"2025-08-21T08:19:59","slug":"nutikas-4-kanaline-din-lulitiplokk-sonoff-spm-4relay-wifi-kuni-4x20a","status":"publish","type":"product","link":"https:\/\/blankpage.ee\/_ruumist-ruumi\/pood\/nutikas-4-kanaline-din-lulitiplokk-sonoff-spm-4relay-wifi-kuni-4x20a\/","title":{"rendered":"Nutikas 4-kanaline DIN-l\u00fclitiplokk Sonoff SPM-4Relay (WiFi, kuni 4\u00d720A)"},"content":{"rendered":"<h3>Nutikas 4-kanaline DIN-l\u00fclitiplokk Sonoff SPM-4Relay (WiFi, kuni 4\u00d720A)<\/h3>\n<p>Sonoff SPM-4Relay on nutikas DIN-liistule paigaldatav l\u00fclitiplokk, mis v\u00f5imaldab juhtida kuni nelja s\u00f5ltumatut elektrikanalit (iga kanal kuni 20A). Seade t\u00f6\u00f6tab koos SPM-Main mooduliga (m\u00fc\u00fcgil eraldi), mille kaudu saad j\u00e4lgida energiatarvet ja teha kaugjuhtimist. Paigaldamine on lihtne ning l\u00fcliti sobib standardsesse elektrikilpi.<\/p>\n<p><img loading=\"lazy\" decoding=\"async\" src=\"https:\/\/blankpage.ee\/_ruumist-ruumi\/wp-content\/uploads\/2025\/04\/2-57.webp\" border=\"0\" width=\"1000\" height=\"638\" alt=\"Nutikas relee l\u00fcliti Sonoff SPM-4Relay valge korpusega\" \/><\/p>\n<h3>Mitmek\u00fclgsed kasutusv\u00f5imalused nutikale relee l\u00fclitile<\/h3>\n<p>Sonoff SPM-4Relay sobib ideaalselt olukordadesse, kus on vaja m\u00f5\u00f5ta v\u00f5i j\u00e4lgida t\u00f6\u00f6ruumide, rendipindade v\u00f5i n\u00e4iteks serveriruumide energiatarbimist. Seade v\u00f5imaldab ka kr\u00fcptorahakaevanduste v\u00f5i kaubanduskeskuste koormuse reaalajas j\u00e4lgimist. T\u00e4nu \u00fclekoormuskaitsele on \u00fchendatud seadmed paremini kaitstud elektriliste rikete eest.<\/p>\n<p><img loading=\"lazy\" decoding=\"async\" src=\"https:\/\/blankpage.ee\/_ruumist-ruumi\/wp-content\/uploads\/2025\/04\/6-43.webp\" border=\"0\" width=\"1000\" height=\"637\" alt=\"Elektritarbimise j\u00e4lgimine serveriruumis nutika relee l\u00fclitiga Sonoff SPM-4Relay\" \/><\/p>\n<h3>P\u00fcsiv \u00fchendus ja kaugjuhtimise v\u00f5imalus<\/h3>\n<p>SPM-Main moodul suhtleb pilvega Etherneti v\u00f5i WiFi kaudu ning \u00fchendab kuni 32 SPM-4Relay moodulit RS-485 \u00fchenduse abil. See tagab andmete usaldusv\u00e4\u00e4rse ja stabiilse edastuse ka pikemate vahemaade korral \u2013 sobib eriti h\u00e4sti suurematele haldusobjektidele.<\/p>\n<p><img loading=\"lazy\" decoding=\"async\" src=\"https:\/\/blankpage.ee\/_ruumist-ruumi\/wp-content\/uploads\/2025\/04\/1-62.webp\" border=\"0\" width=\"1000\" height=\"637\" alt=\"Sonoff SPM-4Relay \u00fchendamise skeem elektrikilbis\" \/><\/p>\n<h3>T\u00e4pne energiatarbe m\u00f5\u00f5tmine nutika l\u00fcliti abil<\/h3>\n<p>Kombineerides SPM-4Relay ja SPM-Main mooduli, on v\u00f5imalik iga ruumi v\u00f5i ala kohta j\u00e4lgida t\u00e4pselt energiatarbimist. Sulle on info mugavalt k\u00e4ttesaadav eWeLink rakenduse kaudu, mis v\u00f5imaldab energiatarvet j\u00e4lgida nutiseadmest isegi eemal viibides.<\/p>\n<p><img loading=\"lazy\" decoding=\"async\" src=\"https:\/\/blankpage.ee\/_ruumist-ruumi\/wp-content\/uploads\/2025\/04\/10-4.webp\" border=\"0\" width=\"1000\" height=\"637\" alt=\"eWeLink rakenduse ekraan energiatarbe m\u00f5\u00f5tmise v\u00f5imaluste kuvamiseks Sonoff SPM-4Relay n\u00e4itel\" \/><\/p>\n<h3>Turvalisus t\u00e4nu reguleeritavale \u00fclekoormuskaitsele<\/h3>\n<p>SPM-4Relay pakub seadistatavat \u00fclekoormuskaitset \u2013 kui voolutugevus \u00fcletab rakenduses m\u00e4\u00e4ratud piiri, toimub automaatne v\u00e4ljal\u00fclitus, kaitstes nii seadmeid kui ka kogu s\u00fcsteemi. V\u00f5imalik on kasutada ka koormuse viitefunktsiooni.<\/p>\n<p><img loading=\"lazy\" decoding=\"async\" src=\"https:\/\/blankpage.ee\/_ruumist-ruumi\/wp-content\/uploads\/2025\/04\/3-56.webp\" border=\"0\" width=\"1000\" height=\"637\" alt=\"Nutikal relee l\u00fclitil toimiv \u00fclekoormuskaitse funktsioon\" \/><\/p>\n<h3>Tehnilised andmed<\/h3>\n<div class=\"table-wrapper\">\n<table>\n<tbody>\n<tr>\n<th>Br\u00e4nd<\/th>\n<td>Sonoff<\/td>\n<\/tr>\n<tr>\n<th>Mudel<\/th>\n<td>SPM-4Relay<\/td>\n<\/tr>\n<tr>\n<th>V\u00e4rv<\/th>\n<td>Valge<\/td>\n<\/tr>\n<tr>\n<th>Sisendvool<\/th>\n<td>100\u2013240V ~50\/60Hz, 20A kanal, max 80A<\/td>\n<\/tr>\n<tr>\n<th>V\u00e4ljundvool<\/th>\n<td>100\u2013240V ~50\/60Hz, 20A kanal, max 80A<\/td>\n<\/tr>\n<tr>\n<th>Materjal<\/th>\n<td>PC V0<\/td>\n<\/tr>\n<tr>\n<th>M\u00f5\u00f5dud<\/th>\n<td>250 \u00d7 90 \u00d7 66,5 mm<\/td>\n<\/tr>\n<\/tbody>\n<\/table>\n<\/div>\n<p>Kui otsid usaldusv\u00e4\u00e4rset ja mitmek\u00fclgsete funktsioonidega lahendust, siis nutikas relee l\u00fcliti Sonoff SPM-4Relay sobib suurep\u00e4raselt energiatarbimise j\u00e4lgimiseks ja kaugjuhtimise automatiseerimiseks.<\/p>\n","protected":false},"excerpt":{"rendered":"<p>Nutikas 4-kanaline DIN-l\u00fclitiplokk Sonoff SPM-4Relay (WiFi, kuni 4\u00d720A) Sonoff SPM-4Relay on nutikas DIN-liistule paigaldatav l\u00fclitiplokk, mis v\u00f5imaldab juhtida kuni nelja s\u00f5ltumatut elektrikanalit (iga kanal kuni 20A). Seade t\u00f6\u00f6tab koos SPM-Main mooduliga (m\u00fc\u00fcgil eraldi), mille kaudu saad j\u00e4lgida energiatarvet ja teha kaugjuhtimist. Paigaldamine on lihtne ning l\u00fcliti sobib standardsesse elektrikilpi. Mitmek\u00fclgsed kasutusv\u00f5imalused nutikale relee l\u00fclitile Sonoff [&hellip;]<\/p>\n","protected":false},"featured_media":167608,"comment_status":"open","ping_status":"open","template":"","meta":[],"product_brand":[3037],"product_cat":[3043],"product_tag":[],"class_list":{"0":"post-167602","1":"product","2":"type-product","3":"status-publish","4":"has-post-thumbnail","6":"product_brand-sonoff","7":"product_cat-nutikontrollerid","8":"product_shipping_class-innpro","10":"first","11":"instock","12":"sale","13":"taxable","14":"shipping-taxable","15":"purchasable","16":"product-type-simple"},"_links":{"self":[{"href":"https:\/\/blankpage.ee\/_ruumist-ruumi\/wp-json\/wp\/v2\/product\/167602","targetHints":{"allow":["GET"]}}],"collection":[{"href":"https:\/\/blankpage.ee\/_ruumist-ruumi\/wp-json\/wp\/v2\/product"}],"about":[{"href":"https:\/\/blankpage.ee\/_ruumist-ruumi\/wp-json\/wp\/v2\/types\/product"}],"replies":[{"embeddable":true,"href":"https:\/\/blankpage.ee\/_ruumist-ruumi\/wp-json\/wp\/v2\/comments?post=167602"}],"wp:featuredmedia":[{"embeddable":true,"href":"https:\/\/blankpage.ee\/_ruumist-ruumi\/wp-json\/wp\/v2\/media\/167608"}],"wp:attachment":[{"href":"https:\/\/blankpage.ee\/_ruumist-ruumi\/wp-json\/wp\/v2\/media?parent=167602"}],"wp:term":[{"taxonomy":"product_brand","embeddable":true,"href":"https:\/\/blankpage.ee\/_ruumist-ruumi\/wp-json\/wp\/v2\/product_brand?post=167602"},{"taxonomy":"product_cat","embeddable":true,"href":"https:\/\/blankpage.ee\/_ruumist-ruumi\/wp-json\/wp\/v2\/product_cat?post=167602"},{"taxonomy":"product_tag","embeddable":true,"href":"https:\/\/blankpage.ee\/_ruumist-ruumi\/wp-json\/wp\/v2\/product_tag?post=167602"}],"curies":[{"name":"wp","href":"https:\/\/api.w.org\/{rel}","templated":true}]}}