{"id":167691,"date":"2025-04-17T17:13:05","date_gmt":"2025-04-17T17:13:05","guid":{"rendered":"https:\/\/ruumistruumi.ee\/pood\/nutikas-laevalgusti-yeelight-ylddl-0084-b-2-reguleeritavat-led-spoti-must-wi-fi\/"},"modified":"2025-08-21T08:19:59","modified_gmt":"2025-08-21T08:19:59","slug":"nutikas-laevalgusti-yeelight-ylddl-0084-b-2-reguleeritavat-led-spoti-must-wi-fi","status":"publish","type":"product","link":"https:\/\/blankpage.ee\/_ruumist-ruumi\/pood\/nutikas-laevalgusti-yeelight-ylddl-0084-b-2-reguleeritavat-led-spoti-must-wi-fi\/","title":{"rendered":"Nutikas laevalgusti Yeelight YLDDL-0084-B, 2 reguleeritavat LED spot&#8217;i, must, Wi-Fi"},"content":{"rendered":"<h3>Nutikas laevalgusti Yeelight YLDDL-0084-B (2 reguleeritavat valgusallikat), must<\/h3>\n<p>Nutikas laevalgusti sobib ideaalselt kaasaegsetesse ruumidesse. Yeelight YLDDL-0084-B on stiilne must laevalgusti kahe eraldi seadistatava LED-valgusallikaga, mille asendit saab reguleerida horisontaalselt kuni 350\u00b0 ja vertikaalselt 90\u00b0. Valgustil saad mugavalt muuta valgusparameetreid \u2013 vali \u00fcle 16 miljoni v\u00e4rvitooni, reguleeri eredust ja v\u00e4rvitemperatuuri vastavalt soovile! K\u00f5iki seadeid saad hallata Yeelight \u00e4pis ning lamp \u00fchildub paljude targa kodu s\u00fcsteemidega, sh Samsung SmartThings, Google Home ja teistega.<\/p>\n<p><img loading=\"lazy\" decoding=\"async\" src=\"https:\/\/blankpage.ee\/_ruumist-ruumi\/wp-content\/uploads\/2025\/04\/10-8.webp\" alt=\"Nutikas laevalgusti Yeelight YLDDL-0084-B, reguleeritavad LED spot'id, must\" border=\"0\" width=\"1100\" height=\"700\" \/><\/p>\n<p>&nbsp;<\/p>\n<h3>Paindlik reguleerimine igaks vajaduseks<\/h3>\n<p>Olgu sooviks suunata valgus t\u00f6\u00f6pinnale v\u00f5i luua hubane atmosf\u00e4\u00e4r, Yeelight YLDDL-0084-B v\u00f5imaldab kahte valgusallikat individuaalselt p\u00f6\u00f6rata ja kallutada. Iga valguselementi saad liigutada 350\u00b0 horisontaalselt ja 90\u00b0 vertikaalselt \u2013 nii leiad alati sobiva valguslahenduse vastavalt oma vajadustele.<\/p>\n<p><img loading=\"lazy\" decoding=\"async\" src=\"https:\/\/blankpage.ee\/_ruumist-ruumi\/wp-content\/uploads\/2025\/04\/6-48.webp\" alt=\"Reguleeritav laevalgusti LED spotidega erinevates asendites\" border=\"0\" width=\"1100\" height=\"700\" \/><\/p>\n<p>&nbsp;<\/p>\n<h3>Rohkem valgust ja meeleolu v\u00e4rvusega<\/h3>\n<p>Plaanitad filmi\u00f5htut, pidu v\u00f5i soovid lihtsalt muuta ruumi \u00f5hustikku? Nutikas laevalgusti Yeelight laseb valida rohkem kui 16 miljoni v\u00e4rvitooni vahel, et sobitada valgus igaks meeleoluks ja olukorraks.<\/p>\n<p><img loading=\"lazy\" decoding=\"async\" src=\"https:\/\/blankpage.ee\/_ruumist-ruumi\/wp-content\/uploads\/2025\/04\/3-64.webp\" alt=\"V\u00e4rvilise valguse v\u00f5imalused nutika LED laevalgustiga\" border=\"0\" width=\"1100\" height=\"700\" \/><\/p>\n<p>&nbsp;<\/p>\n<h3>Reguleeritavad eredus ja valguse temperatuur<\/h3>\n<p>Yeelight nutikas laevalgusti v\u00f5imaldab muuta valguse eredust ja v\u00e4rvitemperatuuri (2700\u20136500K). K\u00fclm valge valgus sobib t\u00f6\u00f6tegemiseks, soe ja pehme valgus aitab l\u00f5\u00f5gastuda p\u00e4rast pikka p\u00e4eva.<\/p>\n<p><img loading=\"lazy\" decoding=\"async\" src=\"https:\/\/blankpage.ee\/_ruumist-ruumi\/wp-content\/uploads\/2025\/04\/2-64.webp\" alt=\"Nutikas laevalgusti \u2013 ereduse ja v\u00e4rvitemperatuuri muutmine \u00e4pis\" border=\"0\" width=\"1100\" height=\"700\" \/><\/p>\n<p>&nbsp;<\/p>\n<h3>Kaugjuhtimine ning h\u00e4\u00e4lk\u00e4sklused targa kodu s\u00fcsteemides<\/h3>\n<p>Juhi valgustit lihtsalt nutitelefoni \u00e4pist v\u00f5i h\u00e4\u00e4lk\u00e4sklustega Google Assistanti ja Amazon Alexa abiga. Nutikas laevalgusti toetab ka Samsung SmartThings platvormi ning m\u00e4nguritele Razer Chroma RGB efekte.<\/p>\n<p><img loading=\"lazy\" decoding=\"async\" src=\"https:\/\/blankpage.ee\/_ruumist-ruumi\/wp-content\/uploads\/2025\/04\/4-56.webp\" alt=\"Laevalgusti juhtimine \u00e4pi v\u00f5i h\u00e4\u00e4lk\u00e4sklustega targa kodu platvormidel\" border=\"0\" width=\"1100\" height=\"700\" \/><\/p>\n<p>&nbsp;<\/p>\n<h3>Gruppjuhtimine ja automaatsed stsenaariumid<\/h3>\n<p>Juhi k\u00f5ik oma valgustid korraga v\u00f5i loo nutikad stseenid vastavalt soovitud olukorrale. Yeelighti targa laevalgustiga saad seadistada valgustuse \u00fchiselt tegutsema vastavalt tegevustele v\u00f5i kellaaegadele.<\/p>\n<p><img loading=\"lazy\" decoding=\"async\" src=\"https:\/\/blankpage.ee\/_ruumist-ruumi\/wp-content\/uploads\/2025\/04\/1-69.webp\" alt=\"Mitme ruumi juhtimine nutika laevalgustiga\" border=\"0\" width=\"1100\" height=\"700\" \/><\/p>\n<p>&nbsp;<\/p>\n<h3>Paindlik sobivus igasse tuppa<\/h3>\n<p>Yeelight nutikas laevalgusti sobib igasse sisekujundusse: saadaval on erinevad v\u00e4rvitoonid (must, valge) ja suurused (1\u20133 valgusallikaga). Kas vajad \u00fcldvalgust magamistuppa v\u00f5i aktsentvalgust k\u00f6\u00f6ki v\u00f5i garderoobi \u2013 see laevalgusti pakub mitmek\u00fclgseid v\u00f5imalusi.<\/p>\n<p><img loading=\"lazy\" decoding=\"async\" src=\"https:\/\/blankpage.ee\/_ruumist-ruumi\/wp-content\/uploads\/2025\/04\/9-19.webp\" alt=\"Erinevad Yeelight laevalgustid erinevates sisekujundustes\" border=\"0\" width=\"1100\" height=\"700\" \/><\/p>\n<p>&nbsp;<\/p>\n<h3>Tehnilised andmed<\/h3>\n<table>\n<tr>\n<th>Tootja<\/th>\n<td>Yeelight<\/td>\n<\/tr>\n<tr>\n<th>Mudel<\/th>\n<td>YLDDL-0084-B<\/td>\n<\/tr>\n<tr>\n<th>V\u00e4rv<\/th>\n<td>Must<\/td>\n<\/tr>\n<tr>\n<th>V\u00f5imsus<\/th>\n<td>kuni 60 W (maksimaalselt \u00fcks lamp)<\/td>\n<\/tr>\n<tr>\n<th>Valgusvoog<\/th>\n<td>700 lm<\/td>\n<\/tr>\n<tr>\n<th>Sokkel\/t\u00fc\u00fcp<\/th>\n<td>GU10<\/td>\n<\/tr>\n<tr>\n<th>M\u00f5\u00f5dud<\/th>\n<td>260 \u00d7 70 \u00d7 20 mm \/ \u00d868 mm, H=100 mm<\/td>\n<\/tr>\n<tr>\n<th>Valgusnurk<\/th>\n<td>36\u00b0<\/td>\n<\/tr>\n<tr>\n<th>Toide<\/th>\n<td>220\u2013240 V, 50\/60 Hz, 50 mA<\/td>\n<\/tr>\n<tr>\n<th>\u00dchenduvus<\/th>\n<td>Wi-Fi (IEEE 802.11 b\/g\/n, 2,4 GHz)<\/td>\n<\/tr>\n<tr>\n<th>L\u00fclitusts\u00fcklid<\/th>\n<td>15 000<\/td>\n<\/tr>\n<\/table>\n<p>Yeelight nutikas laevalgusti on mitmek\u00fclgne ja t\u00f5hus valguslahendus igasse koju v\u00f5i kontorisse \u2013 mugavalt juhitav ning lihtsalt kohandatav vastavalt teie vajadustele.<\/p>\n","protected":false},"excerpt":{"rendered":"<p>Nutikas laevalgusti Yeelight YLDDL-0084-B (2 reguleeritavat valgusallikat), must Nutikas laevalgusti sobib ideaalselt kaasaegsetesse ruumidesse. Yeelight YLDDL-0084-B on stiilne must laevalgusti kahe eraldi seadistatava LED-valgusallikaga, mille asendit saab reguleerida horisontaalselt kuni 350\u00b0 ja vertikaalselt 90\u00b0. Valgustil saad mugavalt muuta valgusparameetreid \u2013 vali \u00fcle 16 miljoni v\u00e4rvitooni, reguleeri eredust ja v\u00e4rvitemperatuuri vastavalt soovile! K\u00f5iki seadeid saad hallata [&hellip;]<\/p>\n","protected":false},"featured_media":167699,"comment_status":"open","ping_status":"open","template":"","meta":[],"product_brand":[2933],"product_cat":[3060],"product_tag":[],"class_list":{"0":"post-167691","1":"product","2":"type-product","3":"status-publish","4":"has-post-thumbnail","6":"product_brand-yeelight","7":"product_cat-valgustiseadmed","8":"product_shipping_class-innpro","10":"first","11":"instock","12":"sale","13":"taxable","14":"shipping-taxable","15":"purchasable","16":"product-type-simple"},"_links":{"self":[{"href":"https:\/\/blankpage.ee\/_ruumist-ruumi\/wp-json\/wp\/v2\/product\/167691","targetHints":{"allow":["GET"]}}],"collection":[{"href":"https:\/\/blankpage.ee\/_ruumist-ruumi\/wp-json\/wp\/v2\/product"}],"about":[{"href":"https:\/\/blankpage.ee\/_ruumist-ruumi\/wp-json\/wp\/v2\/types\/product"}],"replies":[{"embeddable":true,"href":"https:\/\/blankpage.ee\/_ruumist-ruumi\/wp-json\/wp\/v2\/comments?post=167691"}],"wp:featuredmedia":[{"embeddable":true,"href":"https:\/\/blankpage.ee\/_ruumist-ruumi\/wp-json\/wp\/v2\/media\/167699"}],"wp:attachment":[{"href":"https:\/\/blankpage.ee\/_ruumist-ruumi\/wp-json\/wp\/v2\/media?parent=167691"}],"wp:term":[{"taxonomy":"product_brand","embeddable":true,"href":"https:\/\/blankpage.ee\/_ruumist-ruumi\/wp-json\/wp\/v2\/product_brand?post=167691"},{"taxonomy":"product_cat","embeddable":true,"href":"https:\/\/blankpage.ee\/_ruumist-ruumi\/wp-json\/wp\/v2\/product_cat?post=167691"},{"taxonomy":"product_tag","embeddable":true,"href":"https:\/\/blankpage.ee\/_ruumist-ruumi\/wp-json\/wp\/v2\/product_tag?post=167691"}],"curies":[{"name":"wp","href":"https:\/\/api.w.org\/{rel}","templated":true}]}}