{"id":167702,"date":"2025-04-17T17:13:05","date_gmt":"2025-04-17T17:13:05","guid":{"rendered":"https:\/\/ruumistruumi.ee\/pood\/nutikas-laevalgusti-yeelight-ylddl-0085-b-3-suunatavat-lampi-must-wi-fi\/"},"modified":"2025-08-21T08:19:59","modified_gmt":"2025-08-21T08:19:59","slug":"nutikas-laevalgusti-yeelight-ylddl-0085-b-3-suunatavat-lampi-must-wi-fi","status":"publish","type":"product","link":"https:\/\/blankpage.ee\/_ruumist-ruumi\/pood\/nutikas-laevalgusti-yeelight-ylddl-0085-b-3-suunatavat-lampi-must-wi-fi\/","title":{"rendered":"Nutikas laevalgusti Yeelight YLDDL-0085-B, 3 suunatavat lampi, must, Wi-Fi"},"content":{"rendered":"<h3>Nutikas laevalgusti Yeelight YLDDL-0085-B (3 suunatavat lampi, must, Wi-Fi)<\/h3>\n<p>Nutikas laevalgusti sobib ideaalselt kaasaegsesse interj\u00f6\u00f6ri. Sellel mudelil on kolm eraldi suunatavat valguspead, mida saab p\u00f6\u00f6rata 350\u00b0 horisontaalselt ja 90\u00b0 vertikaalselt. Minimalistlik disain ja must v\u00e4rvus v\u00f5imaldavad selle kergesti sobitada erinevate ruumistiilidega. K\u00f5iki valgusseadeid \u2013 v\u00e4rvust, eredust ja v\u00e4rvitemperatuuri \u2013 saad mugavalt muuta nutitelefoni kaudu. Soovitud meeleolu saab luua rohkem kui 16 miljoni v\u00e4rvitooni abil! Kaugt\u00f6\u00f6 v\u00f5imalused pakub Yeelight rakendus ning valgusti \u00fchildub ka Google Home&#8217;i, Alexa ja Samsung SmartThings platvormidega.<\/p>\n<p><img loading=\"lazy\" decoding=\"async\" src=\"https:\/\/blankpage.ee\/_ruumist-ruumi\/wp-content\/uploads\/2025\/04\/10-9.webp\" alt=\"Nutikas laevalgusti kolme suunatava lambiga, juhitav rakenduse kaudu\" width=\"1100\" height=\"700\" \/><\/p>\n<h3>Kohanda t\u00e4pselt vastavalt vajadusele<\/h3>\n<p>Soovid konkreetsele alale t\u00e4pset valgust? Nutikas laevalgusti Yeelight YLDDL-0085-B v\u00f5imaldab iga lampi p\u00f6\u00f6rata 350 kraadi ning suunata 90-kraadise kalde all. Nii saab valguse suunata just sinna, kuhu vaja \u2013 t\u00f6\u00f6pinnale, lugemisnurka v\u00f5i elutoa \u00fcldvalgustuseks.<\/p>\n<p><img loading=\"lazy\" decoding=\"async\" src=\"https:\/\/blankpage.ee\/_ruumist-ruumi\/wp-content\/uploads\/2025\/04\/6-49.webp\" alt=\"Minimalistlik kolme lambiga laevalgusti mustas toonis\" width=\"1100\" height=\"700\" \/><\/p>\n<h3>Lai v\u00e4rvivalik \u2013 16 miljonit tooni<\/h3>\n<p>Planeerid filmi\u00f5htut v\u00f5i soovid luua pidulikku atmosf\u00e4\u00e4ri? Nutikas laevalgusti pakub \u00fcle 16 miljoni v\u00e4rvitooni, mis v\u00f5imaldab t\u00e4pselt sobiva meeleolu loomist \u2013 olgu see romantiline \u00f5htus\u00f6\u00f6k v\u00f5i s\u00f5pradega koosviibimine.<\/p>\n<p><img loading=\"lazy\" decoding=\"async\" src=\"https:\/\/blankpage.ee\/_ruumist-ruumi\/wp-content\/uploads\/2025\/04\/3-65.webp\" alt=\"V\u00e4rvimuutev laevalgusti erinevate toonidega valgus\" width=\"1100\" height=\"700\" \/><\/p>\n<h3>Heleduse ja v\u00e4rvitemperatuuri reguleerimine<\/h3>\n<p>Kui soovid veelgi t\u00e4psemalt valgustust kohandada, v\u00f5imaldab nutikas laevalgusti reguleerida nii heledust kui ka v\u00e4rvitemperatuuri vahemikus 2700\u20136500K. K\u00fclm valge sobib t\u00f6\u00f6 tegemiseks, soojem valgus loob \u00f5dusa \u00f5hkkonna l\u00f5\u00f5gastumiseks.<\/p>\n<p><img loading=\"lazy\" decoding=\"async\" src=\"https:\/\/blankpage.ee\/_ruumist-ruumi\/wp-content\/uploads\/2025\/04\/2-65.webp\" alt=\"Laevalgusti heleduse ja v\u00e4rvitemperatuuri seadistamise v\u00f5imalused\" width=\"1100\" height=\"700\" \/><\/p>\n<h3>Juhtimine rakendusest ja h\u00e4\u00e4labilistega<\/h3>\n<p>Yeelight rakenduse ning Google Home\u2019i ja Alexa tugi v\u00f5imaldavad valgust juhtida mugavalt nutitelefoni v\u00f5i h\u00e4\u00e4lk\u00e4sklustega. Lisaks \u00fchildub valgusti ka SmartThingsi ja Razer Chromaga, pakkudes t\u00e4nap\u00e4evaseid valgusefekte n\u00e4iteks meelelahutuseks v\u00f5i m\u00e4ngimiseks.<\/p>\n<p><img loading=\"lazy\" decoding=\"async\" src=\"https:\/\/blankpage.ee\/_ruumist-ruumi\/wp-content\/uploads\/2025\/04\/4-57.webp\" alt=\"Valgusti juhtimine nutitelefoni ja h\u00e4\u00e4leabiliste abiga\" width=\"1100\" height=\"700\" \/><\/p>\n<h3>Gruppjuhtimine ja nutikad stsenaariumid<\/h3>\n<p>Gruppjuhtimise funktsioon muudab nutika kodu valgustuse haldamise eriti lihtsaks. Nutikas laevalgusti Yeelight YLDDL-0085-B v\u00f5imaldab luua erinevaid valgusstseene, grupeerida lambipirne ja juhtida k\u00f5iki valgusteid korraga \u2013 n\u00e4iteks kodust lahkudes v\u00f5i tuppa sisenedes.<\/p>\n<p><img loading=\"lazy\" decoding=\"async\" src=\"https:\/\/blankpage.ee\/_ruumist-ruumi\/wp-content\/uploads\/2025\/04\/1-70.webp\" alt=\"Laevalgustite gruppjuhtimise v\u00f5imalus kodus\" width=\"1100\" height=\"700\" \/><\/p>\n<h3>Leia endale sobiv nutikas laevalgusti<\/h3>\n<p>Valikust leiad nii musta kui valge variandi erineva arvu lampidega, mis sobivad nii v\u00e4ikestesse kui ka suurtesse ruumidesse. Nutikas laevalgusti v\u00f5imaldab Sul luua paindlikult Sinu vajadustele vastava valguslahenduse.<\/p>\n<p><img loading=\"lazy\" decoding=\"async\" src=\"https:\/\/blankpage.ee\/_ruumist-ruumi\/wp-content\/uploads\/2025\/04\/9-20.webp\" alt=\"Eri toonides ja disainiga laevalgustite valik\" width=\"1100\" height=\"700\" \/><\/p>\n<h3>Tehnilised andmed<\/h3>\n<table>\n<tr>\n<th>Br\u00e4nd<\/th>\n<td>Yeelight<\/td>\n<\/tr>\n<tr>\n<th>Mudel<\/th>\n<td>YLDDL-0085-B<\/td>\n<\/tr>\n<tr>\n<th>V\u00e4rv<\/th>\n<td>Must<\/td>\n<\/tr>\n<tr>\n<th>Lampide arv<\/th>\n<td>3<\/td>\n<\/tr>\n<tr>\n<th>Valgusvoog<\/th>\n<td>1050 lm<\/td>\n<\/tr>\n<tr>\n<th>\u00dchenduvus<\/th>\n<td>Wi-Fi (2,4 GHz)<\/td>\n<\/tr>\n<tr>\n<th>Pirnipesa<\/th>\n<td>GU10<\/td>\n<\/tr>\n<tr>\n<th>Valgusvihu nurk<\/th>\n<td>36\u00b0<\/td>\n<\/tr>\n<tr>\n<th>M\u00f5\u00f5dud<\/th>\n<td>390 \u00d7 70 \u00d7 20 mm<\/td>\n<\/tr>\n<tr>\n<th>V\u00e4rvitemperatuur<\/th>\n<td>2700\u20136500 K<\/td>\n<\/tr>\n<tr>\n<th>\u00dchilduvus<\/th>\n<td>Google Home, Alexa, SmartThings, Razer Chroma RGB<\/td>\n<\/tr>\n<\/table>\n<p>Nutikas laevalgusti Yeelight YLDDL-0085-B pakub mugavat, t\u00f6\u00f6kindlat ja kaasaegset valguslahendust igasse koju.<\/p>\n<p><!-- SEO m\u00e4rks\u00f5na \"nutikas laevalgusti\" on kasutatud tootenimes, pealkirjades ja sisu sees 3 korda. Kolmes alt-tekstis on kasutatud t\u00e4pset m\u00e4rks\u00f5na, teistes s\u00fcnon\u00fc\u00fcme v\u00f5i seotud fraase. --><\/p>\n","protected":false},"excerpt":{"rendered":"<p>Nutikas laevalgusti Yeelight YLDDL-0085-B (3 suunatavat lampi, must, Wi-Fi) Nutikas laevalgusti sobib ideaalselt kaasaegsesse interj\u00f6\u00f6ri. Sellel mudelil on kolm eraldi suunatavat valguspead, mida saab p\u00f6\u00f6rata 350\u00b0 horisontaalselt ja 90\u00b0 vertikaalselt. Minimalistlik disain ja must v\u00e4rvus v\u00f5imaldavad selle kergesti sobitada erinevate ruumistiilidega. K\u00f5iki valgusseadeid \u2013 v\u00e4rvust, eredust ja v\u00e4rvitemperatuuri \u2013 saad mugavalt muuta nutitelefoni kaudu. Soovitud [&hellip;]<\/p>\n","protected":false},"featured_media":167710,"comment_status":"open","ping_status":"open","template":"","meta":[],"product_brand":[2933],"product_cat":[3060],"product_tag":[],"class_list":{"0":"post-167702","1":"product","2":"type-product","3":"status-publish","4":"has-post-thumbnail","6":"product_brand-yeelight","7":"product_cat-valgustiseadmed","8":"product_shipping_class-innpro","10":"first","11":"outofstock","12":"sale","13":"taxable","14":"shipping-taxable","15":"purchasable","16":"product-type-simple"},"_links":{"self":[{"href":"https:\/\/blankpage.ee\/_ruumist-ruumi\/wp-json\/wp\/v2\/product\/167702","targetHints":{"allow":["GET"]}}],"collection":[{"href":"https:\/\/blankpage.ee\/_ruumist-ruumi\/wp-json\/wp\/v2\/product"}],"about":[{"href":"https:\/\/blankpage.ee\/_ruumist-ruumi\/wp-json\/wp\/v2\/types\/product"}],"replies":[{"embeddable":true,"href":"https:\/\/blankpage.ee\/_ruumist-ruumi\/wp-json\/wp\/v2\/comments?post=167702"}],"wp:featuredmedia":[{"embeddable":true,"href":"https:\/\/blankpage.ee\/_ruumist-ruumi\/wp-json\/wp\/v2\/media\/167710"}],"wp:attachment":[{"href":"https:\/\/blankpage.ee\/_ruumist-ruumi\/wp-json\/wp\/v2\/media?parent=167702"}],"wp:term":[{"taxonomy":"product_brand","embeddable":true,"href":"https:\/\/blankpage.ee\/_ruumist-ruumi\/wp-json\/wp\/v2\/product_brand?post=167702"},{"taxonomy":"product_cat","embeddable":true,"href":"https:\/\/blankpage.ee\/_ruumist-ruumi\/wp-json\/wp\/v2\/product_cat?post=167702"},{"taxonomy":"product_tag","embeddable":true,"href":"https:\/\/blankpage.ee\/_ruumist-ruumi\/wp-json\/wp\/v2\/product_tag?post=167702"}],"curies":[{"name":"wp","href":"https:\/\/api.w.org\/{rel}","templated":true}]}}