{"id":167752,"date":"2025-04-17T18:04:19","date_gmt":"2025-04-17T18:04:19","guid":{"rendered":"https:\/\/ruumistruumi.ee\/pood\/kuunlaleegi-meeleoluvalgusti-yeelight-candela-ylfwd-0019-laetava-akuga-1800k-usb%e2%80%91c\/"},"modified":"2025-08-21T08:19:58","modified_gmt":"2025-08-21T08:19:58","slug":"kuunlaleegi-meeleoluvalgusti-yeelight-candela-ylfwd-0019-laetava-akuga-1800k-usb%e2%80%91c","status":"publish","type":"product","link":"https:\/\/blankpage.ee\/_ruumist-ruumi\/pood\/kuunlaleegi-meeleoluvalgusti-yeelight-candela-ylfwd-0019-laetava-akuga-1800k-usb%e2%80%91c\/","title":{"rendered":"K\u00fc\u00fcnlaleegi meeleoluvalgusti Yeelight Candela YLFWD-0019 (laetava akuga, 1800K, USB\u2011C)"},"content":{"rendered":"<h3>K\u00fc\u00fcnlaleegi meeleoluvalgusti Yeelight Candela<\/h3>\n<p>K\u00fc\u00fcnlaleegi meeleoluvalgusti Yeelight Candela YLFWD-0019 on kaasaegne LED-lamp, mis loob m\u00f5nusa ja hubase \u00f5hkkonna igasse ruumi. Minimalistlik ning elegantne disain sobib suurep\u00e4raselt nii koju, kontorisse kui ka pidulikumatele s\u00fcndmustele. Lamp kiirgab sooja valgust v\u00e4rvustemperatuuriga 1800K, mis on sarnane ehtsa k\u00fc\u00fcnlaleegiga ja tagab loomuliku, pehme valguse. T\u00e4nu laetavale 2500 mAh akule saad paigutada valgusti sinna, kuhu vajad \u2013 ei s\u00f5ltu juhtmetest.<\/p>\n<p>Lambi eredust saab h\u00f5lpsasti reguleerida keerates korpuse \u00fclaosa, valides endale sobiva valguse vahemikus 1% kuni 100%. Valida saab kahe re\u017eiimi vahel: t\u00f5etruu k\u00fc\u00fcnlaleegi imitatsioon ja \u00fchtlane valgus. Lambi alusel asuv l\u00fcliti v\u00f5imaldab mugavalt re\u017eiimi vahetada.<\/p>\n<p>Kompaktne kuju (72 \u00d7 195 mm) ja kaal (umbes 410 g) teevad Yeelight Candela sobivaks nii lauale, \u00f6\u00f6kapile kui terrassile. V\u00f5imas aku v\u00f5imaldab kasutada valgustit kuni 100 tundi madalaima ning kuni 9,5 tundi maksimaalse eredusega. Lampi saab laadida kaasaegse USB-C kaabli abil.<\/p>\n<p><img loading=\"lazy\" decoding=\"async\" src=\"https:\/\/blankpage.ee\/_ruumist-ruumi\/wp-content\/uploads\/2025\/04\/2-68.webp\" alt=\"K\u00fc\u00fcnlaleegi meeleoluvalgusti Yeelight Candela lamp laetava akuga ja pakendis\" width=\"1100\" height=\"700\" \/><\/p>\n<h3>Unikaalne valgus atmosf\u00e4\u00e4ri loomiseks<\/h3>\n<p>Soovid luua romantilist \u00f5htut v\u00f5i meeldej\u00e4\u00e4vat fiilingut pidulikul \u00f5htus\u00f6\u00f6gil? K\u00fc\u00fcnlaleegi meeleoluvalgusti Yeelight Candela sobib suurep\u00e4raselt sellisteks situatsioonideks. Lamp pakub loomulikku, pehmet valgust ning kahte valgusre\u017eiimi \u2013 k\u00fc\u00fcnlaleegi j\u00e4ljendamine v\u00f5i pidev valgus. Valguse eredust saad seadistada vastavalt oma soovile.<\/p>\n<p><img loading=\"lazy\" decoding=\"async\" src=\"https:\/\/blankpage.ee\/_ruumist-ruumi\/wp-content\/uploads\/2025\/04\/4-58.webp\" alt=\"Reguleeritava valgusega LED-laetav meeleoluvalgusti Yeelight Candela\" width=\"1100\" height=\"700\" \/><\/p>\n<h3>Praktiline ja mugav kasutada<\/h3>\n<p>K\u00fc\u00fcnlaleegi meeleoluvalgusti kasutamine on lihtne \u2014 valguse eredust saad mugavalt reguleerida keerates lambi \u00fclaosa. Re\u017eiimide vahel vahetamine toimub kiirelt alusel asetsevast nupust. Stiilne ja funktsionaalne lahendus iga koju.<\/p>\n<p><img loading=\"lazy\" decoding=\"async\" src=\"https:\/\/blankpage.ee\/_ruumist-ruumi\/wp-content\/uploads\/2025\/04\/17.webp\" alt=\"Stiilne Yeelight Candela kaasaegse disainiga meeleoluvalgusti\" width=\"1100\" height=\"700\" \/><\/p>\n<h3>Kauakestev aku<\/h3>\n<p>K\u00fc\u00fcnlaleegi meeleoluvalgusti Yeelight Candela YLFWD-0019 pakub pikka kasutusaega. T\u00e4nu 2500 mAh liitiumakule t\u00f6\u00f6tab lamp kuni 100 tundi madalaima ning kuni 9,5 tundi maksimaalse eredusega. Laadimine toimub USB-C kaabli abil.<\/p>\n<p><img loading=\"lazy\" decoding=\"async\" src=\"https:\/\/blankpage.ee\/_ruumist-ruumi\/wp-content\/uploads\/2025\/04\/8-33.webp\" alt=\"Yeelight Candela meeleoluvalgusti USB-C kaudu laadimisel\" width=\"1100\" height=\"700\" \/><\/p>\n<h3>Komplektis:<\/h3>\n<ul>\n<li>Kasutusjuhend<\/li>\n<li>USB-kaabel<\/li>\n<\/ul>\n<h3>Tehnilised andmed:<\/h3>\n<table>\n<tr>\n<th>Tootja<\/th>\n<td>Yeelight<\/td>\n<\/tr>\n<tr>\n<th>Mudel<\/th>\n<td>YLFWD-0019<\/td>\n<\/tr>\n<tr>\n<th>M\u00f5\u00f5tmed<\/th>\n<td>72 \u00d7 195 mm<\/td>\n<\/tr>\n<tr>\n<th>Kaal<\/th>\n<td>410 g<\/td>\n<\/tr>\n<tr>\n<th>Eredus<\/th>\n<td>1% \u2013 100%<\/td>\n<\/tr>\n<tr>\n<th>V\u00f5imsus<\/th>\n<td>5 W<\/td>\n<\/tr>\n<tr>\n<th>Akumaht<\/th>\n<td>2500 mAh<\/td>\n<\/tr>\n<tr>\n<th>T\u00f6\u00f6tamistemperatuur<\/th>\n<td>-10\u00b0C \u2013 40\u00b0C<\/td>\n<\/tr>\n<\/table>\n<p>K\u00fc\u00fcnlaleegi meeleoluvalgusti sobib ideaalselt igasse interj\u00f6\u00f6ri, tuues ruumi hubasust ja v\u00f5imaldades paindlikult valida meeleoluvalguse vastavalt olukorrale.<\/p>\n","protected":false},"excerpt":{"rendered":"<p>K\u00fc\u00fcnlaleegi meeleoluvalgusti Yeelight Candela K\u00fc\u00fcnlaleegi meeleoluvalgusti Yeelight Candela YLFWD-0019 on kaasaegne LED-lamp, mis loob m\u00f5nusa ja hubase \u00f5hkkonna igasse ruumi. Minimalistlik ning elegantne disain sobib suurep\u00e4raselt nii koju, kontorisse kui ka pidulikumatele s\u00fcndmustele. Lamp kiirgab sooja valgust v\u00e4rvustemperatuuriga 1800K, mis on sarnane ehtsa k\u00fc\u00fcnlaleegiga ja tagab loomuliku, pehme valguse. T\u00e4nu laetavale 2500 mAh akule saad [&hellip;]<\/p>\n","protected":false},"featured_media":167757,"comment_status":"open","ping_status":"open","template":"","meta":[],"product_brand":[2933],"product_cat":[3040],"product_tag":[],"class_list":{"0":"post-167752","1":"product","2":"type-product","3":"status-publish","4":"has-post-thumbnail","6":"product_brand-yeelight","7":"product_cat-laua-ja-oolambid","8":"product_shipping_class-innpro","10":"first","11":"instock","12":"sale","13":"taxable","14":"shipping-taxable","15":"purchasable","16":"product-type-simple"},"_links":{"self":[{"href":"https:\/\/blankpage.ee\/_ruumist-ruumi\/wp-json\/wp\/v2\/product\/167752","targetHints":{"allow":["GET"]}}],"collection":[{"href":"https:\/\/blankpage.ee\/_ruumist-ruumi\/wp-json\/wp\/v2\/product"}],"about":[{"href":"https:\/\/blankpage.ee\/_ruumist-ruumi\/wp-json\/wp\/v2\/types\/product"}],"replies":[{"embeddable":true,"href":"https:\/\/blankpage.ee\/_ruumist-ruumi\/wp-json\/wp\/v2\/comments?post=167752"}],"wp:featuredmedia":[{"embeddable":true,"href":"https:\/\/blankpage.ee\/_ruumist-ruumi\/wp-json\/wp\/v2\/media\/167757"}],"wp:attachment":[{"href":"https:\/\/blankpage.ee\/_ruumist-ruumi\/wp-json\/wp\/v2\/media?parent=167752"}],"wp:term":[{"taxonomy":"product_brand","embeddable":true,"href":"https:\/\/blankpage.ee\/_ruumist-ruumi\/wp-json\/wp\/v2\/product_brand?post=167752"},{"taxonomy":"product_cat","embeddable":true,"href":"https:\/\/blankpage.ee\/_ruumist-ruumi\/wp-json\/wp\/v2\/product_cat?post=167752"},{"taxonomy":"product_tag","embeddable":true,"href":"https:\/\/blankpage.ee\/_ruumist-ruumi\/wp-json\/wp\/v2\/product_tag?post=167752"}],"curies":[{"name":"wp","href":"https:\/\/api.w.org\/{rel}","templated":true}]}}