{"id":167796,"date":"2025-04-17T18:05:15","date_gmt":"2025-04-17T18:05:15","guid":{"rendered":"https:\/\/ruumistruumi.ee\/pood\/nutikas-temperatuuriluliti-wifi-ga-sonoff-thr316-16a-din-paigaldus\/"},"modified":"2025-08-21T08:19:58","modified_gmt":"2025-08-21T08:19:58","slug":"nutikas-temperatuuriluliti-wifi-ga-sonoff-thr316-16a-din-paigaldus","status":"publish","type":"product","link":"https:\/\/blankpage.ee\/_ruumist-ruumi\/pood\/nutikas-temperatuuriluliti-wifi-ga-sonoff-thr316-16a-din-paigaldus\/","title":{"rendered":"Nutikas temperatuuril\u00fcliti WiFi-ga Sonoff THR316 (16A, DIN-paigaldus)"},"content":{"rendered":"<h3>Nutikas temperatuuril\u00fcliti Sonoff THR316: WiFi ja kaugjuhtimine<\/h3>\n<p>Nutikas temperatuuril\u00fcliti Sonoff THR316 on 16 A releega nutiseade, millega saad h\u00f5lpsalt j\u00e4lgida ja juhtida nii temperatuuri kui ka \u00f5huniiskust erinevates siseruumides. See sobib suurep\u00e4raselt kasutamiseks n\u00e4iteks kodu k\u00fcttes\u00fcsteemides, siseruumides asuvates basseinides, veinikeldrites, kasvuhoonetes ja terrariumides. Seade \u00fchildub mitmete temperatuuri- ja \u00f5huniiskuse anduritega ning seda saab mugavalt juhtida eWeLink rakenduse kaudu.<\/p>\n<p><img decoding=\"async\" src=\"https:\/\/blankpage.ee\/_ruumist-ruumi\/wp-content\/uploads\/2025\/04\/5-58.webp\" alt=\"nutikas temperatuuril\u00fcliti Sonoff THR316 valge DIN-liistule paigaldatud korpusega\"><\/p>\n<h3>P\u00f5hjalikud juhtimisv\u00f5imalused erinevates rakendustes<\/h3>\n<p>THR316 sobib nii kodu kui ka suurema v\u00f5imsustarbega seadmete, n\u00e4iteks p\u00f5randak\u00fctte juhtimiseks. RJ9 (4P4C) liidese kaudu saab \u00fchendada erinevaid Sonoffi andureid: DS18B20 v\u00f5imaldab m\u00f5\u00f5ta temperatuuri ka niiskes keskkonnas, SI7021 j\u00e4lgib \u00f5huniiskust ning MS01 mullaniiskuse anduriga saad kontrollida kasvumulla niiskust. Seade \u00fchildub Home Assistant ja IFTTT platvormidega ning toetab Amazon Alexa ja Google Assistanti h\u00e4\u00e4ljuhtimist.<\/p>\n<p><img decoding=\"async\" src=\"https:\/\/blankpage.ee\/_ruumist-ruumi\/wp-content\/uploads\/2025\/04\/2-71.webp\" alt=\"Sonoff THR316 \u00fchilduvus erinevate temperatuuri-, niiskus- ja mullaniiskuse anduritega\"><\/p>\n<h3>Kaugjuhtimine ja automatiseerimine mobiilirakendusega<\/h3>\n<p>K\u00f5iki \u00fchendatud seadmeid saad juhtida eWeLink mobiilirakendusega \u2013 l\u00fclita sisse v\u00f5i v\u00e4lja, sea taimerid ning automatiseeri k\u00fctet, ventilatsiooni v\u00f5i teisi elektriseadmeid just enda vajaduste j\u00e4rgi. Saad j\u00e4lgida energiatarbimist ning kasutada kuni 8 eelh\u00e4\u00e4lestatud programmi, et muuta juhtimine veelgi mugavamaks ja energiat\u00f5husamaks. L\u00fcliti toimib ka kohalikus v\u00f5rgus (LAN-re\u017eiimis), v\u00f5imaldades juhtimist isegi ajutise internetikatkestuse korral.<\/p>\n<p><img decoding=\"async\" src=\"https:\/\/blankpage.ee\/_ruumist-ruumi\/wp-content\/uploads\/2025\/04\/10-10.webp\" alt=\"nutika temperatuuril\u00fcliti juhtimine eWeLink mobiilirakendusest distantsilt\"><\/p>\n<h3>Reaalajas monitooring, ajaloo kogumine ja anal\u00fc\u00fcs<\/h3>\n<p>Relee m\u00f5\u00f5dab pidevalt temperatuuri ja \u00f5huniiskust ning saadab eWeLink rakenduses teavitusi k\u00f5ikide muudatuste kohta. V\u00f5imalik on vaadelda ja salvestada m\u00f5\u00f5teandmete ajalugu graafikutena (tund, p\u00e4ev, kuu) ning eksportida kuni 6 kuu andmeid xlsx-vormingus, et lihtsustada j\u00e4lgimist ja anal\u00fc\u00fcsi.<\/p>\n<p><img decoding=\"async\" src=\"https:\/\/blankpage.ee\/_ruumist-ruumi\/wp-content\/uploads\/2025\/04\/3-69.webp\" alt=\"nutikas temperatuuril\u00fcliti ajaloolised temperatuurigraafikud eWeLink rakenduses\"><\/p>\n<h3>Turvaline ja vastupidav konstruktsioon<\/h3>\n<p>L\u00fcliti korpus on valmistatud leegikindlast PC V0 plastikust ning vastab UL ja RoHS standarditele. Sisseehitatud \u00fclepingekaitse ja t\u00e4iustatud juhtmestik tagad turvalise t\u00f6\u00f6 ka keerulistes oludes. Mugav DIN-liistu kinnitus v\u00f5imaldab kiiret paigaldust elektrikilpi v\u00f5i tehnilisse ruumi.<\/p>\n<p><img decoding=\"async\" src=\"https:\/\/blankpage.ee\/_ruumist-ruumi\/wp-content\/uploads\/2025\/04\/8-35.webp\" alt=\"valge Sonoff THR316 nutirelee paigaldatud DIN-liistule\"><\/p>\n<h3>Komplekti kuulub<\/h3>\n<ul>\n<li>Sonoff THR316 nutikas l\u00fcliti<\/li>\n<li>DIN-liistu kinnitus<\/li>\n<li>Kasutusjuhend<\/li>\n<\/ul>\n<div class=\"table-wrapper\">\n<table>\n<tbody>\n<tr>\n<th>Tootja<\/th>\n<td>Sonoff<\/td>\n<\/tr>\n<tr>\n<th>Mudel<\/th>\n<td>THR316<\/td>\n<\/tr>\n<tr>\n<th>V\u00e4rv<\/th>\n<td>valge<\/td>\n<\/tr>\n<tr>\n<th>Materjal<\/th>\n<td>PC V0<\/td>\n<\/tr>\n<tr>\n<th>Pinge<\/th>\n<td>100-240 V, 50\/60 Hz, 16A max<\/td>\n<\/tr>\n<tr>\n<th>WiFi<\/th>\n<td>IEEE 802.11 b\/g\/n 2.4 GHz<\/td>\n<\/tr>\n<tr>\n<th>M\u00f5\u00f5dud<\/th>\n<td>98 x 54 mm<\/td>\n<\/tr>\n<\/tbody>\n<\/table>\n<\/div>\n","protected":false},"excerpt":{"rendered":"<p>Nutikas temperatuuril\u00fcliti Sonoff THR316: WiFi ja kaugjuhtimine Nutikas temperatuuril\u00fcliti Sonoff THR316 on 16 A releega nutiseade, millega saad h\u00f5lpsalt j\u00e4lgida ja juhtida nii temperatuuri kui ka \u00f5huniiskust erinevates siseruumides. See sobib suurep\u00e4raselt kasutamiseks n\u00e4iteks kodu k\u00fcttes\u00fcsteemides, siseruumides asuvates basseinides, veinikeldrites, kasvuhoonetes ja terrariumides. Seade \u00fchildub mitmete temperatuuri- ja \u00f5huniiskuse anduritega ning seda saab mugavalt juhtida [&hellip;]<\/p>\n","protected":false},"featured_media":167802,"comment_status":"open","ping_status":"open","template":"","meta":[],"product_brand":[3037],"product_cat":[3043],"product_tag":[],"class_list":{"0":"post-167796","1":"product","2":"type-product","3":"status-publish","4":"has-post-thumbnail","6":"product_brand-sonoff","7":"product_cat-nutikontrollerid","8":"product_shipping_class-innpro","10":"first","11":"instock","12":"sale","13":"taxable","14":"shipping-taxable","15":"purchasable","16":"product-type-simple"},"_links":{"self":[{"href":"https:\/\/blankpage.ee\/_ruumist-ruumi\/wp-json\/wp\/v2\/product\/167796","targetHints":{"allow":["GET"]}}],"collection":[{"href":"https:\/\/blankpage.ee\/_ruumist-ruumi\/wp-json\/wp\/v2\/product"}],"about":[{"href":"https:\/\/blankpage.ee\/_ruumist-ruumi\/wp-json\/wp\/v2\/types\/product"}],"replies":[{"embeddable":true,"href":"https:\/\/blankpage.ee\/_ruumist-ruumi\/wp-json\/wp\/v2\/comments?post=167796"}],"wp:featuredmedia":[{"embeddable":true,"href":"https:\/\/blankpage.ee\/_ruumist-ruumi\/wp-json\/wp\/v2\/media\/167802"}],"wp:attachment":[{"href":"https:\/\/blankpage.ee\/_ruumist-ruumi\/wp-json\/wp\/v2\/media?parent=167796"}],"wp:term":[{"taxonomy":"product_brand","embeddable":true,"href":"https:\/\/blankpage.ee\/_ruumist-ruumi\/wp-json\/wp\/v2\/product_brand?post=167796"},{"taxonomy":"product_cat","embeddable":true,"href":"https:\/\/blankpage.ee\/_ruumist-ruumi\/wp-json\/wp\/v2\/product_cat?post=167796"},{"taxonomy":"product_tag","embeddable":true,"href":"https:\/\/blankpage.ee\/_ruumist-ruumi\/wp-json\/wp\/v2\/product_tag?post=167796"}],"curies":[{"name":"wp","href":"https:\/\/api.w.org\/{rel}","templated":true}]}}