{"id":167875,"date":"2025-04-17T18:06:55","date_gmt":"2025-04-17T18:06:55","guid":{"rendered":"https:\/\/ruumistruumi.ee\/pood\/nutikas-juhtmevaba-lauavalgusti-yeelight-staria-pro-ylct03yl-wi-fi-22w-valge\/"},"modified":"2025-08-21T08:19:57","modified_gmt":"2025-08-21T08:19:57","slug":"nutikas-juhtmevaba-lauavalgusti-yeelight-staria-pro-ylct03yl-wi-fi-22w-valge","status":"publish","type":"product","link":"https:\/\/blankpage.ee\/_ruumist-ruumi\/pood\/nutikas-juhtmevaba-lauavalgusti-yeelight-staria-pro-ylct03yl-wi-fi-22w-valge\/","title":{"rendered":"Nutikas juhtmevaba lauavalgusti Yeelight Staria Pro (YLCT03YL, Wi-Fi, 22W, valge)"},"content":{"rendered":"<p><img decoding=\"async\" src=\"https:\/\/blankpage.ee\/_ruumist-ruumi\/wp-content\/uploads\/2025\/04\/xiaomi_logo1.webp\" alt=\"Xiaomi logo\" \/><\/p>\n<p><span>Yeelight on Xiaomi \u00f6kos\u00fcsteemi kuuluv kvaliteetne valgustite kaubam\u00e4rk.<\/span><\/p>\n<h3>Nutikas lauavalgusti \u2013 Staria Pro sinu \u00f6\u00f6kapile<\/h3>\n<p>Nutikas lauavalgusti Yeelight Staria Pro \u00fchendab kaasaegse disaini, juhtmevaba laadimise ning laialdased nutifunktsioonid. T\u00e4nu Google Assistanti, Apple HomeKiti, Samsung SmartThingsi ja Amazon Alexa toele saad valgustit juhtida mugavalt h\u00e4\u00e4lk\u00e4sklustega v\u00f5i rakenduse kaudu.<\/p>\n<p><img decoding=\"async\" src=\"https:\/\/blankpage.ee\/_ruumist-ruumi\/wp-content\/uploads\/2025\/04\/1-79.webp\" alt=\"nutikas lauavalgusti Yeelight Staria Pro valge\" \/><\/p>\n<h3>Juhtmevaba laadimine ja praktilisus<\/h3>\n<p>Lambi alusel asuv juhtmevaba laadimisalus v\u00f5imaldab laadida k\u00f5iki seadmeid, mis toetavad Qi-standardi induktiivlaadimist, n\u00e4iteks nutitelefone ja k\u00f5rvaklappe. Maksimaalne laadimisv\u00f5imsus on 10 W ning efektiivsema laadimise tagab alumiiniumist jahutusplaat.<\/p>\n<p><img decoding=\"async\" src=\"https:\/\/blankpage.ee\/_ruumist-ruumi\/wp-content\/uploads\/2025\/04\/3-72.webp\" alt=\"Valge Staria Pro juhtmevaba laadimisalus\" \/><\/p>\n<h3>Mugav reguleerimine vastavalt vajadusele<\/h3>\n<p>Staria Pro v\u00f5imaldab reguleerida nii heleduse astet kui ka valguse v\u00e4rvustemperatuuri (2700\u20136500K). Seet\u00f5ttu saad valida sobiva valguse nii lugemiseks kui meeleolu loomiseks. Silmas\u00f5bralik valgus aitab v\u00e4hendada silmade v\u00e4simist ka pikemal kasutamisel.<\/p>\n<p><img decoding=\"async\" src=\"https:\/\/blankpage.ee\/_ruumist-ruumi\/wp-content\/uploads\/2025\/04\/7-45.webp\" alt=\"LED laualamp reguleeritava heledusega valguspaneel\" \/><\/p>\n<h3>Nutikas juhtimine ja puudutusega reguleerimine<\/h3>\n<p>Valgusti \u00fchildub Apple HomeKiti, Google Home\u2019i, Samsung SmartThingsi ning Amazon Alexa s\u00fcsteemidega, v\u00f5imaldades juhtimist mobiili\u00e4pist v\u00f5i h\u00e4\u00e4lk\u00e4sklustega. Samuti saad valgusteid reguleerida mugavalt unikaalselt puutetundlikult paneelilt otse seadme peal \u2013 nii on valgustuse seadmine alati kiire ja lihtne.<\/p>\n<p><img decoding=\"async\" src=\"https:\/\/blankpage.ee\/_ruumist-ruumi\/wp-content\/uploads\/2025\/04\/2-76.webp\" alt=\"Staria Pro lauavalgusti \u00e4pijuhtimine\" \/><\/p>\n<h3>Kvaliteetne viimistlus ja tehnilised andmed<\/h3>\n<p>Lauavalgusti korpus on valmistatud vastupidavast materjalist, minimalistliku ja ajatult stiilse esteetikaga. Silikoonist libisemisvastased ribad tagavad kindla asendi igal pinnal. Lambivari on 30\u00b0 ulatuses reguleeritav, et valgusvihk langeks t\u00e4pselt kuhu vaja. Valgustugevus on s\u00f5ltuvalt seadistusest 40\u2013400 luumenit (4000K juures), v\u00e4rviedastusindeks (CRI) on 95Ra \u2013 see tagab loomulikud v\u00e4rvid. Lambi eluiga on kuni 25 000 tundi.<\/p>\n<p><img decoding=\"async\" src=\"https:\/\/blankpage.ee\/_ruumist-ruumi\/wp-content\/uploads\/2025\/04\/9-26.webp\" alt=\"Valge minimalistlik lauavalgusti\" \/><\/p>\n<table>\n<tbody>\n<tr>\n<th>Mudel<\/th>\n<td>YLCT03YL<\/td>\n<\/tr>\n<tr>\n<th>V\u00e4rv<\/th>\n<td>Valge<\/td>\n<\/tr>\n<tr>\n<th>Heledus<\/th>\n<td>40\u2013400 lm @4000K<\/td>\n<\/tr>\n<tr>\n<th>M\u00f5\u00f5dud<\/th>\n<td>229 \u00d7 164 mm<\/td>\n<\/tr>\n<tr>\n<th>V\u00e4rvustemperatuur<\/th>\n<td>2700 \u2013 6500 K<\/td>\n<\/tr>\n<tr>\n<th>Laadimisv\u00f5imsus<\/th>\n<td>10 W<\/td>\n<\/tr>\n<tr>\n<th>Lambi v\u00f5imsus<\/th>\n<td>22 W<\/td>\n<\/tr>\n<tr>\n<th>CRI<\/th>\n<td>95Ra<\/td>\n<\/tr>\n<tr>\n<th>\u00dchenduvus<\/th>\n<td>Wi-Fi (802.11 b\/g\/n 2.4 GHz)<\/td>\n<\/tr>\n<tr>\n<th>Tarkvara tugi<\/th>\n<td>Android 4.4, iOS 8.0 ja uuemad<\/td>\n<\/tr>\n<tr>\n<th>Pinge<\/th>\n<td>100-240V~ 50\/60Hz 0.35A<\/td>\n<\/tr>\n<tr>\n<th>Kasutusiga<\/th>\n<td>25 000 h<\/td>\n<\/tr>\n<\/tbody>\n<\/table>\n<h3>Komplekti kuulub<\/h3>\n<ul>\n<li>Kasutusjuhend<\/li>\n<li>Toiteplokk<\/li>\n<\/ul>\n<p>Nutikas lauavalgusti Yeelight Staria Pro sobib suurep\u00e4raselt igasse moodsasse interj\u00f6\u00f6ri, \u00fchendades mugavuse, praktilisuse ja elegantse v\u00e4ljan\u00e4gemise.<\/p>\n","protected":false},"excerpt":{"rendered":"<p>Yeelight on Xiaomi \u00f6kos\u00fcsteemi kuuluv kvaliteetne valgustite kaubam\u00e4rk. Nutikas lauavalgusti \u2013 Staria Pro sinu \u00f6\u00f6kapile Nutikas lauavalgusti Yeelight Staria Pro \u00fchendab kaasaegse disaini, juhtmevaba laadimise ning laialdased nutifunktsioonid. T\u00e4nu Google Assistanti, Apple HomeKiti, Samsung SmartThingsi ja Amazon Alexa toele saad valgustit juhtida mugavalt h\u00e4\u00e4lk\u00e4sklustega v\u00f5i rakenduse kaudu. Juhtmevaba laadimine ja praktilisus Lambi alusel asuv juhtmevaba [&hellip;]<\/p>\n","protected":false},"featured_media":167881,"comment_status":"open","ping_status":"open","template":"","meta":[],"product_brand":[2933],"product_cat":[3040],"product_tag":[],"class_list":{"0":"post-167875","1":"product","2":"type-product","3":"status-publish","4":"has-post-thumbnail","6":"product_brand-yeelight","7":"product_cat-laua-ja-oolambid","8":"product_shipping_class-innpro","10":"first","11":"instock","12":"sale","13":"taxable","14":"shipping-taxable","15":"purchasable","16":"product-type-simple"},"_links":{"self":[{"href":"https:\/\/blankpage.ee\/_ruumist-ruumi\/wp-json\/wp\/v2\/product\/167875","targetHints":{"allow":["GET"]}}],"collection":[{"href":"https:\/\/blankpage.ee\/_ruumist-ruumi\/wp-json\/wp\/v2\/product"}],"about":[{"href":"https:\/\/blankpage.ee\/_ruumist-ruumi\/wp-json\/wp\/v2\/types\/product"}],"replies":[{"embeddable":true,"href":"https:\/\/blankpage.ee\/_ruumist-ruumi\/wp-json\/wp\/v2\/comments?post=167875"}],"wp:featuredmedia":[{"embeddable":true,"href":"https:\/\/blankpage.ee\/_ruumist-ruumi\/wp-json\/wp\/v2\/media\/167881"}],"wp:attachment":[{"href":"https:\/\/blankpage.ee\/_ruumist-ruumi\/wp-json\/wp\/v2\/media?parent=167875"}],"wp:term":[{"taxonomy":"product_brand","embeddable":true,"href":"https:\/\/blankpage.ee\/_ruumist-ruumi\/wp-json\/wp\/v2\/product_brand?post=167875"},{"taxonomy":"product_cat","embeddable":true,"href":"https:\/\/blankpage.ee\/_ruumist-ruumi\/wp-json\/wp\/v2\/product_cat?post=167875"},{"taxonomy":"product_tag","embeddable":true,"href":"https:\/\/blankpage.ee\/_ruumist-ruumi\/wp-json\/wp\/v2\/product_tag?post=167875"}],"curies":[{"name":"wp","href":"https:\/\/api.w.org\/{rel}","templated":true}]}}