{"id":167884,"date":"2025-04-17T18:06:55","date_gmt":"2025-04-17T18:06:55","guid":{"rendered":"https:\/\/ruumistruumi.ee\/pood\/nutikas-led-pirn-broadlink-lb4e27-9w-a60-wifi-haalejuhtimine\/"},"modified":"2025-08-21T08:19:57","modified_gmt":"2025-08-21T08:19:57","slug":"nutikas-led-pirn-broadlink-lb4e27-9w-a60-wifi-haalejuhtimine","status":"publish","type":"product","link":"https:\/\/blankpage.ee\/_ruumist-ruumi\/pood\/nutikas-led-pirn-broadlink-lb4e27-9w-a60-wifi-haalejuhtimine\/","title":{"rendered":"Nutikas LED pirn Broadlink LB4E27 (9W, A60, WiFi, h\u00e4\u00e4lejuhtimine)"},"content":{"rendered":"<h3>Nutikas LED pirn Broadlink LB4E27 \u2013 WiFi-juhtimine ja RGB valgus<\/h3>\n<p>Nutikas LED pirn Broadlink LB4E27 v\u00f5imaldab sul reguleerida valguslahendusi vastavalt oma vajadustele. RGB valgustuse abil saab valida tuhandete v\u00e4rvitoonide vahel ning vajadusel muuta nii heleduse taset kui ka v\u00e4rvitemperatuuri. Pirni on lihtne juhtida Broadlinki \u00e4pi v\u00f5i h\u00e4\u00e4leassistendi abil \u2013 selleks on vajalik Broadlinki spetsiaalne kontroller.<\/p>\n<p>\n<img decoding=\"async\" border=\"0\" src=\"https:\/\/blankpage.ee\/_ruumist-ruumi\/wp-content\/uploads\/2025\/04\/4-69.webp\" alt=\"nutikas LED pirn RGB v\u00e4rvivalikuga\"\/>\n<\/p>\n<h3>Paindlikud valguslahendused igaks olukorraks<\/h3>\n<p>Kas kavandad film\u00f5htut, hubast \u00f5htut v\u00f5i energilist pidu? Selle nutika LED pirni abil lood alati sobiva meeleolu \u2013 RGB v\u00e4rvipalett v\u00f5imaldab valida s\u00e4ravaid toone, reguleerida heleduse taset ja v\u00e4rvitemperatuuri. V\u00f5imalik on valgusre\u017eiimid ja stseenid salvestada ning lemmikseaded kiiresti aktiveerida.<\/p>\n<p>\n<img decoding=\"async\" border=\"0\" src=\"https:\/\/blankpage.ee\/_ruumist-ruumi\/wp-content\/uploads\/2025\/04\/2-77.webp\" alt=\"v\u00e4rvimuutva valgusega LED pirni kasutus eluruumis\"\/>\n<\/p>\n<h3>Kaugjuhtimine ja igap\u00e4evane mugavus<\/h3>\n<p>Broadlinki rakendusega saad nutikat LED pirni juhtida k\u00f5ikjal \u2013 reguleeri valguse seadeid ning ajasta automaatseid t\u00f6\u00f6perioode enda p\u00e4evaplaani j\u00e4rgi. Toetatud on ka juhtimine h\u00e4\u00e4le abil, kasutades Amazon Alexa, Google Assistanti, FastConi v\u00f5i IFTTT platvormi, mis muudab valguse haldamise eriti mugavaks ja nutikaks.<\/p>\n<p>\n<img decoding=\"async\" border=\"0\" src=\"https:\/\/blankpage.ee\/_ruumist-ruumi\/wp-content\/uploads\/2025\/04\/7-46.webp\" alt=\"LED pirni juhtimine nutitelefoniga\"\/>\n<\/p>\n<h3>Praktilised lisafunktsioonid nutikale LED pirnile<\/h3>\n<p>Nutika LED pirni kasulikud lisafunktsioonid h\u00f5lmavad valguse automaatset sisse- ja v\u00e4ljal\u00fclitamist p\u00e4ikeset\u00f5usu v\u00f5i -loojangu aegadel ning kodukaitse funktsiooni, mis j\u00e4tab mulje, et oled kodus, l\u00fclitades valguse suvalistel aegadel sisse ja v\u00e4lja.<\/p>\n<p>\n<img decoding=\"async\" border=\"0\" src=\"https:\/\/blankpage.ee\/_ruumist-ruumi\/wp-content\/uploads\/2025\/04\/9-27.webp\" alt=\"elutoavalgustus nutika LED pirniga\"\/>\n<\/p>\n<div class=\"table-wrapper\">\n<h3>Tehnilised andmed<\/h3>\n<table>\n<tbody>\n<tr>\n<th>Tootja<\/th>\n<td>Broadlink<\/td>\n<\/tr>\n<tr>\n<th>Mudel<\/th>\n<td>LB4E27<\/td>\n<\/tr>\n<tr>\n<th>Kuju<\/th>\n<td>A60<\/td>\n<\/tr>\n<tr>\n<th>Nimiv\u00f5imsus<\/th>\n<td>9 W<\/td>\n<\/tr>\n<tr>\n<th>Nimipinge<\/th>\n<td>AC 220-240V, 50\/60Hz<\/td>\n<\/tr>\n<tr>\n<th>Heledus<\/th>\n<td>800 lm<\/td>\n<\/tr>\n<tr>\n<th>M\u00f5\u00f5tmed<\/th>\n<td>\u03c660 x 117 mm<\/td>\n<\/tr>\n<tr>\n<th>\u00dchendus<\/th>\n<td>Wi-Fi 802.11b\/g\/n (2.4GHz)<\/td>\n<\/tr>\n<tr>\n<th>Tarkvaratugi<\/th>\n<td>iOS 11 \/ Android\u2122 5.1 v\u00f5i uuem<\/td>\n<\/tr>\n<tr>\n<th>Sertifikaadid<\/th>\n<td>CE, ROHS, RCM<\/td>\n<\/tr>\n<tr>\n<th>V\u00e4rvitemperatuur<\/th>\n<td>Soe\/k\u00fclm (2700\u20136500K)<\/td>\n<\/tr>\n<\/tbody>\n<\/table>\n<\/div>\n","protected":false},"excerpt":{"rendered":"<p>Nutikas LED pirn Broadlink LB4E27 \u2013 WiFi-juhtimine ja RGB valgus Nutikas LED pirn Broadlink LB4E27 v\u00f5imaldab sul reguleerida valguslahendusi vastavalt oma vajadustele. RGB valgustuse abil saab valida tuhandete v\u00e4rvitoonide vahel ning vajadusel muuta nii heleduse taset kui ka v\u00e4rvitemperatuuri. Pirni on lihtne juhtida Broadlinki \u00e4pi v\u00f5i h\u00e4\u00e4leassistendi abil \u2013 selleks on vajalik Broadlinki spetsiaalne kontroller. [&hellip;]<\/p>\n","protected":false},"featured_media":167889,"comment_status":"open","ping_status":"open","template":"","meta":[],"product_brand":[3041],"product_cat":[1634,3047],"product_tag":[],"class_list":{"0":"post-167884","1":"product","2":"type-product","3":"status-publish","4":"has-post-thumbnail","6":"product_brand-broadlink","7":"product_cat-pirnid","8":"product_cat-led-pirnid","9":"product_shipping_class-innpro","11":"first","12":"instock","13":"sale","14":"taxable","15":"shipping-taxable","16":"purchasable","17":"product-type-simple"},"_links":{"self":[{"href":"https:\/\/blankpage.ee\/_ruumist-ruumi\/wp-json\/wp\/v2\/product\/167884","targetHints":{"allow":["GET"]}}],"collection":[{"href":"https:\/\/blankpage.ee\/_ruumist-ruumi\/wp-json\/wp\/v2\/product"}],"about":[{"href":"https:\/\/blankpage.ee\/_ruumist-ruumi\/wp-json\/wp\/v2\/types\/product"}],"replies":[{"embeddable":true,"href":"https:\/\/blankpage.ee\/_ruumist-ruumi\/wp-json\/wp\/v2\/comments?post=167884"}],"wp:featuredmedia":[{"embeddable":true,"href":"https:\/\/blankpage.ee\/_ruumist-ruumi\/wp-json\/wp\/v2\/media\/167889"}],"wp:attachment":[{"href":"https:\/\/blankpage.ee\/_ruumist-ruumi\/wp-json\/wp\/v2\/media?parent=167884"}],"wp:term":[{"taxonomy":"product_brand","embeddable":true,"href":"https:\/\/blankpage.ee\/_ruumist-ruumi\/wp-json\/wp\/v2\/product_brand?post=167884"},{"taxonomy":"product_cat","embeddable":true,"href":"https:\/\/blankpage.ee\/_ruumist-ruumi\/wp-json\/wp\/v2\/product_cat?post=167884"},{"taxonomy":"product_tag","embeddable":true,"href":"https:\/\/blankpage.ee\/_ruumist-ruumi\/wp-json\/wp\/v2\/product_tag?post=167884"}],"curies":[{"name":"wp","href":"https:\/\/api.w.org\/{rel}","templated":true}]}}