{"id":167932,"date":"2025-04-17T18:08:25","date_gmt":"2025-04-17T18:08:25","guid":{"rendered":"https:\/\/ruumistruumi.ee\/pood\/nutikas-led-laualamp-yeelight-v1-pro-valge-12w-ra95-base\/"},"modified":"2025-08-21T08:19:56","modified_gmt":"2025-08-21T08:19:56","slug":"nutikas-led-laualamp-yeelight-v1-pro-valge-12w-ra95-base","status":"publish","type":"product","link":"https:\/\/blankpage.ee\/_ruumist-ruumi\/pood\/nutikas-led-laualamp-yeelight-v1-pro-valge-12w-ra95-base\/","title":{"rendered":"Nutikas LED laualamp Yeelight V1 Pro (valge, 12W, Ra95, Base)"},"content":{"rendered":"<p><img decoding=\"async\" src=\"https:\/\/blankpage.ee\/_ruumist-ruumi\/wp-content\/uploads\/2025\/04\/xiaomi_logo1.webp\" border=\"0\" alt=\"Xiaomi logo\" \/><\/p>\n<p><span>Yeelight on osa Xiaomi \u00f6kos\u00fcsteemist.<\/span><\/p>\n<h3>Nutikas LED laualamp Yeelight V1 Pro \u2013 optimaalne valgus igaks olukorraks<\/h3>\n<p>Nutikas LED laualamp Yeelight V1 Pro paistab silma nutikate funktsioonidega: see kohandab automaatselt valguse heledust vastavalt ruumi valgustingimustele ja tagab silmadele s\u00f5braliku ning loodusl\u00e4hedase valguse k\u00f5rge v\u00e4rviedastusindeksiga Ra95. Lampi saab juhtida puutetundliku paneeli, Yeelight rakenduse v\u00f5i erinevate nutikodu assistentide kaudu. Minimalistlik ja elegantne disain sobib suurep\u00e4raselt igasse interj\u00f6\u00f6ri.<\/p>\n<p><img decoding=\"async\" src=\"https:\/\/blankpage.ee\/_ruumist-ruumi\/wp-content\/uploads\/2025\/04\/1-20.webp\" alt=\"nutikas LED laualamp valge alusega t\u00f6\u00f6laual, taustal pakend\" \/><\/p>\n<h3>Valgus, mis kohandub sinu vajadustega<\/h3>\n<p>Lambil on kaks biotundlikkusega sensorit, mis tuvastavad \u00fcmbritsevat ja laualambi enda valgust. Heledus kohandub automaatselt muutuvatele tingimustele vastavalt, pakkudes sobivaid tingimusi nii t\u00f6\u00f6ks, \u00f5ppimiseks kui ka puhkuseks. Kui lampi indikaator vilgub roheliselt, on valgus lugemiseks sobiv; punane indikaator annab m\u00e4rku vajadusest valgust reguleerida.<\/p>\n<p><img decoding=\"async\" src=\"https:\/\/blankpage.ee\/_ruumist-ruumi\/wp-content\/uploads\/2025\/04\/3-16.webp\" alt=\"laualambi valgussensorite t\u00f6\u00f6 skeem\" \/><\/p>\n<h3>Eri valgustusre\u017eiimid lastele ja t\u00e4iskasvanutele<\/h3>\n<p>Nutikas LED laualamp Yeelight V1 Pro pakub spetsiaalset valgustusre\u017eiimi nii lastele kui t\u00e4iskasvanutele. Laste re\u017eiimis on v\u00e4rvustemperatuur p\u00e4evasel ajal 4000K ja \u00f6\u00f6sel 3700K, mis soodustab keskendumist ja valmistab ette magamiseks. T\u00e4iskasvanutele on v\u00e4rvustemperatuur p\u00e4eval 5000K ja \u00f5htul 4000K \u2013 ideaalsed t\u00f6\u00f6ks, \u00f5ppimiseks v\u00f5i puhkamiseks. Lampi saab lihtsalt kogu pere vajadustele kohandada.<\/p>\n<p><img decoding=\"async\" src=\"https:\/\/blankpage.ee\/_ruumist-ruumi\/wp-content\/uploads\/2025\/04\/7-7.webp\" alt=\"nutikas LED laualamp valgustab \u00fchtlaselt t\u00f6\u00f6lauda\" \/><\/p>\n<h3>\u00dchtlaselt valgustatud t\u00f6\u00f6pind ja mugav kasutus<\/h3>\n<p>Innovaatiline disain tagab t\u00f6\u00f6lauale \u00fchtlase valgustuse \u2013 ilma h\u00e4iriva varju v\u00f5i silma kiirgava valgusvihuta. T\u00e4nu sellele on t\u00f6\u00f6tamine, \u00f5ppimine ja puhkus silmadele mugav ja ohutu.<\/p>\n<p><img decoding=\"async\" src=\"https:\/\/blankpage.ee\/_ruumist-ruumi\/wp-content\/uploads\/2025\/04\/5-11.webp\" alt=\"SunLike LED tehnoloogia skeem\" \/><\/p>\n<h3>Loodusl\u00e4hedane ja silmas\u00f5bralik valgus<\/h3>\n<p>SunLike LED-tehnoloogia ja v\u00e4ga k\u00f5rge v\u00e4rviedastusindeksiga Ra95 tagab loomutruud v\u00e4rvid. Nutikas LED laualamp v\u00e4hendab sinise valguse hulka ning takistab vilkumist, aidates silmi kaitsta ja hoida neid pikema t\u00f6\u00f6p\u00e4eva v\u00e4ltel v\u00e4rskena.<\/p>\n<p><img decoding=\"async\" src=\"https:\/\/blankpage.ee\/_ruumist-ruumi\/wp-content\/uploads\/2025\/04\/8-6.webp\" alt=\"t\u00f6\u00f6laud koos reguleeritava nutika LED laualambiga ja nutiseadmega\" \/><\/p>\n<h3>Targa kodu lahendus \u2013 juhtimine telefonist v\u00f5i assistendi abil<\/h3>\n<p>Puutetundliku juhtpaneeli k\u00f5rval saab lampi juhtida Yeelight \u00e4piga. Nutikas LED laualamp \u00fchildub Google Assistanti, Amazon Alexa, Apple HomeKiti, Samsung SmartThingsi ja IFTTT-ga \u2013 v\u00f5imaldades kaugjuhtimist nii telefonist kui ka h\u00e4\u00e4lega.<\/p>\n<p><img decoding=\"async\" src=\"https:\/\/blankpage.ee\/_ruumist-ruumi\/wp-content\/uploads\/2025\/04\/6-10.webp\" alt=\"valge laualamp reguleeritava varrega erinevates asendites\" \/><\/p>\n<h3>Paindlik ja kaasaegne disain<\/h3>\n<p>Lampi saab h\u00f5lpsasti reguleerida: vali sobiv k\u00f5rgus ja valgussuund vastavalt vajadusele. Stiilne valge viimistlus muudab laualambi tagasihoidlikuks, ent kaasaegseks detailiks igas kodus.<\/p>\n<p><img decoding=\"async\" src=\"https:\/\/blankpage.ee\/_ruumist-ruumi\/wp-content\/uploads\/2025\/04\/4-14.webp\" alt=\"nutikas LED laualamp klambrikinnitusega riiulil\" \/><\/p>\n<h3>Valikus kaks versiooni vastavalt paigaldusvajadusele<\/h3>\n<p>Saadaval on laualamp \u00fcmaralusega v\u00f5i praktilise klambrikinnitusega, mida on mugav paigaldada erinevatele pindadele. Nutikas LED laualamp Yeelight V1 Pro pakub paindlikke lahendusi igasse koju.<\/p>\n<p><img decoding=\"async\" src=\"https:\/\/blankpage.ee\/_ruumist-ruumi\/wp-content\/uploads\/2025\/04\/2-79.webp\" alt=\"laualamp klambrikinnitusega mudel\" \/><\/p>\n<div class=\"table-wrapper\">\n<table>\n<tbody>\n<tr>\n<th>Nimetus<\/th>\n<td>Yeelight LED Vision Desk Lamp V1 Pro<\/td>\n<\/tr>\n<tr>\n<th>Mudel<\/th>\n<td>YLTD08YL<\/td>\n<\/tr>\n<tr>\n<th>V\u00e4rvustemperatuur<\/th>\n<td>3000\u20135000K<\/td>\n<\/tr>\n<tr>\n<th>V\u00f5imsustegur<\/th>\n<td>0,5<\/td>\n<\/tr>\n<tr>\n<th>V\u00e4rviedastusindeks<\/th>\n<td>Ra95<\/td>\n<\/tr>\n<tr>\n<th>T\u00f6\u00f6tamistemperatuur<\/th>\n<td>-10\u00b0C kuni 40\u00b0C<\/td>\n<\/tr>\n<tr>\n<th>T\u00f6\u00f6tamiskeskkonna niiskus<\/th>\n<td>0\u201385% RH<\/td>\n<\/tr>\n<tr>\n<th>Nominaalv\u00f5imsus<\/th>\n<td>12W (38\u00d70,2W\/LED moodul)<\/td>\n<\/tr>\n<tr>\n<th>Sisend<\/th>\n<td>100\u2013240V~ 50\/60Hz 0,15A<\/td>\n<\/tr>\n<tr>\n<th>Versioon<\/th>\n<td>Base<\/td>\n<\/tr>\n<\/tbody>\n<\/table>\n<\/div>\n","protected":false},"excerpt":{"rendered":"<p>Yeelight on osa Xiaomi \u00f6kos\u00fcsteemist. Nutikas LED laualamp Yeelight V1 Pro \u2013 optimaalne valgus igaks olukorraks Nutikas LED laualamp Yeelight V1 Pro paistab silma nutikate funktsioonidega: see kohandab automaatselt valguse heledust vastavalt ruumi valgustingimustele ja tagab silmadele s\u00f5braliku ning loodusl\u00e4hedase valguse k\u00f5rge v\u00e4rviedastusindeksiga Ra95. Lampi saab juhtida puutetundliku paneeli, Yeelight rakenduse v\u00f5i erinevate nutikodu assistentide [&hellip;]<\/p>\n","protected":false},"featured_media":167934,"comment_status":"open","ping_status":"open","template":"","meta":[],"product_brand":[2933],"product_cat":[3040],"product_tag":[],"class_list":{"0":"post-167932","1":"product","2":"type-product","3":"status-publish","4":"has-post-thumbnail","6":"product_brand-yeelight","7":"product_cat-laua-ja-oolambid","8":"product_shipping_class-innpro","10":"first","11":"instock","12":"sale","13":"taxable","14":"shipping-taxable","15":"purchasable","16":"product-type-simple"},"_links":{"self":[{"href":"https:\/\/blankpage.ee\/_ruumist-ruumi\/wp-json\/wp\/v2\/product\/167932","targetHints":{"allow":["GET"]}}],"collection":[{"href":"https:\/\/blankpage.ee\/_ruumist-ruumi\/wp-json\/wp\/v2\/product"}],"about":[{"href":"https:\/\/blankpage.ee\/_ruumist-ruumi\/wp-json\/wp\/v2\/types\/product"}],"replies":[{"embeddable":true,"href":"https:\/\/blankpage.ee\/_ruumist-ruumi\/wp-json\/wp\/v2\/comments?post=167932"}],"wp:featuredmedia":[{"embeddable":true,"href":"https:\/\/blankpage.ee\/_ruumist-ruumi\/wp-json\/wp\/v2\/media\/167934"}],"wp:attachment":[{"href":"https:\/\/blankpage.ee\/_ruumist-ruumi\/wp-json\/wp\/v2\/media?parent=167932"}],"wp:term":[{"taxonomy":"product_brand","embeddable":true,"href":"https:\/\/blankpage.ee\/_ruumist-ruumi\/wp-json\/wp\/v2\/product_brand?post=167932"},{"taxonomy":"product_cat","embeddable":true,"href":"https:\/\/blankpage.ee\/_ruumist-ruumi\/wp-json\/wp\/v2\/product_cat?post=167932"},{"taxonomy":"product_tag","embeddable":true,"href":"https:\/\/blankpage.ee\/_ruumist-ruumi\/wp-json\/wp\/v2\/product_tag?post=167932"}],"curies":[{"name":"wp","href":"https:\/\/api.w.org\/{rel}","templated":true}]}}