{"id":167960,"date":"2025-04-17T18:08:25","date_gmt":"2025-04-17T18:08:25","guid":{"rendered":"https:\/\/ruumistruumi.ee\/pood\/nutikas-universaalpult-broadlink-rm4-pro-ir-ja-rf-wi-fi-alexa-google-home\/"},"modified":"2025-07-18T14:25:06","modified_gmt":"2025-07-18T14:25:06","slug":"nutikas-universaalpult-broadlink-rm4-pro-ir-ja-rf-wi-fi-alexa-google-home","status":"publish","type":"product","link":"https:\/\/blankpage.ee\/_ruumist-ruumi\/pood\/nutikas-universaalpult-broadlink-rm4-pro-ir-ja-rf-wi-fi-alexa-google-home\/","title":{"rendered":"Nutikas universaalpult Broadlink RM4 Pro (IR ja RF, Wi-Fi, Alexa\/Google Home)"},"content":{"rendered":"<h3>Nutikas universaalpult Broadlink RM4 Pro \u2013 universaalne kaugjuhtimisseade<\/h3>\n<p>Nutikas universaalpult Broadlink RM4 Pro v\u00f5imaldab juhtida k\u00f5iki koduseid seadmeid infrapuna (IR) ja 433\/315 MHz raadiosageduse abil. T\u00e4nu nutitelefoni rakendusele saad mugavalt kaugjuhtida n\u00e4iteks televiisorit, valgustust, kardinaid, kliimaseadet v\u00f5i helis\u00fcsteemi, olenemata oma asukohast. Seade \u00fchildub Alexa ja Google\u2019i h\u00e4\u00e4leassistentidega, pakkudes ka k\u00e4ed-vabad juhtimist. Kompaktne m\u00f5\u00f5t ja modernne minimalistlik disain sobivad igasse interj\u00f6\u00f6ri.<\/p>\n<p><img decoding=\"async\" src=\"https:\/\/blankpage.ee\/_ruumist-ruumi\/wp-content\/uploads\/2025\/04\/01-2.webp\" alt=\"nutikas universaalpult Broadlink RM4 Pro musta v\u00e4rvi kaasaegne disain\"><\/p>\n<h3>Paindlik ja lihtne juhtimine \u2013 nutika pulti eelised<\/h3>\n<p>Broalink RM4 Pro kaugjuhtimispult v\u00f5imaldab m\u00e4\u00e4rata automaatseid ajastusi vastavalt Teie elur\u00fctmile. Samuti saab luua stseene mitme seadme samaaegseks juhtimiseks \u00fche puudutusega. Kogu juhtimine toimub kiirelt ja mugavalt Broadlinki rakenduse kaudu.<\/p>\n<p><img decoding=\"async\" src=\"https:\/\/blankpage.ee\/_ruumist-ruumi\/wp-content\/uploads\/2025\/04\/03-2.webp\" alt=\"universaalpult koduelektroonika nutikaks juhtimiseks \u00e4pi kaudu\"><\/p>\n<h3>Mugav juhtimine \u00fcksk\u00f5ik kust<\/h3>\n<p>Kui viibite kodust eemal, saate Broadlinki \u00e4pi kaudu seadmeid sisse ja v\u00e4lja l\u00fclitada ning j\u00e4lgida nende seisukorda reaalajas. K\u00f5ik toimingud on nutitelefonist lihtsasti hallatavad.<\/p>\n<p><img decoding=\"async\" src=\"https:\/\/blankpage.ee\/_ruumist-ruumi\/wp-content\/uploads\/2025\/04\/04-1.webp\" alt=\"nutipult kaugjuhtimise v\u00f5imalus mobiilirakenduse kaudu\"><\/p>\n<h3>Lisatarvik: temperatuur ja \u00f5huniiskuse andur<\/h3>\n<p><a href=\"#\">Soovi korral saad \u00fchendada juurde temperatuuri- ja niiskusanduri<\/a>, millega j\u00e4lgida kodu kliimatingimusi. Anduri p\u00f5hjal saad automaatselt m\u00e4\u00e4rata n\u00e4iteks kliimaseadme v\u00f5i \u00f5huniisuti k\u00e4ivitamise konkreetse temperatuuri v\u00f5i \u00f5huniiskuse korral.<\/p>\n<p><img decoding=\"async\" src=\"https:\/\/blankpage.ee\/_ruumist-ruumi\/wp-content\/uploads\/2025\/04\/05-2.webp\" alt=\"temperatuuri ja niiskuse m\u00f5\u00f5tmise lisatarvik universaalpuldile\"><\/p>\n<h3>Uuendatud disain ja t\u00f6\u00f6kindlus<\/h3>\n<p>Broadlink RM4 Pro on t\u00e4iustatud edasiarendus populaarse RM3 Pro mudeli baasil, pakkudes veelgi paremat kasutuskogemust ning mitmek\u00fclgsemat \u00fchenduvust lisaseadmetega.<\/p>\n<p><img decoding=\"async\" src=\"https:\/\/blankpage.ee\/_ruumist-ruumi\/wp-content\/uploads\/2025\/04\/06.webp\" alt=\"kaasaegse disainiga universaalne kaugjuhtimispult mustas korpuses\"><\/p>\n<h3>Tugev signaal ja lai juhtimisulatus \u2013 nutikas universaalpult igasse koju<\/h3>\n<p>433 MHz raadiolainete kasutamine tagab stabiilse \u00fchenduse ka suuremates ruumides, IR-signaali ulatus on 8\u201315 meetrit. Lai juhtimisala v\u00f5imaldab kasutada pulti mitme seadme jaoks korraga.<\/p>\n<p><img decoding=\"async\" src=\"https:\/\/blankpage.ee\/_ruumist-ruumi\/wp-content\/uploads\/2025\/04\/07.webp\" alt=\"lai levi ja tugev side nutikas universaalpult Broadlink RM4 Pro abil\"><\/p>\n<div class=\"table-wrapper\">\n<table>\n<tbody>\n<tr>\n<th>Juhtimine<\/th>\n<td>Wi-Fi kaudu<\/td>\n<\/tr>\n<tr>\n<th>Raadiokaugjuhtimine<\/th>\n<td>433 MHz (Euroopa)<\/td>\n<\/tr>\n<tr>\n<th>Infrapuna suund<\/th>\n<td>360\u00b0<\/td>\n<\/tr>\n<tr>\n<th>Wi-Fi tugi<\/th>\n<td>2.4GHz 802.11 b\/g\/n<\/td>\n<\/tr>\n<tr>\n<th>T\u00f6\u00f6tab s\u00fcsteemidel<\/th>\n<td>Android ja iOS<\/td>\n<\/tr>\n<tr>\n<th>Juhtimine seadmega<\/th>\n<td>Nutitelefon v\u00f5i tahvelarvuti<\/td>\n<\/tr>\n<tr>\n<th>Ajastused<\/th>\n<td>Kohandatavate profiilidega<\/td>\n<\/tr>\n<tr>\n<th>Toitepinge<\/th>\n<td>5V<\/td>\n<\/tr>\n<tr>\n<th>Muud omadused<\/th>\n<td>Stseenide loomine, \u00fchilduvus Google Home\u2019iga<\/td>\n<\/tr>\n<\/tbody>\n<\/table>\n<\/div>\n","protected":false},"excerpt":{"rendered":"<p>Nutikas universaalpult Broadlink RM4 Pro \u2013 universaalne kaugjuhtimisseade Nutikas universaalpult Broadlink RM4 Pro v\u00f5imaldab juhtida k\u00f5iki koduseid seadmeid infrapuna (IR) ja 433\/315 MHz raadiosageduse abil. T\u00e4nu nutitelefoni rakendusele saad mugavalt kaugjuhtida n\u00e4iteks televiisorit, valgustust, kardinaid, kliimaseadet v\u00f5i helis\u00fcsteemi, olenemata oma asukohast. Seade \u00fchildub Alexa ja Google\u2019i h\u00e4\u00e4leassistentidega, pakkudes ka k\u00e4ed-vabad juhtimist. Kompaktne m\u00f5\u00f5t ja modernne [&hellip;]<\/p>\n","protected":false},"featured_media":167967,"comment_status":"open","ping_status":"open","template":"","meta":[],"product_brand":[3041],"product_cat":[3039],"product_tag":[],"class_list":{"0":"post-167960","1":"product","2":"type-product","3":"status-publish","4":"has-post-thumbnail","6":"product_brand-broadlink","7":"product_cat-lulitid","8":"product_shipping_class-innpro","10":"first","11":"outofstock","12":"sale","13":"taxable","14":"shipping-taxable","15":"purchasable","16":"product-type-simple"},"_links":{"self":[{"href":"https:\/\/blankpage.ee\/_ruumist-ruumi\/wp-json\/wp\/v2\/product\/167960","targetHints":{"allow":["GET"]}}],"collection":[{"href":"https:\/\/blankpage.ee\/_ruumist-ruumi\/wp-json\/wp\/v2\/product"}],"about":[{"href":"https:\/\/blankpage.ee\/_ruumist-ruumi\/wp-json\/wp\/v2\/types\/product"}],"replies":[{"embeddable":true,"href":"https:\/\/blankpage.ee\/_ruumist-ruumi\/wp-json\/wp\/v2\/comments?post=167960"}],"wp:featuredmedia":[{"embeddable":true,"href":"https:\/\/blankpage.ee\/_ruumist-ruumi\/wp-json\/wp\/v2\/media\/167967"}],"wp:attachment":[{"href":"https:\/\/blankpage.ee\/_ruumist-ruumi\/wp-json\/wp\/v2\/media?parent=167960"}],"wp:term":[{"taxonomy":"product_brand","embeddable":true,"href":"https:\/\/blankpage.ee\/_ruumist-ruumi\/wp-json\/wp\/v2\/product_brand?post=167960"},{"taxonomy":"product_cat","embeddable":true,"href":"https:\/\/blankpage.ee\/_ruumist-ruumi\/wp-json\/wp\/v2\/product_cat?post=167960"},{"taxonomy":"product_tag","embeddable":true,"href":"https:\/\/blankpage.ee\/_ruumist-ruumi\/wp-json\/wp\/v2\/product_tag?post=167960"}],"curies":[{"name":"wp","href":"https:\/\/api.w.org\/{rel}","templated":true}]}}