{"id":167977,"date":"2025-04-17T18:08:25","date_gmt":"2025-04-17T18:08:25","guid":{"rendered":"https:\/\/ruumistruumi.ee\/pood\/nutikas-luliti-switchbot-s1-juhtmevaba-valge-bluetooth-cr2-patarei\/"},"modified":"2025-08-21T08:19:56","modified_gmt":"2025-08-21T08:19:56","slug":"nutikas-luliti-switchbot-s1-juhtmevaba-valge-bluetooth-cr2-patarei","status":"publish","type":"product","link":"https:\/\/blankpage.ee\/_ruumist-ruumi\/pood\/nutikas-luliti-switchbot-s1-juhtmevaba-valge-bluetooth-cr2-patarei\/","title":{"rendered":"Nutikas l\u00fcliti SwitchBot S1 juhtmevaba (valge, Bluetooth, CR2 patarei)"},"content":{"rendered":"<h3>Nutikas l\u00fcliti SwitchBot S1 juhtmevaba (valge)<\/h3>\n<p>Nutikas l\u00fcliti SwitchBot S1 v\u00f5imaldab muuta tavalised l\u00fclitid ja nupud nutikaks \u2013 juhtida saad nii mobiilirakenduse kui ka kaugjuhtimispuldiga (SwitchBot Remote ei ole komplektis). See lahendus sobib enamikele nupu- ja kiikl\u00fclititele ning pakub kahte t\u00f6\u00f6re\u017eiimi: vajutusre\u017eiimi ning l\u00fclitusre\u017eiimi, mis s\u00f5ltuvad sinu kodus olevast l\u00fcliti t\u00fc\u00fcbist.<\/p>\n<p><img decoding=\"async\" src=\"https:\/\/blankpage.ee\/_ruumist-ruumi\/wp-content\/uploads\/2025\/04\/4-74.webp\" alt=\"Valge SwitchBot S1 nutikas l\u00fcliti l\u00e4hivaates t\u00f6\u00f6korras\" \/><\/p>\n<h3>Laiad kasutusv\u00f5imalused ja lihtne paigaldamine<\/h3>\n<p>Nutikas l\u00fcliti sobib ideaalselt koduautomaatika lahenduseks. Saab automaatselt sisse l\u00fclitada valgusteid, kohvimasinaid v\u00f5i muid seadmeid. Paigaldus on lihtne ja t\u00f6\u00f6riistu ei vaja \u2013 piisab komplektis olevast 3M kleeplindist.<\/p>\n<p><img decoding=\"async\" src=\"https:\/\/blankpage.ee\/_ruumist-ruumi\/wp-content\/uploads\/2025\/04\/6-58.webp\" alt=\"Nutikl\u00fcliti kinnitus koduse nuppl\u00fcliti k\u00fclge\" \/><\/p>\n<h3>Pikk t\u00f6\u00f6aeg ja lihtne kasutamine<\/h3>\n<p>SwitchBot S1 saab toite \u00fchest CR2 patareist (kaasas), mille kasutusaeg on kuni 600 p\u00e4eva. Seade \u00fchildub iOS ja Android nutiseadmetega ning nutikelladega, kasutades Bluetooth 4.2 \u00fchendust (t\u00f6\u00f6raadius avatud ruumis kuni 80 m). Seadistamine k\u00e4ib kiirelt l\u00e4bi tasuta SwitchBot \u00e4pi.<\/p>\n<p><img decoding=\"async\" src=\"https:\/\/blankpage.ee\/_ruumist-ruumi\/wp-content\/uploads\/2025\/04\/9-31.webp\" alt=\"SwitchBot S1 patarei vahetamine ning komplekti kuuluvad tarvikud\" \/><\/p>\n<h3>T\u00e4ielik kaugjuhtimine ja targa kodu v\u00f5imalused<\/h3>\n<p>SwitchBot S1 integreerub t\u00e4isautomaatse kodu s\u00fcsteemiga \u2013 \u00fchenda see SwitchBot Hub Plus v\u00f5i Hub Mini seadmega (m\u00fc\u00fcgil eraldi) ning saad kasutada Alexa, Google Assistant ja Siri h\u00e4\u00e4ljuhtimist ning IFTTT v\u00f5i SmartThings automaatikat. V\u00f5imalik on ka ajastada toiminguid ja luua erinevaid nutika kodu stsenaariume, mis teevad igap\u00e4evaelu veelgi mugavamaks.<\/p>\n<p><img decoding=\"async\" src=\"https:\/\/blankpage.ee\/_ruumist-ruumi\/wp-content\/uploads\/2025\/04\/7-52.webp\" alt=\"Nutikas l\u00fcliti rakenduse ekraanil ja kaugjuhtimisel kodus\" \/><\/p>\n<h3>Tehnilised andmed<\/h3>\n<table>\n<tr>\n<th>Br\u00e4nd<\/th>\n<td>SwitchBot<\/td>\n<\/tr>\n<tr>\n<th>Mudel<\/th>\n<td>SWITCHBOT S1<\/td>\n<\/tr>\n<tr>\n<th>V\u00e4rv<\/th>\n<td>Valge<\/td>\n<\/tr>\n<tr>\n<th>Toide<\/th>\n<td>1 \u00d7 CR2 patarei (kaasas)<\/td>\n<\/tr>\n<tr>\n<th>T\u00f6\u00f6aeg<\/th>\n<td>Kuni 600 p\u00e4eva<\/td>\n<\/tr>\n<tr>\n<th>Pinge<\/th>\n<td>3V<\/td>\n<\/tr>\n<tr>\n<th>\u00dchenduvus<\/th>\n<td>Bluetooth 4.2 v\u00f5i uuem<\/td>\n<\/tr>\n<tr>\n<th>T\u00f6\u00f6raadius<\/th>\n<td>Kuni 80 m (avatud ruumis)<\/td>\n<\/tr>\n<tr>\n<th>Kallutusnurk<\/th>\n<td>Maksimaalselt 135\u00b0<\/td>\n<\/tr>\n<tr>\n<th>Kaal<\/th>\n<td>Umbes 42 g<\/td>\n<\/tr>\n<tr>\n<th>M\u00f5\u00f5dud<\/th>\n<td>Umbes 43 \u00d7 37 \u00d7 24 mm<\/td>\n<\/tr>\n<tr>\n<th>S\u00fcsteemin\u00f5uded<\/th>\n<td>iOS 11+, Android 5.0+, watchOS 4.0+<\/td>\n<\/tr>\n<tr>\n<th>Rakendus<\/th>\n<td>SwitchBot<\/td>\n<\/tr>\n<tr>\n<th>\u00dchilduvus<\/th>\n<td>Amazon Alexa, Google Assistant, Siri, IFTTT, SmartThings, Clova (SwitchBot Hub Plus\/Mini vajalik, m\u00fc\u00fcgil eraldi)<\/td>\n<\/tr>\n<\/table>\n<h3>Komplektis<\/h3>\n<ul>\n<li>SwitchBot S1 nutikas l\u00fcliti<\/li>\n<li>Kasutusjuhend<\/li>\n<li>2 x lisatarvik on\/off funktsiooniks<\/li>\n<li>Varu kleepteip<\/li>\n<\/ul>\n","protected":false},"excerpt":{"rendered":"<p>Nutikas l\u00fcliti SwitchBot S1 juhtmevaba (valge) Nutikas l\u00fcliti SwitchBot S1 v\u00f5imaldab muuta tavalised l\u00fclitid ja nupud nutikaks \u2013 juhtida saad nii mobiilirakenduse kui ka kaugjuhtimispuldiga (SwitchBot Remote ei ole komplektis). See lahendus sobib enamikele nupu- ja kiikl\u00fclititele ning pakub kahte t\u00f6\u00f6re\u017eiimi: vajutusre\u017eiimi ning l\u00fclitusre\u017eiimi, mis s\u00f5ltuvad sinu kodus olevast l\u00fcliti t\u00fc\u00fcbist. Laiad kasutusv\u00f5imalused ja lihtne [&hellip;]<\/p>\n","protected":false},"featured_media":167982,"comment_status":"open","ping_status":"open","template":"","meta":[],"product_brand":[3062],"product_cat":[3043],"product_tag":[],"class_list":{"0":"post-167977","1":"product","2":"type-product","3":"status-publish","4":"has-post-thumbnail","6":"product_brand-switchbot","7":"product_cat-nutikontrollerid","8":"product_shipping_class-innpro","10":"first","11":"instock","12":"sale","13":"taxable","14":"shipping-taxable","15":"purchasable","16":"product-type-simple"},"_links":{"self":[{"href":"https:\/\/blankpage.ee\/_ruumist-ruumi\/wp-json\/wp\/v2\/product\/167977","targetHints":{"allow":["GET"]}}],"collection":[{"href":"https:\/\/blankpage.ee\/_ruumist-ruumi\/wp-json\/wp\/v2\/product"}],"about":[{"href":"https:\/\/blankpage.ee\/_ruumist-ruumi\/wp-json\/wp\/v2\/types\/product"}],"replies":[{"embeddable":true,"href":"https:\/\/blankpage.ee\/_ruumist-ruumi\/wp-json\/wp\/v2\/comments?post=167977"}],"wp:featuredmedia":[{"embeddable":true,"href":"https:\/\/blankpage.ee\/_ruumist-ruumi\/wp-json\/wp\/v2\/media\/167982"}],"wp:attachment":[{"href":"https:\/\/blankpage.ee\/_ruumist-ruumi\/wp-json\/wp\/v2\/media?parent=167977"}],"wp:term":[{"taxonomy":"product_brand","embeddable":true,"href":"https:\/\/blankpage.ee\/_ruumist-ruumi\/wp-json\/wp\/v2\/product_brand?post=167977"},{"taxonomy":"product_cat","embeddable":true,"href":"https:\/\/blankpage.ee\/_ruumist-ruumi\/wp-json\/wp\/v2\/product_cat?post=167977"},{"taxonomy":"product_tag","embeddable":true,"href":"https:\/\/blankpage.ee\/_ruumist-ruumi\/wp-json\/wp\/v2\/product_tag?post=167977"}],"curies":[{"name":"wp","href":"https:\/\/api.w.org\/{rel}","templated":true}]}}