{"id":168004,"date":"2025-04-17T18:08:25","date_gmt":"2025-04-17T18:08:25","guid":{"rendered":"https:\/\/ruumistruumi.ee\/pood\/nutikas-kodu-juhtpaneel-switchbot-hub-mini-wi-fi-ir-valge\/"},"modified":"2025-08-21T08:19:56","modified_gmt":"2025-08-21T08:19:56","slug":"nutikas-kodu-juhtpaneel-switchbot-hub-mini-wi-fi-ir-valge","status":"publish","type":"product","link":"https:\/\/blankpage.ee\/_ruumist-ruumi\/pood\/nutikas-kodu-juhtpaneel-switchbot-hub-mini-wi-fi-ir-valge\/","title":{"rendered":"Nutikas kodu juhtpaneel SwitchBot Hub Mini (Wi-Fi, IR, valge)"},"content":{"rendered":"<h3>SwitchBot Hub Mini \u2013 nutika kodu juhtpaneel<\/h3>\n<p>Nutikas kodu juhtpaneel SwitchBot Hub Mini v\u00f5imaldab \u00fchendada ja juhtida erinevaid seadmeid SwitchBoti \u00f6kos\u00fcsteemist. Automatiseeri igap\u00e4evaseid toiminguid: loo ajagraafikuid, stseene ning olulisemaid koduseadmeid saad mugavalt juhtida \u00fchest rakendusest v\u00f5i kasutades h\u00e4\u00e4lk\u00e4sklusi.<\/p>\n<p><img decoding=\"async\" src=\"https:\/\/blankpage.ee\/_ruumist-ruumi\/wp-content\/uploads\/2025\/04\/6-60.webp\" alt=\"SwitchBot Hub Mini nutika kodu juhtpaneel valges korpuses laual\"><\/p>\n<h3>Lihtne paigaldada ja kasutada<\/h3>\n<p>SwitchBot Hub Mini seadistamine k\u00e4ib kiiresti l\u00e4bi mobiilirakenduse. Kerge ja kompaktne seade t\u00f6\u00f6tab USB-toitega \u2013 paigutamine sobivasse kohta on lihtne ja vaevatu. \u00d5ppefunktsiooniga lisad uued seadmed m\u00f5ne hetkega. M\u00e4rka, et SwitchBot Hub Mini t\u00f6\u00f6tab ainult 2.4 GHz Wi-Fi v\u00f5rgus.<\/p>\n<p><img decoding=\"async\" src=\"https:\/\/blankpage.ee\/_ruumist-ruumi\/wp-content\/uploads\/2025\/04\/8-40.webp\" alt=\"SwitchBot rakenduse seadistusevaade nutitelefonis, juhtpult lihtne kasutada\"><\/p>\n<h3>Kaugjuhtimine ja h\u00e4\u00e4ljuhtimine<\/h3>\n<p>Kasuta k\u00f5iki nutikodu seadmeid ka distantsilt \u2013 juhtpaneel v\u00f5imaldab l\u00fclitada valgusteid, kliimaseadmeid ja teisi seadmeid sisse v\u00f5i v\u00e4lja nii kodust lahkudes kui ka kohapeal olles. H\u00e4\u00e4ljuhtimise v\u00f5imalused on olemas: \u00fchilduvus Alexa, Google Assistanti ja Siri keskkondadega.<\/p>\n<p><img decoding=\"async\" src=\"https:\/\/blankpage.ee\/_ruumist-ruumi\/wp-content\/uploads\/2025\/04\/4-76.webp\" alt=\"Kaugjuhtimise funktsioon SwitchBot Hub Mini kaudu nutitelefonist\"><\/p>\n<h3>Kohanda vastavalt oma eluviisile<\/h3>\n<p>Seadista isikup\u00e4rased ajagraafikud \u2013 n\u00e4iteks valgus kustub automaatselt, kui kodust lahkud, ventilaator k\u00e4ivitub enne koju j\u00f5udmist v\u00f5i teler l\u00fclitub sisse Sinu soovitud ajal. Nii saad iga p\u00e4ev mugavalt ning t\u00f5husalt automatiseeritud lahendusi nautida.<\/p>\n<p><img decoding=\"async\" src=\"https:\/\/blankpage.ee\/_ruumist-ruumi\/wp-content\/uploads\/2025\/04\/1-81.webp\" alt=\"Stseenide ja automaatika loomine SwitchBot rakenduses juhipaneeli kaudu\"><\/p>\n<h3>Laiad v\u00f5imalused kodu automatiseerimiseks<\/h3>\n<p>Nutikas juhtpaneel v\u00f5imaldab k\u00e4ivitada targa kodu stseene \u2013 n\u00e4iteks l\u00fclita hommikul kohvimasin sisse nupuvajutusega v\u00f5i avab rulood automaatselt vastavalt temperatuurile. V\u00f5imalused on mitmek\u00fclgsed ning seadistamine j\u00e4\u00e4b lihtsaks.<\/p>\n<p><img decoding=\"async\" src=\"https:\/\/blankpage.ee\/_ruumist-ruumi\/wp-content\/uploads\/2025\/04\/11-12.webp\" alt=\"Automatiseeritud lahenduste kasutamine nutika kodu juhtpaneeliga\"><\/p>\n<h3>Komplektis<\/h3>\n<ul>\n<li>SwitchBot Hub Mini juhtpaneel<\/li>\n<li>USB-kaabel<\/li>\n<li>3M kinnituskleebis<\/li>\n<li>Kasutusjuhend<\/li>\n<\/ul>\n<div class=\"table-wrapper\">\n<table>\n<tbody>\n<tr>\n<th>Br\u00e4nd<\/th>\n<td>SwitchBot<\/td>\n<\/tr>\n<tr>\n<th>Mudel<\/th>\n<td>Hub Mini (W0202200)<\/td>\n<\/tr>\n<tr>\n<th>V\u00e4rv<\/th>\n<td>Valge<\/td>\n<\/tr>\n<tr>\n<th>\u00dchenduvus<\/th>\n<td>Infrapuna, Wi-Fi (ainult 2.4GHz)<\/td>\n<\/tr>\n<tr>\n<th>Sidevahemik<\/th>\n<td>Kuni 120 m<\/td>\n<\/tr>\n<tr>\n<th>Infrapuna ulatus<\/th>\n<td>Vertikaalselt kuni 30 m (360\u00b0), horisontaalselt kuni 30 m (180\u00b0)<\/td>\n<\/tr>\n<tr>\n<th>Pinge<\/th>\n<td>5 V<\/td>\n<\/tr>\n<tr>\n<th>T\u00f6\u00f6temperatuur<\/th>\n<td>-10\u00b0C kuni 60\u00b0C<\/td>\n<\/tr>\n<tr>\n<th>Kaal<\/th>\n<td>u 42 g<\/td>\n<\/tr>\n<tr>\n<th>\u00dchilduvus<\/th>\n<td>Amazon Alexa, Google Assistant, Siri, IFTTT, SmartThings, Line CLOVA<\/td>\n<\/tr>\n<\/tbody>\n<\/table>\n<\/div>\n","protected":false},"excerpt":{"rendered":"<p>SwitchBot Hub Mini \u2013 nutika kodu juhtpaneel Nutikas kodu juhtpaneel SwitchBot Hub Mini v\u00f5imaldab \u00fchendada ja juhtida erinevaid seadmeid SwitchBoti \u00f6kos\u00fcsteemist. Automatiseeri igap\u00e4evaseid toiminguid: loo ajagraafikuid, stseene ning olulisemaid koduseadmeid saad mugavalt juhtida \u00fchest rakendusest v\u00f5i kasutades h\u00e4\u00e4lk\u00e4sklusi. Lihtne paigaldada ja kasutada SwitchBot Hub Mini seadistamine k\u00e4ib kiiresti l\u00e4bi mobiilirakenduse. Kerge ja kompaktne seade t\u00f6\u00f6tab [&hellip;]<\/p>\n","protected":false},"featured_media":168010,"comment_status":"open","ping_status":"open","template":"","meta":[],"product_brand":[3062],"product_cat":[3043],"product_tag":[],"class_list":{"0":"post-168004","1":"product","2":"type-product","3":"status-publish","4":"has-post-thumbnail","6":"product_brand-switchbot","7":"product_cat-nutikontrollerid","8":"product_shipping_class-innpro","10":"first","11":"instock","12":"sale","13":"taxable","14":"shipping-taxable","15":"purchasable","16":"product-type-simple"},"_links":{"self":[{"href":"https:\/\/blankpage.ee\/_ruumist-ruumi\/wp-json\/wp\/v2\/product\/168004","targetHints":{"allow":["GET"]}}],"collection":[{"href":"https:\/\/blankpage.ee\/_ruumist-ruumi\/wp-json\/wp\/v2\/product"}],"about":[{"href":"https:\/\/blankpage.ee\/_ruumist-ruumi\/wp-json\/wp\/v2\/types\/product"}],"replies":[{"embeddable":true,"href":"https:\/\/blankpage.ee\/_ruumist-ruumi\/wp-json\/wp\/v2\/comments?post=168004"}],"wp:featuredmedia":[{"embeddable":true,"href":"https:\/\/blankpage.ee\/_ruumist-ruumi\/wp-json\/wp\/v2\/media\/168010"}],"wp:attachment":[{"href":"https:\/\/blankpage.ee\/_ruumist-ruumi\/wp-json\/wp\/v2\/media?parent=168004"}],"wp:term":[{"taxonomy":"product_brand","embeddable":true,"href":"https:\/\/blankpage.ee\/_ruumist-ruumi\/wp-json\/wp\/v2\/product_brand?post=168004"},{"taxonomy":"product_cat","embeddable":true,"href":"https:\/\/blankpage.ee\/_ruumist-ruumi\/wp-json\/wp\/v2\/product_cat?post=168004"},{"taxonomy":"product_tag","embeddable":true,"href":"https:\/\/blankpage.ee\/_ruumist-ruumi\/wp-json\/wp\/v2\/product_tag?post=168004"}],"curies":[{"name":"wp","href":"https:\/\/api.w.org\/{rel}","templated":true}]}}