{"id":168061,"date":"2025-04-17T18:12:21","date_gmt":"2025-04-17T18:12:21","guid":{"rendered":"https:\/\/ruumistruumi.ee\/pood\/sonoff-anduri-adapter-al010-25-mm-jack-rj9-5-cm\/"},"modified":"2025-08-21T08:19:55","modified_gmt":"2025-08-21T08:19:55","slug":"sonoff-anduri-adapter-al010-25-mm-jack-rj9-5-cm","status":"publish","type":"product","link":"https:\/\/blankpage.ee\/_ruumist-ruumi\/pood\/sonoff-anduri-adapter-al010-25-mm-jack-rj9-5-cm\/","title":{"rendered":"Sonoff anduri adapter AL010, 2,5 mm Jack \u2013 RJ9, 5 cm"},"content":{"rendered":"<h3>Sonoff anduri adapter \u2013 Jack 2,5 mm kuni RJ9 AL010<\/h3>\n<p>Sonoff anduri adapter AL010 v\u00f5imaldab \u00fchendada 2,5 mm jack-pistikuga andurid uuematele Sonoff Wi-Fi releemudelitele, nagu TH Origin (THR316 \/ THR320) ja TH Elite (THR316D \/ THR320D), millel on RJ9 4P4C liides. See muudab lihtsaks temperatuuri- ja \u00f5huniiskuse andurite (n\u00e4iteks Si7021 ja AM2301), veekindla temperatuurianduri (DS18B20) ning mulla niiskuseanduri (MS01) kasutamise Sonoff anduri adapteri abil.<\/p>\n<p>Adapteriga saad erinevad sensorid lihtsalt \u00fchendada Wi-Fi seadmetega, mis toetavad vaid RJ9 \u00fchendust \u2013 see t\u00e4hendab, et Sonoff anduri adapter v\u00f5imaldab kiiret ja mugavat andurite vahetamist ilma lisaseadmeteta. Seade sobib h\u00e4sti koduautomaatikasse ja nutikodu lahendustesse, kus vajad usaldusv\u00e4\u00e4rset \u00fchendust mitmete anduritega.<\/p>\n<p><img decoding=\"async\" src=\"https:\/\/blankpage.ee\/_ruumist-ruumi\/wp-content\/uploads\/2025\/04\/1-83.webp\" alt=\"Sonoff anduri adapter, 2,5 mm Jack ja RJ9 pistikutega, must 5 cm kaabel\"><\/p>\n<div class=\"table-wrapper\">\n<table>\n<tbody>\n<tr>\n<th>Tootja<\/th>\n<td>Sonoff<\/td>\n<\/tr>\n<tr>\n<th>Mudel<\/th>\n<td>AL010<\/td>\n<\/tr>\n<tr>\n<th>\u00dchilduvus<\/th>\n<td>TH Origin (THR316 \/ THR320), TH Elite (THR316D \/ THR320D), Si7021, AM2301, DS18B20, MS01<\/td>\n<\/tr>\n<tr>\n<th>Pistik<\/th>\n<td>Jack 2,5 mm \/ RJ9 4P4C<\/td>\n<\/tr>\n<tr>\n<th>Kaabli pikkus<\/th>\n<td>5 cm<\/td>\n<\/tr>\n<tr>\n<th>V\u00e4rv<\/th>\n<td>Must<\/td>\n<\/tr>\n<\/tbody>\n<\/table>\n<\/div>\n","protected":false},"excerpt":{"rendered":"<p>Sonoff anduri adapter \u2013 Jack 2,5 mm kuni RJ9 AL010 Sonoff anduri adapter AL010 v\u00f5imaldab \u00fchendada 2,5 mm jack-pistikuga andurid uuematele Sonoff Wi-Fi releemudelitele, nagu TH Origin (THR316 \/ THR320) ja TH Elite (THR316D \/ THR320D), millel on RJ9 4P4C liides. See muudab lihtsaks temperatuuri- ja \u00f5huniiskuse andurite (n\u00e4iteks Si7021 ja AM2301), veekindla temperatuurianduri (DS18B20) [&hellip;]<\/p>\n","protected":false},"featured_media":168063,"comment_status":"open","ping_status":"open","template":"","meta":[],"product_brand":[3037],"product_cat":[3048],"product_tag":[],"class_list":{"0":"post-168061","1":"product","2":"type-product","3":"status-publish","4":"has-post-thumbnail","6":"product_brand-sonoff","7":"product_cat-nutikodu-tarvikud","8":"product_shipping_class-innpro","10":"first","11":"instock","12":"sale","13":"taxable","14":"shipping-taxable","15":"purchasable","16":"product-type-simple"},"_links":{"self":[{"href":"https:\/\/blankpage.ee\/_ruumist-ruumi\/wp-json\/wp\/v2\/product\/168061","targetHints":{"allow":["GET"]}}],"collection":[{"href":"https:\/\/blankpage.ee\/_ruumist-ruumi\/wp-json\/wp\/v2\/product"}],"about":[{"href":"https:\/\/blankpage.ee\/_ruumist-ruumi\/wp-json\/wp\/v2\/types\/product"}],"replies":[{"embeddable":true,"href":"https:\/\/blankpage.ee\/_ruumist-ruumi\/wp-json\/wp\/v2\/comments?post=168061"}],"wp:featuredmedia":[{"embeddable":true,"href":"https:\/\/blankpage.ee\/_ruumist-ruumi\/wp-json\/wp\/v2\/media\/168063"}],"wp:attachment":[{"href":"https:\/\/blankpage.ee\/_ruumist-ruumi\/wp-json\/wp\/v2\/media?parent=168061"}],"wp:term":[{"taxonomy":"product_brand","embeddable":true,"href":"https:\/\/blankpage.ee\/_ruumist-ruumi\/wp-json\/wp\/v2\/product_brand?post=168061"},{"taxonomy":"product_cat","embeddable":true,"href":"https:\/\/blankpage.ee\/_ruumist-ruumi\/wp-json\/wp\/v2\/product_cat?post=168061"},{"taxonomy":"product_tag","embeddable":true,"href":"https:\/\/blankpage.ee\/_ruumist-ruumi\/wp-json\/wp\/v2\/product_tag?post=168061"}],"curies":[{"name":"wp","href":"https:\/\/api.w.org\/{rel}","templated":true}]}}