{"id":168065,"date":"2025-04-17T18:12:21","date_gmt":"2025-04-17T18:12:21","guid":{"rendered":"https:\/\/ruumistruumi.ee\/pood\/nutikas-juhtpaneel-sonoff-nspanel-pro-wifi-zigbee-bluetooth-termostaat-valge\/"},"modified":"2025-08-21T08:19:56","modified_gmt":"2025-08-21T08:19:56","slug":"nutikas-juhtpaneel-sonoff-nspanel-pro-wifi-zigbee-bluetooth-termostaat-valge","status":"publish","type":"product","link":"https:\/\/blankpage.ee\/_ruumist-ruumi\/pood\/nutikas-juhtpaneel-sonoff-nspanel-pro-wifi-zigbee-bluetooth-termostaat-valge\/","title":{"rendered":"Nutikas juhtpaneel Sonoff NSPanel Pro (WiFi, Zigbee, Bluetooth, termostaat, valge)"},"content":{"rendered":"<h3>Nutikas juhtpaneel Sonoff NSPanel Pro (valge)<\/h3>\n<p>Nutikas juhtpaneel Sonoff NSPanel Pro on kaasaegne lahendus nutikodu juhtimiseks, mis v\u00f5imaldab mugavalt hallata kogu kodu automaatikat. Seadet saab kasutada valgustuse, andurite, temperatuuri ja turvakaamerate juhtimiseks, samuti annab paneel teada sissetungist v\u00f5i uksekella helisemisest. Nutikas juhtpaneel \u00fchildub Home Assistanti, Androidi ja iOS-iga ning toetab Wi-Fi, Bluetoothi ja Zigbee \u00fchendust. Paneeli saab kasutada nii ajastajana kui ka \u00e4ratuskellana, mis muudab igap\u00e4evased toimingud mugavamaks.<\/p>\n<p><img decoding=\"async\" src=\"https:\/\/blankpage.ee\/_ruumist-ruumi\/wp-content\/uploads\/2025\/04\/4-78.webp\" alt=\"nutikas juhtpaneel Sonoff NSPanel Pro seinale paigaldatuna valges interj\u00f6\u00f6ris\"\/><\/p>\n<h3>Integreeritud temperatuuri juhtimine<\/h3>\n<p>Seadmel on sisseehitatud termostaat, mis v\u00f5imaldab t\u00e4pselt reguleerida toa temperatuuri. \u00dchendades NSPanel Pro radiaatorite v\u00f5i kliimaseadmega, saab seadistada sobiva temperatuuri ja valida automaatse v\u00f5i manuaalse t\u00f6\u00f6re\u017eiimi. Automaatre\u017eiimis reguleerib paneel temperatuuri ise, manuaalselt on v\u00f5imalik v\u00e4\u00e4rtusi k\u00e4sitsi muuta igal ajal.<\/p>\n<p><img decoding=\"async\" src=\"https:\/\/blankpage.ee\/_ruumist-ruumi\/wp-content\/uploads\/2025\/04\/5-67.webp\" alt=\"temperatuuri seadistamise vaade nutikal juhtpaneelil Sonoff NSPanel Pro\"\/><\/p>\n<h3>Kohandatav puutetundlik ekraan<\/h3>\n<p>Paneelil on 3,95-tolline puutetundlik TFT LCD-ekraan, mille taustavalgus kohandub automaatselt vastavalt ruumi valgusele t\u00e4nu ICC andurile. Kasutajaliidest saab isikup\u00e4rastada erinevate taustapiltidega: lisaks eelvalikutele saab kuvada ilmateadet v\u00f5i laadida \u00fcles oma foto. Lisaks on v\u00f5imalik salvestada veebiaadresse ja vaadata neid otse juhtpaneelilt \u2013 olgu selleks muusika, sari v\u00f5i \u00f5ppevideo.<\/p>\n<p><img decoding=\"async\" src=\"https:\/\/blankpage.ee\/_ruumist-ruumi\/wp-content\/uploads\/2025\/04\/7-53.webp\" alt=\"nutika juhtpaneeli kasutajaliidese isikup\u00e4rastamine Sonoff NSPanel Pro ekraanil\"\/><\/p>\n<h3>Mugavus ja turvalisus kogu nutikodus<\/h3>\n<p>Paneel t\u00f6\u00f6tab Sonoffi (CAM Slim, GK-200MP-B), RTSP ja ESP32 protokolli kaameratega, v\u00f5imaldades otse ekraanilt j\u00e4lgida n\u00e4iteks garaa\u017ei, elutuba v\u00f5i esikut. Kahepoolse heli toega saab suhelda n\u00e4iteks kulleri v\u00f5i k\u00fclalisega. Sisseehitatud mikrofon ja k\u00f5lar lubavad helisid edastada nutiseadmesse v\u00f5i teisele juhtpaneelile.<\/p>\n<p><img decoding=\"async\" src=\"https:\/\/blankpage.ee\/_ruumist-ruumi\/wp-content\/uploads\/2025\/04\/6-62.webp\" alt=\"turvakaamerate pildid Sonoff NSPanel Pro juhtpaneeli ekraanil\"\/><\/p>\n<h3>T\u00f5hus energiahalduss\u00fcsteem nutiseadmes<\/h3>\n<p>Nutikas juhtpaneel v\u00f5imaldab j\u00e4lgida ja juhtida energiatarbimist, kui kasutada seda koos Sonoffi nutireleetega (POW Origin\/Elite, DualR3, S40\/31). Nii saad optimeerida kulusid ja hoida elektritarbimisel silma peal \u2013 k\u00f5ik \u00fchest kohast.<\/p>\n<p><img decoding=\"async\" src=\"https:\/\/blankpage.ee\/_ruumist-ruumi\/wp-content\/uploads\/2025\/04\/2-85.webp\" alt=\"elektritarbimise statistika Sonoff NSPanel Pro ekraanil\"\/><\/p>\n<h3>T\u00e4psed tehnilised andmed<\/h3>\n<div class=\"table-wrapper\">\n<table>\n<tbody>\n<tr>\n<th>Tootja<\/th>\n<td>Sonoff<\/td>\n<\/tr>\n<tr>\n<th>Mudel<\/th>\n<td>NSPanel Pro (valge)<\/td>\n<\/tr>\n<tr>\n<th>Ekraani diagonaal<\/th>\n<td>3,95&#8243;<\/td>\n<\/tr>\n<tr>\n<th>Resolutsioon<\/th>\n<td>480 x 480 px<\/td>\n<\/tr>\n<tr>\n<th>V\u00f5rgutoed<\/th>\n<td>Wi-Fi (2,4 GHz), Bluetooth (2.1\/3.0\/4.2), Zigbee 3.0<\/td>\n<\/tr>\n<tr>\n<th>Pinge<\/th>\n<td>100\u2013240 V AC, 50\/60 Hz<\/td>\n<\/tr>\n<tr>\n<th>Maksimaalne energiatarve<\/th>\n<td>5 W \/ 150 mA<\/td>\n<\/tr>\n<tr>\n<th>M\u00f5\u00f5dud<\/th>\n<td>86 x 86 x 39,5 mm<\/td>\n<\/tr>\n<tr>\n<th>Korpus<\/th>\n<td>PC V0, CRS, karastatud klaas<\/td>\n<\/tr>\n<tr>\n<th>Kaal<\/th>\n<td>180 g<\/td>\n<\/tr>\n<tr>\n<th>T\u00f6\u00f6temperatuur<\/th>\n<td>0 \u00b0C \u2013 40 \u00b0C<\/td>\n<\/tr>\n<tr>\n<th>T\u00f6\u00f6niiskus<\/th>\n<td>5\u201390% RH<\/td>\n<\/tr>\n<tr>\n<th>\u00dchilduvus<\/th>\n<td>Android, iOS, Home Assistant<\/td>\n<\/tr>\n<\/tbody>\n<\/table>\n<\/div>\n","protected":false},"excerpt":{"rendered":"<p>Nutikas juhtpaneel Sonoff NSPanel Pro (valge) Nutikas juhtpaneel Sonoff NSPanel Pro on kaasaegne lahendus nutikodu juhtimiseks, mis v\u00f5imaldab mugavalt hallata kogu kodu automaatikat. Seadet saab kasutada valgustuse, andurite, temperatuuri ja turvakaamerate juhtimiseks, samuti annab paneel teada sissetungist v\u00f5i uksekella helisemisest. Nutikas juhtpaneel \u00fchildub Home Assistanti, Androidi ja iOS-iga ning toetab Wi-Fi, Bluetoothi ja Zigbee \u00fchendust. [&hellip;]<\/p>\n","protected":false},"featured_media":168071,"comment_status":"open","ping_status":"open","template":"","meta":[],"product_brand":[3037],"product_cat":[3057],"product_tag":[],"class_list":{"0":"post-168065","1":"product","2":"type-product","3":"status-publish","4":"has-post-thumbnail","6":"product_brand-sonoff","7":"product_cat-juhtpaneelid","8":"product_shipping_class-innpro","10":"first","11":"instock","12":"sale","13":"taxable","14":"shipping-taxable","15":"purchasable","16":"product-type-simple"},"_links":{"self":[{"href":"https:\/\/blankpage.ee\/_ruumist-ruumi\/wp-json\/wp\/v2\/product\/168065","targetHints":{"allow":["GET"]}}],"collection":[{"href":"https:\/\/blankpage.ee\/_ruumist-ruumi\/wp-json\/wp\/v2\/product"}],"about":[{"href":"https:\/\/blankpage.ee\/_ruumist-ruumi\/wp-json\/wp\/v2\/types\/product"}],"replies":[{"embeddable":true,"href":"https:\/\/blankpage.ee\/_ruumist-ruumi\/wp-json\/wp\/v2\/comments?post=168065"}],"wp:featuredmedia":[{"embeddable":true,"href":"https:\/\/blankpage.ee\/_ruumist-ruumi\/wp-json\/wp\/v2\/media\/168071"}],"wp:attachment":[{"href":"https:\/\/blankpage.ee\/_ruumist-ruumi\/wp-json\/wp\/v2\/media?parent=168065"}],"wp:term":[{"taxonomy":"product_brand","embeddable":true,"href":"https:\/\/blankpage.ee\/_ruumist-ruumi\/wp-json\/wp\/v2\/product_brand?post=168065"},{"taxonomy":"product_cat","embeddable":true,"href":"https:\/\/blankpage.ee\/_ruumist-ruumi\/wp-json\/wp\/v2\/product_cat?post=168065"},{"taxonomy":"product_tag","embeddable":true,"href":"https:\/\/blankpage.ee\/_ruumist-ruumi\/wp-json\/wp\/v2\/product_tag?post=168065"}],"curies":[{"name":"wp","href":"https:\/\/api.w.org\/{rel}","templated":true}]}}