{"id":168075,"date":"2025-04-17T18:12:21","date_gmt":"2025-04-17T18:12:21","guid":{"rendered":"https:\/\/ruumistruumi.ee\/pood\/nutikodu-juhtpaneel-sonoff-nspanel-pro-wifi-bluetooth-zigbee-395-ekraan-must\/"},"modified":"2025-08-21T08:19:56","modified_gmt":"2025-08-21T08:19:56","slug":"nutikodu-juhtpaneel-sonoff-nspanel-pro-wifi-bluetooth-zigbee-395-ekraan-must","status":"publish","type":"product","link":"https:\/\/blankpage.ee\/_ruumist-ruumi\/pood\/nutikodu-juhtpaneel-sonoff-nspanel-pro-wifi-bluetooth-zigbee-395-ekraan-must\/","title":{"rendered":"Nutikodu juhtpaneel Sonoff NSPanel Pro (WiFi, Bluetooth, Zigbee, 3,95&#8243; ekraan, must)"},"content":{"rendered":"<h3>Nutikodu juhtpaneel Sonoff NSPanel Pro \u2013 sinu nutikodu keskne lahendus<\/h3>\n<p><strong>Nutikodu juhtpaneel<\/strong> Sonoff NSPanel Pro on mitmek\u00fclgne seinapaneel, mis v\u00f5imaldab lihtsalt ja mugavalt hallata k\u00f5iki sinu targa kodu seadmeid \u00fchest kohast. Sellel kompaktsel paneelil on 3,95-tolline puutetundlik TFT LCD-ekraan, millelt saad kontrollida valgustust, sensoreid, temperatuuri, kaameraid ja teisi nutiseadmeid. T\u00e4nu Wi-Fi, Bluetoothi ja Zigbee Matter toele \u00fchilduvad paljud populaarsed nutikodu s\u00fcsteemid ning v\u00f5imalik on ka Home Assistant integratsioon.<\/p>\n<p><img decoding=\"async\" src=\"https:\/\/blankpage.ee\/_ruumist-ruumi\/wp-content\/uploads\/2025\/04\/4-79.webp\" alt=\"Nutikodu juhtpaneel puutetundliku 3,95-tollise ekraaniga esivaates, mustal taustal\" \/><\/p>\n<h3>Arukas kliimajuhtimine ja isikup\u00e4rane kasutuskogemus<\/h3>\n<p>Juhtpaneeli sisse ehitatud termostaadiga saad reguleerida temperatuuri nii radiaatorite kui ka konditsioneeride jaoks mugavalt \u00fchest seadmest. Vali automaatne v\u00f5i manuaalne juhtimine vastavalt eelistustele. NSPanel Pro kasutajal on v\u00f5imalik salvestada veebiaadresse, et muusika ja videod oleksid kergesti ligip\u00e4\u00e4setavad. Samuti saab valida taustapildi, mis muutub vastavalt ilmaprognoosile, v\u00f5i panna ekraanile enda lemmikfoto.<\/p>\n<p><img decoding=\"async\" src=\"https:\/\/blankpage.ee\/_ruumist-ruumi\/wp-content\/uploads\/2025\/04\/5-68.webp\" alt=\"Juhtpaneel seadistatud termostaadi re\u017eiimis, temperatuurin\u00e4it ja juhtnupud ekraanil\" \/><\/p>\n<h3>Turbefunktsioonid ja igap\u00e4evane mugavus<\/h3>\n<p>Paneel v\u00f5imaldab j\u00e4lgida reaalajas kaamerapilti ja teostada kahepoolselt heliga suhtlust, n\u00e4iteks vestelda ukse taga oleva k\u00fclalise v\u00f5i kulleriga otse l\u00e4bi seadme mikrofoni ja k\u00f5lari. Saad koheselt teavitusi turvare\u017eiimi muutustest ning uksekella helinast.<\/p>\n<p><img decoding=\"async\" src=\"https:\/\/blankpage.ee\/_ruumist-ruumi\/wp-content\/uploads\/2025\/04\/6-63.webp\" alt=\"Turvakaamera vaade nutika kodu juhtseadme ekraanil koos erinevate turvavalikutega\" \/><\/p>\n<h3>Energias\u00e4\u00e4stlik targa kodu paneel<\/h3>\n<p>Paneeli abil saad j\u00e4lgida ja juhtida oma kodu energiakulu otse ekraanilt ning v\u00e4hendada elektriarveid \u00fchendades sobivad Sonoffi nutireleed (nt POW Origin\/Elite, DualR3, S40\/31). Energiakulu anal\u00fc\u00fcs aitab planeerida ja optimeerida tarbimist.<\/p>\n<p><img decoding=\"async\" src=\"https:\/\/blankpage.ee\/_ruumist-ruumi\/wp-content\/uploads\/2025\/04\/3-78.webp\" alt=\"Energiam\u00f5\u00f5dik ja energiakulu j\u00e4lgimise funktsioon targa kodu juhtpaneelis\" \/><\/p>\n<h3>Paindliku \u00fchenduvusega arukas targa kodu paneel<\/h3>\n<p>Zigbee 3.0 standard tagab stabiilse \u00fchenduse ja laialdase seadmetoe. <strong>Nutikodu juhtpaneel<\/strong> v\u00f5imaldab kahepoolset s\u00fcnkroniseerimist Home Assistantiga ning Zigbee seadmete \u00fchendamist m\u00f5lemas suunas, suurendades v\u00f5imalusi targa kodu haldamisel. H\u00e4\u00e4ltuvastus t\u00f6\u00f6tab Amazon Alexa ja Google Home&#8217;i kaudu. Targa kodu juhtpaneel \u00fchendab k\u00f5ik sinu kodu nutiseadmed \u00fchele ekraanile.<\/p>\n<p><img decoding=\"async\" src=\"https:\/\/blankpage.ee\/_ruumist-ruumi\/wp-content\/uploads\/2025\/04\/7-54.webp\" alt=\"Nutikodu juhtpaneelide v\u00f5rgustik ja seadmete haldus tsentraalsele ekraanile koondatud\" \/><\/p>\n<div class=\"table-wrapper\">\n<table>\n<tbody>\n<tr>\n<th>Tootja<\/th>\n<td>Sonoff<\/td>\n<\/tr>\n<tr>\n<th>Mudel<\/th>\n<td>NSPanel Pro (86PB)<\/td>\n<\/tr>\n<tr>\n<th>V\u00e4rv<\/th>\n<td>must<\/td>\n<\/tr>\n<tr>\n<th>Pinge<\/th>\n<td>100\u2013240 V AC, 50\/60Hz<\/td>\n<\/tr>\n<tr>\n<th>Maksimaalne v\u00f5imsus<\/th>\n<td>5W (150mA)<\/td>\n<\/tr>\n<tr>\n<th>Ekraani diagonaal<\/th>\n<td>3,95&#8243;<\/td>\n<\/tr>\n<tr>\n<th>Resolutsioon<\/th>\n<td>480 x 480<\/td>\n<\/tr>\n<tr>\n<th>Heliv\u00e4ljund<\/th>\n<td>7\u03a9, 1W<\/td>\n<\/tr>\n<tr>\n<th>Protsessor<\/th>\n<td>Nelikktuumaline ARM Cortex-A35<\/td>\n<\/tr>\n<tr>\n<th>GPU<\/th>\n<td>Mali-G31<\/td>\n<\/tr>\n<tr>\n<th>M\u00f5\u00f5dud<\/th>\n<td>86 x 86 x 39,5 mm<\/td>\n<\/tr>\n<tr>\n<th>Kaal<\/th>\n<td>180 g<\/td>\n<\/tr>\n<tr>\n<th>Materjal<\/th>\n<td>PC V0, CRS, karastatud klaas<\/td>\n<\/tr>\n<tr>\n<th>Tarkvara tugi<\/th>\n<td>Android, iOS<\/td>\n<\/tr>\n<tr>\n<th>Wi-Fi<\/th>\n<td>IEEE 802.11 b\/g\/n 2,4GHz<\/td>\n<\/tr>\n<tr>\n<th>Bluetooth<\/th>\n<td>BT2.1+EDR, BT3.0, BT4.2<\/td>\n<\/tr>\n<tr>\n<th>Zigbee<\/th>\n<td>IEEE 802.15.4 (Zigbee 3.0)<\/td>\n<\/tr>\n<tr>\n<th>T\u00f6\u00f6tamistemperatuur<\/th>\n<td>0\u00b0C ~ 40\u00b0C<\/td>\n<\/tr>\n<tr>\n<th>\u00d5huniiskus<\/th>\n<td>5%\u201390% RH<\/td>\n<\/tr>\n<\/tbody>\n<\/table>\n<\/div>\n<p><strong>Nutikodu juhtpaneel<\/strong> Sonoff NSPanel Pro sobib igasse koju, pakkudes v\u00f5imalust juhtida energiatarbimist, suurendada turvalisust ja muuta igap\u00e4evased toimingud lihtsamaks ning mugavamaks.<\/p>\n","protected":false},"excerpt":{"rendered":"<p>Nutikodu juhtpaneel Sonoff NSPanel Pro \u2013 sinu nutikodu keskne lahendus Nutikodu juhtpaneel Sonoff NSPanel Pro on mitmek\u00fclgne seinapaneel, mis v\u00f5imaldab lihtsalt ja mugavalt hallata k\u00f5iki sinu targa kodu seadmeid \u00fchest kohast. Sellel kompaktsel paneelil on 3,95-tolline puutetundlik TFT LCD-ekraan, millelt saad kontrollida valgustust, sensoreid, temperatuuri, kaameraid ja teisi nutiseadmeid. T\u00e4nu Wi-Fi, Bluetoothi ja Zigbee Matter [&hellip;]<\/p>\n","protected":false},"featured_media":168081,"comment_status":"open","ping_status":"open","template":"","meta":[],"product_brand":[3037],"product_cat":[3057],"product_tag":[],"class_list":{"0":"post-168075","1":"product","2":"type-product","3":"status-publish","4":"has-post-thumbnail","6":"product_brand-sonoff","7":"product_cat-juhtpaneelid","8":"product_shipping_class-innpro","10":"first","11":"instock","12":"sale","13":"taxable","14":"shipping-taxable","15":"purchasable","16":"product-type-simple"},"_links":{"self":[{"href":"https:\/\/blankpage.ee\/_ruumist-ruumi\/wp-json\/wp\/v2\/product\/168075","targetHints":{"allow":["GET"]}}],"collection":[{"href":"https:\/\/blankpage.ee\/_ruumist-ruumi\/wp-json\/wp\/v2\/product"}],"about":[{"href":"https:\/\/blankpage.ee\/_ruumist-ruumi\/wp-json\/wp\/v2\/types\/product"}],"replies":[{"embeddable":true,"href":"https:\/\/blankpage.ee\/_ruumist-ruumi\/wp-json\/wp\/v2\/comments?post=168075"}],"wp:featuredmedia":[{"embeddable":true,"href":"https:\/\/blankpage.ee\/_ruumist-ruumi\/wp-json\/wp\/v2\/media\/168081"}],"wp:attachment":[{"href":"https:\/\/blankpage.ee\/_ruumist-ruumi\/wp-json\/wp\/v2\/media?parent=168075"}],"wp:term":[{"taxonomy":"product_brand","embeddable":true,"href":"https:\/\/blankpage.ee\/_ruumist-ruumi\/wp-json\/wp\/v2\/product_brand?post=168075"},{"taxonomy":"product_cat","embeddable":true,"href":"https:\/\/blankpage.ee\/_ruumist-ruumi\/wp-json\/wp\/v2\/product_cat?post=168075"},{"taxonomy":"product_tag","embeddable":true,"href":"https:\/\/blankpage.ee\/_ruumist-ruumi\/wp-json\/wp\/v2\/product_tag?post=168075"}],"curies":[{"name":"wp","href":"https:\/\/api.w.org\/{rel}","templated":true}]}}