{"id":168117,"date":"2025-04-18T16:19:13","date_gmt":"2025-04-18T16:19:13","guid":{"rendered":"https:\/\/ruumistruumi.ee\/pood\/nutikas-radiaatori-termostaatventiil-avatto-trv07-zigbee-3-0-tuya\/"},"modified":"2025-08-21T08:19:55","modified_gmt":"2025-08-21T08:19:55","slug":"nutikas-radiaatori-termostaatventiil-avatto-trv07-zigbee-3-0-tuya","status":"publish","type":"product","link":"https:\/\/blankpage.ee\/_ruumist-ruumi\/pood\/nutikas-radiaatori-termostaatventiil-avatto-trv07-zigbee-3-0-tuya\/","title":{"rendered":"Nutikas radiaatori termostaatventiil Avatto TRV07 Zigbee 3.0 (TUYA)"},"content":{"rendered":"<h3>Nutikas radiaatori termostaatventiil Avatto TRV07 Zigbee 3.0 (TUYA)<\/h3>\n<p>Nutikas radiaatori termostaat v\u00f5imaldab kodu k\u00fctmist juhtida lihtsalt ja energiat\u00f5husalt. Zigbee 3.0 protokolli ja TUYA platvormi tugi v\u00f5imaldavad nutika radiaatori termostaadi kiiret integreerimist teiste nutiseadmetega ning mugavat juhtimist Tuya Smart rakenduse kaudu. Nutika termostaadiga saad kaugjuhtimise, ajastatud temperatuurire\u017eiimid ja \u00f5iguste jagamise teistele pereliikmetele. T\u00e4ieliku funktsionaalsuse kasutamiseks on vajalik Zigbee keskus (ei kuulu komplekti).<\/p>\n<p><img decoding=\"async\" src=\"https:\/\/blankpage.ee\/_ruumist-ruumi\/wp-content\/uploads\/2025\/04\/9-33.webp\" alt=\"nutikas radiaatori termostaatventiil valge LED-ekraaniga\" \/><\/p>\n<h3>Aknatuvastusega energias\u00e4\u00e4st<\/h3>\n<p>Nutikal radiaatori termostaadil on aknatuvastuse funktsioon, mis aitab v\u00e4hendada k\u00fcttearveid. Kui seade m\u00e4rkab kiiret temperatuurilangust (rohkem kui 1,5\u00b0C nelja ja poole minuti jooksul), aktiveerub automaatselt energias\u00e4\u00e4sture\u017eiim 12\u00b0C ning LCD-ekraanile ilmub vastav teavitus. See lisafunktsioon suurendab mugavust ja aitab s\u00e4\u00e4sta energiat, kui tuba tuulutatakse.<\/p>\n<p><img decoding=\"async\" src=\"https:\/\/blankpage.ee\/_ruumist-ruumi\/wp-content\/uploads\/2025\/04\/2-88.webp\" alt=\"radiaatori termostaat tuvastab avatud akna ja l\u00fclitub s\u00e4\u00e4sture\u017eiimi\" \/><\/p>\n<h3>Automaatne katlakivi eemaldamise funktsioon<\/h3>\n<p>Nutikas radiaatori termostaatviil sooritab kord n\u00e4dalas katlakivi eemaldamise protseduuri, mis aitab pikendada seadme t\u00f6\u00f6iga. Igal esmasp\u00e4eval kell 12:00 k\u00e4ivitub vastav re\u017eiim, mis hoiab ventiili t\u00f6\u00f6korras.<\/p>\n<p><img decoding=\"async\" src=\"https:\/\/blankpage.ee\/_ruumist-ruumi\/wp-content\/uploads\/2025\/04\/1-85.webp\" alt=\"katlakivi eemaldamise funktsiooniga radiaatori termostaat\" \/><\/p>\n<h3>Laste turvalukk ja t\u00e4iendavad v\u00f5imalused<\/h3>\n<p>Seadmel on lapsekaitselukk, mis takistab kogemata muudatuste tegemist seadetel. K\u00f5ik seaded salvestatakse ka voolukatkestuse ajal ning mitu seadet saab s\u00fcnkroniseerida kogu kodu peale.<\/p>\n<p><img decoding=\"async\" src=\"https:\/\/blankpage.ee\/_ruumist-ruumi\/wp-content\/uploads\/2025\/04\/6-65.webp\" alt=\"nutika radiaatori termostaadi s\u00fcnkroonimine mitme seadme vahel\" \/><\/p>\n<h3>K\u00f5ik andmed \u00fchel ekraanil ja rakenduses<\/h3>\n<p>L\u00e4bipaistev LCD-ekraan n\u00e4itab hetketemperatuuri ja muid olulisi andmeid. Nutikas radiaatori termostaat v\u00f5imaldab juhtimist nii rakenduse kui ka Google Home v\u00f5i Amazon Alexa h\u00e4\u00e4leabiliste kaudu. Vajadusel saab seadme haldus\u00f5igusi h\u00f5lpsalt jagada pereliikmetega.<\/p>\n<p><img decoding=\"async\" src=\"https:\/\/blankpage.ee\/_ruumist-ruumi\/wp-content\/uploads\/2025\/04\/4-80.webp\" alt=\"nutika termostaadi LCD-ekraan kuvab olulist infot\" \/><\/p>\n<h3>Paindlikud ajagraafikud<\/h3>\n<p>Seadista \u00f6\u00f6p\u00e4evased temperatuurid lihtsalt mobiilirakenduses. Nutikas radiaatori termostaat v\u00f5imaldab ventiilide tubadep\u00f5hist seadistamist ja nutikate k\u00fctterutiinide loomist vastavalt pere vajadustele.<\/p>\n<p><img decoding=\"async\" src=\"https:\/\/blankpage.ee\/_ruumist-ruumi\/wp-content\/uploads\/2025\/04\/7-56.webp\" alt=\"nutika termostaadiga ajastatud temperatuurire\u017eiimid\" \/><\/p>\n<h3>Lihtne paigaldus ja lai \u00fchilduvus<\/h3>\n<p>Paigaldamine on kiire ja lihtne ning kaasas olevad adapterid sobivad enamiku radiaatoritega. Toide on kolme AA patareiga (ei kuulu komplekti) ning ekraanilt saab j\u00e4lgida ka patareide taset.<\/p>\n<p><img decoding=\"async\" src=\"https:\/\/blankpage.ee\/_ruumist-ruumi\/wp-content\/uploads\/2025\/04\/3-81.webp\" alt=\"nutika radiaatori termostaatventiili paigaldus erinevate adapteritega\" \/><\/p>\n<h3>Tehnilised andmed<\/h3>\n<div class=\"table-wrapper\">\n<table>\n<tbody>\n<tr>\n<th>Tootja<\/th>\n<td>Avatto<\/td>\n<\/tr>\n<tr>\n<th>Mudel<\/th>\n<td>TRV07<\/td>\n<\/tr>\n<tr>\n<th>V\u00e4rv<\/th>\n<td>Valge<\/td>\n<\/tr>\n<tr>\n<th>Toide<\/th>\n<td>3x 1.5V AA leelispatareid (ei kuulu komplekti)<\/td>\n<\/tr>\n<tr>\n<th>Ootere\u017eiimi vool<\/th>\n<td>6 \u03bcA min<\/td>\n<\/tr>\n<tr>\n<th>Kaitseaste<\/th>\n<td>IP20<\/td>\n<\/tr>\n<tr>\n<th>T\u00f6\u00f6keskkonna temperatuur<\/th>\n<td>0\u201350\u00b0C<\/td>\n<\/tr>\n<tr>\n<th>\u00dchendus<\/th>\n<td>M30 x 1.5 mm<\/td>\n<\/tr>\n<tr>\n<th>M\u00f5\u00f5dud<\/th>\n<td>58,4 \u00d7 97 \u00d7 58,4 mm<\/td>\n<\/tr>\n<tr>\n<th>Kaal<\/th>\n<td>145 g<\/td>\n<\/tr>\n<tr>\n<th>Platvorm<\/th>\n<td>Tuya Smart \/ Smart Life<\/td>\n<\/tr>\n<tr>\n<th>Traadita suhtlus<\/th>\n<td>Zigbee 3.0<\/td>\n<\/tr>\n<\/tbody>\n<\/table>\n<\/div>\n<ul>\n<li>Nutikas termostaatventiil<\/li>\n<li>Danfoss RA, RAV, RAVL adapterid<\/li>\n<li>M28, Caleffi, Giacomini adapterid<\/li>\n<li>Kasutusjuhend<\/li>\n<\/ul>\n","protected":false},"excerpt":{"rendered":"<p>Nutikas radiaatori termostaatventiil Avatto TRV07 Zigbee 3.0 (TUYA) Nutikas radiaatori termostaat v\u00f5imaldab kodu k\u00fctmist juhtida lihtsalt ja energiat\u00f5husalt. Zigbee 3.0 protokolli ja TUYA platvormi tugi v\u00f5imaldavad nutika radiaatori termostaadi kiiret integreerimist teiste nutiseadmetega ning mugavat juhtimist Tuya Smart rakenduse kaudu. Nutika termostaadiga saad kaugjuhtimise, ajastatud temperatuurire\u017eiimid ja \u00f5iguste jagamise teistele pereliikmetele. T\u00e4ieliku funktsionaalsuse kasutamiseks on [&hellip;]<\/p>\n","protected":false},"featured_media":168125,"comment_status":"open","ping_status":"open","template":"","meta":[],"product_brand":[3063],"product_cat":[3054],"product_tag":[],"class_list":{"0":"post-168117","1":"product","2":"type-product","3":"status-publish","4":"has-post-thumbnail","6":"product_brand-avatto","7":"product_cat-radiaatorite-termostaatid","8":"product_shipping_class-innpro","10":"first","11":"instock","12":"sale","13":"taxable","14":"shipping-taxable","15":"purchasable","16":"product-type-simple"},"_links":{"self":[{"href":"https:\/\/blankpage.ee\/_ruumist-ruumi\/wp-json\/wp\/v2\/product\/168117","targetHints":{"allow":["GET"]}}],"collection":[{"href":"https:\/\/blankpage.ee\/_ruumist-ruumi\/wp-json\/wp\/v2\/product"}],"about":[{"href":"https:\/\/blankpage.ee\/_ruumist-ruumi\/wp-json\/wp\/v2\/types\/product"}],"replies":[{"embeddable":true,"href":"https:\/\/blankpage.ee\/_ruumist-ruumi\/wp-json\/wp\/v2\/comments?post=168117"}],"wp:featuredmedia":[{"embeddable":true,"href":"https:\/\/blankpage.ee\/_ruumist-ruumi\/wp-json\/wp\/v2\/media\/168125"}],"wp:attachment":[{"href":"https:\/\/blankpage.ee\/_ruumist-ruumi\/wp-json\/wp\/v2\/media?parent=168117"}],"wp:term":[{"taxonomy":"product_brand","embeddable":true,"href":"https:\/\/blankpage.ee\/_ruumist-ruumi\/wp-json\/wp\/v2\/product_brand?post=168117"},{"taxonomy":"product_cat","embeddable":true,"href":"https:\/\/blankpage.ee\/_ruumist-ruumi\/wp-json\/wp\/v2\/product_cat?post=168117"},{"taxonomy":"product_tag","embeddable":true,"href":"https:\/\/blankpage.ee\/_ruumist-ruumi\/wp-json\/wp\/v2\/product_tag?post=168117"}],"curies":[{"name":"wp","href":"https:\/\/api.w.org\/{rel}","templated":true}]}}