{"id":168130,"date":"2025-04-18T16:19:13","date_gmt":"2025-04-18T16:19:13","guid":{"rendered":"https:\/\/ruumistruumi.ee\/pood\/nutikas-radiaatoritermostaat-avatto-trv07-wifi-lcd-tuya-2-4g\/"},"modified":"2025-08-21T08:19:55","modified_gmt":"2025-08-21T08:19:55","slug":"nutikas-radiaatoritermostaat-avatto-trv07-wifi-lcd-tuya-2-4g","status":"publish","type":"product","link":"https:\/\/blankpage.ee\/_ruumist-ruumi\/pood\/nutikas-radiaatoritermostaat-avatto-trv07-wifi-lcd-tuya-2-4g\/","title":{"rendered":"Nutikas radiaatoritermostaat Avatto TRV07 WiFi (LCD, Tuya, 2.4G)"},"content":{"rendered":"<h3>Nutikas radiaatoritermostaat Avatto TRV07 WiFi Tuya<\/h3>\n<p>Avatto TRV07 on WiFi-\u00fchendusega nutikas radiaatoritermostaat, mis v\u00f5imaldab juhtida oma k\u00fcttes\u00fcsteemi mugavalt nutitelefoni v\u00f5i tahvelarvuti abil. Tasuta Tuya Smart rakenduses saab termostaati distantsilt hallata, m\u00e4\u00e4rata t\u00f6\u00f6graafikuid ning kasutada automaatfunktsioone, et tagada \u00fchtlane soojus ja energiakulu v\u00e4henemine. Sisseehitatud WiFi-moodul (2.4 GHz) v\u00f5imaldab kaugjuhtimist k\u00f5ikjalt ning \u00fchildub h\u00e4\u00e4ljuhtimisega n\u00e4iteks Amazon Alexa ja Google Home kaudu.<\/p>\n<p><img decoding=\"async\" src=\"https:\/\/blankpage.ee\/_ruumist-ruumi\/wp-content\/uploads\/2025\/04\/11-14.webp\" alt=\"Nutikas radiaatoritermostaat Avatto TRV07 LCD-ekraaniga\" \/><\/p>\n<h3>Aknatuvastus ja automaatne katlakivieemaldus<\/h3>\n<p>TRV07 termostaatventiilil on avatud akna tuvastusfunktsioon: kui seade registreerib kiire, enam kui 1,5\u00b0C temperatuuri languse 4,5 minuti jooksul, v\u00e4hendab see automaatselt temperatuuri 12\u00b0C-le ja kuvab ekraanile teavituse &#8220;OP&#8221;. See aitab hoida kokku energiat ning v\u00e4listab ebavajalikud soojakadud. Lisaks teostab ventiil igal esmasp\u00e4eval kell 12:00 automaatse katlakivieemalduse, mis aitab hoida radiaatori t\u00f5husat t\u00f6\u00f6d.<\/p>\n<p><img decoding=\"async\" src=\"https:\/\/blankpage.ee\/_ruumist-ruumi\/wp-content\/uploads\/2025\/04\/2-89.webp\" alt=\"LCD-ekraaniga termostaadiventtiil avatud akna tuvastusfunktsiooniga\" \/><\/p>\n<h3>Mugavad kasutusv\u00f5imalused<\/h3>\n<p>Nutikas radiaatoritermostaat salvestab alati viimati valitud seaded, mis on kasulik n\u00e4iteks voolukatkestuse j\u00e4rel. Laste turvalisuse huvides on lisatud lukustusfunktsioon, mis takistab soovimatuid muudatusi. Vajaduse korral v\u00f5ib mitut termostaati seadistada erinevatesse ruumidesse ja s\u00fcnkroniseerida \u00fchte gruppi.<\/p>\n<p><img decoding=\"async\" src=\"https:\/\/blankpage.ee\/_ruumist-ruumi\/wp-content\/uploads\/2025\/04\/12-6.webp\" alt=\"Radiaatorile paigaldatud nutikas ventiil koos lapseluku funktsiooniga\" \/><\/p>\n<h3>T\u00e4ppisandmed ja kaugjuhtimine rakenduses<\/h3>\n<p>K\u00f5ik olulised andmed, nagu hetketemperatuur v\u00f5i aku tase, on selgelt n\u00e4htavad LCD-ekraanilt. Rakenduse kaudu saad termostaati juhtida eemalt ja jagada selle kasutusoigusi ka pereliikmetega. T\u00f6\u00f6graafiku ajastamise abil saab m\u00e4\u00e4rata igaks p\u00e4evaks eri temperatuurid n\u00e4iteks \u00f6\u00f6seks v\u00f5i hommikuks. Samuti on v\u00f5imalus luua erinevaid nutikodu stsenaariume, mille abil termostaat l\u00fclitab re\u017eiimi \u00fcmber, kui kodust lahkute.<\/p>\n<p><img decoding=\"async\" src=\"https:\/\/blankpage.ee\/_ruumist-ruumi\/wp-content\/uploads\/2025\/04\/10-17.webp\" alt=\"Nutikodu rakendusega juhitav termostaatventiil\" \/><\/p>\n<h3>Lihtne paigaldus ja laialdane \u00fchilduvus<\/h3>\n<p>Avatto TRV07 nutikas radiaatoritermostaat on kiire ja lihtsa paigaldusega. Komplektis on mitu erinevat adapterit (sh Danfoss RA, RAV, RAVL, M28, Caleffi, Giacomini), mis sobivad enamikele radiaatoritele. T\u00f6\u00f6ks vajab seade kolme AA patareid (ei kuulu komplekti).<\/p>\n<p><img decoding=\"async\" src=\"https:\/\/blankpage.ee\/_ruumist-ruumi\/wp-content\/uploads\/2025\/04\/3-82.webp\" alt=\"Radiaatoriventilaatori adapterite komplekt\" \/><\/p>\n<div class=\"table-wrapper\">\n<table>\n<tbody>\n<tr>\n<th>Tootja<\/th>\n<td>Avatto<\/td>\n<\/tr>\n<tr>\n<th>Mudel<\/th>\n<td>TRV07<\/td>\n<\/tr>\n<tr>\n<th>V\u00e4rv<\/th>\n<td>Valge<\/td>\n<\/tr>\n<tr>\n<th>Toiteallikas<\/th>\n<td>3x 1.5V AA leelispatareid (ei sisaldu komplektis)<\/td>\n<\/tr>\n<tr>\n<th>\u00dchenduvus<\/th>\n<td>WiFi 2.4G IEEE 802.11 b\/g\/n<\/td>\n<\/tr>\n<tr>\n<th>Ootere\u017eiimi vool<\/th>\n<td>6 \u03bcA min<\/td>\n<\/tr>\n<tr>\n<th>Kaitseklass<\/th>\n<td>IP20<\/td>\n<\/tr>\n<tr>\n<th>T\u00f6\u00f6keskkonna temperatuur<\/th>\n<td>0\u201350\u00b0C<\/td>\n<\/tr>\n<tr>\n<th>\u00dchendus<\/th>\n<td>M30 x 1.5 mm<\/td>\n<\/tr>\n<tr>\n<th>M\u00f5\u00f5tmed<\/th>\n<td>58,4 \u00d7 97 \u00d7 58,4 mm<\/td>\n<\/tr>\n<tr>\n<th>Kaal<\/th>\n<td>145 g<\/td>\n<\/tr>\n<tr>\n<th>Rakendus<\/th>\n<td>Tuya Smart \/ Smart Life<\/td>\n<\/tr>\n<\/tbody>\n<\/table>\n<\/div>\n","protected":false},"excerpt":{"rendered":"<p>Nutikas radiaatoritermostaat Avatto TRV07 WiFi Tuya Avatto TRV07 on WiFi-\u00fchendusega nutikas radiaatoritermostaat, mis v\u00f5imaldab juhtida oma k\u00fcttes\u00fcsteemi mugavalt nutitelefoni v\u00f5i tahvelarvuti abil. Tasuta Tuya Smart rakenduses saab termostaati distantsilt hallata, m\u00e4\u00e4rata t\u00f6\u00f6graafikuid ning kasutada automaatfunktsioone, et tagada \u00fchtlane soojus ja energiakulu v\u00e4henemine. Sisseehitatud WiFi-moodul (2.4 GHz) v\u00f5imaldab kaugjuhtimist k\u00f5ikjalt ning \u00fchildub h\u00e4\u00e4ljuhtimisega n\u00e4iteks Amazon Alexa [&hellip;]<\/p>\n","protected":false},"featured_media":168136,"comment_status":"open","ping_status":"open","template":"","meta":[],"product_brand":[3063],"product_cat":[3054],"product_tag":[],"class_list":{"0":"post-168130","1":"product","2":"type-product","3":"status-publish","4":"has-post-thumbnail","6":"product_brand-avatto","7":"product_cat-radiaatorite-termostaatid","8":"product_shipping_class-innpro","10":"first","11":"instock","12":"sale","13":"taxable","14":"shipping-taxable","15":"purchasable","16":"product-type-simple"},"_links":{"self":[{"href":"https:\/\/blankpage.ee\/_ruumist-ruumi\/wp-json\/wp\/v2\/product\/168130","targetHints":{"allow":["GET"]}}],"collection":[{"href":"https:\/\/blankpage.ee\/_ruumist-ruumi\/wp-json\/wp\/v2\/product"}],"about":[{"href":"https:\/\/blankpage.ee\/_ruumist-ruumi\/wp-json\/wp\/v2\/types\/product"}],"replies":[{"embeddable":true,"href":"https:\/\/blankpage.ee\/_ruumist-ruumi\/wp-json\/wp\/v2\/comments?post=168130"}],"wp:featuredmedia":[{"embeddable":true,"href":"https:\/\/blankpage.ee\/_ruumist-ruumi\/wp-json\/wp\/v2\/media\/168136"}],"wp:attachment":[{"href":"https:\/\/blankpage.ee\/_ruumist-ruumi\/wp-json\/wp\/v2\/media?parent=168130"}],"wp:term":[{"taxonomy":"product_brand","embeddable":true,"href":"https:\/\/blankpage.ee\/_ruumist-ruumi\/wp-json\/wp\/v2\/product_brand?post=168130"},{"taxonomy":"product_cat","embeddable":true,"href":"https:\/\/blankpage.ee\/_ruumist-ruumi\/wp-json\/wp\/v2\/product_cat?post=168130"},{"taxonomy":"product_tag","embeddable":true,"href":"https:\/\/blankpage.ee\/_ruumist-ruumi\/wp-json\/wp\/v2\/product_tag?post=168130"}],"curies":[{"name":"wp","href":"https:\/\/api.w.org\/{rel}","templated":true}]}}