{"id":168191,"date":"2025-04-18T16:20:16","date_gmt":"2025-04-18T16:20:16","guid":{"rendered":"https:\/\/ruumistruumi.ee\/pood\/juhtmevaba-oolamp-ldnio-y3-rgb-valgusega-ja-juhtmevaba-laadijaga-valge-15w-qi\/"},"modified":"2025-08-21T08:19:54","modified_gmt":"2025-08-21T08:19:54","slug":"juhtmevaba-oolamp-ldnio-y3-rgb-valgusega-ja-juhtmevaba-laadijaga-valge-15w-qi","status":"publish","type":"product","link":"https:\/\/blankpage.ee\/_ruumist-ruumi\/pood\/juhtmevaba-oolamp-ldnio-y3-rgb-valgusega-ja-juhtmevaba-laadijaga-valge-15w-qi\/","title":{"rendered":"Juhtmevaba \u00f6\u00f6lamp LDNIO Y3 RGB valgusega ja juhtmevaba laadijaga (valge, 15W Qi)"},"content":{"rendered":"<h3>Juhtmevaba \u00f6\u00f6lamp LDNIO Y3 RGB valguse ja juhtmevaba laadijaga<\/h3>\n<p>Juhtmevaba \u00f6\u00f6lamp LDNIO Y3 \u00fchendab kaasaegse \u00f6\u00f6valguse ning praktilise laadimisv\u00f5imaluse. See \u00f6\u00f6lamp pakub hubast, kohandatavat valgust, sobides ideaalselt nii magamistuppa, lastetuppa kui ka kontorisse. Minimalistlik valge disain t\u00e4iendab igat interj\u00f6\u00f6ri ning annab ruumile elegantse ja moodsalt funktsionaalse ilme.<\/p>\n<p><img decoding=\"async\" src=\"https:\/\/blankpage.ee\/_ruumist-ruumi\/wp-content\/uploads\/2025\/04\/1-88.webp\" alt=\"Juhtmevaba \u00f6\u00f6lamp LDNIO Y3 valge, laual valguse ja laadijaga\"><\/p>\n<h3>Kohandatav RGB valgus vastavalt Sinu meeleolule<\/h3>\n<p>\u00d6\u00f6lambi RGB valgus v\u00f5imaldab valida erinevaid v\u00e4rve, et sobituda iga hetkega. Intuitiivne puutepaneel lubab valgust mugavalt reguleerida. Lisaks saab valida neutraalse 3500 K valguse, mis on sobilik nii valguseks kui ka \u00f6iseks rahulikuks atmosf\u00e4\u00e4riks. \u00d6\u00f6lamp vastab k\u00f5ikidele vajadustele, pakkudes meeleoluvalgust igaks olukorraks.<\/p>\n<p><img decoding=\"async\" src=\"https:\/\/blankpage.ee\/_ruumist-ruumi\/wp-content\/uploads\/2025\/04\/2-93.webp\" alt=\"\u00d6\u00f6lambi RGB valguse muutmine puutepaneeli abil\"><\/p>\n<h3>Juhtmevaba \u00f6\u00f6lamp integreeritud Qi kiirlaadijaga<\/h3>\n<p>LDNIO Y3 on varustatud sisseehitatud Qi juhtmevaba kiirlaadijaga, mis tuvastab automaatselt telefoni v\u00f5i k\u00f5rvaklapid ning kohandab v\u00e4ljundv\u00f5imsust kuni 15 W. V\u00f5id laadida oma nutiseadmeid mugavalt \u00f6\u00f6kapil, ilma, et oleks vaja juhtmeid \u00fchendada. Juhtmevaba \u00f6\u00f6lamp pakub seega korraga nii \u00f6\u00f6valgust kui laadimislahendust.<\/p>\n<p><img decoding=\"async\" src=\"https:\/\/blankpage.ee\/_ruumist-ruumi\/wp-content\/uploads\/2025\/04\/4-85.webp\" alt=\"Juhtmevaba \u00f6\u00f6lamp Qi laadijaga \u2013 nutitelefoni laadimine laual\"><\/p>\n<h3>Kvaliteetne ja turvaline disain<\/h3>\n<p>Lamp on viimistletud valge ABS-plastiku, PC ja silikooniga, muutes selle vastupidavaks ja turvaliseks. USB-C \u00fchendus v\u00f5imaldab lampi lihtsalt vooluv\u00f5rku \u00fchendada. Silikoonist jalad hoiavad lambi stabiilselt paigal, hoides \u00e4ra libisemise. Nutikas puutepaneel tagab, et juhtmevaba \u00f6\u00f6lamp on mugav kasutada iga p\u00e4ev.<\/p>\n<p><img decoding=\"async\" src=\"https:\/\/blankpage.ee\/_ruumist-ruumi\/wp-content\/uploads\/2025\/04\/3-88.webp\" alt=\"LDNIO Y3 \u00f6\u00f6lamp \u2013 valge korpus ja USB-C toitepesaga tagantvaade\"><\/p>\n<div class=\"table-wrapper\">\n<table>\n<tbody>\n<tr>\n<th>Tootja<\/th>\n<td>LDNIO<\/td>\n<\/tr>\n<tr>\n<th>Mudel<\/th>\n<td>Y3<\/td>\n<\/tr>\n<tr>\n<th>Sisendv\u00f5imsus<\/th>\n<td>5V\/3A, 9V\/2,22A, 12V\/1,67A<\/td>\n<\/tr>\n<tr>\n<th>Juhtmevaba v\u00e4ljund<\/th>\n<td>kuni 15 W<\/td>\n<\/tr>\n<tr>\n<th>Nimiv\u00f5imsus<\/th>\n<td>0,6 W (10 \u00d7 0,2 W)<\/td>\n<\/tr>\n<tr>\n<th>Materjal<\/th>\n<td>ABS, PC, silikoon<\/td>\n<\/tr>\n<tr>\n<th>V\u00e4rv<\/th>\n<td>valge<\/td>\n<\/tr>\n<\/tbody>\n<\/table>\n<\/div>\n","protected":false},"excerpt":{"rendered":"<p>Juhtmevaba \u00f6\u00f6lamp LDNIO Y3 RGB valguse ja juhtmevaba laadijaga Juhtmevaba \u00f6\u00f6lamp LDNIO Y3 \u00fchendab kaasaegse \u00f6\u00f6valguse ning praktilise laadimisv\u00f5imaluse. See \u00f6\u00f6lamp pakub hubast, kohandatavat valgust, sobides ideaalselt nii magamistuppa, lastetuppa kui ka kontorisse. Minimalistlik valge disain t\u00e4iendab igat interj\u00f6\u00f6ri ning annab ruumile elegantse ja moodsalt funktsionaalse ilme. Kohandatav RGB valgus vastavalt Sinu meeleolule \u00d6\u00f6lambi RGB [&hellip;]<\/p>\n","protected":false},"featured_media":168196,"comment_status":"open","ping_status":"open","template":"","meta":[],"product_brand":[2970],"product_cat":[3040],"product_tag":[],"class_list":{"0":"post-168191","1":"product","2":"type-product","3":"status-publish","4":"has-post-thumbnail","6":"product_brand-ldnio","7":"product_cat-laua-ja-oolambid","8":"product_shipping_class-innpro","10":"first","11":"instock","12":"sale","13":"taxable","14":"shipping-taxable","15":"purchasable","16":"product-type-simple"},"_links":{"self":[{"href":"https:\/\/blankpage.ee\/_ruumist-ruumi\/wp-json\/wp\/v2\/product\/168191","targetHints":{"allow":["GET"]}}],"collection":[{"href":"https:\/\/blankpage.ee\/_ruumist-ruumi\/wp-json\/wp\/v2\/product"}],"about":[{"href":"https:\/\/blankpage.ee\/_ruumist-ruumi\/wp-json\/wp\/v2\/types\/product"}],"replies":[{"embeddable":true,"href":"https:\/\/blankpage.ee\/_ruumist-ruumi\/wp-json\/wp\/v2\/comments?post=168191"}],"wp:featuredmedia":[{"embeddable":true,"href":"https:\/\/blankpage.ee\/_ruumist-ruumi\/wp-json\/wp\/v2\/media\/168196"}],"wp:attachment":[{"href":"https:\/\/blankpage.ee\/_ruumist-ruumi\/wp-json\/wp\/v2\/media?parent=168191"}],"wp:term":[{"taxonomy":"product_brand","embeddable":true,"href":"https:\/\/blankpage.ee\/_ruumist-ruumi\/wp-json\/wp\/v2\/product_brand?post=168191"},{"taxonomy":"product_cat","embeddable":true,"href":"https:\/\/blankpage.ee\/_ruumist-ruumi\/wp-json\/wp\/v2\/product_cat?post=168191"},{"taxonomy":"product_tag","embeddable":true,"href":"https:\/\/blankpage.ee\/_ruumist-ruumi\/wp-json\/wp\/v2\/product_tag?post=168191"}],"curies":[{"name":"wp","href":"https:\/\/api.w.org\/{rel}","templated":true}]}}