{"id":168198,"date":"2025-04-18T16:20:16","date_gmt":"2025-04-18T16:20:16","guid":{"rendered":"https:\/\/ruumistruumi.ee\/pood\/nutikas-led-pirn-yeelight-w4-e27-dimmerdatav-wi-fi-9w-806-lm\/"},"modified":"2025-08-21T08:19:54","modified_gmt":"2025-08-21T08:19:54","slug":"nutikas-led-pirn-yeelight-w4-e27-dimmerdatav-wi-fi-9w-806-lm","status":"publish","type":"product","link":"https:\/\/blankpage.ee\/_ruumist-ruumi\/pood\/nutikas-led-pirn-yeelight-w4-e27-dimmerdatav-wi-fi-9w-806-lm\/","title":{"rendered":"Nutikas LED-pirn Yeelight W4 E27, dimmerdatav, Wi-Fi, 9W, 806 lm"},"content":{"rendered":"<h3>Nutikas LED-pirn Yeelight W4 E27, dimmerdatav, Wi-Fi, 9W, 806 lm<\/h3>\n<p>Nutikas LED pirn Yeelight W4 muudab sinu kodu valgustuse mugavamaks ja energias\u00e4\u00e4stlikumaks. See dimmerdatav valgusallikas v\u00f5imaldab reguleerida valguse v\u00e4rvustemperatuuri vahemikus 2700\u20136500K ning pakub valgusvoogu kuni 806 luumenit. Energiakasutus on vaid 9 W.<\/p>\n<p><img loading=\"lazy\" decoding=\"async\" src=\"https:\/\/blankpage.ee\/_ruumist-ruumi\/wp-content\/uploads\/2025\/04\/1-89.webp\" border=\"0\" alt=\"nutikas LED pirn Yeelight W4 E27\" width=\"1100\" height=\"700\" \/><\/p>\n<h3>Paindlik valgustus igaks olukorraks<\/h3>\n<p>Yeelight nutikas LED pirn \u00fchildub Google Assistanti, Amazon Alexa, Apple HomeKiti, Samsung SmartThingsi ja Yandex Alice&#8217;iga. Juhid valgust nii \u00e4pi kui h\u00e4\u00e4lk\u00e4skluste abil. V\u00f5imalik on seadistada valgusstseene, t\u00f6\u00f6graafikuid ja taimerifunktsioone \u2013 valgus l\u00fclitub automaatselt vastavalt sinu soovile sisse ja v\u00e4lja, lisades igap\u00e4evaellu mugavust.<\/p>\n<p><img loading=\"lazy\" decoding=\"async\" src=\"https:\/\/blankpage.ee\/_ruumist-ruumi\/wp-content\/uploads\/2025\/04\/4-86.webp\" border=\"0\" alt=\"valgustuse reguleerimine mobiilirakendusega\" width=\"1100\" height=\"700\" \/><\/p>\n<h3>T\u00e4nap\u00e4evane \u00fchenduvus ja funktsionaalsus<\/h3>\n<p>Yeelighti nutika LED pirni paigaldus on lihtne \u2013 pirn t\u00f6\u00f6tab otse 2.4 GHz Wi-Fi v\u00f5rgus ega vaja lisahube. Lisaks toetab mudel BLE \u00fchendust. OTA (Over-the-Air) tarkvarauuendused tagavad alati uusimate funktsioonide olemasolu ja stabiilsuse.<\/p>\n<p><img loading=\"lazy\" decoding=\"async\" src=\"https:\/\/blankpage.ee\/_ruumist-ruumi\/wp-content\/uploads\/2025\/04\/6-66.webp\" border=\"0\" alt=\"Yeelight pirni juhtimine erinevates nutikodu s\u00fcsteemides\" width=\"1100\" height=\"700\" \/><\/p>\n<h3>Veelgi rohkem v\u00f5imalusi \u00fche pirniga<\/h3>\n<p>Mi Home rakendusega juhid korraga mitut LED pirni ning lood erinevaid valgusstseene, mis sobivad n\u00e4iteks lugemiseks, peoks v\u00f5i l\u00f5\u00f5gastumiseks. Nutikas LED pirn Yeelight W4 muudab koduvalgustuse t\u00f5eliselt paindlikuks igas olukorras.<\/p>\n<p><img loading=\"lazy\" decoding=\"async\" src=\"https:\/\/blankpage.ee\/_ruumist-ruumi\/wp-content\/uploads\/2025\/04\/8-44.webp\" border=\"0\" alt=\"juhitavate LED pirnide grupijuhtimine\" width=\"1100\" height=\"700\" \/><\/p>\n<h3>Kohanda valgus vastavalt oma r\u00fctmile<\/h3>\n<p>Seadista kindlad ajad, millal nutikas LED pirn peaks sisse v\u00f5i v\u00e4lja l\u00fclituma \u2013 valgus j\u00e4rgib sinu p\u00e4evakava ning lisab igap\u00e4evastele toimetustele mugavust ja efektiivsust.<\/p>\n<p><img loading=\"lazy\" decoding=\"async\" src=\"https:\/\/blankpage.ee\/_ruumist-ruumi\/wp-content\/uploads\/2025\/04\/2-94.webp\" border=\"0\" alt=\"nutika ajastusega valguslahendus\" width=\"1100\" height=\"700\" \/><\/p>\n<h3>Stiilne ja praktiline disain<\/h3>\n<p>Yeelighti LED pirn on kompaktselt disainitud, kerge, energias\u00e4\u00e4stlik ning sobib igasse E27 lambipesasse. Pirni paigaldus on lihtne ja lisaseadmeid pole vaja.<\/p>\n<p><img loading=\"lazy\" decoding=\"async\" src=\"https:\/\/blankpage.ee\/_ruumist-ruumi\/wp-content\/uploads\/2025\/04\/9-34.webp\" border=\"0\" alt=\"kompaktne ja energias\u00e4\u00e4stlik LED pirn\" width=\"1100\" height=\"700\" \/><\/p>\n<h3>Aeg-ajalt v\u00e4rskendatavad funktsioonid<\/h3>\n<p>T\u00e4nu Over-the-Air tarkvarauuendustele on igal ajal k\u00e4ttesaadavad uusimad t\u00e4iustused ning funktsioonid \u2013 nutikas LED pirn j\u00e4\u00e4b alati kaasaegseks ja t\u00f6\u00f6kindlaks osaks sinu nutikodust.<\/p>\n<p><img loading=\"lazy\" decoding=\"async\" src=\"https:\/\/blankpage.ee\/_ruumist-ruumi\/wp-content\/uploads\/2025\/04\/5-76.webp\" border=\"0\" alt=\"pirni tarkvarauuendused ja nutikodu tugi\" width=\"1100\" height=\"700\" \/><\/p>\n<h3>Tehnilised andmed<\/h3>\n<table>\n<tbody>\n<tr>\n<th>Tootja<\/th>\n<td>Yeelight<\/td>\n<\/tr>\n<tr>\n<th>Tootenimi<\/th>\n<td>Yeelight Smart LED Bulb W4 Lite (dimmable)<\/td>\n<\/tr>\n<tr>\n<th>Mudel<\/th>\n<td>YLQPD-0012<\/td>\n<\/tr>\n<tr>\n<th>Pirni t\u00fc\u00fcp<\/th>\n<td>Dimmerdatav<\/td>\n<\/tr>\n<tr>\n<th>V\u00f5imsus<\/th>\n<td>9 W<\/td>\n<\/tr>\n<tr>\n<th>Soklit\u00fc\u00fcp<\/th>\n<td>E27<\/td>\n<\/tr>\n<tr>\n<th>Valgusvoog<\/th>\n<td>806 lm<\/td>\n<\/tr>\n<tr>\n<th>V\u00e4rvustemperatuur<\/th>\n<td>2700\u20136500K<\/td>\n<\/tr>\n<tr>\n<th>\u00dchendused<\/th>\n<td>BLE + Wi-Fi<\/td>\n<\/tr>\n<tr>\n<th>T\u00f6\u00f6temperatuur<\/th>\n<td>-10\u00b0C kuni 40\u00b0C<\/td>\n<\/tr>\n<tr>\n<th>M\u00f5\u00f5dud<\/th>\n<td>60 x 60 x 110 mm<\/td>\n<\/tr>\n<tr>\n<th>Pakkide arv<\/th>\n<td>1<\/td>\n<\/tr>\n<\/tbody>\n<\/table>\n","protected":false},"excerpt":{"rendered":"<p>Nutikas LED-pirn Yeelight W4 E27, dimmerdatav, Wi-Fi, 9W, 806 lm Nutikas LED pirn Yeelight W4 muudab sinu kodu valgustuse mugavamaks ja energias\u00e4\u00e4stlikumaks. See dimmerdatav valgusallikas v\u00f5imaldab reguleerida valguse v\u00e4rvustemperatuuri vahemikus 2700\u20136500K ning pakub valgusvoogu kuni 806 luumenit. Energiakasutus on vaid 9 W. Paindlik valgustus igaks olukorraks Yeelight nutikas LED pirn \u00fchildub Google Assistanti, Amazon Alexa, [&hellip;]<\/p>\n","protected":false},"featured_media":168206,"comment_status":"open","ping_status":"open","template":"","meta":[],"product_brand":[2933],"product_cat":[1634,3047],"product_tag":[],"class_list":{"0":"post-168198","1":"product","2":"type-product","3":"status-publish","4":"has-post-thumbnail","6":"product_brand-yeelight","7":"product_cat-pirnid","8":"product_cat-led-pirnid","9":"product_shipping_class-innpro","11":"first","12":"instock","13":"sale","14":"taxable","15":"shipping-taxable","16":"purchasable","17":"product-type-simple"},"_links":{"self":[{"href":"https:\/\/blankpage.ee\/_ruumist-ruumi\/wp-json\/wp\/v2\/product\/168198","targetHints":{"allow":["GET"]}}],"collection":[{"href":"https:\/\/blankpage.ee\/_ruumist-ruumi\/wp-json\/wp\/v2\/product"}],"about":[{"href":"https:\/\/blankpage.ee\/_ruumist-ruumi\/wp-json\/wp\/v2\/types\/product"}],"replies":[{"embeddable":true,"href":"https:\/\/blankpage.ee\/_ruumist-ruumi\/wp-json\/wp\/v2\/comments?post=168198"}],"wp:featuredmedia":[{"embeddable":true,"href":"https:\/\/blankpage.ee\/_ruumist-ruumi\/wp-json\/wp\/v2\/media\/168206"}],"wp:attachment":[{"href":"https:\/\/blankpage.ee\/_ruumist-ruumi\/wp-json\/wp\/v2\/media?parent=168198"}],"wp:term":[{"taxonomy":"product_brand","embeddable":true,"href":"https:\/\/blankpage.ee\/_ruumist-ruumi\/wp-json\/wp\/v2\/product_brand?post=168198"},{"taxonomy":"product_cat","embeddable":true,"href":"https:\/\/blankpage.ee\/_ruumist-ruumi\/wp-json\/wp\/v2\/product_cat?post=168198"},{"taxonomy":"product_tag","embeddable":true,"href":"https:\/\/blankpage.ee\/_ruumist-ruumi\/wp-json\/wp\/v2\/product_tag?post=168198"}],"curies":[{"name":"wp","href":"https:\/\/api.w.org\/{rel}","templated":true}]}}