{"id":168219,"date":"2025-04-18T16:20:16","date_gmt":"2025-04-18T16:20:16","guid":{"rendered":"https:\/\/ruumistruumi.ee\/pood\/nutikas-led-pirn-yeelight-w4-e27-hamardatav-9-w-2700-6500-k-komplektis-4-tk\/"},"modified":"2025-08-21T08:19:54","modified_gmt":"2025-08-21T08:19:54","slug":"nutikas-led-pirn-yeelight-w4-e27-hamardatav-9-w-2700-6500-k-komplektis-4-tk","status":"publish","type":"product","link":"https:\/\/blankpage.ee\/_ruumist-ruumi\/pood\/nutikas-led-pirn-yeelight-w4-e27-hamardatav-9-w-2700-6500-k-komplektis-4-tk\/","title":{"rendered":"Nutikas LED pirn Yeelight W4 E27, h\u00e4mardatav, 9 W, 2700\u20136500 K, komplektis 4 tk"},"content":{"rendered":"<h3>Nutikas LED pirn Yeelight W4 E27, h\u00e4mardatav, 9 W, 2700\u20136500 K, komplektis 4 tk<\/h3>\n<p>Nutikas LED pirn toob sinu koju paindliku ja energias\u00e4\u00e4stliku valgustuse. Yeelight W4 E27 komplektis on neli h\u00e4mardatavat valguspirni, mida saab mugavalt juhtida nutiseadmega. Need pirnid sobivad suurep\u00e4raselt nii koju kui kontorisse ning erinevate valgustite jaoks.<\/p>\n<p><img loading=\"lazy\" decoding=\"async\" src=\"https:\/\/blankpage.ee\/_ruumist-ruumi\/wp-content\/uploads\/2025\/04\/2-95.webp\" width=\"1100\" height=\"700\" alt=\"Nutikas LED pirn Yeelight W4 E27 nelja pirniga komplekt\" \/><\/p>\n<h3>Loo endale sobiv meeleolu<\/h3>\n<p>Yeelight nutikas LED pirn v\u00f5imaldab valida v\u00e4rvustemperatuuri vahemikus 2700\u20136500 K, pakkudes nii sooja kui k\u00fclma valgust. T\u00e4nu h\u00e4mardamisfunktsioonile saad luua ideaalse atmosf\u00e4\u00e4ri hommikusteks, \u00f5htusteks v\u00f5i pidulikeks hetkedeks.<\/p>\n<p><img loading=\"lazy\" decoding=\"async\" src=\"https:\/\/blankpage.ee\/_ruumist-ruumi\/wp-content\/uploads\/2025\/04\/6-68.webp\" width=\"1100\" height=\"700\" alt=\"Yeelight W4 valgusallika v\u00e4rvustemperatuuri seadistamine\" \/><\/p>\n<h3>Lihtne juhtimine \u00e4pi ja h\u00e4\u00e4lk\u00e4sklustega<\/h3>\n<p>Valgustust saad juhtida nii mobiilirakenduse kui h\u00e4\u00e4lassistentide abil \u2013 nutikas LED pirn \u00fchildub Google Assistanti, Apple HomeKiti, Amazon Alexa, Samsung SmartThingsi ja Yandex Alice&#8217;iga. Nii on valguse reguleerimine eriti lihtne ja mugav.<\/p>\n<p><img loading=\"lazy\" decoding=\"async\" src=\"https:\/\/blankpage.ee\/_ruumist-ruumi\/wp-content\/uploads\/2025\/04\/4-87.webp\" width=\"1100\" height=\"700\" alt=\"Yeelight W4 nutikodu \u00fchilduvus ja juhtimisv\u00f5imalused\" \/><\/p>\n<h3>Mitmek\u00fclgseid lahendusi sinu igap\u00e4evaellu<\/h3>\n<p>Nutika valguspirni juhtimiseks laadi alla MiHome rakendus, mille abil saad seadistada valgusstsenaariume, r\u00fchmitada pirne ning haldada neid kaugjuhtimisega. Muuda valgusskeemid sobivaks lugemiseks, puhkehetkedeks v\u00f5i pidudeks m\u00f5ne sekundiga.<\/p>\n<p><img loading=\"lazy\" decoding=\"async\" src=\"https:\/\/blankpage.ee\/_ruumist-ruumi\/wp-content\/uploads\/2025\/04\/5-77.webp\" width=\"1100\" height=\"700\" alt=\"LED valguspirni stseenide loomise n\u00e4ide nutikodus\" \/><\/p>\n<h3>Kohanda valgus vastavalt oma p\u00e4evakavale<\/h3>\n<p>T\u00e4nu taimerile ja ajastamisele saad seadistada pirni s\u00fcttima \u00e4rgates ja kustuma uinumise ajaks. See teeb igap\u00e4evaelu mugavaks ning aitab s\u00e4\u00e4sta energiat.<\/p>\n<p><img loading=\"lazy\" decoding=\"async\" src=\"https:\/\/blankpage.ee\/_ruumist-ruumi\/wp-content\/uploads\/2025\/04\/1-91.webp\" width=\"1100\" height=\"700\" alt=\"Nutikas valguspirn koos ajastusv\u00f5imalusega\" \/><\/p>\n<h3>Energias\u00e4\u00e4stlik, kompaktne ja mugav paigaldada<\/h3>\n<p>Nutikas LED pirn Yeelight W4 on energiat\u00f5hus, kerge ning kompaktse disainiga. T\u00f6\u00f6tab 2,4 GHz WiFi v\u00f5rgus, eraldi keskust pole vaja ning paigaldus on kiire ja lihtne.<\/p>\n<p><img loading=\"lazy\" decoding=\"async\" src=\"https:\/\/blankpage.ee\/_ruumist-ruumi\/wp-content\/uploads\/2025\/04\/7-61.webp\" width=\"1100\" height=\"700\" alt=\"LED pirni kerge ja kompaktne korpus\" \/><\/p>\n<h3>Hoiab tarkvara alati ajakohasena<\/h3>\n<p>Nutikas LED pirn toetab OTA-tarkvarauuendust, mis tagab uute funktsioonide ja parenduste k\u00e4ttesaadavuse alati esimesel v\u00f5imalusel.<\/p>\n<p><img loading=\"lazy\" decoding=\"async\" src=\"https:\/\/blankpage.ee\/_ruumist-ruumi\/wp-content\/uploads\/2025\/04\/8-46.webp\" width=\"1100\" height=\"700\" alt=\"Tarkvarauuendustega Yeelight W4 nutikas LED pirn\" \/><\/p>\n<table>\n<tbody>\n<tr>\n<th>Tootja<\/th>\n<td>Yeelight<\/td>\n<\/tr>\n<tr>\n<th>Mudel<\/th>\n<td>YLQPD-0012-4pc<\/td>\n<\/tr>\n<tr>\n<th>V\u00f5imsus<\/th>\n<td>9 W<\/td>\n<\/tr>\n<tr>\n<th>Pirni t\u00fc\u00fcp<\/th>\n<td>H\u00e4mardatav LED<\/td>\n<\/tr>\n<tr>\n<th>Sokli t\u00fc\u00fcp<\/th>\n<td>E27<\/td>\n<\/tr>\n<tr>\n<th>Valgustugevus<\/th>\n<td>806 lm<\/td>\n<\/tr>\n<tr>\n<th>V\u00e4rvustemperatuur<\/th>\n<td>2700\u20136500 K<\/td>\n<\/tr>\n<tr>\n<th>\u00dchendused<\/th>\n<td>BLE + Wi-Fi<\/td>\n<\/tr>\n<tr>\n<th>T\u00f6\u00f6temperatuur<\/th>\n<td>-10\u00b0C kuni 40\u00b0C<\/td>\n<\/tr>\n<tr>\n<th>M\u00f5\u00f5tmed<\/th>\n<td>60 \u00d7 60 \u00d7 110 mm<\/td>\n<\/tr>\n<tr>\n<th>Komplektis<\/th>\n<td>4 pirni<\/td>\n<\/tr>\n<\/tbody>\n<\/table>\n","protected":false},"excerpt":{"rendered":"<p>Nutikas LED pirn Yeelight W4 E27, h\u00e4mardatav, 9 W, 2700\u20136500 K, komplektis 4 tk Nutikas LED pirn toob sinu koju paindliku ja energias\u00e4\u00e4stliku valgustuse. Yeelight W4 E27 komplektis on neli h\u00e4mardatavat valguspirni, mida saab mugavalt juhtida nutiseadmega. Need pirnid sobivad suurep\u00e4raselt nii koju kui kontorisse ning erinevate valgustite jaoks. Loo endale sobiv meeleolu Yeelight nutikas [&hellip;]<\/p>\n","protected":false},"featured_media":168227,"comment_status":"open","ping_status":"open","template":"","meta":[],"product_brand":[2933],"product_cat":[1634,3047],"product_tag":[],"class_list":{"0":"post-168219","1":"product","2":"type-product","3":"status-publish","4":"has-post-thumbnail","6":"product_brand-yeelight","7":"product_cat-pirnid","8":"product_cat-led-pirnid","9":"product_shipping_class-innpro","11":"first","12":"instock","13":"sale","14":"taxable","15":"shipping-taxable","16":"purchasable","17":"product-type-simple"},"_links":{"self":[{"href":"https:\/\/blankpage.ee\/_ruumist-ruumi\/wp-json\/wp\/v2\/product\/168219","targetHints":{"allow":["GET"]}}],"collection":[{"href":"https:\/\/blankpage.ee\/_ruumist-ruumi\/wp-json\/wp\/v2\/product"}],"about":[{"href":"https:\/\/blankpage.ee\/_ruumist-ruumi\/wp-json\/wp\/v2\/types\/product"}],"replies":[{"embeddable":true,"href":"https:\/\/blankpage.ee\/_ruumist-ruumi\/wp-json\/wp\/v2\/comments?post=168219"}],"wp:featuredmedia":[{"embeddable":true,"href":"https:\/\/blankpage.ee\/_ruumist-ruumi\/wp-json\/wp\/v2\/media\/168227"}],"wp:attachment":[{"href":"https:\/\/blankpage.ee\/_ruumist-ruumi\/wp-json\/wp\/v2\/media?parent=168219"}],"wp:term":[{"taxonomy":"product_brand","embeddable":true,"href":"https:\/\/blankpage.ee\/_ruumist-ruumi\/wp-json\/wp\/v2\/product_brand?post=168219"},{"taxonomy":"product_cat","embeddable":true,"href":"https:\/\/blankpage.ee\/_ruumist-ruumi\/wp-json\/wp\/v2\/product_cat?post=168219"},{"taxonomy":"product_tag","embeddable":true,"href":"https:\/\/blankpage.ee\/_ruumist-ruumi\/wp-json\/wp\/v2\/product_tag?post=168219"}],"curies":[{"name":"wp","href":"https:\/\/api.w.org\/{rel}","templated":true}]}}