{"id":168260,"date":"2025-04-18T16:22:52","date_gmt":"2025-04-18T16:22:52","guid":{"rendered":"https:\/\/ruumistruumi.ee\/pood\/nutikas-led-lauavalgusti-yeelight-v1-pro-ra95-12w-wi-fi-klambriga\/"},"modified":"2025-08-21T08:19:53","modified_gmt":"2025-08-21T08:19:53","slug":"nutikas-led-lauavalgusti-yeelight-v1-pro-ra95-12w-wi-fi-klambriga","status":"publish","type":"product","link":"https:\/\/blankpage.ee\/_ruumist-ruumi\/pood\/nutikas-led-lauavalgusti-yeelight-v1-pro-ra95-12w-wi-fi-klambriga\/","title":{"rendered":"Nutikas LED-lauavalgusti Yeelight V1 Pro (Ra95, 12W, Wi-Fi, klambriga)"},"content":{"rendered":"<p><img decoding=\"async\" src=\"https:\/\/blankpage.ee\/_ruumist-ruumi\/wp-content\/uploads\/2025\/04\/xiaomi_logo1.webp\" alt=\"Xiaomi logo\" \/><\/p>\n<p><span>Yeelight kuulub Xiaomi \u00f6kos\u00fcsteemi.<\/span><\/p>\n<h3>Nutikas LED-lauavalgusti Yeelight V1 Pro \u2013 paindlik ja kvaliteetne valgustus sinu t\u00f6\u00f6ruumile<\/h3>\n<p>Nutikas LED-lauavalgusti Yeelight V1 Pro \u00fchendab uuenduslikud tehnoloogiad ja l\u00e4bim\u00f5eldud disaini, tagades optimaalse valguse igas olukorras. Sisseehitatud andurid tuvastavad ruumis valgustingimused ja kohandavad valgust automaatselt. K\u00f5rge v\u00e4rviedastusindeks (CRI kuni 95) tagab loomulikud, silmas\u00f5bralikud toonid. Valgustit saab juhtida nii puutejuhtpaneelilt kui nutitelefoni kaudu, kasutades Yeelight rakendust ning laialdasi \u00fchilduvusv\u00f5imalusi (nt Google Assistant, Alexa, Apple HomeKit jm).<\/p>\n<p><img decoding=\"async\" src=\"https:\/\/blankpage.ee\/_ruumist-ruumi\/wp-content\/uploads\/2025\/04\/1-94.webp\" alt=\"Nutikas LED-lauavalgusti Yeelight V1 Pro koos pakendiga\" \/><\/p>\n<h3>Automaatne valgustugevuse reguleerimine<\/h3>\n<p>Lauavalgustil on kaks valgusandurit, mis m\u00f5\u00f5davad nii ruumi \u00fcldist valgustaset kui ka sobivust lugemiseks. Indikaatortuled n\u00e4itavad kiiresti, kas valgus on ideaalne \u2013 roheline annab m\u00e4rku sobivast t\u00f6\u00f6keskkonnast, punane viitab vajadusele valgustust korrigeerida.<\/p>\n<p><img decoding=\"async\" src=\"https:\/\/blankpage.ee\/_ruumist-ruumi\/wp-content\/uploads\/2025\/04\/3-92.webp\" alt=\"Lauavalgusti andurid automaatseks valgusregulatsiooniks\" \/><\/p>\n<h3>Spetsiaalsed valgusre\u017eiimid lastele ja t\u00e4iskasvanutele<\/h3>\n<p>Lambil on spetsiaalsed valgusre\u017eiimid, mis sobivad nii pere noorimatele kui t\u00e4iskasvanutele. Lastere\u017eiimis pakub LED-lauavalgusti p\u00e4evast v\u00e4rvitemperatuuri 4000 K ja \u00f6ist 3700 K, tagades \u00f5rna ning ohutu valguse. T\u00e4iskasvanute re\u017eiimis on p\u00e4evane temperatuur 5000 K ja \u00f6ine 4000 K \u2013 parim valik nii t\u00f6\u00f6ks kui puhkuseks.<\/p>\n<p><img decoding=\"async\" src=\"https:\/\/blankpage.ee\/_ruumist-ruumi\/wp-content\/uploads\/2025\/04\/7-65.webp\" alt=\"LED-lauavalgusti perega jagamiseks ja re\u017eiimivalikuks\" \/><\/p>\n<h3>\u00dchtlane ja silmas\u00f5bralik valgus<\/h3>\n<p>T\u00e4nu innovaatilisele tehnoloogiale hajutab Yeelight V1 Pro valguse \u00fchtlaselt ega j\u00e4ta pindadele varje v\u00f5i pimestust. SunLike tehnoloogia loob loomuliku valgusspektri, eemaldades kahjuliku sinise valguse ja andes \u00f5rna, silmas\u00f5braliku tulemuse. Spetsiaalne draiver v\u00e4listab v\u00e4reluse \u2013 sinu silmad p\u00fcsivad kauem v\u00e4rsked.<\/p>\n<p><img decoding=\"async\" src=\"https:\/\/blankpage.ee\/_ruumist-ruumi\/wp-content\/uploads\/2025\/04\/5-79.webp\" alt=\"Lauavalgusti \u00fchtlase valgusjaotusega t\u00f6\u00f6pinnal\" \/><\/p>\n<h3>Loodusl\u00e4hedane valgus SunLike tehnoloogiast<\/h3>\n<p>SunLike tehnoloogia lubab nutikal LED-lauavalgustil pakkuda loomul\u00e4hedast valguse peegeldust ja erakordselt k\u00f5rget v\u00e4rviedastusindeksit CRI kuni 95. Lamp eemaldab kahjuliku sinise valguse ning v\u00e4listab v\u00e4reluse, aidates hoida sinu silmad puhkuses.<\/p>\n<p><img decoding=\"async\" src=\"https:\/\/blankpage.ee\/_ruumist-ruumi\/wp-content\/uploads\/2025\/04\/8-48.webp\" alt=\"Nutikas LED-lauavalgusti loomul\u00e4hedase SunLike valgusspektriga\" \/><\/p>\n<h3>Kaugjuhtimine ja nutikas \u00fchilduvus<\/h3>\n<p>Lauavalgustit saad juhtida tundliku puuteplaadi, nutitelefoni rakenduse v\u00f5i h\u00e4\u00e4lk\u00e4sklustega. Lamp \u00fchildub Google Assistant, Amazon Alexa, Apple HomeKit, Samsung SmartThings ja IFTTT s\u00fcsteemidega, pakkudes paindlikkust nii kodus kui eemalt juhitavaks valgustuseks.<\/p>\n<p><img decoding=\"async\" src=\"https:\/\/blankpage.ee\/_ruumist-ruumi\/wp-content\/uploads\/2025\/04\/6-71.webp\" alt=\"LED-lauavalgustit saab juhtida nii rakenduse kui h\u00e4\u00e4lega\" \/><\/p>\n<h3>Reguleeritav ja praktiline disain<\/h3>\n<p>Mitmeteljeline konstruktsioon v\u00f5imaldab muuta lambi k\u00f5rgust ja suunda vastavalt vajadusele. Clip-versiooni saab mugavalt kinnitada laua v\u00f5i riiuli k\u00fclge, s\u00e4\u00e4stes t\u00f6\u00f6pinda ja levitades valgust \u00fchtlaselt kogu laual.<\/p>\n<p><img decoding=\"async\" src=\"https:\/\/blankpage.ee\/_ruumist-ruumi\/wp-content\/uploads\/2025\/04\/4-89.webp\" alt=\"Lauavalgusti klambriga paindlik kinnitus\" \/><\/p>\n<h3>Kaks erinevat versiooni \u2013 vastavalt sinu vajadustele<\/h3>\n<p>Valida saab standardse alusega v\u00f5i ruumis\u00e4\u00e4stliku klambriga versiooni vahel, et lahendus sobiks parimal viisil sinu t\u00f6\u00f6lauale.<\/p>\n<p><img decoding=\"async\" src=\"https:\/\/blankpage.ee\/_ruumist-ruumi\/wp-content\/uploads\/2025\/04\/2-98.webp\" alt=\"Kahe differendi variandi v\u00f5rdlus klambriga ja alusega\" \/><\/p>\n<h3>Tehnilised andmed<\/h3>\n<table>\n<tbody>\n<tr>\n<th>Nimetus<\/th>\n<td>Yeelight LED Vision Desk Lamp V1 Pro<\/td>\n<\/tr>\n<tr>\n<th>Mudel<\/th>\n<td>YLTD13YL<\/td>\n<\/tr>\n<tr>\n<th>V\u00e4rvitemperatuur<\/th>\n<td>3000\u20135000 K<\/td>\n<\/tr>\n<tr>\n<th>CRI<\/th>\n<td>Ra95<\/td>\n<\/tr>\n<tr>\n<th>V\u00f5imsus<\/th>\n<td>12 W (38\u00d70,2 W\/ LED moodul)<\/td>\n<\/tr>\n<tr>\n<th>Pinge<\/th>\n<td>100\u2013240 V ~50\/60 Hz, 0,15 A<\/td>\n<\/tr>\n<tr>\n<th>Heledus<\/th>\n<td>500 lm @4000 K<\/td>\n<\/tr>\n<tr>\n<th>T\u00f6\u00f6iga<\/th>\n<td>25 000 tundi<\/td>\n<\/tr>\n<tr>\n<th>\u00dchenduvus<\/th>\n<td>WLAN IEEE 802.11 b\/g\/n 2,4 GHz<\/td>\n<\/tr>\n<tr>\n<th>M\u00f5\u00f5dud<\/th>\n<td>344 \u00d7 393 \u00d7 507 mm<\/td>\n<\/tr>\n<tr>\n<th>Kinnitus<\/th>\n<td>Klamber (clip-versioon)<\/td>\n<\/tr>\n<\/tbody>\n<\/table>\n<h3>Komplektis<\/h3>\n<ul>\n<li>Kasutusjuhend<\/li>\n<li>Toiteadapter<\/li>\n<\/ul>\n","protected":false},"excerpt":{"rendered":"<p>Yeelight kuulub Xiaomi \u00f6kos\u00fcsteemi. Nutikas LED-lauavalgusti Yeelight V1 Pro \u2013 paindlik ja kvaliteetne valgustus sinu t\u00f6\u00f6ruumile Nutikas LED-lauavalgusti Yeelight V1 Pro \u00fchendab uuenduslikud tehnoloogiad ja l\u00e4bim\u00f5eldud disaini, tagades optimaalse valguse igas olukorras. Sisseehitatud andurid tuvastavad ruumis valgustingimused ja kohandavad valgust automaatselt. K\u00f5rge v\u00e4rviedastusindeks (CRI kuni 95) tagab loomulikud, silmas\u00f5bralikud toonid. Valgustit saab juhtida nii puutejuhtpaneelilt [&hellip;]<\/p>\n","protected":false},"featured_media":168269,"comment_status":"open","ping_status":"open","template":"","meta":[],"product_brand":[2933],"product_cat":[3040],"product_tag":[],"class_list":{"0":"post-168260","1":"product","2":"type-product","3":"status-publish","4":"has-post-thumbnail","6":"product_brand-yeelight","7":"product_cat-laua-ja-oolambid","8":"product_shipping_class-innpro","10":"first","11":"instock","12":"sale","13":"taxable","14":"shipping-taxable","15":"purchasable","16":"product-type-simple"},"_links":{"self":[{"href":"https:\/\/blankpage.ee\/_ruumist-ruumi\/wp-json\/wp\/v2\/product\/168260","targetHints":{"allow":["GET"]}}],"collection":[{"href":"https:\/\/blankpage.ee\/_ruumist-ruumi\/wp-json\/wp\/v2\/product"}],"about":[{"href":"https:\/\/blankpage.ee\/_ruumist-ruumi\/wp-json\/wp\/v2\/types\/product"}],"replies":[{"embeddable":true,"href":"https:\/\/blankpage.ee\/_ruumist-ruumi\/wp-json\/wp\/v2\/comments?post=168260"}],"wp:featuredmedia":[{"embeddable":true,"href":"https:\/\/blankpage.ee\/_ruumist-ruumi\/wp-json\/wp\/v2\/media\/168269"}],"wp:attachment":[{"href":"https:\/\/blankpage.ee\/_ruumist-ruumi\/wp-json\/wp\/v2\/media?parent=168260"}],"wp:term":[{"taxonomy":"product_brand","embeddable":true,"href":"https:\/\/blankpage.ee\/_ruumist-ruumi\/wp-json\/wp\/v2\/product_brand?post=168260"},{"taxonomy":"product_cat","embeddable":true,"href":"https:\/\/blankpage.ee\/_ruumist-ruumi\/wp-json\/wp\/v2\/product_cat?post=168260"},{"taxonomy":"product_tag","embeddable":true,"href":"https:\/\/blankpage.ee\/_ruumist-ruumi\/wp-json\/wp\/v2\/product_tag?post=168260"}],"curies":[{"name":"wp","href":"https:\/\/api.w.org\/{rel}","templated":true}]}}