{"id":168274,"date":"2025-04-18T16:22:52","date_gmt":"2025-04-18T16:22:52","guid":{"rendered":"https:\/\/ruumistruumi.ee\/pood\/nutiaed-koduseks-kasutamiseks-aspara-stylist-lite-8-taime-led-bluetooth\/"},"modified":"2025-05-12T06:49:51","modified_gmt":"2025-05-12T06:49:51","slug":"nutiaed-koduseks-kasutamiseks-aspara-stylist-lite-8-taime-led-bluetooth","status":"publish","type":"product","link":"https:\/\/blankpage.ee\/_ruumist-ruumi\/pood\/nutiaed-koduseks-kasutamiseks-aspara-stylist-lite-8-taime-led-bluetooth\/","title":{"rendered":"Nutiaed koduseks kasutamiseks Aspara Stylist Lite (8 taime, LED, Bluetooth)"},"content":{"rendered":"<h3>Nutiaed koduseks kasutamiseks \u2013 Aspara Stylist Lite<\/h3>\n<p>Aspara by GrowGreen Stylist Lite nutikas taimekasvatusseade muudab taimede kasvatamise siseruumides lihtsaks ja mugavaks. Selle seadmega saad kasvatada maitsetaimi, salateid, k\u00f6\u00f6givilju v\u00f5i lilli \u2013 ilma mullata, automaatselt ning aastaringselt. Nutiaed koduseks kasutamiseks v\u00f5imaldab hoida kodus alati v\u00e4rskeid taimi ja tuua rohelust igap\u00e4evaellu.<\/p>\n<p><img decoding=\"async\" src=\"https:\/\/blankpage.ee\/_ruumist-ruumi\/wp-content\/uploads\/2025\/04\/5-80.webp\" alt=\"Nutiaed koduseks kasutamiseks Aspara Stylist Lite kodus\" \/><\/p>\n<h3>T\u00e4isautomaatne juhtimine ja nutikas tehnoloogia<\/h3>\n<p>Nutiaias on kaheksa istutuskohta ning reguleeritavad LED-valgustid. T\u00e4nu erinevatele istutusprogrammidele ja sisseehitatud anduritele kohandab seade automaatselt valgus- ja kastmistasemeid ning j\u00e4lgib vee taset, valguse tugevust, temperatuuri ja toitainete sisaldust. See tagab taimedele alati parimad kasvutingimused igas arengufaasis.<\/p>\n<p><img decoding=\"async\" src=\"https:\/\/blankpage.ee\/_ruumist-ruumi\/wp-content\/uploads\/2025\/04\/6-72.webp\" alt=\"LED-nutiaed Aspara Stylist Lite automaatse taimekasvatusega\" \/><\/p>\n<h3>LED-valgustus taimedele<\/h3>\n<p>Spetsiaalsed LED-lambid tagavad taimedele sobiva valguhulga (kuni 400 \u03bcmol). Sinise (450 nm) ja punase (660 nm) valguse lainepikkused on kohandatud taimede kasvu toetamiseks igas arenguetapis.<\/p>\n<p><img decoding=\"async\" src=\"https:\/\/blankpage.ee\/_ruumist-ruumi\/wp-content\/uploads\/2025\/04\/1-95.webp\" alt=\"LED-valgustusega nutiaed taimede kasvatamiseks\" \/><\/p>\n<h3>Nutikas juhtimine mobiilirakenduse kaudu<\/h3>\n<p>Tasuta rakendus v\u00f5imaldab j\u00e4lgida taimede kasvu ja muuta seadeid. Rakendus saadab teavitusi, kui vett tuleb lisada, ning jagab kasulikke juhiseid ja soovitusi taimede istutamiseks ja kasvatamiseks.<\/p>\n<p><img decoding=\"async\" src=\"https:\/\/blankpage.ee\/_ruumist-ruumi\/wp-content\/uploads\/2025\/04\/7-66.webp\" alt=\"Taimekasvatuse \u00e4pp \u2013 nutiaed koduseks kasutamiseks\" \/><\/p>\n<h3>Iga\u00fchele sobiv \u2013 maitsetaimedest lilledeni<\/h3>\n<p>Kasvata \u00fches seadmes erinevaid taimi: maitsetaimi, v\u00e4ikseid k\u00f6\u00f6givilju, marju v\u00f5i \u00f5itsvaid taimi. Kaheksa istutuskohta v\u00f5imaldavad mitmekesist valikut. K\u00f5rgendatavad k\u00fclgpaneelid annavad vajadusel lisak\u00f5rgust ka suuremate taimede jaoks.<\/p>\n<p><img decoding=\"async\" src=\"https:\/\/blankpage.ee\/_ruumist-ruumi\/wp-content\/uploads\/2025\/04\/3-93.webp\" alt=\"Maitsetaimede ja k\u00f6\u00f6giviljade kasvatamine nutiaias kodus\" \/><\/p>\n<h3>Stiilne ja praktiline disain<\/h3>\n<p>Aspara Stylist Lite on kompaktne ning kaasaegne, sobides h\u00e4sti nii k\u00f6\u00f6ki, kontorisse kui elutuppa. Seade on kerge \u2013 vaid 2,6 kg \u2013, mist\u00f5ttu on seda lihtne \u00fcmber paigutada v\u00f5i kasutada mitme nutiaia \u00fchendamisel rohelise seina loomiseks.<\/p>\n<p><img decoding=\"async\" src=\"https:\/\/blankpage.ee\/_ruumist-ruumi\/wp-content\/uploads\/2025\/04\/2-99.webp\" alt=\"Stiilne nutikas taimekasvatusseade kodu sisekujunduses\" \/><\/p>\n<h3>Lihtne kasutus ja mugav hooldus<\/h3>\n<p>Kokkupanek on kiire ja lihtne: lisa vesi kahe liitrisesse reservuaari, aseta seemned biolagunevatesse kapslitesse, paiguta need istutuskohtadesse ning kata kaasasoleva kattega. Vali soovitud programm ja j\u00e4lgi, kuidas taimed kasvavad.<\/p>\n<p><img decoding=\"async\" src=\"https:\/\/blankpage.ee\/_ruumist-ruumi\/wp-content\/uploads\/2025\/04\/4-90.webp\" alt=\"Nutikas taimekasvatusseade kokkupaneku juhend\" \/><\/p>\n<h3>Tehnilised andmed<\/h3>\n<div class=\"table-wrapper\">\n<table>\n<tbody>\n<tr>\n<th>Tootja<\/th>\n<td>aspara by GrowGreen<\/td>\n<\/tr>\n<tr>\n<th>V\u00e4rv<\/th>\n<td>valge<\/td>\n<\/tr>\n<tr>\n<th>Istutuskohtade arv<\/th>\n<td>8<\/td>\n<\/tr>\n<tr>\n<th>Veemahutavus<\/th>\n<td>2 l<\/td>\n<\/tr>\n<tr>\n<th>Valgustugevus<\/th>\n<td>400 \u03bcmol<\/td>\n<\/tr>\n<tr>\n<th>Valguse lainepikkus<\/th>\n<td>450 nm \/ 660 nm<\/td>\n<\/tr>\n<tr>\n<th>Juhtmevaba \u00fchendus<\/th>\n<td>Bluetooth<\/td>\n<\/tr>\n<tr>\n<th>T\u00f6\u00f6pingi vahemik<\/th>\n<td>AC 100-240V 50\/60Hz<\/td>\n<\/tr>\n<tr>\n<th>V\u00f5imsus<\/th>\n<td>20 W<\/td>\n<\/tr>\n<tr>\n<th>Kaal<\/th>\n<td>2,6 kg<\/td>\n<\/tr>\n<tr>\n<th>M\u00f5\u00f5dud<\/th>\n<td>390 x 160 x 390 mm<br \/>390 x 160 x 500 mm (k\u00f5rgendatud k\u00fclgpaneelidega)<\/td>\n<\/tr>\n<\/tbody>\n<\/table>\n<\/div>\n","protected":false},"excerpt":{"rendered":"<p>Nutiaed koduseks kasutamiseks \u2013 Aspara Stylist Lite Aspara by GrowGreen Stylist Lite nutikas taimekasvatusseade muudab taimede kasvatamise siseruumides lihtsaks ja mugavaks. Selle seadmega saad kasvatada maitsetaimi, salateid, k\u00f6\u00f6givilju v\u00f5i lilli \u2013 ilma mullata, automaatselt ning aastaringselt. Nutiaed koduseks kasutamiseks v\u00f5imaldab hoida kodus alati v\u00e4rskeid taimi ja tuua rohelust igap\u00e4evaellu. T\u00e4isautomaatne juhtimine ja nutikas tehnoloogia Nutiaias [&hellip;]<\/p>\n","protected":false},"featured_media":168282,"comment_status":"open","ping_status":"open","template":"","meta":[],"product_brand":[3064],"product_cat":[3065],"product_tag":[],"class_list":{"0":"post-168274","1":"product","2":"type-product","3":"status-publish","4":"has-post-thumbnail","6":"product_brand-aspara","7":"product_cat-nutiaed","8":"product_shipping_class-innpro","10":"first","11":"outofstock","12":"taxable","13":"shipping-taxable","14":"purchasable","15":"product-type-simple"},"_links":{"self":[{"href":"https:\/\/blankpage.ee\/_ruumist-ruumi\/wp-json\/wp\/v2\/product\/168274","targetHints":{"allow":["GET"]}}],"collection":[{"href":"https:\/\/blankpage.ee\/_ruumist-ruumi\/wp-json\/wp\/v2\/product"}],"about":[{"href":"https:\/\/blankpage.ee\/_ruumist-ruumi\/wp-json\/wp\/v2\/types\/product"}],"replies":[{"embeddable":true,"href":"https:\/\/blankpage.ee\/_ruumist-ruumi\/wp-json\/wp\/v2\/comments?post=168274"}],"wp:featuredmedia":[{"embeddable":true,"href":"https:\/\/blankpage.ee\/_ruumist-ruumi\/wp-json\/wp\/v2\/media\/168282"}],"wp:attachment":[{"href":"https:\/\/blankpage.ee\/_ruumist-ruumi\/wp-json\/wp\/v2\/media?parent=168274"}],"wp:term":[{"taxonomy":"product_brand","embeddable":true,"href":"https:\/\/blankpage.ee\/_ruumist-ruumi\/wp-json\/wp\/v2\/product_brand?post=168274"},{"taxonomy":"product_cat","embeddable":true,"href":"https:\/\/blankpage.ee\/_ruumist-ruumi\/wp-json\/wp\/v2\/product_cat?post=168274"},{"taxonomy":"product_tag","embeddable":true,"href":"https:\/\/blankpage.ee\/_ruumist-ruumi\/wp-json\/wp\/v2\/product_tag?post=168274"}],"curies":[{"name":"wp","href":"https:\/\/api.w.org\/{rel}","templated":true}]}}