{"id":168304,"date":"2025-04-18T16:22:52","date_gmt":"2025-04-18T16:22:52","guid":{"rendered":"https:\/\/ruumistruumi.ee\/pood\/nutikas-universaalpult-broadlink-rm4c-pro-wi-fi-ir-rf-alexa-ja-google-tugi\/"},"modified":"2025-08-21T08:19:53","modified_gmt":"2025-08-21T08:19:53","slug":"nutikas-universaalpult-broadlink-rm4c-pro-wi-fi-ir-rf-alexa-ja-google-tugi","status":"publish","type":"product","link":"https:\/\/blankpage.ee\/_ruumist-ruumi\/pood\/nutikas-universaalpult-broadlink-rm4c-pro-wi-fi-ir-rf-alexa-ja-google-tugi\/","title":{"rendered":"Nutikas universaalpult BroadLink RM4C Pro (Wi-Fi, IR\/RF, Alexa ja Google tugi)"},"content":{"rendered":"<h3>Nutikas universaalpult BroadLink RM4C Pro<\/h3>\n<p>Nutikas universaalpult BroadLink RM4C Pro on kaasaegne lahendus, millega saad kodus mugavalt juhtida erinevaid infrapuna (IR) ja raadiosagedusel (RF) t\u00f6\u00f6tavaid seadmeid. See sobib ideaalselt telerite, audioseadmete, ventilaatorite ning teiste IR- v\u00f5i RF-puldi juhitavate seadmete kaugjuhtimiseks. \u00dchilduvus tuntud kaubam\u00e4rkidega nagu Sony, Samsung, Panasonic ja Philips muudab selle sobivaks igale nutikodule.<\/p>\n<p><img decoding=\"async\" src=\"https:\/\/blankpage.ee\/_ruumist-ruumi\/wp-content\/uploads\/2025\/04\/9ab3343e-f80e-4354-8a43-c5aed8e95a73.webp\" width=\"100%\" alt=\"nutikas universaalpult BroadLink RM4C Pro mustal laual\" \/><\/p>\n<h3>Lai seadmete valik ja lihtne kasutus<\/h3>\n<p>Nutikas universaalpult v\u00f5imaldab kontrollida erinevaid seadmeid olenemata tootjast. T\u00e4nu 360\u00b0 signaali levialale ja sagedustele 315\/433 MHz j\u00f5uab signaal h\u00f5lpsasti igasse ruumi nurka. Infrapuna koodid salvestatakse pilveteenusesse, mis tagab alati ligip\u00e4\u00e4su k\u00f5igile seadmete juhtkoodidele, mis on reaalajas ja turvaliselt uuendatud.<\/p>\n<p><img decoding=\"async\" src=\"https:\/\/blankpage.ee\/_ruumist-ruumi\/wp-content\/uploads\/2025\/04\/1a251c31-d409-4bbd-b8bb-faf22a6050d3.webp\" width=\"100%\" alt=\"universaalpult BroadLink RM4C Pro \u00fchilduv erinevate telerite ja seadmetega\" \/><\/p>\n<h3>Automatiseerimine ja kaugjuhtimine nutiseadmes<\/h3>\n<p>BroadLinki rakenduse abil saad seadmeid juhtida ka siis, kui pole kodus \u2013 l\u00fclitada need sisse v\u00f5i v\u00e4lja, m\u00e4\u00e4rata taimerid ning luua automaatseid nutistseene vastavalt harjumustele. T\u00e4nu nutika universaalpuldi tarkadele omadustele saad n\u00e4iteks m\u00e4\u00e4rata, et kliimaseade k\u00e4ivitub enne Sinu saabumist ning valgustus s\u00fcttib \u00f5igel hetkel.<\/p>\n<p><img decoding=\"async\" src=\"https:\/\/blankpage.ee\/_ruumist-ruumi\/wp-content\/uploads\/2025\/04\/74a0be9e-10bb-4b72-888b-181d767850be.webp\" width=\"100%\" alt=\"BroadLink rakenduse vaade nutitelefonis juhib kodu seadmeid\" \/><\/p>\n<h3>H\u00e4\u00e4ljuhtimine ja \u00fchilduvus nutikoduga<\/h3>\n<p>RM4C Pro sobib Google Assistanti ja Amazon Alexa virtuaalabilistega, v\u00f5imaldades k\u00f5iki \u00fchilduvaid seadmeid juhtida h\u00e4\u00e4lk\u00e4sklustega. See teeb igap\u00e4evased toimingud eriti mugavaks \u2013 piisab vaid k\u00e4sust ning kodumasinad alluvad Sinu soovidele.<\/p>\n<p><img decoding=\"async\" src=\"https:\/\/blankpage.ee\/_ruumist-ruumi\/wp-content\/uploads\/2025\/04\/1e313a62-c459-4916-8ba0-788c7709b724.webp\" width=\"100%\" alt=\"nutikas universaalpult BroadLink RM4C Pro juhituna h\u00e4\u00e4lega Alexa v\u00f5i Google Assistantiga\" \/><\/p>\n<h3>Pilvep\u00f5hine juhtimine ja turvalisus<\/h3>\n<p>Seadmel on IR-koodi manuaalne \u00f5ppimise v\u00f5imalus ning andmed talletatakse mugavalt pilve. See v\u00f5imaldab kiiret ja paindlikku ligip\u00e4\u00e4su k\u00f5ikidele juhtkoodidele, uute seadmete lisamise ning andmete turvalise s\u00e4ilitamise. T\u00e4nu sellele \u00fchendab nutikas universaalpult BroadLink RM4C Pro erinevad koduseadmed \u00fcheks mugavalt juhitavaks s\u00fcsteemiks.<\/p>\n<p><img decoding=\"async\" src=\"https:\/\/blankpage.ee\/_ruumist-ruumi\/wp-content\/uploads\/2025\/04\/3a30f9eb-0fbf-412e-b6a9-d6989fb1ae50.webp\" width=\"100%\" alt=\"universaalpult BroadLink RM4C Pro pilvep\u00f5hise juhtimisega\" \/><\/p>\n<h3>Stabiilne \u00fchendus ja kiire seadistamine<\/h3>\n<p>FastCon tehnoloogia tagab kiire, usaldusv\u00e4\u00e4rse ja stabiilse \u00fchenduse koduseadmetega. Nutikas universaalpult v\u00f5imaldab lihtsat seadistamist ning kindlat igap\u00e4evast toimimist \u2013 k\u00f5ik vajalik on vaid \u00fche nupuvajutuse kaugusel.<\/p>\n<p><img decoding=\"async\" src=\"https:\/\/blankpage.ee\/_ruumist-ruumi\/wp-content\/uploads\/2025\/04\/a85803bb-4cb4-4d44-a3fe-2ba2773a0a2c.webp\" width=\"100%\" alt=\"BroadLink RM4C Pro stabiilne \u00fchendus erinevate koduseadmetega\" \/><\/p>\n<h3>Tehnilised andmed<\/h3>\n<table>\n<tr>\n<td>Mudel<\/td>\n<td>RM4C Pro<\/td>\n<\/tr>\n<tr>\n<td>\u00dchendus<\/td>\n<td>Wi-Fi 802.11 b\/g\/n (2,4 GHz)<\/td>\n<\/tr>\n<tr>\n<td>V\u00f5imsus<\/td>\n<td>\u2264 1W<\/td>\n<\/tr>\n<tr>\n<td>Toiteallikas<\/td>\n<td>AC 100\u2013240 V, 50\/60 Hz<\/td>\n<\/tr>\n<tr>\n<td>Sisendpinge<\/td>\n<td>5V DC<\/td>\n<\/tr>\n<tr>\n<td>IR sagedus<\/td>\n<td>38 kHz<\/td>\n<\/tr>\n<tr>\n<td>IR juhtimisulatus<\/td>\n<td>kuni 8 m (t\u00fc\u00fcpiline)<\/td>\n<\/tr>\n<tr>\n<td>RF juhtimisulatus<\/td>\n<td>kuni 50 m (otsen\u00e4htavus)<\/td>\n<\/tr>\n<tr>\n<td>RF sagedus<\/td>\n<td>433 MHz, 315 MHz<\/td>\n<\/tr>\n<tr>\n<td>M\u00f5\u00f5tmed<\/td>\n<td>85 \u00d7 50 \u00d7 65 mm<\/td>\n<\/tr>\n<tr>\n<td>Kaal<\/td>\n<td>95 g<\/td>\n<\/tr>\n<\/table>\n<p>Nutikas universaalpult BroadLink RM4C Pro muudab kodu juhtimise t\u00f5eliselt mugavaks. See pakub paindlikku lahendust k\u00f5igi IR- ja RF-kaugjuhtimisega seadmete haldamiseks \u2013 nii mobiilirakenduse kui h\u00e4\u00e4ljuhtimise teel.<\/p>\n","protected":false},"excerpt":{"rendered":"<p>Nutikas universaalpult BroadLink RM4C Pro Nutikas universaalpult BroadLink RM4C Pro on kaasaegne lahendus, millega saad kodus mugavalt juhtida erinevaid infrapuna (IR) ja raadiosagedusel (RF) t\u00f6\u00f6tavaid seadmeid. See sobib ideaalselt telerite, audioseadmete, ventilaatorite ning teiste IR- v\u00f5i RF-puldi juhitavate seadmete kaugjuhtimiseks. \u00dchilduvus tuntud kaubam\u00e4rkidega nagu Sony, Samsung, Panasonic ja Philips muudab selle sobivaks igale nutikodule. Lai [&hellip;]<\/p>\n","protected":false},"featured_media":168311,"comment_status":"open","ping_status":"open","template":"","meta":[],"product_brand":[3041],"product_cat":[3039],"product_tag":[],"class_list":{"0":"post-168304","1":"product","2":"type-product","3":"status-publish","4":"has-post-thumbnail","6":"product_brand-broadlink","7":"product_cat-lulitid","8":"product_shipping_class-innpro","10":"first","11":"outofstock","12":"sale","13":"taxable","14":"shipping-taxable","15":"purchasable","16":"product-type-simple"},"_links":{"self":[{"href":"https:\/\/blankpage.ee\/_ruumist-ruumi\/wp-json\/wp\/v2\/product\/168304","targetHints":{"allow":["GET"]}}],"collection":[{"href":"https:\/\/blankpage.ee\/_ruumist-ruumi\/wp-json\/wp\/v2\/product"}],"about":[{"href":"https:\/\/blankpage.ee\/_ruumist-ruumi\/wp-json\/wp\/v2\/types\/product"}],"replies":[{"embeddable":true,"href":"https:\/\/blankpage.ee\/_ruumist-ruumi\/wp-json\/wp\/v2\/comments?post=168304"}],"wp:featuredmedia":[{"embeddable":true,"href":"https:\/\/blankpage.ee\/_ruumist-ruumi\/wp-json\/wp\/v2\/media\/168311"}],"wp:attachment":[{"href":"https:\/\/blankpage.ee\/_ruumist-ruumi\/wp-json\/wp\/v2\/media?parent=168304"}],"wp:term":[{"taxonomy":"product_brand","embeddable":true,"href":"https:\/\/blankpage.ee\/_ruumist-ruumi\/wp-json\/wp\/v2\/product_brand?post=168304"},{"taxonomy":"product_cat","embeddable":true,"href":"https:\/\/blankpage.ee\/_ruumist-ruumi\/wp-json\/wp\/v2\/product_cat?post=168304"},{"taxonomy":"product_tag","embeddable":true,"href":"https:\/\/blankpage.ee\/_ruumist-ruumi\/wp-json\/wp\/v2\/product_tag?post=168304"}],"curies":[{"name":"wp","href":"https:\/\/api.w.org\/{rel}","templated":true}]}}